
{"id":45851,"date":"2025-06-25T01:48:38","date_gmt":"2025-06-25T01:48:38","guid":{"rendered":"https:\/\/prestige-aura.com\/product\/louis-vuiton-keepall-bandouliere-50-bag-lv-aerogram-wlm551-2\/"},"modified":"2025-07-01T03:08:31","modified_gmt":"2025-07-01T03:08:31","slug":"louis-vuiton-keepall-bandouliere-50-bag-lv-aerogram-wlm551-2","status":"publish","type":"product","link":"https:\/\/prestige-aura.com\/tr\/urun\/louis-vuiton-keepall-bandouliere-50-bag-lv-aerogram-wlm551-2\/","title":{"rendered":"LOUIS VUITON KEEPALL BANDOULI\u00c8RE 50 \u00c7ANTA LV AEROGRAM - WLM551"},"content":{"rendered":"<div class=\"woocommerce-Tabs-panel woocommerce-Tabs-panel--description panel entry-content active\" id=\"tab-description\" role=\"tabpanel\" aria-labelledby=\"tab-title-description\">\n<h2>\u00dcr\u00fcn A\u00e7\u0131klamas\u0131<\/h2>\n<p>LOUIS VUITON KEEPALL BANDOULI\u00c8RE 50 \u00c7ANTA LV AEROGRAM - WLM551<\/p>\n<p>The Louis Vuitton Keepall Bandouli\u00e8re 50 Bag LV Aerogram  a stylish and versatile travel companion designed by Louis Vuitton. This black beauty boasts a spacious interior measuring 50 x 29 x 23 cm  making it perfect for all your travel needs. Crafted from LV Aerogram cowhide leather  the bag exudes luxury and durability. The elegant cowhide-leather trim adds a touch of sophistication  while the textile lining ensures your belongings are safe and secure. With palladium-color hardware and a convenient zipped closure  this bag is as functional as it is fashionable. The Keepall Bandouli\u00e8re 50 offers a large capacity  accommodating all your essentials  and includes an inside zipped pocket for organization. Complete with a leather name tag and a removable  adjustable strap  this bag is the epitome of both style and convenience.<\/p>\n<p>#LouisVuitton #KeepallBandouli\u00e8re50 #LuxuryTravelCompanion #BlackBeauty #LVLeather #StylishandVersatile #TravelInStyle #PalladiumHardware #SpaciousInterior #EssentialElegance #ConvenientFunctionality<\/p>\n<div id=\"gtx-trans\" style=\"position: absolute; left: 26px; top: 34.5694px;\">\n<div class=\"gtx-trans-icon\"><\/div>\n<\/p><\/div>\n<\/p><\/div>","protected":false},"excerpt":{"rendered":"<p>Product Description LOUIS VUITON KEEPALL BANDOULI\u00c8RE 50 BAG LV AEROGRAM \u2013 WLM551 The Louis Vuitton Keepall Bandouli\u00e8re 50 Bag LV [&hellip;]<\/p>","protected":false},"featured_media":45852,"comment_status":"closed","ping_status":"open","template":"","meta":{"site-sidebar-layout":"default","site-content-layout":"","ast-site-content-layout":"","site-content-style":"default","site-sidebar-style":"default","ast-global-header-display":"","ast-banner-title-visibility":"","ast-main-header-display":"","ast-hfb-above-header-display":"","ast-hfb-below-header-display":"","ast-hfb-mobile-header-display":"","site-post-title":"","ast-breadcrumbs-content":"","ast-featured-img":"","footer-sml-layout":"","theme-transparent-header-meta":"","adv-header-id-meta":"","stick-header-meta":"","header-above-stick-meta":"","header-main-stick-meta":"","header-below-stick-meta":"","astra-migrate-meta-layouts":"default","ast-page-background-enabled":"default","ast-page-background-meta":{"desktop":{"background-color":"var(--ast-global-color-5)","background-image":"","background-repeat":"repeat","background-position":"center center","background-size":"auto","background-attachment":"scroll","background-type":"","background-media":"","overlay-type":"","overlay-color":"","overlay-opacity":"","overlay-gradient":""},"tablet":{"background-color":"","background-image":"","background-repeat":"repeat","background-position":"center center","background-size":"auto","background-attachment":"scroll","background-type":"","background-media":"","overlay-type":"","overlay-color":"","overlay-opacity":"","overlay-gradient":""},"mobile":{"background-color":"","background-image":"","background-repeat":"repeat","background-position":"center center","background-size":"auto","background-attachment":"scroll","background-type":"","background-media":"","overlay-type":"","overlay-color":"","overlay-opacity":"","overlay-gradient":""}},"ast-content-background-meta":{"desktop":{"background-color":"var(--ast-global-color-4)","background-image":"","background-repeat":"repeat","background-position":"center center","background-size":"auto","background-attachment":"scroll","background-type":"","background-media":"","overlay-type":"","overlay-color":"","overlay-opacity":"","overlay-gradient":""},"tablet":{"background-color":"var(--ast-global-color-4)","background-image":"","background-repeat":"repeat","background-position":"center center","background-size":"auto","background-attachment":"scroll","background-type":"","background-media":"","overlay-type":"","overlay-color":"","overlay-opacity":"","overlay-gradient":""},"mobile":{"background-color":"var(--ast-global-color-4)","background-image":"","background-repeat":"repeat","background-position":"center center","background-size":"auto","background-attachment":"scroll","background-type":"","background-media":"","overlay-type":"","overlay-color":"","overlay-opacity":"","overlay-gradient":""}}},"product_brand":[55],"product_cat":[745,76],"product_tag":[52,53,56],"class_list":{"0":"post-45851","1":"product","2":"type-product","3":"status-publish","4":"has-post-thumbnail","6":"product_brand-louis-vuitton","7":"product_cat-louis-vuitton","8":"product_cat-bags","9":"product_tag-accessories","10":"product_tag-bag","11":"product_tag-louis-vuitton","12":"desktop-align-left","13":"tablet-align-left","14":"mobile-align-left","16":"first","17":"instock","18":"purchasable","19":"product-type-simple"},"tiered_pricing_type":"fixed","tiered_pricing_fixed_rules":[],"tiered_pricing_product_settings":{"layout":"default","base_unit_name":{"singular":null,"plural":null},"default_variation":null},"tiered_pricing_minimum_quantity":null,"tiered_pricing_roles_data":[],"tiered_pricing_percentage_rules":[],"tiered_pricing_maximum_quantity":null,"tiered_pricing_quantity_step":null,"_links":{"self":[{"href":"https:\/\/prestige-aura.com\/tr\/wp-json\/wp\/v2\/product\/45851","targetHints":{"allow":["GET"]}}],"collection":[{"href":"https:\/\/prestige-aura.com\/tr\/wp-json\/wp\/v2\/product"}],"about":[{"href":"https:\/\/prestige-aura.com\/tr\/wp-json\/wp\/v2\/types\/product"}],"replies":[{"embeddable":true,"href":"https:\/\/prestige-aura.com\/tr\/wp-json\/wp\/v2\/comments?post=45851"}],"wp:featuredmedia":[{"embeddable":true,"href":"https:\/\/prestige-aura.com\/tr\/wp-json\/wp\/v2\/media\/45852"}],"wp:attachment":[{"href":"https:\/\/prestige-aura.com\/tr\/wp-json\/wp\/v2\/media?parent=45851"}],"wp:term":[{"taxonomy":"product_brand","embeddable":true,"href":"https:\/\/prestige-aura.com\/tr\/wp-json\/wp\/v2\/product_brand?post=45851"},{"taxonomy":"product_cat","embeddable":true,"href":"https:\/\/prestige-aura.com\/tr\/wp-json\/wp\/v2\/product_cat?post=45851"},{"taxonomy":"product_tag","embeddable":true,"href":"https:\/\/prestige-aura.com\/tr\/wp-json\/wp\/v2\/product_tag?post=45851"}],"curies":[{"name":"wp","href":"https:\/\/api.w.org\/{rel}","templated":true}]}}