
{"id":40313,"date":"2025-06-23T11:31:00","date_gmt":"2025-06-23T11:31:00","guid":{"rendered":"https:\/\/prestige-aura.com\/product\/breitling-super-chronomat-44-four-year-calendar-stainless-steel-18k-red-gold-ref-u19320161c1u1\/"},"modified":"2025-06-24T08:05:06","modified_gmt":"2025-06-24T08:05:06","slug":"breitling-super-chronomat-44-four-year-calendar-stainless-steel-18k-red-gold-ref-u19320161c1u1","status":"publish","type":"product","link":"https:\/\/prestige-aura.com\/tr\/urun\/breitling-super-chronomat-44-four-year-calendar-stainless-steel-18k-red-gold-ref-u19320161c1u1\/","title":{"rendered":"Breitling Super Chronomat 44 Four-Year Calendar Stainless Steel &#038; 18k Red Gold Ref# U19320161C1U1"},"content":{"rendered":"<p data-mce-fragment=\"1\">Breitling Super Chronomat. Blue dial 44 mm Stainless Steel &amp; 18k Red Gold case. Unidirectional ratcheted rotating bezel bezel. Sapphire, glareproofed both sides crystal. Breitling 19 calibre, Self-winding mechanical, 42 hours power reserve, 38 jewels. Stainless Steel &amp; 18k Red Gold bracelet Fold clasp. Water resistance 100 m (330 ft).<\/p>\n<p data-mce-fragment=\"1\">TEKNI\u0307K BI\u0307LGI\u0307LER<\/p>\n<ul>\n<li>Caliber: Breitling 19<\/li>\n<li>Hareket: Otomatik kurmal\u0131 mekanik<\/li>\n<li>Power reserve: approx. 42 hours<\/li>\n<li>Kronograf: 1\/4 saniye kronograf, 30 dakika ve 12 saat toplay\u0131c\u0131lar.<\/li>\n<li>Titre\u015fim: 28.800 v.p.h<\/li>\n<li>Jewel: 38 jewels<\/li>\n<li>Calendar: Day, date, month &amp; moon-phase<\/li>\n<li>Kasa malzemesi: Paslanmaz \u00c7elik &amp; 18 ayar K\u0131rm\u0131z\u0131 Alt\u0131n<\/li>\n<li>Kasa s\u0131rt\u0131: Vidal\u0131<\/li>\n<li>Suya dayan\u0131kl\u0131l\u0131k: 100 m (330 ft)<\/li>\n<li>Bezel: Tek y\u00f6nl\u00fc mandall\u0131 d\u00f6ner bezel<\/li>\n<li>Ta\u00e7: Vida kilitli, iki conta<\/li>\n<li>Kristal: Safir, her iki taraf\u0131 da parlamaya kar\u015f\u0131 korumal\u0131<\/li>\n<li>Product Weight (Approx.): 239.0 g.<\/li>\n<li>Watch-head Weight (Approx.): 140.2 g.<\/li>\n<li>\u00c7ap: 44,0 mm<\/li>\n<li>Thickness: 14.5 mm<\/li>\n<li>Y\u00fckseklik (\u00fcst pabu\u00e7 ucundan alt pabu\u00e7 ucuna): 53,5 mm<\/li>\n<li>Pabu\u00e7 geni\u015fli\u011fi (pabu\u00e7 aras\u0131): 22,0 mm<\/li>\n<li>Strap material: Stainless Steel &amp; 18k Red Gold<\/li>\n<li>Kay\u0131\u015f rengi: Metal Bilezik<\/li>\n<li>Kay\u0131\u015f tipi: D\u00fcz<\/li>\n<li>Pabu\u00e7: 22\/20 mm<\/li>\n<\/ul>","protected":false},"excerpt":{"rendered":"<p>Breitling Super Chronomat. Blue dial 44 mm Stainless Steel &amp; 18k Red Gold case. Unidirectional ratcheted rotating bezel bezel. Sapphire, [&hellip;]<\/p>","protected":false},"featured_media":40314,"comment_status":"closed","ping_status":"open","template":"","meta":{"site-sidebar-layout":"default","site-content-layout":"","ast-site-content-layout":"","site-content-style":"default","site-sidebar-style":"default","ast-global-header-display":"","ast-banner-title-visibility":"","ast-main-header-display":"","ast-hfb-above-header-display":"","ast-hfb-below-header-display":"","ast-hfb-mobile-header-display":"","site-post-title":"","ast-breadcrumbs-content":"","ast-featured-img":"","footer-sml-layout":"","theme-transparent-header-meta":"","adv-header-id-meta":"","stick-header-meta":"","header-above-stick-meta":"","header-main-stick-meta":"","header-below-stick-meta":"","astra-migrate-meta-layouts":"default","ast-page-background-enabled":"default","ast-page-background-meta":{"desktop":{"background-color":"var(--ast-global-color-5)","background-image":"","background-repeat":"repeat","background-position":"center center","background-size":"auto","background-attachment":"scroll","background-type":"","background-media":"","overlay-type":"","overlay-color":"","overlay-opacity":"","overlay-gradient":""},"tablet":{"background-color":"","background-image":"","background-repeat":"repeat","background-position":"center center","background-size":"auto","background-attachment":"scroll","background-type":"","background-media":"","overlay-type":"","overlay-color":"","overlay-opacity":"","overlay-gradient":""},"mobile":{"background-color":"","background-image":"","background-repeat":"repeat","background-position":"center center","background-size":"auto","background-attachment":"scroll","background-type":"","background-media":"","overlay-type":"","overlay-color":"","overlay-opacity":"","overlay-gradient":""}},"ast-content-background-meta":{"desktop":{"background-color":"var(--ast-global-color-4)","background-image":"","background-repeat":"repeat","background-position":"center center","background-size":"auto","background-attachment":"scroll","background-type":"","background-media":"","overlay-type":"","overlay-color":"","overlay-opacity":"","overlay-gradient":""},"tablet":{"background-color":"var(--ast-global-color-4)","background-image":"","background-repeat":"repeat","background-position":"center center","background-size":"auto","background-attachment":"scroll","background-type":"","background-media":"","overlay-type":"","overlay-color":"","overlay-opacity":"","overlay-gradient":""},"mobile":{"background-color":"var(--ast-global-color-4)","background-image":"","background-repeat":"repeat","background-position":"center center","background-size":"auto","background-attachment":"scroll","background-type":"","background-media":"","overlay-type":"","overlay-color":"","overlay-opacity":"","overlay-gradient":""}}},"product_brand":[215],"product_cat":[401,725,80],"product_tag":[594,730],"class_list":{"0":"post-40313","1":"product","2":"type-product","3":"status-publish","4":"has-post-thumbnail","6":"product_brand-breitling","7":"product_cat-breitling-replica-watches","8":"product_cat-chronomat","9":"product_cat-watchs","10":"product_tag-breitling","11":"product_tag-chronomat","12":"desktop-align-left","13":"tablet-align-left","14":"mobile-align-left","16":"first","17":"instock","18":"sale","19":"purchasable","20":"product-type-simple"},"tiered_pricing_type":"fixed","tiered_pricing_fixed_rules":[],"tiered_pricing_product_settings":{"layout":"default","base_unit_name":{"singular":null,"plural":null},"default_variation":null},"tiered_pricing_minimum_quantity":null,"tiered_pricing_roles_data":[],"tiered_pricing_percentage_rules":[],"tiered_pricing_maximum_quantity":null,"tiered_pricing_quantity_step":null,"_links":{"self":[{"href":"https:\/\/prestige-aura.com\/tr\/wp-json\/wp\/v2\/product\/40313","targetHints":{"allow":["GET"]}}],"collection":[{"href":"https:\/\/prestige-aura.com\/tr\/wp-json\/wp\/v2\/product"}],"about":[{"href":"https:\/\/prestige-aura.com\/tr\/wp-json\/wp\/v2\/types\/product"}],"replies":[{"embeddable":true,"href":"https:\/\/prestige-aura.com\/tr\/wp-json\/wp\/v2\/comments?post=40313"}],"wp:featuredmedia":[{"embeddable":true,"href":"https:\/\/prestige-aura.com\/tr\/wp-json\/wp\/v2\/media\/40314"}],"wp:attachment":[{"href":"https:\/\/prestige-aura.com\/tr\/wp-json\/wp\/v2\/media?parent=40313"}],"wp:term":[{"taxonomy":"product_brand","embeddable":true,"href":"https:\/\/prestige-aura.com\/tr\/wp-json\/wp\/v2\/product_brand?post=40313"},{"taxonomy":"product_cat","embeddable":true,"href":"https:\/\/prestige-aura.com\/tr\/wp-json\/wp\/v2\/product_cat?post=40313"},{"taxonomy":"product_tag","embeddable":true,"href":"https:\/\/prestige-aura.com\/tr\/wp-json\/wp\/v2\/product_tag?post=40313"}],"curies":[{"name":"wp","href":"https:\/\/api.w.org\/{rel}","templated":true}]}}