
{"id":37395,"date":"2025-06-22T20:00:00","date_gmt":"2025-06-22T20:00:00","guid":{"rendered":"https:\/\/prestige-aura.com\/product\/patek-philippe-aquanaut-watch-5267-200a-011\/"},"modified":"2025-06-24T12:46:33","modified_gmt":"2025-06-24T12:46:33","slug":"patek-philippe-aquanaut-watch-5267-200a-011","status":"publish","type":"product","link":"https:\/\/prestige-aura.com\/tr\/urun\/patek-philippe-aquanaut-watch-5267-200a-011\/","title":{"rendered":"Patek Philippe Aquanaut Watch 5267\/200A-011"},"content":{"rendered":"<div class=\"product-tabs-content-item product-tabs-content-item-active mo-editor-reset\">\n<p class=\"p1\">Item No PP0249<\/p>\n<p>T\u00dcM SAATLER GARANTILI 100% ORIJINAL<br \/>\n-Patek Philippe Kutu ve Garanti Kart\u0131<br \/>\n-Fabrika \u00c7\u0131kartmalar\u0131<br \/>\nWatchGuyNYC ve\/veya Yetkili Sat\u0131c\u0131 ile -3 Y\u0131l Garanti<\/p>\n<table>\n<tbody>\n<tr>\n<th>Durum<\/th>\n<th>Hi\u00e7 Giyilmemi\u015f \/ Y\u0131pranmam\u0131\u015f<\/th>\n<\/tr>\n<tr>\n<td>Marka<\/td>\n<td>Patek Philippe<\/td>\n<\/tr>\n<tr>\n<td>Model<\/td>\n<td>5267\/200A-011<\/p>\n<div><\/div>\n<\/td>\n<\/tr>\n<tr>\n<td>Seri\/Y\u0131l<\/td>\n<td>G\u00fcncel<\/td>\n<\/tr>\n<tr>\n<td>Kasa \u00c7ap\u0131<\/td>\n<td>38.8 mm<\/td>\n<\/tr>\n<tr>\n<td>Arama<\/td>\n<td>Khaki Green<\/td>\n<\/tr>\n<\/tbody>\n<\/table>\n<p><strong><br \/>\nBelirli ko\u015fullar alt\u0131nda, reklam\u0131 yap\u0131lan bir \u00fcr\u00fcn stokta bulunmayabilir.<\/strong><\/p>\n<div class=\"tab-content\">\n<div class=\"product-description\">\n<div class=\"std\">Patek Philippe reinterprets the quartz Aquanaut Luce in stainless steel with a larger diameter (38.8 mm) and a new integrated composite strap. This epitome of contemporary casual chic is attired in a bold khaki-green color adorning the dial and matching strap. Water-resistant to 120m, the rounded octagonal case is enhanced by polished and satin finishes. The bezel is lit up by a row of 48 diamonds (~1.11 ct). The patented folding clasp is secured by four independent catches. Quartz movement. Caliber E 23?250 S C. Date in an aperture. Sweep seconds. Khaki green, embossed with Aquanaut pattern, gold applied numerals. Steel. Screw-down crown. Solid case back. Water-resistant to 120m. Diameter (10\u00a8C4 o\u00a1\u00afclock): 38.8 mm. Height: 7.9 mm. 48 diamonds: ~1.11 ct. (bezel). Composite material, khaki green. Aquanaut fold-over clasp.<\/div>\n<\/div>\n<\/div>\n<\/div>","protected":false},"excerpt":{"rendered":"<p>Item No PP0249 ALL WATCHES GUARANTEED 100% GENUINE -Patek Philippe Box &amp; Warranty Card -Factory Stickers -3 Year Warranty with [&hellip;]<\/p>","protected":false},"featured_media":37370,"comment_status":"closed","ping_status":"open","template":"","meta":{"site-sidebar-layout":"default","site-content-layout":"","ast-site-content-layout":"","site-content-style":"default","site-sidebar-style":"default","ast-global-header-display":"","ast-banner-title-visibility":"","ast-main-header-display":"","ast-hfb-above-header-display":"","ast-hfb-below-header-display":"","ast-hfb-mobile-header-display":"","site-post-title":"","ast-breadcrumbs-content":"","ast-featured-img":"","footer-sml-layout":"","theme-transparent-header-meta":"","adv-header-id-meta":"","stick-header-meta":"","header-above-stick-meta":"","header-main-stick-meta":"","header-below-stick-meta":"","astra-migrate-meta-layouts":"default","ast-page-background-enabled":"default","ast-page-background-meta":{"desktop":{"background-color":"var(--ast-global-color-5)","background-image":"","background-repeat":"repeat","background-position":"center center","background-size":"auto","background-attachment":"scroll","background-type":"","background-media":"","overlay-type":"","overlay-color":"","overlay-opacity":"","overlay-gradient":""},"tablet":{"background-color":"","background-image":"","background-repeat":"repeat","background-position":"center center","background-size":"auto","background-attachment":"scroll","background-type":"","background-media":"","overlay-type":"","overlay-color":"","overlay-opacity":"","overlay-gradient":""},"mobile":{"background-color":"","background-image":"","background-repeat":"repeat","background-position":"center center","background-size":"auto","background-attachment":"scroll","background-type":"","background-media":"","overlay-type":"","overlay-color":"","overlay-opacity":"","overlay-gradient":""}},"ast-content-background-meta":{"desktop":{"background-color":"var(--ast-global-color-4)","background-image":"","background-repeat":"repeat","background-position":"center center","background-size":"auto","background-attachment":"scroll","background-type":"","background-media":"","overlay-type":"","overlay-color":"","overlay-opacity":"","overlay-gradient":""},"tablet":{"background-color":"var(--ast-global-color-4)","background-image":"","background-repeat":"repeat","background-position":"center center","background-size":"auto","background-attachment":"scroll","background-type":"","background-media":"","overlay-type":"","overlay-color":"","overlay-opacity":"","overlay-gradient":""},"mobile":{"background-color":"var(--ast-global-color-4)","background-image":"","background-repeat":"repeat","background-position":"center center","background-size":"auto","background-attachment":"scroll","background-type":"","background-media":"","overlay-type":"","overlay-color":"","overlay-opacity":"","overlay-gradient":""}}},"product_brand":[],"product_cat":[697,696,80],"product_tag":[695,694],"class_list":{"0":"post-37395","1":"product","2":"type-product","3":"status-publish","4":"has-post-thumbnail","6":"product_cat-aquanaut","7":"product_cat-patek-philippe","8":"product_cat-watchs","9":"product_tag-aquanaut","10":"product_tag-patek-philippe","11":"desktop-align-left","12":"tablet-align-left","13":"mobile-align-left","15":"first","16":"instock","17":"sale","18":"purchasable","19":"product-type-simple"},"tiered_pricing_type":"fixed","tiered_pricing_fixed_rules":[],"tiered_pricing_product_settings":{"layout":"default","base_unit_name":{"singular":null,"plural":null},"default_variation":null},"tiered_pricing_minimum_quantity":null,"tiered_pricing_roles_data":[],"tiered_pricing_percentage_rules":[],"tiered_pricing_maximum_quantity":null,"tiered_pricing_quantity_step":null,"_links":{"self":[{"href":"https:\/\/prestige-aura.com\/tr\/wp-json\/wp\/v2\/product\/37395","targetHints":{"allow":["GET"]}}],"collection":[{"href":"https:\/\/prestige-aura.com\/tr\/wp-json\/wp\/v2\/product"}],"about":[{"href":"https:\/\/prestige-aura.com\/tr\/wp-json\/wp\/v2\/types\/product"}],"replies":[{"embeddable":true,"href":"https:\/\/prestige-aura.com\/tr\/wp-json\/wp\/v2\/comments?post=37395"}],"wp:featuredmedia":[{"embeddable":true,"href":"https:\/\/prestige-aura.com\/tr\/wp-json\/wp\/v2\/media\/37370"}],"wp:attachment":[{"href":"https:\/\/prestige-aura.com\/tr\/wp-json\/wp\/v2\/media?parent=37395"}],"wp:term":[{"taxonomy":"product_brand","embeddable":true,"href":"https:\/\/prestige-aura.com\/tr\/wp-json\/wp\/v2\/product_brand?post=37395"},{"taxonomy":"product_cat","embeddable":true,"href":"https:\/\/prestige-aura.com\/tr\/wp-json\/wp\/v2\/product_cat?post=37395"},{"taxonomy":"product_tag","embeddable":true,"href":"https:\/\/prestige-aura.com\/tr\/wp-json\/wp\/v2\/product_tag?post=37395"}],"curies":[{"name":"wp","href":"https:\/\/api.w.org\/{rel}","templated":true}]}}