
{"id":36992,"date":"2025-06-22T10:00:00","date_gmt":"2025-06-22T10:00:00","guid":{"rendered":"https:\/\/prestige-aura.com\/product\/omega-speedmaster-professional-moonwatch-dark-side-of-the-moon-apollo-8-311-92-44-30-01-001\/"},"modified":"2025-06-24T12:44:15","modified_gmt":"2025-06-24T12:44:15","slug":"omega-speedmaster-professional-moonwatch-dark-side-of-the-moon-apollo-8-311-92-44-30-01-001","status":"publish","type":"product","link":"https:\/\/prestige-aura.com\/tr\/urun\/omega-speedmaster-professional-moonwatch-dark-side-of-the-moon-apollo-8-311-92-44-30-01-001\/","title":{"rendered":"Omega Speedmaster Professional Moonwatch Dark Side Of The Moon Apollo 8 311.92.44.30.01.001"},"content":{"rendered":"<div class=\"woocommerce-Tabs-panel woocommerce-Tabs-panel--description panel entry-content active\" id=\"tab-description\" role=\"tabpanel\" aria-labelledby=\"tab-title-description\">\n<ul class=\"tabs wc-tabs product-tabs small-nav-collapse nav nav-uppercase nav-line nav-left\" role=\"tablist\">\n<li id=\"tab-title-description\" class=\"description_tab active\" role=\"tab\" aria-controls=\"tab-description\"><a href=\"https:\/\/infinitywatch.co\/product\/omega-speedmaster-dark-side-of-the-moon-chronograph-4425mm-9360\/#tab-description\">A\u00e7\u0131klama<\/a><\/li>\n<li id=\"tab-title-reviews\" class=\"reviews_tab\" role=\"tab\" aria-controls=\"tab-reviews\"><a href=\"https:\/\/infinitywatch.co\/product\/omega-speedmaster-dark-side-of-the-moon-chronograph-4425mm-9360\/#tab-reviews\">Yorumlar (0)<\/a><\/li>\n<\/ul>\n<div class=\"tab-panels\">\n<div id=\"tab-description\" class=\"woocommerce-Tabs-panel woocommerce-Tabs-panel--description panel entry-content active\" role=\"tabpanel\" aria-labelledby=\"tab-title-description\">\n<div class=\"description row\">\n<div class=\"col-12\">\n<div class=\"row\">\n<div class=\"large-12 columns\">\n<div class=\"nasa-tab-wrap text-center\">\n<ul class=\"nasa-tabs nasa-classic-style nasa-classic-2d nasa-tabs-no-border\">\n<li class=\"nasa-single-product-tab description_tab nasa-tab active first last\"><a rel=\"nofollow\" data-id=\"#nasa-tab-description\">A\u00e7\u0131klama<\/a><\/li>\n<\/ul>\n<\/div>\n<\/div>\n<\/div>\n<div class=\"nasa-panels nasa-desc-wrap\">\n<div id=\"nasa-tab-description\" class=\"nasa-panel nasa-content-description active\">\n<div class=\"row\">\n<div class=\"large-12 columns nasa-content-panel\">\n<p>Dark Side Moon is on sale now, just needs $269 and includes free worldwide shipping.<br \/>\nYou will get a great quality knockoff Dark Side Moon with the best price, 1:1 made as the original. If you are not satisfied with the product you received, please be sure to contact us, we promise to solve the problem for you. We are confident that you will adore our products and that we can establish a long-term business relationship with each other. If you want to get a better quality watch, or if you want to find other brands of replica watches that are not available on our website, please contact us. We will do our best to help you.<\/p>\n<p><img decoding=\"async\" src=\"https:\/\/infinitywatch.co\/wp-content\/uploads\/2023\/12\/omega-speedmaster-dark-side-of-the-moon-chronograph-4425mm-jd110.jpg\" alt=\"OMEGA Speedmaster Dark Side of The Moon Chronograph 44.25mm\"><\/p>\n<table id=\"tablepress-524-no-2\" class=\"tablepress tablepress-id-524\">\n<thead>\n<tr class=\"row-1 odd\">\n<th class=\"column-1\" colspan=\"2\">SPECIFICATION OF OMEGA SPEEDMASTER DARK SIDE OF THE MOON 311.92.44.51.01.003<\/th>\n<\/tr>\n<\/thead>\n<tbody class=\"row-hover\">\n<tr class=\"row-2 even\">\n<td class=\"column-1\"><b>MARKA<\/b><\/td>\n<td class=\"column-2\">Omega<\/td>\n<\/tr>\n<tr class=\"row-3 odd\">\n<td class=\"column-1\"><b>A\u0130LE<\/b><\/td>\n<td class=\"column-2\">Speedmaster<\/td>\n<\/tr>\n<tr class=\"row-4 even\">\n<td class=\"column-1\"><b>MODEL NO<\/b><\/td>\n<td class=\"column-2\">311.92.44.51.01.003<\/td>\n<\/tr>\n<tr class=\"row-5 odd\">\n<td class=\"column-1\" colspan=\"2\"><b>MEKAN\u0130ZMA<\/b><\/td>\n<\/tr>\n<tr class=\"row-6 even\">\n<td class=\"column-1\">Hareket<\/td>\n<td class=\"column-2\">Otomatik<\/td>\n<\/tr>\n<tr class=\"row-7 odd\">\n<td class=\"column-1\">Kalibre<\/td>\n<td class=\"column-2\">9300<\/td>\n<\/tr>\n<tr class=\"row-8 even\">\n<td class=\"column-1\">G\u00fc\u00e7 Rezervi<\/td>\n<td class=\"column-2\">60 saat (Yakla\u015f\u0131k)<\/td>\n<\/tr>\n<tr class=\"row-9 odd\">\n<td class=\"column-1\">Hassasiyet<\/td>\n<td class=\"column-2\">(-3\/+3 sn\/g\u00fcn) COSC sertifikasyon limitleri dahilinde<\/td>\n<\/tr>\n<tr class=\"row-10 even\">\n<td class=\"column-1\">\u0130kinci El<\/td>\n<td class=\"column-2\">S\u00fcp\u00fcrme Hareketi<\/td>\n<\/tr>\n<tr class=\"row-11 odd\">\n<td class=\"column-1\" colspan=\"2\"><b>DURUM<\/b><\/td>\n<\/tr>\n<tr class=\"row-12 even\">\n<td class=\"column-1\">Malzeme<\/td>\n<td class=\"column-2\">904L Paslanmaz \u00c7elik<\/td>\n<\/tr>\n<tr class=\"row-13 odd\">\n<td class=\"column-1\">Renk<\/td>\n<td class=\"column-2\">Siyah<\/td>\n<\/tr>\n<tr class=\"row-14 even\">\n<td class=\"column-1\">\u00c7er\u00e7eve Malzemesi<\/td>\n<td class=\"column-2\">904L Paslanmaz \u00c7elik<\/td>\n<\/tr>\n<tr class=\"row-15 odd\">\n<td class=\"column-1\">\u00c7er\u00e7eve Rengi<\/td>\n<td class=\"column-2\">Siyah<\/td>\n<\/tr>\n<tr class=\"row-16 even\">\n<td class=\"column-1\">Kristal<\/td>\n<td class=\"column-2\">Sapphire<\/td>\n<\/tr>\n<tr class=\"row-17 odd\">\n<td class=\"column-1\">Boyut<\/td>\n<td class=\"column-2\">44.25 mm<\/td>\n<\/tr>\n<tr class=\"row-18 even\">\n<td class=\"column-1\">Kal\u0131nl\u0131k<\/td>\n<td class=\"column-2\">12.00mm<\/td>\n<\/tr>\n<tr class=\"row-19 odd\">\n<td class=\"column-1\" colspan=\"2\"><b>B\u0130LEKL\u0130K<\/b><\/td>\n<\/tr>\n<tr class=\"row-20 even\">\n<td class=\"column-1\">Malzeme<\/td>\n<td class=\"column-2\">Nylon\/Leather Strap<\/td>\n<\/tr>\n<tr class=\"row-21 odd\">\n<td class=\"column-1\">Tip<\/td>\n<td class=\"column-2\">Nylon\/Leather Strap<\/td>\n<\/tr>\n<tr class=\"row-22 even\">\n<td class=\"column-1\">Renk<\/td>\n<td class=\"column-2\">Siyah<\/td>\n<\/tr>\n<tr class=\"row-23 odd\">\n<td class=\"column-1\">Boyut<\/td>\n<td class=\"column-2\">T\u00fcm bedenler i\u00e7in orijinal olarak ayarlanabilir ba\u011flant\u0131lar<\/td>\n<\/tr>\n<tr class=\"row-24 even\">\n<td class=\"column-1\">Toka Malzemesi<\/td>\n<td class=\"column-2\">904L Paslanmaz \u00c7elik<\/td>\n<\/tr>\n<tr class=\"row-25 odd\">\n<td class=\"column-1\">Toka Tipi<\/td>\n<td class=\"column-2\">Tang Clasp<\/td>\n<\/tr>\n<tr class=\"row-26 even\">\n<td class=\"column-1\">Toka Rengi<\/td>\n<td class=\"column-2\">Siyah<\/td>\n<\/tr>\n<tr class=\"row-27 odd\">\n<td class=\"column-1\" colspan=\"2\"><b>DIAL<\/b><\/td>\n<\/tr>\n<tr class=\"row-28 even\">\n<td class=\"column-1\">Takma ad<\/td>\n<td class=\"column-2\">N\/A<\/td>\n<\/tr>\n<tr class=\"row-29 odd\">\n<td class=\"column-1\">Renk<\/td>\n<td class=\"column-2\">Siyah<\/td>\n<\/tr>\n<tr class=\"row-30 even\">\n<td class=\"column-1\">Indeces<\/td>\n<td class=\"column-2\">\u00c7ubuk<\/td>\n<\/tr>\n<tr class=\"row-31 odd\">\n<td class=\"column-1\">Saat \u0130\u015faretleri Malzemesi<\/td>\n<td class=\"column-2\">904L Paslanmaz \u00c7elik<\/td>\n<\/tr>\n<tr class=\"row-32 even\">\n<td class=\"column-1\">Saat \u0130\u015faretleri Tipi<\/td>\n<td class=\"column-2\">\u00c7ubuk<\/td>\n<\/tr>\n<tr class=\"row-33 odd\">\n<td class=\"column-1\">El Malzemesi<\/td>\n<td class=\"column-2\">904L paslanmaz \u00e7elik<\/td>\n<\/tr>\n<tr class=\"row-34 even\">\n<td class=\"column-1\">El Tipi<\/td>\n<td class=\"column-2\">\u00c7ubuk<\/td>\n<\/tr>\n<tr class=\"row-35 odd\">\n<td class=\"column-1\"><b>FONKS\u0130YONLAR<\/b><\/td>\n<td class=\"column-2\">Hours, Minutes, Small Seconds | Date | Chronograph, Column wheel | Chronometer, Co-Axial Escapement<\/td>\n<\/tr>\n<tr class=\"row-36 even\">\n<td class=\"column-1\"><b>SUYA DAYANIKLILIK<\/b><\/td>\n<td class=\"column-2\">30 metre suya dayan\u0131kl\u0131l\u0131k testini ge\u00e7ti. (Test 3 atm\/30 metre bas\u0131n\u00e7 alt\u0131nda uygulanm\u0131\u015ft\u0131r. Ancak, ister orijinal ister replika olsun hi\u00e7bir saat i\u00e7in y\u00fczmek \u00f6nerilmez).<\/td>\n<\/tr>\n<\/tbody>\n<\/table>\n<\/div>\n<\/div>\n<\/div>\n<\/div>\n<\/div>\n<\/div>\n<\/div>\n<\/div><\/div>","protected":false},"excerpt":{"rendered":"<p>Description Reviews (0) Description Dark Side Moon is on sale now, just needs $269 and includes free worldwide shipping. You [&hellip;]<\/p>","protected":false},"featured_media":36993,"comment_status":"closed","ping_status":"open","template":"","meta":{"site-sidebar-layout":"default","site-content-layout":"","ast-site-content-layout":"","site-content-style":"default","site-sidebar-style":"default","ast-global-header-display":"","ast-banner-title-visibility":"","ast-main-header-display":"","ast-hfb-above-header-display":"","ast-hfb-below-header-display":"","ast-hfb-mobile-header-display":"","site-post-title":"","ast-breadcrumbs-content":"","ast-featured-img":"","footer-sml-layout":"","theme-transparent-header-meta":"","adv-header-id-meta":"","stick-header-meta":"","header-above-stick-meta":"","header-main-stick-meta":"","header-below-stick-meta":"","astra-migrate-meta-layouts":"default","ast-page-background-enabled":"default","ast-page-background-meta":{"desktop":{"background-color":"var(--ast-global-color-5)","background-image":"","background-repeat":"repeat","background-position":"center center","background-size":"auto","background-attachment":"scroll","background-type":"","background-media":"","overlay-type":"","overlay-color":"","overlay-opacity":"","overlay-gradient":""},"tablet":{"background-color":"","background-image":"","background-repeat":"repeat","background-position":"center center","background-size":"auto","background-attachment":"scroll","background-type":"","background-media":"","overlay-type":"","overlay-color":"","overlay-opacity":"","overlay-gradient":""},"mobile":{"background-color":"","background-image":"","background-repeat":"repeat","background-position":"center center","background-size":"auto","background-attachment":"scroll","background-type":"","background-media":"","overlay-type":"","overlay-color":"","overlay-opacity":"","overlay-gradient":""}},"ast-content-background-meta":{"desktop":{"background-color":"var(--ast-global-color-4)","background-image":"","background-repeat":"repeat","background-position":"center center","background-size":"auto","background-attachment":"scroll","background-type":"","background-media":"","overlay-type":"","overlay-color":"","overlay-opacity":"","overlay-gradient":""},"tablet":{"background-color":"var(--ast-global-color-4)","background-image":"","background-repeat":"repeat","background-position":"center center","background-size":"auto","background-attachment":"scroll","background-type":"","background-media":"","overlay-type":"","overlay-color":"","overlay-opacity":"","overlay-gradient":""},"mobile":{"background-color":"var(--ast-global-color-4)","background-image":"","background-repeat":"repeat","background-position":"center center","background-size":"auto","background-attachment":"scroll","background-type":"","background-media":"","overlay-type":"","overlay-color":"","overlay-opacity":"","overlay-gradient":""}}},"product_brand":[687],"product_cat":[80,689,692],"product_tag":[688],"class_list":{"0":"post-36992","1":"product","2":"type-product","3":"status-publish","4":"has-post-thumbnail","6":"product_brand-omega","7":"product_cat-watchs","8":"product_cat-omega","9":"product_cat-speedmaster","10":"product_tag-omega","11":"desktop-align-left","12":"tablet-align-left","13":"mobile-align-left","15":"first","16":"instock","17":"sale","18":"purchasable","19":"product-type-simple"},"tiered_pricing_type":"fixed","tiered_pricing_fixed_rules":[],"tiered_pricing_product_settings":{"layout":"default","base_unit_name":{"singular":null,"plural":null},"default_variation":null},"tiered_pricing_minimum_quantity":null,"tiered_pricing_roles_data":[],"tiered_pricing_percentage_rules":[],"tiered_pricing_maximum_quantity":null,"tiered_pricing_quantity_step":null,"_links":{"self":[{"href":"https:\/\/prestige-aura.com\/tr\/wp-json\/wp\/v2\/product\/36992","targetHints":{"allow":["GET"]}}],"collection":[{"href":"https:\/\/prestige-aura.com\/tr\/wp-json\/wp\/v2\/product"}],"about":[{"href":"https:\/\/prestige-aura.com\/tr\/wp-json\/wp\/v2\/types\/product"}],"replies":[{"embeddable":true,"href":"https:\/\/prestige-aura.com\/tr\/wp-json\/wp\/v2\/comments?post=36992"}],"wp:featuredmedia":[{"embeddable":true,"href":"https:\/\/prestige-aura.com\/tr\/wp-json\/wp\/v2\/media\/36993"}],"wp:attachment":[{"href":"https:\/\/prestige-aura.com\/tr\/wp-json\/wp\/v2\/media?parent=36992"}],"wp:term":[{"taxonomy":"product_brand","embeddable":true,"href":"https:\/\/prestige-aura.com\/tr\/wp-json\/wp\/v2\/product_brand?post=36992"},{"taxonomy":"product_cat","embeddable":true,"href":"https:\/\/prestige-aura.com\/tr\/wp-json\/wp\/v2\/product_cat?post=36992"},{"taxonomy":"product_tag","embeddable":true,"href":"https:\/\/prestige-aura.com\/tr\/wp-json\/wp\/v2\/product_tag?post=36992"}],"curies":[{"name":"wp","href":"https:\/\/api.w.org\/{rel}","templated":true}]}}