
{"id":36919,"date":"2025-06-22T10:00:00","date_gmt":"2025-06-22T10:00:00","guid":{"rendered":"https:\/\/prestige-aura.com\/product\/omega-seamaster-diver-300m-co-axial-master-chronometer-42mm-black-stainless-steel-210-30-42-20-01-001\/"},"modified":"2025-06-24T12:44:16","modified_gmt":"2025-06-24T12:44:16","slug":"omega-seamaster-diver-300m-co-axial-master-chronometer-42mm-black-stainless-steel-210-30-42-20-01-001","status":"publish","type":"product","link":"https:\/\/prestige-aura.com\/tr\/urun\/omega-seamaster-diver-300m-co-axial-master-chronometer-42mm-black-stainless-steel-210-30-42-20-01-001\/","title":{"rendered":"Omega Seamaster Diver 300M E\u015f Eksenli Master Kronometre 42mm Siyah Paslanmaz \u00c7elik- 210.30.42.20.01.001"},"content":{"rendered":"<div class=\"woocommerce-Tabs-panel woocommerce-Tabs-panel--description panel entry-content active\" id=\"tab-description\" role=\"tabpanel\" aria-labelledby=\"tab-title-description\">\n<ul class=\"tabs wc-tabs product-tabs small-nav-collapse nav nav-uppercase nav-line nav-left\" role=\"tablist\">\n<li id=\"tab-title-description\" class=\"description_tab active\" role=\"tab\" aria-controls=\"tab-description\"><a href=\"https:\/\/infinitywatch.co\/product\/omega-seamaster-diver-300m-coaxial-master-chronometer-42-mm-watch-8046\/#tab-description\">A\u00e7\u0131klama<\/a><\/li>\n<li id=\"tab-title-reviews\" class=\"reviews_tab\" role=\"tab\" aria-controls=\"tab-reviews\"><a href=\"https:\/\/infinitywatch.co\/product\/omega-seamaster-diver-300m-coaxial-master-chronometer-42-mm-watch-8046\/#tab-reviews\">Yorumlar (0)<\/a><\/li>\n<\/ul>\n<div class=\"tab-panels\">\n<div id=\"tab-description\" class=\"woocommerce-Tabs-panel woocommerce-Tabs-panel--description panel entry-content active\" role=\"tabpanel\" aria-labelledby=\"tab-title-description\">\n<div class=\"row\">\n<div class=\"large-12 columns\">\n<div class=\"nasa-tab-wrap text-center\">\n<ul class=\"nasa-tabs nasa-classic-style nasa-classic-2d nasa-tabs-no-border\">\n<li class=\"nasa-single-product-tab description_tab nasa-tab active first last\"><a rel=\"nofollow\" data-id=\"#nasa-tab-description\">A\u00e7\u0131klama<\/a><\/li>\n<\/ul>\n<\/div>\n<\/div>\n<\/div>\n<div class=\"nasa-panels nasa-desc-wrap\">\n<div id=\"nasa-tab-description\" class=\"nasa-panel nasa-content-description active\">\n<div class=\"row\">\n<div class=\"large-12 columns nasa-content-panel\">\n<p>Omega Seamaster 8800 Diver \u015fimdi sat\u0131\u015fta, sadece $229 gerekiyor ve d\u00fcnya \u00e7ap\u0131nda \u00fccretsiz kargo i\u00e7eriyor.<br \/>\nOrijinal olarak 1: 1 yap\u0131lm\u0131\u015f, en iyi fiyata sahip m\u00fckemmel kalitede bir knockoff Omega Seamaster 8800 Diver alacaks\u0131n\u0131z. Ald\u0131\u011f\u0131n\u0131z \u00fcr\u00fcnden memnun de\u011filseniz, l\u00fctfen bizimle ileti\u015fime ge\u00e7ti\u011finizden emin olun, sorunu sizin i\u00e7in \u00e7\u00f6zece\u011fimize s\u00f6z veriyoruz. \u00dcr\u00fcnlerimize bay\u0131laca\u011f\u0131n\u0131zdan ve birbirimizle uzun vadeli bir i\u015f ili\u015fkisi kurabilece\u011fimizden eminiz. Daha kaliteli bir saat almak istiyorsan\u0131z veya web sitemizde bulunmayan di\u011fer replika saat markalar\u0131n\u0131 bulmak istiyorsan\u0131z, l\u00fctfen bizimle ileti\u015fime ge\u00e7in. Size yard\u0131mc\u0131 olmak i\u00e7in elimizden geleni yapaca\u011f\u0131z.<\/p>\n<p><img decoding=\"async\" src=\"https:\/\/infinitywatch.co\/wp-content\/uploads\/2023\/12\/omega-seamaster-diver-300m-coaxial-master-chronometer-42-mm-watch-ai8lm.webp\" alt=\"OMEGA SEAMASTER DIVER 300M CO?AXIAL MASTER CHRONOMETER 42 MM WATCH\"><\/p>\n<table id=\"tablepress-524-no-2\" class=\"tablepress tablepress-id-524\">\n<thead>\n<tr class=\"row-1 odd\">\n<th class=\"column-1\" colspan=\"2\">OMEGA SEAMASTER DIVER STEEL 210.30.42.20.04.001 BEYAZ KADRANIN \u00d6ZELLI\u0307KLERI\u0307<\/th>\n<\/tr>\n<\/thead>\n<tbody class=\"row-hover\">\n<tr class=\"row-2 even\">\n<td class=\"column-1\"><b>MARKA<\/b><\/td>\n<td class=\"column-2\">Omega<\/td>\n<\/tr>\n<tr class=\"row-3 odd\">\n<td class=\"column-1\"><b>A\u0130LE<\/b><\/td>\n<td class=\"column-2\">Seamaster Dalg\u0131\u00e7 300M<\/td>\n<\/tr>\n<tr class=\"row-4 even\">\n<td class=\"column-1\"><b>MODEL NO<\/b><\/td>\n<td class=\"column-2\">210.30.42.20.04.001<\/td>\n<\/tr>\n<tr class=\"row-5 odd\">\n<td class=\"column-1\" colspan=\"2\"><b>MEKAN\u0130ZMA<\/b><\/td>\n<\/tr>\n<tr class=\"row-6 even\">\n<td class=\"column-1\">Hareket<\/td>\n<td class=\"column-2\">Otomatik<\/td>\n<\/tr>\n<tr class=\"row-7 odd\">\n<td class=\"column-1\">Kalibre<\/td>\n<td class=\"column-2\">8800<\/td>\n<\/tr>\n<tr class=\"row-8 even\">\n<td class=\"column-1\">G\u00fc\u00e7 Rezervi<\/td>\n<td class=\"column-2\">60 saat (Yakla\u015f\u0131k)<\/td>\n<\/tr>\n<tr class=\"row-9 odd\">\n<td class=\"column-1\">Hassasiyet<\/td>\n<td class=\"column-2\">(-3\/+3 sn\/g\u00fcn) COSC sertifikasyon limitleri dahilinde<\/td>\n<\/tr>\n<tr class=\"row-10 even\">\n<td class=\"column-1\">\u0130kinci El<\/td>\n<td class=\"column-2\">S\u00fcp\u00fcrme Hareketi<\/td>\n<\/tr>\n<tr class=\"row-11 odd\">\n<td class=\"column-1\" colspan=\"2\"><b>DURUM<\/b><\/td>\n<\/tr>\n<tr class=\"row-12 even\">\n<td class=\"column-1\">Malzeme<\/td>\n<td class=\"column-2\">904L paslanmaz \u00e7elik<\/td>\n<\/tr>\n<tr class=\"row-13 odd\">\n<td class=\"column-1\">Renk<\/td>\n<td class=\"column-2\">\u00c7elik<\/td>\n<\/tr>\n<tr class=\"row-14 even\">\n<td class=\"column-1\">\u00c7er\u00e7eve Malzemesi<\/td>\n<td class=\"column-2\">904L paslanmaz \u00e7elik<\/td>\n<\/tr>\n<tr class=\"row-15 odd\">\n<td class=\"column-1\">\u00c7er\u00e7eve Rengi<\/td>\n<td class=\"column-2\">Siyah<\/td>\n<\/tr>\n<tr class=\"row-16 even\">\n<td class=\"column-1\">Kristal<\/td>\n<td class=\"column-2\">Safir kristal<\/td>\n<\/tr>\n<tr class=\"row-17 odd\">\n<td class=\"column-1\">Boyut<\/td>\n<td class=\"column-2\">42.00 mm<\/td>\n<\/tr>\n<tr class=\"row-18 even\">\n<td class=\"column-1\">Kal\u0131nl\u0131k<\/td>\n<td class=\"column-2\">13.00 mm<\/td>\n<\/tr>\n<tr class=\"row-19 odd\">\n<td class=\"column-1\" colspan=\"2\"><b>B\u0130LEKL\u0130K<\/b><\/td>\n<\/tr>\n<tr class=\"row-20 even\">\n<td class=\"column-1\">Malzeme<\/td>\n<td class=\"column-2\">904L Paslanmaz \u00c7elik<\/td>\n<\/tr>\n<tr class=\"row-21 odd\">\n<td class=\"column-1\">Tip<\/td>\n<td class=\"column-2\">N\/a<\/td>\n<\/tr>\n<tr class=\"row-22 even\">\n<td class=\"column-1\">Renk<\/td>\n<td class=\"column-2\">\u00c7elik, Beyaz<\/td>\n<\/tr>\n<tr class=\"row-23 odd\">\n<td class=\"column-1\">Boyut<\/td>\n<td class=\"column-2\">T\u00fcm bedenler i\u00e7in orijinal olarak ayarlanabilir ba\u011flant\u0131lar<\/td>\n<\/tr>\n<tr class=\"row-24 even\">\n<td class=\"column-1\">Toka Malzemesi<\/td>\n<td class=\"column-2\">904L Paslanmaz \u00c7elik<\/td>\n<\/tr>\n<tr class=\"row-25 odd\">\n<td class=\"column-1\">Toka Tipi<\/td>\n<td class=\"column-2\">Katlamal\u0131 toka<\/td>\n<\/tr>\n<tr class=\"row-26 even\">\n<td class=\"column-1\">Toka Rengi<\/td>\n<td class=\"column-2\">\u00c7elik<\/td>\n<\/tr>\n<tr class=\"row-27 odd\">\n<td class=\"column-1\" colspan=\"2\"><b>DIAL<\/b><\/td>\n<\/tr>\n<tr class=\"row-28 even\">\n<td class=\"column-1\">Takma ad<\/td>\n<td class=\"column-2\">N\/A<\/td>\n<\/tr>\n<tr class=\"row-29 odd\">\n<td class=\"column-1\">Renk<\/td>\n<td class=\"column-2\">Beyaz<\/td>\n<\/tr>\n<tr class=\"row-30 even\">\n<td class=\"column-1\">Indeces<\/td>\n<td class=\"column-2\">\u00c7ubuk \/ Nokta<\/td>\n<\/tr>\n<tr class=\"row-31 odd\">\n<td class=\"column-1\">Saat \u0130\u015faretleri Malzemesi<\/td>\n<td class=\"column-2\">904L Paslanmaz \u00c7elik<\/td>\n<\/tr>\n<tr class=\"row-32 even\">\n<td class=\"column-1\">Saat \u0130\u015faretleri Tipi<\/td>\n<td class=\"column-2\">Nokta<\/td>\n<\/tr>\n<tr class=\"row-33 odd\">\n<td class=\"column-1\">El Malzemesi<\/td>\n<td class=\"column-2\">904L paslanmaz \u00e7elik<\/td>\n<\/tr>\n<tr class=\"row-34 even\">\n<td class=\"column-1\">El Tipi<\/td>\n<td class=\"column-2\">K\u0131l\u0131\u00e7<\/td>\n<\/tr>\n<tr class=\"row-35 odd\">\n<td class=\"column-1\"><b>FONKS\u0130YONLAR<\/b><\/td>\n<td class=\"column-2\">Saat, Dakika, Saniye | Tarih | Kronometre, E\u015f Eksenli Kayd\u0131rma<\/td>\n<\/tr>\n<tr class=\"row-36 even\">\n<td class=\"column-1\"><b>SUYA DAYANIKLILIK<\/b><\/td>\n<td class=\"column-2\">30 metre suya dayan\u0131kl\u0131l\u0131k testini ge\u00e7ti. (Test 3 atm\/30 metre bas\u0131n\u00e7 alt\u0131nda uygulanm\u0131\u015ft\u0131r. Ancak, ister orijinal ister replika olsun hi\u00e7bir saat i\u00e7in y\u00fczmek \u00f6nerilmez).<\/td>\n<\/tr>\n<\/tbody>\n<\/table>\n<\/div>\n<\/div>\n<\/div>\n<\/div>\n<\/div>\n<\/div><\/div>","protected":false},"excerpt":{"rendered":"<p>Description Reviews (0) Description Omega Seamaster 8800 Diver is on sale now, just needs $229 and includes free worldwide shipping. [&hellip;]<\/p>","protected":false},"featured_media":36920,"comment_status":"closed","ping_status":"open","template":"","meta":{"site-sidebar-layout":"default","site-content-layout":"","ast-site-content-layout":"","site-content-style":"default","site-sidebar-style":"default","ast-global-header-display":"","ast-banner-title-visibility":"","ast-main-header-display":"","ast-hfb-above-header-display":"","ast-hfb-below-header-display":"","ast-hfb-mobile-header-display":"","site-post-title":"","ast-breadcrumbs-content":"","ast-featured-img":"","footer-sml-layout":"","theme-transparent-header-meta":"","adv-header-id-meta":"","stick-header-meta":"","header-above-stick-meta":"","header-main-stick-meta":"","header-below-stick-meta":"","astra-migrate-meta-layouts":"default","ast-page-background-enabled":"default","ast-page-background-meta":{"desktop":{"background-color":"var(--ast-global-color-5)","background-image":"","background-repeat":"repeat","background-position":"center center","background-size":"auto","background-attachment":"scroll","background-type":"","background-media":"","overlay-type":"","overlay-color":"","overlay-opacity":"","overlay-gradient":""},"tablet":{"background-color":"","background-image":"","background-repeat":"repeat","background-position":"center center","background-size":"auto","background-attachment":"scroll","background-type":"","background-media":"","overlay-type":"","overlay-color":"","overlay-opacity":"","overlay-gradient":""},"mobile":{"background-color":"","background-image":"","background-repeat":"repeat","background-position":"center center","background-size":"auto","background-attachment":"scroll","background-type":"","background-media":"","overlay-type":"","overlay-color":"","overlay-opacity":"","overlay-gradient":""}},"ast-content-background-meta":{"desktop":{"background-color":"var(--ast-global-color-4)","background-image":"","background-repeat":"repeat","background-position":"center center","background-size":"auto","background-attachment":"scroll","background-type":"","background-media":"","overlay-type":"","overlay-color":"","overlay-opacity":"","overlay-gradient":""},"tablet":{"background-color":"var(--ast-global-color-4)","background-image":"","background-repeat":"repeat","background-position":"center center","background-size":"auto","background-attachment":"scroll","background-type":"","background-media":"","overlay-type":"","overlay-color":"","overlay-opacity":"","overlay-gradient":""},"mobile":{"background-color":"var(--ast-global-color-4)","background-image":"","background-repeat":"repeat","background-position":"center center","background-size":"auto","background-attachment":"scroll","background-type":"","background-media":"","overlay-type":"","overlay-color":"","overlay-opacity":"","overlay-gradient":""}}},"product_brand":[687],"product_cat":[689,691,80],"product_tag":[688],"class_list":{"0":"post-36919","1":"product","2":"type-product","3":"status-publish","4":"has-post-thumbnail","6":"product_brand-omega","7":"product_cat-omega","8":"product_cat-seamaster-diver","9":"product_cat-watchs","10":"product_tag-omega","11":"desktop-align-left","12":"tablet-align-left","13":"mobile-align-left","15":"first","16":"instock","17":"sale","18":"purchasable","19":"product-type-simple"},"tiered_pricing_type":"fixed","tiered_pricing_fixed_rules":[],"tiered_pricing_product_settings":{"layout":"default","base_unit_name":{"singular":null,"plural":null},"default_variation":null},"tiered_pricing_minimum_quantity":null,"tiered_pricing_roles_data":[],"tiered_pricing_percentage_rules":[],"tiered_pricing_maximum_quantity":null,"tiered_pricing_quantity_step":null,"_links":{"self":[{"href":"https:\/\/prestige-aura.com\/tr\/wp-json\/wp\/v2\/product\/36919","targetHints":{"allow":["GET"]}}],"collection":[{"href":"https:\/\/prestige-aura.com\/tr\/wp-json\/wp\/v2\/product"}],"about":[{"href":"https:\/\/prestige-aura.com\/tr\/wp-json\/wp\/v2\/types\/product"}],"replies":[{"embeddable":true,"href":"https:\/\/prestige-aura.com\/tr\/wp-json\/wp\/v2\/comments?post=36919"}],"wp:featuredmedia":[{"embeddable":true,"href":"https:\/\/prestige-aura.com\/tr\/wp-json\/wp\/v2\/media\/36920"}],"wp:attachment":[{"href":"https:\/\/prestige-aura.com\/tr\/wp-json\/wp\/v2\/media?parent=36919"}],"wp:term":[{"taxonomy":"product_brand","embeddable":true,"href":"https:\/\/prestige-aura.com\/tr\/wp-json\/wp\/v2\/product_brand?post=36919"},{"taxonomy":"product_cat","embeddable":true,"href":"https:\/\/prestige-aura.com\/tr\/wp-json\/wp\/v2\/product_cat?post=36919"},{"taxonomy":"product_tag","embeddable":true,"href":"https:\/\/prestige-aura.com\/tr\/wp-json\/wp\/v2\/product_tag?post=36919"}],"curies":[{"name":"wp","href":"https:\/\/api.w.org\/{rel}","templated":true}]}}