
{"id":36851,"date":"2025-06-22T06:52:00","date_gmt":"2025-06-22T06:52:00","guid":{"rendered":"https:\/\/prestige-aura.com\/product\/hublot-spirit-of-big-bang-titanium-45mm-ref-601-nx-0173-lr-2\/"},"modified":"2025-06-24T08:13:33","modified_gmt":"2025-06-24T08:13:33","slug":"hublot-spirit-of-big-bang-titanium-45mm-ref-601-nx-0173-lr-2","status":"publish","type":"product","link":"https:\/\/prestige-aura.com\/tr\/urun\/hublot-spirit-of-big-bang-titanium-45mm-ref-601-nx-0173-lr-2\/","title":{"rendered":"Hublot Spirit of Big Bang Titanium 45mm, Ref# 601.NX.0173.LR"},"content":{"rendered":"<p>Hublot Spirit of Big Bang Titanium 45mm watch. Brushed\/satin finished titanium case with polished beveled corners, Reference 601.NX.0173.LR. This model has Sapphire crystal transparent dial with bold brushed finished?Stainless Steel?minute and hour hands with luminous filled top and skeletonized bottoms. Applied brushed?Stainless Steel \u00a1\u00aeApplique\u00a1\u00af index hour markers with luminous fill. Black inner bezel flange at the dial perimeter with a red minute\/seconds track. Small running seconds sub-dial hand located at the 9 o\u00a1\u00afclock position. Visible skeletonized date wheel. Current date displayed between the 4 and 5 o\u00a1\u00afclock position, highlighted by?a black background and a blue border. Chronograph Stopwatch function:? large central seconds counter with the \u00a1\u00b0H\u00a1\u00b1 logo as a counter-weight; black-rimmed 30-minute sub-dial counter located at the 3 o\u00a1\u00afclock position; black-rimmed 12-hour sub-dial counter located at the 6 o\u00a1\u00afclock position. Brushed and polished titanium crown and chrono buttons with black insert. The crown has Pull \/ Press function, the Hublot logo engraved on it. The dial closed by a Scratch-resistant Sapphire Crystal with Anti-reflective Treatment. Of Sapphire Crystal made transparent case back. The watch is equipped fixed titanium bezel with Microblasted (dark shade of finishing) recessed zones, secured with 6 polished \u00a1\u00b0H\u00a1\u00b1 style Titanium screws. Lateral case center band and bezel lugs of black composite resin. The watch is self-winding Skeleton Chronograph Movement Hublot Caliber HUB 4700, contains 31 Jewels and has an approximate power reserve of 50 hours. This model presented on a Black \u00a1\u00b0Gummy-Alligator\u00a1\u00b1 strap: Alligator on the top-side?and rubber on the underside?and edges with Titanium Deployant Buckle Clasp. The water resistance is up to 100m\/330ft (10 ATM).<\/p>\n<p>Marka: Hublot<br \/>\nModel: Spirit of Big Bang Titanium 45mm?<br \/>\nReference: 601.NX.0173.LR<br \/>\nDiameter: 51mm x 45mm<br \/>\nCase material: Brushed\/satin finished titanium<br \/>\nKadran rengi: Safir kristal \u015feffaf<br \/>\n\u00c7er\u00e7eve Tipi: Sabit<br \/>\n\u00c7er\u00e7eve Rengi: G\u00fcm\u00fc\u015f<br \/>\n\u00c7er\u00e7eve Malzemesi: Titanyum<br \/>\nKristal: Safir<br \/>\nHareket: Otomatik, kendinden kurmal\u0131 mekanik<br \/>\nBilezik Tipi: Kay\u0131\u015f<br \/>\nBracelet Material: Black alligator leather top with a stiched black rubber<br \/>\nToka: Titanyum Deployant Toka<br \/>\nFonksiyonlar: Tarih, Kronograf, Saat, Dakika, Saniye<br \/>\nSu ge\u00e7irmezlik: 100m\/330ft'ye kadar (10 ATM)<br \/>\nGaranti Hublot Uluslararas\u0131 Garanti Bakiyesi?<\/p>\n<p>T\u00fcm yeni Hublot saatleri, herhangi bir ka\u011f\u0131t\/plastik garanti kart\u0131\/kitab\u0131\/kitap\u00e7\u0131\u011f\u0131 vb. i\u00e7ermeyen Hublot e-Garanti'nin en son yinelemesiyle birlikte gelir. Hublot saatlerinin orijinalli\u011fi, malzemelerinin mikro yap\u0131s\u0131n\u0131n g\u00f6rsel olarak tan\u0131nmas\u0131yla garanti edilir. HUBLOT e-garanti ile Hublot, AURA blok zincirinde saklanan dijital bir garanti ba\u015flat\u0131yor. M\u00fc\u015fteriler i\u00e7in \u00f6zel bir e-garanti uygulamas\u0131 da mevcuttur. Hublot e-garanti uygulamas\u0131 ile par\u00e7an\u0131n tekil olarak tan\u0131nmas\u0131, Google Play Store ve Apple App'te mevcuttur.<\/p>","protected":false},"excerpt":{"rendered":"<p>Hublot Spirit of Big Bang Titanium 45mm watch. Brushed\/satin finished titanium case with polished beveled corners, Reference 601.NX.0173.LR. This model [&hellip;]<\/p>","protected":false},"featured_media":36852,"comment_status":"closed","ping_status":"open","template":"","meta":{"site-sidebar-layout":"default","site-content-layout":"","ast-site-content-layout":"","site-content-style":"default","site-sidebar-style":"default","ast-global-header-display":"","ast-banner-title-visibility":"","ast-main-header-display":"","ast-hfb-above-header-display":"","ast-hfb-below-header-display":"","ast-hfb-mobile-header-display":"","site-post-title":"","ast-breadcrumbs-content":"","ast-featured-img":"","footer-sml-layout":"","theme-transparent-header-meta":"","adv-header-id-meta":"","stick-header-meta":"","header-above-stick-meta":"","header-main-stick-meta":"","header-below-stick-meta":"","astra-migrate-meta-layouts":"default","ast-page-background-enabled":"default","ast-page-background-meta":{"desktop":{"background-color":"var(--ast-global-color-5)","background-image":"","background-repeat":"repeat","background-position":"center center","background-size":"auto","background-attachment":"scroll","background-type":"","background-media":"","overlay-type":"","overlay-color":"","overlay-opacity":"","overlay-gradient":""},"tablet":{"background-color":"","background-image":"","background-repeat":"repeat","background-position":"center center","background-size":"auto","background-attachment":"scroll","background-type":"","background-media":"","overlay-type":"","overlay-color":"","overlay-opacity":"","overlay-gradient":""},"mobile":{"background-color":"","background-image":"","background-repeat":"repeat","background-position":"center center","background-size":"auto","background-attachment":"scroll","background-type":"","background-media":"","overlay-type":"","overlay-color":"","overlay-opacity":"","overlay-gradient":""}},"ast-content-background-meta":{"desktop":{"background-color":"var(--ast-global-color-4)","background-image":"","background-repeat":"repeat","background-position":"center center","background-size":"auto","background-attachment":"scroll","background-type":"","background-media":"","overlay-type":"","overlay-color":"","overlay-opacity":"","overlay-gradient":""},"tablet":{"background-color":"var(--ast-global-color-4)","background-image":"","background-repeat":"repeat","background-position":"center center","background-size":"auto","background-attachment":"scroll","background-type":"","background-media":"","overlay-type":"","overlay-color":"","overlay-opacity":"","overlay-gradient":""},"mobile":{"background-color":"var(--ast-global-color-4)","background-image":"","background-repeat":"repeat","background-position":"center center","background-size":"auto","background-attachment":"scroll","background-type":"","background-media":"","overlay-type":"","overlay-color":"","overlay-opacity":"","overlay-gradient":""}}},"product_brand":[682],"product_cat":[685,684,80],"product_tag":[683],"class_list":{"0":"post-36851","1":"product","2":"type-product","3":"status-publish","4":"has-post-thumbnail","6":"product_brand-hublot","7":"product_cat-big-bang","8":"product_cat-hublot","9":"product_cat-watchs","10":"product_tag-hublot","11":"desktop-align-left","12":"tablet-align-left","13":"mobile-align-left","15":"first","16":"instock","17":"sale","18":"purchasable","19":"product-type-simple"},"tiered_pricing_type":"fixed","tiered_pricing_fixed_rules":[],"tiered_pricing_product_settings":{"layout":"default","base_unit_name":{"singular":null,"plural":null},"default_variation":null},"tiered_pricing_minimum_quantity":null,"tiered_pricing_roles_data":[],"tiered_pricing_percentage_rules":[],"tiered_pricing_maximum_quantity":null,"tiered_pricing_quantity_step":null,"_links":{"self":[{"href":"https:\/\/prestige-aura.com\/tr\/wp-json\/wp\/v2\/product\/36851","targetHints":{"allow":["GET"]}}],"collection":[{"href":"https:\/\/prestige-aura.com\/tr\/wp-json\/wp\/v2\/product"}],"about":[{"href":"https:\/\/prestige-aura.com\/tr\/wp-json\/wp\/v2\/types\/product"}],"replies":[{"embeddable":true,"href":"https:\/\/prestige-aura.com\/tr\/wp-json\/wp\/v2\/comments?post=36851"}],"wp:featuredmedia":[{"embeddable":true,"href":"https:\/\/prestige-aura.com\/tr\/wp-json\/wp\/v2\/media\/36852"}],"wp:attachment":[{"href":"https:\/\/prestige-aura.com\/tr\/wp-json\/wp\/v2\/media?parent=36851"}],"wp:term":[{"taxonomy":"product_brand","embeddable":true,"href":"https:\/\/prestige-aura.com\/tr\/wp-json\/wp\/v2\/product_brand?post=36851"},{"taxonomy":"product_cat","embeddable":true,"href":"https:\/\/prestige-aura.com\/tr\/wp-json\/wp\/v2\/product_cat?post=36851"},{"taxonomy":"product_tag","embeddable":true,"href":"https:\/\/prestige-aura.com\/tr\/wp-json\/wp\/v2\/product_tag?post=36851"}],"curies":[{"name":"wp","href":"https:\/\/api.w.org\/{rel}","templated":true}]}}