
{"id":36845,"date":"2025-06-22T06:52:00","date_gmt":"2025-06-22T06:52:00","guid":{"rendered":"https:\/\/prestige-aura.com\/product\/hublot-spirit-of-big-bang-king-gold-42mm-ref-641-ox-0183-lr-2\/"},"modified":"2025-06-24T08:13:33","modified_gmt":"2025-06-24T08:13:33","slug":"hublot-spirit-of-big-bang-king-gold-42mm-ref-641-ox-0183-lr-2","status":"publish","type":"product","link":"https:\/\/prestige-aura.com\/tr\/urun\/hublot-spirit-of-big-bang-king-gold-42mm-ref-641-ox-0183-lr-2\/","title":{"rendered":"Hublot Spirit of Big Bang King Alt\u0131n 42mm, Ref# 641.OX.0183.LR"},"content":{"rendered":"<p>Hublot Spirit of Big Bang King Gold 42mm saat. Parlat\u0131lm\u0131\u015f e\u011fimli k\u00f6\u015felere sahip f\u0131r\u00e7alanm\u0131\u015f\/saten kaplama 18 ayar King Gold kasa, Referans 641.OX.0183.LR. Bu modelin Safir kristal \u015feffaf kadran\u0131nda, \u00fcst k\u0131s\u0131mlar\u0131 parlak dolgulu ve alt k\u0131s\u0131mlar\u0131 iskeletle\u015ftirilmi\u015f kal\u0131n f\u0131r\u00e7alanm\u0131\u015f 18 ayar King Gold dakika ve saat ibreleri bulunur. I\u015f\u0131k dolgulu f\u0131r\u00e7alanm\u0131\u015f 18 ayar King Gold \u00a1\u00aeApplique\u00a1\u00af indeks saat imleri. Kadran \u00e7evresinde k\u0131rm\u0131z\u0131 dakika\/saniye izi bulunan siyah i\u00e7 \u00e7er\u00e7eve flan\u015f\u0131. Saat 9 konumunda bulunan k\u00fc\u00e7\u00fck saniye alt kadran ibresi. G\u00f6r\u00fcn\u00fcr iskeletle\u015ftirilmi\u015f tarih tekerle\u011fi. G\u00fcncel tarih saatin 4 ve 5 pozisyonlar\u0131 aras\u0131nda g\u00f6sterilir, siyah arka plan ve mavi kenarl\u0131kla vurgulan\u0131r. Kronograf Kronometre fonksiyonu: Kar\u015f\u0131 a\u011f\u0131rl\u0131k olarak \u00a1\u00b0H\u00a1\u00b1 logolu b\u00fcy\u00fck merkezi saniye sayac\u0131; saat 3 konumunda siyah \u00e7er\u00e7eveli 30 dakika alt kadran sayac\u0131; saat 6 konumunda siyah \u00e7er\u00e7eveli 12 saat alt kadran sayac\u0131. F\u0131r\u00e7alanm\u0131\u015f ve parlat\u0131lm\u0131\u015f 18 ayar King Gold kurma kolu ve siyah u\u00e7lu krono d\u00fc\u011fmeleri. Kurma kolu \u00e7ekme \/ itme fonksiyonuna sahiptir ve \u00fczerine Hublot logosu i\u015flenmi\u015ftir. Kadran, Yans\u0131ma \u00d6nleyici \u0130\u015flemli \u00c7izilmeye Dayan\u0131kl\u0131 Safir Kristal ile kapat\u0131lm\u0131\u015ft\u0131r. Safir Kristalden \u015feffaf kasa arkas\u0131 yap\u0131lm\u0131\u015ft\u0131r. Saat, Microblasted (koyu renk kaplama) girintili b\u00f6lgelere sahip sabit 18 ayar King Gold \u00e7er\u00e7eve ile donat\u0131lm\u0131\u015ft\u0131r ve 6 adet cilal\u0131 \u00a1\u00b0H\u00a1\u00b1 tarz\u0131 Titanyum vida ile sabitlenmi\u015ftir. Yanal kasa merkez band\u0131 ve \u00e7er\u00e7eve kulplar\u0131 siyah kompozit re\u00e7ineden yap\u0131lm\u0131\u015ft\u0131r. Saat, kendinden kurmal\u0131 \u0130skelet Kronograf Hareketi Hublot Kalibre HUB 4700, 31 M\u00fccevher i\u00e7erir ve yakla\u015f\u0131k 50 saatlik g\u00fc\u00e7 rezervine sahiptir. Bu model Kahverengi Sak\u0131zl\u0131 Timsah kay\u0131\u015fla sunulur: \u00dcst taraf\u0131 timsah derisi, alt taraf\u0131 siyah kau\u00e7uk ve kenarlar\u0131 18K Kral Alt\u0131n ve Siyah PVD Paslanmaz \u00c7elik A\u00e7\u0131l\u0131r Tokal\u0131 kay\u0131\u015f. Suya dayan\u0131kl\u0131l\u0131\u011f\u0131 100m\/330ft'ye (10 ATM) kadard\u0131r.<\/p>\n<p>Marka: Hublot<br \/>\nModel: Spirit of Big Bang King Gold 42mm?<br \/>\nReferans: 641.OX.0183.LR<br \/>\n\u00c7ap: 48mm x 42mm<br \/>\nKasa malzemesi: F\u0131r\u00e7alanm\u0131\u015f\/saten kaplama 18 ayar Kral Alt\u0131n\u0131<br \/>\nKadran rengi: Safir kristal \u015feffaf<br \/>\n\u00c7er\u00e7eve Tipi: Sabit<br \/>\n\u00c7er\u00e7eve Rengi: Pembe<br \/>\n\u00c7er\u00e7eve Malzemesi: 18 ayar Kral Alt\u0131n<br \/>\nKristal: Safir<br \/>\nHareket: Otomatik, kendinden kurmal\u0131 mekanik<br \/>\nBilezik Tipi: Kay\u0131\u015f<br \/>\nBilezik Malzemesi: Siyah kau\u00e7uk ile kahverengi timsah derisi \u00fcst k\u0131s\u0131m<br \/>\nToka: 18K Kral Alt\u0131n ve Siyah PVD Paslanmaz \u00c7elik Deployant Toka<br \/>\nFonksiyonlar: Tarih, Kronograf, Saat, Dakika, Saniye<br \/>\nSu ge\u00e7irmezlik: 100m\/330ft'ye kadar (10 ATM)<br \/>\nGaranti Hublot Uluslararas\u0131 Garanti Bakiyesi?<\/p>\n<p>T\u00fcm yeni Hublot saatleri, herhangi bir ka\u011f\u0131t\/plastik garanti kart\u0131\/kitab\u0131\/kitap\u00e7\u0131\u011f\u0131 vb. i\u00e7ermeyen Hublot e-Garanti'nin en son yinelemesiyle birlikte gelir. Hublot saatlerinin orijinalli\u011fi, malzemelerinin mikro yap\u0131s\u0131n\u0131n g\u00f6rsel olarak tan\u0131nmas\u0131yla garanti edilir. HUBLOT e-garanti ile Hublot, AURA blok zincirinde saklanan dijital bir garanti ba\u015flat\u0131yor ve m\u00fc\u015fteriler i\u00e7in \u00f6zel bir e-garanti uygulamas\u0131 da mevcut. Hublot e-garanti uygulamas\u0131 ile par\u00e7an\u0131n tekil olarak tan\u0131nmas\u0131, Google Play Store ve Apple App'te mevcuttur.<\/p>","protected":false},"excerpt":{"rendered":"<p>Hublot Spirit of Big Bang King Gold 42mm watch. Brushed\/satin finished 18k King Gold case with polished beveled corners, Reference [&hellip;]<\/p>","protected":false},"featured_media":36846,"comment_status":"closed","ping_status":"open","template":"","meta":{"site-sidebar-layout":"default","site-content-layout":"","ast-site-content-layout":"","site-content-style":"default","site-sidebar-style":"default","ast-global-header-display":"","ast-banner-title-visibility":"","ast-main-header-display":"","ast-hfb-above-header-display":"","ast-hfb-below-header-display":"","ast-hfb-mobile-header-display":"","site-post-title":"","ast-breadcrumbs-content":"","ast-featured-img":"","footer-sml-layout":"","theme-transparent-header-meta":"","adv-header-id-meta":"","stick-header-meta":"","header-above-stick-meta":"","header-main-stick-meta":"","header-below-stick-meta":"","astra-migrate-meta-layouts":"default","ast-page-background-enabled":"default","ast-page-background-meta":{"desktop":{"background-color":"var(--ast-global-color-5)","background-image":"","background-repeat":"repeat","background-position":"center center","background-size":"auto","background-attachment":"scroll","background-type":"","background-media":"","overlay-type":"","overlay-color":"","overlay-opacity":"","overlay-gradient":""},"tablet":{"background-color":"","background-image":"","background-repeat":"repeat","background-position":"center center","background-size":"auto","background-attachment":"scroll","background-type":"","background-media":"","overlay-type":"","overlay-color":"","overlay-opacity":"","overlay-gradient":""},"mobile":{"background-color":"","background-image":"","background-repeat":"repeat","background-position":"center center","background-size":"auto","background-attachment":"scroll","background-type":"","background-media":"","overlay-type":"","overlay-color":"","overlay-opacity":"","overlay-gradient":""}},"ast-content-background-meta":{"desktop":{"background-color":"var(--ast-global-color-4)","background-image":"","background-repeat":"repeat","background-position":"center center","background-size":"auto","background-attachment":"scroll","background-type":"","background-media":"","overlay-type":"","overlay-color":"","overlay-opacity":"","overlay-gradient":""},"tablet":{"background-color":"var(--ast-global-color-4)","background-image":"","background-repeat":"repeat","background-position":"center center","background-size":"auto","background-attachment":"scroll","background-type":"","background-media":"","overlay-type":"","overlay-color":"","overlay-opacity":"","overlay-gradient":""},"mobile":{"background-color":"var(--ast-global-color-4)","background-image":"","background-repeat":"repeat","background-position":"center center","background-size":"auto","background-attachment":"scroll","background-type":"","background-media":"","overlay-type":"","overlay-color":"","overlay-opacity":"","overlay-gradient":""}}},"product_brand":[682],"product_cat":[685,684,80],"product_tag":[683],"class_list":{"0":"post-36845","1":"product","2":"type-product","3":"status-publish","4":"has-post-thumbnail","6":"product_brand-hublot","7":"product_cat-big-bang","8":"product_cat-hublot","9":"product_cat-watchs","10":"product_tag-hublot","11":"desktop-align-left","12":"tablet-align-left","13":"mobile-align-left","15":"first","16":"instock","17":"sale","18":"purchasable","19":"product-type-simple"},"tiered_pricing_type":"fixed","tiered_pricing_fixed_rules":[],"tiered_pricing_product_settings":{"layout":"default","base_unit_name":{"singular":null,"plural":null},"default_variation":null},"tiered_pricing_minimum_quantity":null,"tiered_pricing_roles_data":[],"tiered_pricing_percentage_rules":[],"tiered_pricing_maximum_quantity":null,"tiered_pricing_quantity_step":null,"_links":{"self":[{"href":"https:\/\/prestige-aura.com\/tr\/wp-json\/wp\/v2\/product\/36845","targetHints":{"allow":["GET"]}}],"collection":[{"href":"https:\/\/prestige-aura.com\/tr\/wp-json\/wp\/v2\/product"}],"about":[{"href":"https:\/\/prestige-aura.com\/tr\/wp-json\/wp\/v2\/types\/product"}],"replies":[{"embeddable":true,"href":"https:\/\/prestige-aura.com\/tr\/wp-json\/wp\/v2\/comments?post=36845"}],"wp:featuredmedia":[{"embeddable":true,"href":"https:\/\/prestige-aura.com\/tr\/wp-json\/wp\/v2\/media\/36846"}],"wp:attachment":[{"href":"https:\/\/prestige-aura.com\/tr\/wp-json\/wp\/v2\/media?parent=36845"}],"wp:term":[{"taxonomy":"product_brand","embeddable":true,"href":"https:\/\/prestige-aura.com\/tr\/wp-json\/wp\/v2\/product_brand?post=36845"},{"taxonomy":"product_cat","embeddable":true,"href":"https:\/\/prestige-aura.com\/tr\/wp-json\/wp\/v2\/product_cat?post=36845"},{"taxonomy":"product_tag","embeddable":true,"href":"https:\/\/prestige-aura.com\/tr\/wp-json\/wp\/v2\/product_tag?post=36845"}],"curies":[{"name":"wp","href":"https:\/\/api.w.org\/{rel}","templated":true}]}}