
{"id":36833,"date":"2025-06-22T06:52:00","date_gmt":"2025-06-22T06:52:00","guid":{"rendered":"https:\/\/prestige-aura.com\/product\/hublot-classic-fusion-orlinski-titanium-white-ref-550-ns-2200-rw-orl20-2\/"},"modified":"2025-06-24T12:33:19","modified_gmt":"2025-06-24T12:33:19","slug":"hublot-classic-fusion-orlinski-titanium-white-ref-550-ns-2200-rw-orl20-2","status":"publish","type":"product","link":"https:\/\/prestige-aura.com\/tr\/urun\/hublot-classic-fusion-orlinski-titanium-white-ref-550-ns-2200-rw-orl20-2\/","title":{"rendered":"Hublot Classic Fusion Orlinski Titanium White Ref# 550.NS.2200.RW.ORL20"},"content":{"rendered":"<p>Unworn Hublot Classic Fusion Orlinski Titanium White?550.NS.2200.RW.ORL20. 40 mm, Polished Faceted White Dial, Polished Titanium case, Sapphire with Anti-reflective Treatment crystal, Polished Blue Ceramic with 6 H-shaped Black-plated Titanium Screws bezel, HUB1100 calibre, Self-winding Movement, 42 Hours power reserve, White Smooth Rubber Straps with Stainless Steel Deployant Buckle Clasp. Water resistant to 50 m.<br \/>\nTEKNI\u0307K DETAYLAR<\/p>\n<p>Marka: Hublot<br \/>\nModel Klasik F\u00fczyon<br \/>\nReference: 550.NS.2200.RW.ORL20<br \/>\n\u00c7ap: 40 mm<br \/>\nCase material: Polished Titanium<br \/>\nDial color: Polished Faceted White<br \/>\nBezel Type: Polished Titanium 6 H-shaped Titanium Screws<br \/>\n\u00c7er\u00e7eve Rengi: G\u00fcm\u00fc\u015f<br \/>\n\u00c7er\u00e7eve Malzemesi: Titanyum<br \/>\nKristal: Yans\u0131ma \u00d6nleyici \u0130\u015flemli Safir<br \/>\nKalibre: HUB1100<br \/>\nHareket: Otomatik kurmal\u0131<br \/>\nG\u00fc\u00e7 Rezervi: 42 Saat<br \/>\nBracelet Material: White Smooth Rubber Straps<br \/>\nToka: Paslanmaz \u00c7elik Deployant Toka<br \/>\nSu ge\u00e7irmezlik: 50 m<\/p>","protected":false},"excerpt":{"rendered":"<p>Unworn Hublot Classic Fusion Orlinski Titanium White?550.NS.2200.RW.ORL20. 40 mm, Polished Faceted White Dial, Polished Titanium case, Sapphire with Anti-reflective Treatment [&hellip;]<\/p>","protected":false},"featured_media":36834,"comment_status":"closed","ping_status":"closed","template":"","meta":{"site-sidebar-layout":"default","site-content-layout":"","ast-site-content-layout":"","site-content-style":"default","site-sidebar-style":"default","ast-global-header-display":"","ast-banner-title-visibility":"","ast-main-header-display":"","ast-hfb-above-header-display":"","ast-hfb-below-header-display":"","ast-hfb-mobile-header-display":"","site-post-title":"","ast-breadcrumbs-content":"","ast-featured-img":"","footer-sml-layout":"","theme-transparent-header-meta":"","adv-header-id-meta":"","stick-header-meta":"","header-above-stick-meta":"","header-main-stick-meta":"","header-below-stick-meta":"","astra-migrate-meta-layouts":"default","ast-page-background-enabled":"default","ast-page-background-meta":{"desktop":{"background-color":"var(--ast-global-color-5)","background-image":"","background-repeat":"repeat","background-position":"center center","background-size":"auto","background-attachment":"scroll","background-type":"","background-media":"","overlay-type":"","overlay-color":"","overlay-opacity":"","overlay-gradient":""},"tablet":{"background-color":"","background-image":"","background-repeat":"repeat","background-position":"center center","background-size":"auto","background-attachment":"scroll","background-type":"","background-media":"","overlay-type":"","overlay-color":"","overlay-opacity":"","overlay-gradient":""},"mobile":{"background-color":"","background-image":"","background-repeat":"repeat","background-position":"center center","background-size":"auto","background-attachment":"scroll","background-type":"","background-media":"","overlay-type":"","overlay-color":"","overlay-opacity":"","overlay-gradient":""}},"ast-content-background-meta":{"desktop":{"background-color":"var(--ast-global-color-4)","background-image":"","background-repeat":"repeat","background-position":"center center","background-size":"auto","background-attachment":"scroll","background-type":"","background-media":"","overlay-type":"","overlay-color":"","overlay-opacity":"","overlay-gradient":""},"tablet":{"background-color":"var(--ast-global-color-4)","background-image":"","background-repeat":"repeat","background-position":"center center","background-size":"auto","background-attachment":"scroll","background-type":"","background-media":"","overlay-type":"","overlay-color":"","overlay-opacity":"","overlay-gradient":""},"mobile":{"background-color":"var(--ast-global-color-4)","background-image":"","background-repeat":"repeat","background-position":"center center","background-size":"auto","background-attachment":"scroll","background-type":"","background-media":"","overlay-type":"","overlay-color":"","overlay-opacity":"","overlay-gradient":""}}},"product_brand":[682],"product_cat":[686,684,80],"product_tag":[683],"class_list":{"0":"post-36833","1":"product","2":"type-product","3":"status-publish","4":"has-post-thumbnail","6":"product_brand-hublot","7":"product_cat-classic-fusion","8":"product_cat-hublot","9":"product_cat-watchs","10":"product_tag-hublot","11":"desktop-align-left","12":"tablet-align-left","13":"mobile-align-left","15":"first","16":"instock","17":"sale","18":"purchasable","19":"product-type-simple"},"tiered_pricing_type":"fixed","tiered_pricing_fixed_rules":[],"tiered_pricing_product_settings":{"layout":"default","base_unit_name":{"singular":null,"plural":null},"default_variation":null},"tiered_pricing_minimum_quantity":null,"tiered_pricing_roles_data":[],"tiered_pricing_percentage_rules":[],"tiered_pricing_maximum_quantity":null,"tiered_pricing_quantity_step":null,"_links":{"self":[{"href":"https:\/\/prestige-aura.com\/tr\/wp-json\/wp\/v2\/product\/36833","targetHints":{"allow":["GET"]}}],"collection":[{"href":"https:\/\/prestige-aura.com\/tr\/wp-json\/wp\/v2\/product"}],"about":[{"href":"https:\/\/prestige-aura.com\/tr\/wp-json\/wp\/v2\/types\/product"}],"replies":[{"embeddable":true,"href":"https:\/\/prestige-aura.com\/tr\/wp-json\/wp\/v2\/comments?post=36833"}],"wp:featuredmedia":[{"embeddable":true,"href":"https:\/\/prestige-aura.com\/tr\/wp-json\/wp\/v2\/media\/36834"}],"wp:attachment":[{"href":"https:\/\/prestige-aura.com\/tr\/wp-json\/wp\/v2\/media?parent=36833"}],"wp:term":[{"taxonomy":"product_brand","embeddable":true,"href":"https:\/\/prestige-aura.com\/tr\/wp-json\/wp\/v2\/product_brand?post=36833"},{"taxonomy":"product_cat","embeddable":true,"href":"https:\/\/prestige-aura.com\/tr\/wp-json\/wp\/v2\/product_cat?post=36833"},{"taxonomy":"product_tag","embeddable":true,"href":"https:\/\/prestige-aura.com\/tr\/wp-json\/wp\/v2\/product_tag?post=36833"}],"curies":[{"name":"wp","href":"https:\/\/api.w.org\/{rel}","templated":true}]}}