
{"id":36829,"date":"2025-06-22T06:51:00","date_gmt":"2025-06-22T06:51:00","guid":{"rendered":"https:\/\/prestige-aura.com\/product\/hublot-classic-fusion-chronograph-premier-league-42mm-limited-edition-ref-541-nx-8970-rx-plw23-2\/"},"modified":"2025-06-24T12:33:46","modified_gmt":"2025-06-24T12:33:46","slug":"hublot-classic-fusion-chronograph-premier-league-42mm-limited-edition-ref-541-nx-8970-rx-plw23-2","status":"publish","type":"product","link":"https:\/\/prestige-aura.com\/tr\/urun\/hublot-classic-fusion-chronograph-premier-league-42mm-limited-edition-ref-541-nx-8970-rx-plw23-2\/","title":{"rendered":"Hublot Classic Fusion Chronograph Premier League 42mm, Limited Edition, Ref# 541.NX.8970.RX.PLW23"},"content":{"rendered":"<p>Paying tribute to the most popular Football League in the world, as its largest partner, Hublot created the Hublot Classic Fusion Chronograph Premier League men\u00a1\u00afs watch, 42 mm, reference 541.NX.8970.RX.PLW23 with the famous crowned Premier League lion at 3 o\u00a1\u00afclock.? This explosive model is rightfully a harmonious combination of classic and sporty style, creativity and traditional craftsmanship of the manufacturer, high strength and impeccable precision. This is a unique tribute to the king of the sport and the Premier League \u00a8C one of the best football tournaments in the world. The watchcase is made of satin-brushed and polished titanium, renowned for its strength, lightness and scratch resistance. The bezel boss, located between the bezel and the case, is made of black composite resin.The elegant Matte Purple dial with polished rhodium-plated hands and applique-style applied index hour markers with a matte finish is instantly recognizable as Hublot. Thanks to the presence of a chronograph, which includes a large central seconds hand with the \u00a1\u00b0H\u00a1\u00b1 logo as a counterweight and 30-minute counter located at 9 o\u00a1\u00afclock, this model can rightfully be called a high-end functional watch. The chronograph is adjusted using polished titanium pushers at the 2 and 4 o\u00a1\u00afclock positions. In addition, this model have small seconds dial located at the 3 o\u00a1\u00afclock position and a date indicator at the 6 o\u00a1\u00afclock position. Helping control the watch is a Pull \/ push crown engraved with the Hublot logo in Titanium with contoured grooves for improved grip. The dial closed by a Scratch-resistant Sapphire Crystal with Anti-reflective Treatment. The case back of the watch is also made of sapphire crystal, allowing you to observe the fantastic work of the watch movement. The traditional Hublot, but no less elegant Titanium bezel with a brushed top and polished beveled edge, secured with 6 immediately recognizable polished titanium screws in the shape of the letter \u00a1\u00b0H\u00a1\u00b1. The flawless operation of the watch is ensured by the HUB1153 Self-winding Chronograph Movement, which contains 35 jewels and has an approximate power reserve of 42 hours. This model is presented on an elegant and comfortable Purple lined rubber Strap with Stainless Steel Deployant Buckle Clasp. Water resistance is up to 50m\/165ft (5 ATM).<\/p>\n<p>Marka: Hublot<br \/>\nModel: Classic Fusion Chronograph Premier League?<br \/>\nReference: 541.NX.8970.RX.PLW23<br \/>\n\u00c7ap: 42mm<br \/>\nKasa malzemesi: Saten cilal\u0131 ve Parlak Titanyum<br \/>\nDial color: Matte Purple<br \/>\n\u00c7er\u00e7eve Tipi: Sabit<br \/>\n\u00c7er\u00e7eve Rengi: G\u00fcm\u00fc\u015f<br \/>\n\u00c7er\u00e7eve Malzemesi: Saten cilal\u0131 ve Parlak Titanyum<br \/>\nKristal: Yans\u0131ma \u00d6nleyici \u0130\u015flemli Safir<br \/>\nMovement: HUB1153 Self-winding Chronograph Movement<br \/>\nBilezik Tipi: Kay\u0131\u015f<br \/>\nBracelet Material: Purple lined rubber<br \/>\nToka: Paslanmaz \u00c7elik Deployant Toka<br \/>\nFonksiyonlar: Tarih, Kronograf, Saat, Dakika, Saniye<br \/>\nWater resistance: Up to a 50m\/165ft (5 ATM)<br \/>\nGaranti Hublot Uluslararas\u0131 Garanti Bakiyesi?<\/p>\n<p>T\u00fcm yeni Hublot saatleri, herhangi bir ka\u011f\u0131t\/plastik garanti kart\u0131\/kitab\u0131\/kitap\u00e7\u0131\u011f\u0131 vb. i\u00e7ermeyen Hublot e-Garanti'nin en son yinelemesiyle birlikte gelir.<br \/>\nHublot saatlerinin orijinalli\u011fi, malzemelerinin mikro yap\u0131s\u0131n\u0131n g\u00f6rsel olarak tan\u0131nmas\u0131yla garanti edilmektedir. HUBLOT e-garanti ile Hublot, AURA blok zincirinde saklanan dijital bir garanti ba\u015flat\u0131yor.<br \/>\nM\u00fc\u015fteriler i\u00e7in \u00f6zel bir e-garanti uygulamas\u0131 da mevcuttur. Hublot e-garanti uygulamas\u0131 ile par\u00e7an\u0131n tekil olarak tan\u0131nmas\u0131, Google Play Store ve Apple App'te mevcuttur.<\/p>","protected":false},"excerpt":{"rendered":"<p>Paying tribute to the most popular Football League in the world, as its largest partner, Hublot created the Hublot Classic [&hellip;]<\/p>","protected":false},"featured_media":36508,"comment_status":"closed","ping_status":"closed","template":"","meta":{"site-sidebar-layout":"default","site-content-layout":"","ast-site-content-layout":"","site-content-style":"default","site-sidebar-style":"default","ast-global-header-display":"","ast-banner-title-visibility":"","ast-main-header-display":"","ast-hfb-above-header-display":"","ast-hfb-below-header-display":"","ast-hfb-mobile-header-display":"","site-post-title":"","ast-breadcrumbs-content":"","ast-featured-img":"","footer-sml-layout":"","theme-transparent-header-meta":"","adv-header-id-meta":"","stick-header-meta":"","header-above-stick-meta":"","header-main-stick-meta":"","header-below-stick-meta":"","astra-migrate-meta-layouts":"default","ast-page-background-enabled":"default","ast-page-background-meta":{"desktop":{"background-color":"var(--ast-global-color-5)","background-image":"","background-repeat":"repeat","background-position":"center center","background-size":"auto","background-attachment":"scroll","background-type":"","background-media":"","overlay-type":"","overlay-color":"","overlay-opacity":"","overlay-gradient":""},"tablet":{"background-color":"","background-image":"","background-repeat":"repeat","background-position":"center center","background-size":"auto","background-attachment":"scroll","background-type":"","background-media":"","overlay-type":"","overlay-color":"","overlay-opacity":"","overlay-gradient":""},"mobile":{"background-color":"","background-image":"","background-repeat":"repeat","background-position":"center center","background-size":"auto","background-attachment":"scroll","background-type":"","background-media":"","overlay-type":"","overlay-color":"","overlay-opacity":"","overlay-gradient":""}},"ast-content-background-meta":{"desktop":{"background-color":"var(--ast-global-color-4)","background-image":"","background-repeat":"repeat","background-position":"center center","background-size":"auto","background-attachment":"scroll","background-type":"","background-media":"","overlay-type":"","overlay-color":"","overlay-opacity":"","overlay-gradient":""},"tablet":{"background-color":"var(--ast-global-color-4)","background-image":"","background-repeat":"repeat","background-position":"center center","background-size":"auto","background-attachment":"scroll","background-type":"","background-media":"","overlay-type":"","overlay-color":"","overlay-opacity":"","overlay-gradient":""},"mobile":{"background-color":"var(--ast-global-color-4)","background-image":"","background-repeat":"repeat","background-position":"center center","background-size":"auto","background-attachment":"scroll","background-type":"","background-media":"","overlay-type":"","overlay-color":"","overlay-opacity":"","overlay-gradient":""}}},"product_brand":[682],"product_cat":[686,684,80],"product_tag":[683],"class_list":{"0":"post-36829","1":"product","2":"type-product","3":"status-publish","4":"has-post-thumbnail","6":"product_brand-hublot","7":"product_cat-classic-fusion","8":"product_cat-hublot","9":"product_cat-watchs","10":"product_tag-hublot","11":"desktop-align-left","12":"tablet-align-left","13":"mobile-align-left","15":"first","16":"instock","17":"sale","18":"purchasable","19":"product-type-simple"},"tiered_pricing_type":"fixed","tiered_pricing_fixed_rules":[],"tiered_pricing_product_settings":{"layout":"default","base_unit_name":{"singular":null,"plural":null},"default_variation":null},"tiered_pricing_minimum_quantity":null,"tiered_pricing_roles_data":[],"tiered_pricing_percentage_rules":[],"tiered_pricing_maximum_quantity":null,"tiered_pricing_quantity_step":null,"_links":{"self":[{"href":"https:\/\/prestige-aura.com\/tr\/wp-json\/wp\/v2\/product\/36829","targetHints":{"allow":["GET"]}}],"collection":[{"href":"https:\/\/prestige-aura.com\/tr\/wp-json\/wp\/v2\/product"}],"about":[{"href":"https:\/\/prestige-aura.com\/tr\/wp-json\/wp\/v2\/types\/product"}],"replies":[{"embeddable":true,"href":"https:\/\/prestige-aura.com\/tr\/wp-json\/wp\/v2\/comments?post=36829"}],"wp:featuredmedia":[{"embeddable":true,"href":"https:\/\/prestige-aura.com\/tr\/wp-json\/wp\/v2\/media\/36508"}],"wp:attachment":[{"href":"https:\/\/prestige-aura.com\/tr\/wp-json\/wp\/v2\/media?parent=36829"}],"wp:term":[{"taxonomy":"product_brand","embeddable":true,"href":"https:\/\/prestige-aura.com\/tr\/wp-json\/wp\/v2\/product_brand?post=36829"},{"taxonomy":"product_cat","embeddable":true,"href":"https:\/\/prestige-aura.com\/tr\/wp-json\/wp\/v2\/product_cat?post=36829"},{"taxonomy":"product_tag","embeddable":true,"href":"https:\/\/prestige-aura.com\/tr\/wp-json\/wp\/v2\/product_tag?post=36829"}],"curies":[{"name":"wp","href":"https:\/\/api.w.org\/{rel}","templated":true}]}}