
{"id":36827,"date":"2025-06-22T06:51:00","date_gmt":"2025-06-22T06:51:00","guid":{"rendered":"https:\/\/prestige-aura.com\/product\/hublot-classic-fusion-chronograph-orlinkski-full-titanium-41mm-ref-549-ni-1270-ni-orl23-2\/"},"modified":"2025-06-24T12:34:49","modified_gmt":"2025-06-24T12:34:49","slug":"hublot-classic-fusion-chronograph-orlinkski-full-titanium-41mm-ref-549-ni-1270-ni-orl23-2","status":"publish","type":"product","link":"https:\/\/prestige-aura.com\/tr\/urun\/hublot-classic-fusion-chronograph-orlinkski-full-titanium-41mm-ref-549-ni-1270-ni-orl23-2\/","title":{"rendered":"Hublot Classic Fusion Kronograf Orlinkski Tam Titanyum, 41mm, Ref# 549.NI.1270.NI.ORL23"},"content":{"rendered":"<p>Sanat\u0131 ve son derece hassas geometriyi sevenler, Hublot'nun \u00fcnl\u00fc Frans\u0131z sanat\u00e7\u0131 Richard Orlinkski ile i\u015fbirli\u011finin yeni bir sonucunu ald\u0131: Yeni 2023 Hublot Classic Fusion Chronograph Orlinkski Full Titanium, 41 mm, mikrobloklanm\u0131\u015f ve parlat\u0131lm\u0131\u015f Titanyum, Referans 549.NI.1270.NI.ORL23. Kasan\u0131n zarif geometrik tasar\u0131m\u0131na ra\u011fmen saat, y\u00fcksek okunabilirli\u011fini koruyan kat\u0131 cilal\u0131 siyah kadrana sahiptir. Y\u00f6nl\u00fc g\u00fcm\u00fc\u015f Rodyum kaplama akrep ve yelkovan ile Rodyum kaplama saat imleri saate benzersiz ve \u00e7ekici bir g\u00f6r\u00fcn\u00fcm kazand\u0131r\u0131r. Saatin 3 pozisyonunda k\u00fc\u00e7\u00fck saniye kadran\u0131 bulunmaktad\u0131r. Kronograf\/stopwatch fonksiyonu, kar\u015f\u0131 a\u011f\u0131rl\u0131k olarak H logolu b\u00fcy\u00fck, zarif bir merkezi saniye ibresi ve saat 9 konumunda 30 dakikal\u0131k bir saya\u00e7 i\u00e7erir. Parlat\u0131lm\u0131\u015f titanyum iticiler saat 2 ve 4 konumlar\u0131nda \u00e7al\u0131\u015f\u0131r. Tarih penceresi saat 6 konumunda yer al\u0131r. Daha iyi kavrama i\u00e7in konturlu oluklarla i\u015flenmi\u015f Hublot logolu cilal\u0131 titanyum kurma kolu saatinizi y\u00f6netmenize yard\u0131mc\u0131 olur. Kadran, Yans\u0131ma \u00d6nleyici \u0130\u015flemli \u00c7izilmeye Dayan\u0131kl\u0131 Safir Kristal ile kapat\u0131lm\u0131\u015ft\u0131r. Saatin kasa arkas\u0131 da safir kristalden yap\u0131lm\u0131\u015ft\u0131r ve saat mekanizmas\u0131n\u0131n harika \u00e7al\u0131\u015fmas\u0131n\u0131 g\u00f6zlemlemenizi sa\u011flar. Model, alt\u0131 adet Hublots imzal\u0131 titanyum \u00a1\u00b0H\u00a1\u00b1 vida ile sabitlenmi\u015f, Mikrokumlanm\u0131\u015f ve Parlat\u0131lm\u0131\u015f Titanyumdan sabit bir on ikigen Orlinski \u00e7er\u00e7eve ile s\u00fcslenmi\u015ftir. Saatin kusursuz \u00e7al\u0131\u015fmas\u0131, 59 m\u00fccevher i\u00e7eren ve yakla\u015f\u0131k 42 saatlik g\u00fc\u00e7 rezervine sahip HUB1153 Otomatik Kurmal\u0131 Kronograf Hareketi ile sa\u011flan\u0131r. Bu model, Orlanski taraf\u0131ndan ustal\u0131kla tasarlanan zarif ve rahat Mikrokumlanm\u0131\u015f Titanyum bilezik ve Titanyum Yerle\u015ftirilebilir Toka ile sunulmaktad\u0131r. Suya dayan\u0131kl\u0131l\u0131\u011f\u0131 50m\/65ft'ye (5 ATM) kadard\u0131r.<\/p>\n<p>Marka: Hublot<br \/>\nModel: Classic Fusion Chronograph Orlinkski Tam Titanyum<br \/>\nReferans: 549.NI.1270.NI.ORL23<br \/>\n\u00c7ap: 41mm<br \/>\nKasa malzemesi: Mikrobloklanm\u0131\u015f ve Parlat\u0131lm\u0131\u015f Titanyum<br \/>\nKadran rengi: Parlak Siyah<br \/>\n\u00c7er\u00e7eve Tipi: Sabit<br \/>\n\u00c7er\u00e7eve Rengi: Gri<br \/>\n\u00c7er\u00e7eve Malzemesi: Mikrokumlanm\u0131\u015f ve Parlat\u0131lm\u0131\u015f Titanyum<br \/>\nKristal: Yans\u0131ma \u00d6nleyici \u0130\u015flemli \u00c7izilmeye Dayan\u0131kl\u0131 Safir Kristal<br \/>\nHareket: HUB1153 Otomatik kurmal\u0131 Kronograf mekanizmas\u0131<br \/>\nBilezik Tipi: Bilezik<br \/>\nBilezik Malzemesi: Mikrokumlanm\u0131\u015f Titanyum<br \/>\nToka: Titanyum Deployant Toka<br \/>\nFonksiyonlar: Tarih, Kronograf, Saat, Dakika, Saniye<br \/>\nSu ge\u00e7irmezlik: 50m\/65ft'ye kadar (5 ATM)<\/p>\n<p>Garanti Hublot Uluslararas\u0131 Garanti Bakiyesi?<\/p>\n<p>T\u00fcm yeni Hublot saatleri, herhangi bir ka\u011f\u0131t\/plastik garanti kart\u0131\/kitab\u0131\/kitap\u00e7\u0131\u011f\u0131 vb. i\u00e7ermeyen Hublot e-Garanti'nin en son yinelemesiyle birlikte gelir.<br \/>\nHublot saatlerinin orijinalli\u011fi, malzemelerinin mikro yap\u0131s\u0131n\u0131n g\u00f6rsel olarak tan\u0131nmas\u0131yla garanti edilmektedir. HUBLOT e-garanti ile Hublot, AURA blok zincirinde saklanan dijital bir garanti ba\u015flat\u0131yor.<br \/>\nM\u00fc\u015fteriler i\u00e7in \u00f6zel bir e-garanti uygulamas\u0131 da mevcuttur. Hublot e-garanti uygulamas\u0131 ile par\u00e7an\u0131n tekil olarak tan\u0131nmas\u0131, Google Play Store ve Apple App'te mevcuttur.<\/p>","protected":false},"excerpt":{"rendered":"<p>Lovers of art and extremely precise geometry received a new result of Hublots collaboration with the famous French artist Richard [&hellip;]<\/p>","protected":false},"featured_media":36484,"comment_status":"closed","ping_status":"closed","template":"","meta":{"site-sidebar-layout":"default","site-content-layout":"","ast-site-content-layout":"","site-content-style":"default","site-sidebar-style":"default","ast-global-header-display":"","ast-banner-title-visibility":"","ast-main-header-display":"","ast-hfb-above-header-display":"","ast-hfb-below-header-display":"","ast-hfb-mobile-header-display":"","site-post-title":"","ast-breadcrumbs-content":"","ast-featured-img":"","footer-sml-layout":"","theme-transparent-header-meta":"","adv-header-id-meta":"","stick-header-meta":"","header-above-stick-meta":"","header-main-stick-meta":"","header-below-stick-meta":"","astra-migrate-meta-layouts":"default","ast-page-background-enabled":"default","ast-page-background-meta":{"desktop":{"background-color":"var(--ast-global-color-5)","background-image":"","background-repeat":"repeat","background-position":"center center","background-size":"auto","background-attachment":"scroll","background-type":"","background-media":"","overlay-type":"","overlay-color":"","overlay-opacity":"","overlay-gradient":""},"tablet":{"background-color":"","background-image":"","background-repeat":"repeat","background-position":"center center","background-size":"auto","background-attachment":"scroll","background-type":"","background-media":"","overlay-type":"","overlay-color":"","overlay-opacity":"","overlay-gradient":""},"mobile":{"background-color":"","background-image":"","background-repeat":"repeat","background-position":"center center","background-size":"auto","background-attachment":"scroll","background-type":"","background-media":"","overlay-type":"","overlay-color":"","overlay-opacity":"","overlay-gradient":""}},"ast-content-background-meta":{"desktop":{"background-color":"var(--ast-global-color-4)","background-image":"","background-repeat":"repeat","background-position":"center center","background-size":"auto","background-attachment":"scroll","background-type":"","background-media":"","overlay-type":"","overlay-color":"","overlay-opacity":"","overlay-gradient":""},"tablet":{"background-color":"var(--ast-global-color-4)","background-image":"","background-repeat":"repeat","background-position":"center center","background-size":"auto","background-attachment":"scroll","background-type":"","background-media":"","overlay-type":"","overlay-color":"","overlay-opacity":"","overlay-gradient":""},"mobile":{"background-color":"var(--ast-global-color-4)","background-image":"","background-repeat":"repeat","background-position":"center center","background-size":"auto","background-attachment":"scroll","background-type":"","background-media":"","overlay-type":"","overlay-color":"","overlay-opacity":"","overlay-gradient":""}}},"product_brand":[682],"product_cat":[686,684,80],"product_tag":[683],"class_list":{"0":"post-36827","1":"product","2":"type-product","3":"status-publish","4":"has-post-thumbnail","6":"product_brand-hublot","7":"product_cat-classic-fusion","8":"product_cat-hublot","9":"product_cat-watchs","10":"product_tag-hublot","11":"desktop-align-left","12":"tablet-align-left","13":"mobile-align-left","15":"first","16":"instock","17":"sale","18":"purchasable","19":"product-type-simple"},"tiered_pricing_type":"fixed","tiered_pricing_fixed_rules":[],"tiered_pricing_product_settings":{"layout":"default","base_unit_name":{"singular":null,"plural":null},"default_variation":null},"tiered_pricing_minimum_quantity":null,"tiered_pricing_roles_data":[],"tiered_pricing_percentage_rules":[],"tiered_pricing_maximum_quantity":null,"tiered_pricing_quantity_step":null,"_links":{"self":[{"href":"https:\/\/prestige-aura.com\/tr\/wp-json\/wp\/v2\/product\/36827","targetHints":{"allow":["GET"]}}],"collection":[{"href":"https:\/\/prestige-aura.com\/tr\/wp-json\/wp\/v2\/product"}],"about":[{"href":"https:\/\/prestige-aura.com\/tr\/wp-json\/wp\/v2\/types\/product"}],"replies":[{"embeddable":true,"href":"https:\/\/prestige-aura.com\/tr\/wp-json\/wp\/v2\/comments?post=36827"}],"wp:featuredmedia":[{"embeddable":true,"href":"https:\/\/prestige-aura.com\/tr\/wp-json\/wp\/v2\/media\/36484"}],"wp:attachment":[{"href":"https:\/\/prestige-aura.com\/tr\/wp-json\/wp\/v2\/media?parent=36827"}],"wp:term":[{"taxonomy":"product_brand","embeddable":true,"href":"https:\/\/prestige-aura.com\/tr\/wp-json\/wp\/v2\/product_brand?post=36827"},{"taxonomy":"product_cat","embeddable":true,"href":"https:\/\/prestige-aura.com\/tr\/wp-json\/wp\/v2\/product_cat?post=36827"},{"taxonomy":"product_tag","embeddable":true,"href":"https:\/\/prestige-aura.com\/tr\/wp-json\/wp\/v2\/product_tag?post=36827"}],"curies":[{"name":"wp","href":"https:\/\/api.w.org\/{rel}","templated":true}]}}