
{"id":36751,"date":"2025-06-22T06:47:00","date_gmt":"2025-06-22T06:47:00","guid":{"rendered":"https:\/\/prestige-aura.com\/product\/hublot-big-bang-sang-bleu-ii-king-gold-white-pav%c2%a8%c2%a6-ref-418-ox-2001-rx-1604-mxm20-3\/"},"modified":"2025-08-24T15:45:20","modified_gmt":"2025-08-24T15:45:20","slug":"hublot-big-bang-sang-bleu-ii-king-gold-white-pave-ref-418-ox-2001-rx-1604-mxm20-3","status":"publish","type":"product","link":"https:\/\/prestige-aura.com\/tr\/urun\/hublot-big-bang-sang-bleu-ii-king-gold-white-pave-ref-418-ox-2001-rx-1604-mxm20-3\/","title":{"rendered":"Hublot Big Bang SANG BLEU II KING GOLD WHITE PAV\u00c9 Ref# 418.OX.2001.RX.1604.MXM20"},"content":{"rendered":"<p>Unworn Hublot Big Bang SANG BLEU II KING GOLD WHITE PAV\u00a8\u00a6 418.OX.2001.RX.1604.MXM20. 45 mm, Matte White Skeleton dial, Satin-finished and Polished 18K King Gold Set with 172 Diamonds case, Multifaceted Sapphire with Anti-reflective Treatment crystal, Polished 18K King Gold with Hexagonal Decor Designed by Maxime Buchi Set with 48 Diamonds totaling 0.70ct with 6 H-shaped Titanium Screws bezel, HUB1240 UNICO calibre, Self-winding Chronograph Flyback Movement with Column Wheel, 72 h power reserve, White and Black Rubber straps with Sang Bleu Design 18K King Gold Deployant Buckle Clasp. Water resistant to 100 m.<\/p>\n<p>Marka: Hublot<br \/>\nModel: B\u00fcy\u00fck Patlama<br \/>\nReference: 418.OX.2001.RX.1604.MXM20<br \/>\n\u00c7ap: 45 mm<br \/>\nKasa malzemesi: Saten ve Cilal\u0131 18 Ayar Kral Alt\u0131n\u0131 172 P\u0131rlantal\u0131 Set<br \/>\nDial color: Matte White Skeleton<br \/>\n\u00c7er\u00e7eve Tipi: Sabit<br \/>\nBezel Color:?Polished 18K King Gold<br \/>\nBezel Material: Polished 18K King Gold with Hexagonal Decor Designed by Maxime Buchi Set with 48 Diamonds totaling 0.70ct with 6 H-shaped Titanium Screws<br \/>\nKristal: Yans\u0131ma \u00d6nleyici \u0130\u015flemli \u00c7ok Y\u00f6nl\u00fc Safir<br \/>\nKalibre: HUB1240 UNICO<br \/>\nHareket: Kolon \u00c7arkl\u0131 Otomatik Kurmal\u0131 Kronograf Flyback Hareketi<br \/>\nG\u00fc\u00e7 Rezervi: 72 h<br \/>\nBracelet Material: White and Black Rubber straps<br \/>\nClasp: Sang Bleu Design 18K King Gold Deployant Buckle Clasp<br \/>\nFonksiyonlar: Kronograf, Ayd\u0131nl\u0131k indeksler, Tarih<br \/>\nSu ge\u00e7irmezlik: 100 m<\/p>\n<p>T\u00fcm yeni Hublot saatleri, herhangi bir ka\u011f\u0131t\/plastik garanti kart\u0131\/kitab\u0131\/kitap\u00e7\u0131\u011f\u0131 vb. i\u00e7ermeyen Hublot e-Garanti'nin en son yinelemesiyle birlikte gelir. Hublot saatlerinin orijinalli\u011fi, malzemelerinin mikro yap\u0131s\u0131n\u0131n g\u00f6rsel olarak tan\u0131nmas\u0131yla garanti edilir. HUBLOT e-garanti ile Hublot, AURA blok zincirinde saklanan dijital bir garanti ba\u015flat\u0131yor. M\u00fc\u015fteriler i\u00e7in \u00f6zel bir e-garanti uygulamas\u0131 da mevcuttur. Hublot e-garanti uygulamas\u0131 ile par\u00e7an\u0131n tekil olarak tan\u0131nmas\u0131, Google Play Store ve Apple App'te mevcuttur.<\/p>","protected":false},"excerpt":{"rendered":"<p>Unworn Hublot Big Bang SANG BLEU II KING GOLD WHITE PAV\u00a8\u00a6 418.OX.2001.RX.1604.MXM20. 45 mm, Matte White Skeleton dial, Satin-finished and [&hellip;]<\/p>","protected":false},"featured_media":36752,"comment_status":"closed","ping_status":"open","template":"","meta":{"site-sidebar-layout":"default","site-content-layout":"","ast-site-content-layout":"","site-content-style":"default","site-sidebar-style":"default","ast-global-header-display":"","ast-banner-title-visibility":"","ast-main-header-display":"","ast-hfb-above-header-display":"","ast-hfb-below-header-display":"","ast-hfb-mobile-header-display":"","site-post-title":"","ast-breadcrumbs-content":"","ast-featured-img":"","footer-sml-layout":"","theme-transparent-header-meta":"","adv-header-id-meta":"","stick-header-meta":"","header-above-stick-meta":"","header-main-stick-meta":"","header-below-stick-meta":"","astra-migrate-meta-layouts":"default","ast-page-background-enabled":"default","ast-page-background-meta":{"desktop":{"background-color":"var(--ast-global-color-5)","background-image":"","background-repeat":"repeat","background-position":"center center","background-size":"auto","background-attachment":"scroll","background-type":"","background-media":"","overlay-type":"","overlay-color":"","overlay-opacity":"","overlay-gradient":""},"tablet":{"background-color":"","background-image":"","background-repeat":"repeat","background-position":"center center","background-size":"auto","background-attachment":"scroll","background-type":"","background-media":"","overlay-type":"","overlay-color":"","overlay-opacity":"","overlay-gradient":""},"mobile":{"background-color":"","background-image":"","background-repeat":"repeat","background-position":"center center","background-size":"auto","background-attachment":"scroll","background-type":"","background-media":"","overlay-type":"","overlay-color":"","overlay-opacity":"","overlay-gradient":""}},"ast-content-background-meta":{"desktop":{"background-color":"var(--ast-global-color-4)","background-image":"","background-repeat":"repeat","background-position":"center center","background-size":"auto","background-attachment":"scroll","background-type":"","background-media":"","overlay-type":"","overlay-color":"","overlay-opacity":"","overlay-gradient":""},"tablet":{"background-color":"var(--ast-global-color-4)","background-image":"","background-repeat":"repeat","background-position":"center center","background-size":"auto","background-attachment":"scroll","background-type":"","background-media":"","overlay-type":"","overlay-color":"","overlay-opacity":"","overlay-gradient":""},"mobile":{"background-color":"var(--ast-global-color-4)","background-image":"","background-repeat":"repeat","background-position":"center center","background-size":"auto","background-attachment":"scroll","background-type":"","background-media":"","overlay-type":"","overlay-color":"","overlay-opacity":"","overlay-gradient":""}}},"product_brand":[682],"product_cat":[685,684,80],"product_tag":[683],"class_list":{"0":"post-36751","1":"product","2":"type-product","3":"status-publish","4":"has-post-thumbnail","6":"product_brand-hublot","7":"product_cat-big-bang","8":"product_cat-hublot","9":"product_cat-watchs","10":"product_tag-hublot","11":"desktop-align-left","12":"tablet-align-left","13":"mobile-align-left","15":"first","16":"instock","17":"sale","18":"purchasable","19":"product-type-simple"},"tiered_pricing_type":"fixed","tiered_pricing_fixed_rules":[],"tiered_pricing_product_settings":{"layout":"default","base_unit_name":{"singular":null,"plural":null},"default_variation":null},"tiered_pricing_minimum_quantity":null,"tiered_pricing_roles_data":[],"tiered_pricing_percentage_rules":[],"tiered_pricing_maximum_quantity":null,"tiered_pricing_quantity_step":null,"_links":{"self":[{"href":"https:\/\/prestige-aura.com\/tr\/wp-json\/wp\/v2\/product\/36751","targetHints":{"allow":["GET"]}}],"collection":[{"href":"https:\/\/prestige-aura.com\/tr\/wp-json\/wp\/v2\/product"}],"about":[{"href":"https:\/\/prestige-aura.com\/tr\/wp-json\/wp\/v2\/types\/product"}],"replies":[{"embeddable":true,"href":"https:\/\/prestige-aura.com\/tr\/wp-json\/wp\/v2\/comments?post=36751"}],"wp:featuredmedia":[{"embeddable":true,"href":"https:\/\/prestige-aura.com\/tr\/wp-json\/wp\/v2\/media\/36752"}],"wp:attachment":[{"href":"https:\/\/prestige-aura.com\/tr\/wp-json\/wp\/v2\/media?parent=36751"}],"wp:term":[{"taxonomy":"product_brand","embeddable":true,"href":"https:\/\/prestige-aura.com\/tr\/wp-json\/wp\/v2\/product_brand?post=36751"},{"taxonomy":"product_cat","embeddable":true,"href":"https:\/\/prestige-aura.com\/tr\/wp-json\/wp\/v2\/product_cat?post=36751"},{"taxonomy":"product_tag","embeddable":true,"href":"https:\/\/prestige-aura.com\/tr\/wp-json\/wp\/v2\/product_tag?post=36751"}],"curies":[{"name":"wp","href":"https:\/\/api.w.org\/{rel}","templated":true}]}}