
{"id":36665,"date":"2025-06-22T06:40:00","date_gmt":"2025-06-22T06:40:00","guid":{"rendered":"https:\/\/prestige-aura.com\/product\/hublot-big-bang-mp-11-power-reserve-14-days-sapphire-rainbow-ref-911-jx-0102-rw-4099-3\/"},"modified":"2025-06-24T12:28:54","modified_gmt":"2025-06-24T12:28:54","slug":"hublot-big-bang-mp-11-power-reserve-14-days-sapphire-rainbow-ref-911-jx-0102-rw-4099-3","status":"publish","type":"product","link":"https:\/\/prestige-aura.com\/tr\/urun\/hublot-big-bang-mp-11-power-reserve-14-days-sapphire-rainbow-ref-911-jx-0102-rw-4099-3\/","title":{"rendered":"Hublot Big Bang MP-11 POWER RESERVE 14 DAYS SAPPHIRE RAINBOW Ref# 911.JX.0102.RW.4099"},"content":{"rendered":"<p>Y\u0131pranmam\u0131\u015f Hublot Big Bang MP-11 POWER RESERVE 14 DAYS SAPPHIRE RAINBOW? 911.JX.0102.RW.4099. 45 mm, Safir kadran, Cilal\u0131 Safir Kristal kasa, Yans\u0131ma \u00d6nleyici \u0130\u015flemli Safir kristal, Cilal\u0131 18 Ayar Beyaz Alt\u0131n, 50 Baget kesim Renkli De\u011ferli Ta\u015f ile Set: Yakut, Pembe Safir, Ametist, Mavi Safir, Mavi Topaz, Tsavorit, Sar\u0131 Safir ve Turuncu Safir bezel, HUB911 kalibre, 7 Seri ba\u011fl\u0131 F\u0131\u00e7\u0131 ve G\u00fc\u00e7 Rezervi G\u00f6sterge Rulosuna sahip manuel kurmal\u0131 \u0130skelet G\u00fc\u00e7 Rezervi Hareketi, 14 g\u00fcnl\u00fck g\u00fc\u00e7 rezervi, Siyah Seramik ve Siyah Kaplama Titanyum A\u00e7\u0131l\u0131r Tokal\u0131 Beyaz Yap\u0131land\u0131r\u0131lm\u0131\u015f Astarl\u0131 Kau\u00e7uk Kay\u0131\u015flar. 30 m'ye kadar suya dayan\u0131kl\u0131d\u0131r.<\/p>\n<p>Marka: Hublot<br \/>\nModel: B\u00fcy\u00fck Patlama<br \/>\nReferans: 911.JX.0102.RW.4099<br \/>\n\u00c7ap: 45 mm<br \/>\nKasa malzemesi: Cilal\u0131 Safir Kristal<br \/>\nKadran rengi: Safir<br \/>\n\u00c7er\u00e7eve Tipi: Sabit<br \/>\n\u00c7er\u00e7eve Rengi: Safir<br \/>\n\u00c7er\u00e7eve Malzemesi: Cilal\u0131 18 Ayar Beyaz Alt\u0131n, 50 Baget Kesim Renkli De\u011ferli Ta\u015f ile Set: Yakutlar, Pembe Safirler, Ametistler, Mavi Safirler, Mavi Topazlar, Tsavoritler, Sar\u0131 Safirler ve Turuncu Safirler<br \/>\nKristal: Yans\u0131ma \u00d6nleyici \u0130\u015flemli Safir<br \/>\nKalibre: HUB9011<br \/>\nHareket: Manuel Kurmal\u0131 \u0130skelet G\u00fc\u00e7 Rezervi Hareketi, 7 Seri Ba\u011fl\u0131 F\u0131\u00e7\u0131lar ve G\u00fc\u00e7 Rezervi G\u00f6sterge Rulosu<br \/>\nG\u00fc\u00e7 Rezervi: 14 G\u00fcn<br \/>\nBilezik Malzemesi: Beyaz Yap\u0131land\u0131r\u0131lm\u0131\u015f Astarl\u0131 Kau\u00e7uk Kay\u0131\u015flar<br \/>\nToka: Titanyum Deployant Toka<br \/>\nFonksiyonlar: Ayd\u0131nl\u0131k indeksler, Tarih<br \/>\nSu ge\u00e7irmezlik: 30 m<\/p>\n<p>T\u00fcm yeni Hublot saatleri, herhangi bir ka\u011f\u0131t\/plastik garanti kart\u0131\/kitab\u0131\/kitap\u00e7\u0131\u011f\u0131 vb. i\u00e7ermeyen Hublot e-Garanti'nin en son yinelemesiyle birlikte gelir. Hublot saatlerinin orijinalli\u011fi, malzemelerinin mikro yap\u0131s\u0131n\u0131n g\u00f6rsel olarak tan\u0131nmas\u0131yla garanti edilir. HUBLOT e-garanti ile Hublot, AURA blok zincirinde saklanan dijital bir garanti ba\u015flat\u0131yor. M\u00fc\u015fteriler i\u00e7in \u00f6zel bir e-garanti uygulamas\u0131 da mevcuttur. Hublot e-garanti uygulamas\u0131 ile par\u00e7an\u0131n tekil olarak tan\u0131nmas\u0131, Google Play Store ve Apple App'te mevcuttur.<\/p>","protected":false},"excerpt":{"rendered":"<p>Unworn Hublot Big Bang MP-11 POWER RESERVE 14 DAYS SAPPHIRE RAINBOW?911.JX.0102.RW.4099. 45 mm, Sapphire dial, Polished Sapphire Crystal case, Sapphire [&hellip;]<\/p>","protected":false},"featured_media":36666,"comment_status":"closed","ping_status":"open","template":"","meta":{"site-sidebar-layout":"default","site-content-layout":"","ast-site-content-layout":"","site-content-style":"default","site-sidebar-style":"default","ast-global-header-display":"","ast-banner-title-visibility":"","ast-main-header-display":"","ast-hfb-above-header-display":"","ast-hfb-below-header-display":"","ast-hfb-mobile-header-display":"","site-post-title":"","ast-breadcrumbs-content":"","ast-featured-img":"","footer-sml-layout":"","theme-transparent-header-meta":"","adv-header-id-meta":"","stick-header-meta":"","header-above-stick-meta":"","header-main-stick-meta":"","header-below-stick-meta":"","astra-migrate-meta-layouts":"default","ast-page-background-enabled":"default","ast-page-background-meta":{"desktop":{"background-color":"var(--ast-global-color-5)","background-image":"","background-repeat":"repeat","background-position":"center center","background-size":"auto","background-attachment":"scroll","background-type":"","background-media":"","overlay-type":"","overlay-color":"","overlay-opacity":"","overlay-gradient":""},"tablet":{"background-color":"","background-image":"","background-repeat":"repeat","background-position":"center center","background-size":"auto","background-attachment":"scroll","background-type":"","background-media":"","overlay-type":"","overlay-color":"","overlay-opacity":"","overlay-gradient":""},"mobile":{"background-color":"","background-image":"","background-repeat":"repeat","background-position":"center center","background-size":"auto","background-attachment":"scroll","background-type":"","background-media":"","overlay-type":"","overlay-color":"","overlay-opacity":"","overlay-gradient":""}},"ast-content-background-meta":{"desktop":{"background-color":"var(--ast-global-color-4)","background-image":"","background-repeat":"repeat","background-position":"center center","background-size":"auto","background-attachment":"scroll","background-type":"","background-media":"","overlay-type":"","overlay-color":"","overlay-opacity":"","overlay-gradient":""},"tablet":{"background-color":"var(--ast-global-color-4)","background-image":"","background-repeat":"repeat","background-position":"center center","background-size":"auto","background-attachment":"scroll","background-type":"","background-media":"","overlay-type":"","overlay-color":"","overlay-opacity":"","overlay-gradient":""},"mobile":{"background-color":"var(--ast-global-color-4)","background-image":"","background-repeat":"repeat","background-position":"center center","background-size":"auto","background-attachment":"scroll","background-type":"","background-media":"","overlay-type":"","overlay-color":"","overlay-opacity":"","overlay-gradient":""}}},"product_brand":[682],"product_cat":[685,684,80],"product_tag":[683],"class_list":{"0":"post-36665","1":"product","2":"type-product","3":"status-publish","4":"has-post-thumbnail","6":"product_brand-hublot","7":"product_cat-big-bang","8":"product_cat-hublot","9":"product_cat-watchs","10":"product_tag-hublot","11":"desktop-align-left","12":"tablet-align-left","13":"mobile-align-left","15":"first","16":"instock","17":"sale","18":"purchasable","19":"product-type-simple"},"tiered_pricing_type":"fixed","tiered_pricing_fixed_rules":[],"tiered_pricing_product_settings":{"layout":"default","base_unit_name":{"singular":null,"plural":null},"default_variation":null},"tiered_pricing_minimum_quantity":null,"tiered_pricing_roles_data":[],"tiered_pricing_percentage_rules":[],"tiered_pricing_maximum_quantity":null,"tiered_pricing_quantity_step":null,"_links":{"self":[{"href":"https:\/\/prestige-aura.com\/tr\/wp-json\/wp\/v2\/product\/36665","targetHints":{"allow":["GET"]}}],"collection":[{"href":"https:\/\/prestige-aura.com\/tr\/wp-json\/wp\/v2\/product"}],"about":[{"href":"https:\/\/prestige-aura.com\/tr\/wp-json\/wp\/v2\/types\/product"}],"replies":[{"embeddable":true,"href":"https:\/\/prestige-aura.com\/tr\/wp-json\/wp\/v2\/comments?post=36665"}],"wp:featuredmedia":[{"embeddable":true,"href":"https:\/\/prestige-aura.com\/tr\/wp-json\/wp\/v2\/media\/36666"}],"wp:attachment":[{"href":"https:\/\/prestige-aura.com\/tr\/wp-json\/wp\/v2\/media?parent=36665"}],"wp:term":[{"taxonomy":"product_brand","embeddable":true,"href":"https:\/\/prestige-aura.com\/tr\/wp-json\/wp\/v2\/product_brand?post=36665"},{"taxonomy":"product_cat","embeddable":true,"href":"https:\/\/prestige-aura.com\/tr\/wp-json\/wp\/v2\/product_cat?post=36665"},{"taxonomy":"product_tag","embeddable":true,"href":"https:\/\/prestige-aura.com\/tr\/wp-json\/wp\/v2\/product_tag?post=36665"}],"curies":[{"name":"wp","href":"https:\/\/api.w.org\/{rel}","templated":true}]}}