
{"id":23499,"date":"2025-06-08T16:28:00","date_gmt":"2025-06-08T16:28:00","guid":{"rendered":"https:\/\/prestige-aura.com\/product\/audemars-piguet-royal-oak-selfwinding-chronograph-50th-anniversary%c2%b1-ref-26240or-oo-1320or-03\/"},"modified":"2025-09-03T18:03:21","modified_gmt":"2025-09-03T18:03:21","slug":"audemars-piguet-royal-oak-selfwinding-chronograph-50th-anniversary-ref-26240or-oo-1320or-03","status":"publish","type":"product","link":"https:\/\/prestige-aura.com\/tr\/urun\/audemars-piguet-royal-oak-selfwinding-chronograph-50th-anniversary-ref-26240or-oo-1320or-03\/","title":{"rendered":"Audemars Piguet Royal Oak KEND\u0130NDEN SARMALI KRONOGRAF \"50. YILD\u00d6N\u00dcM\u00dc\" Ref# 26240OR.OO.1320OR.03"},"content":{"rendered":"<div id=\"tab-description\" class=\"woocommerce-Tabs-panel woocommerce-Tabs-panel--description panel entry-content active\" role=\"tabpanel\" aria-labelledby=\"tab-title-description\">\n<p>Unworn Audemars Piguet Royal Oak SELFWINDING CHRONOGRAPH \u201c50TH ANNIVERSARY\u201d 26240OR.OO.1320OR.03. 41 mm, Silver-toned dial with \u201cGrande Tapisserie\u201d pattern, silver-toned counters, pink gold applied hour-markers and Royal\u00a0Oak hands with luminescent coating, 18-carat pink gold case, glareproofed sapphire crystal and caseback, screw-locked crown, 4401 calibre, Selfwinding movement, 70 h power reserve, 40 jewels, \u00a018-carat pink gold bracelet with AP folding clasp. Water resistant to 50 m.<\/p>\n<ul>\n<li>Marka: Audemars Piguet<\/li>\n<li>Model: Royal Oak<\/li>\n<li>Reference: 26240OR.OO.1320OR.03<\/li>\n<li>\u00c7ap: 41 mm<\/li>\n<li>Kasa malzemesi: 18 ayar pembe alt\u0131n<\/li>\n<li>Dial color: Silver-toned<\/li>\n<li>\u00c7er\u00e7eve Tipi: Sabit<\/li>\n<li>\u00c7er\u00e7eve Rengi: Pembe<\/li>\n<li>\u00c7er\u00e7eve Malzemesi: 18 ayar pembe alt\u0131n<\/li>\n<li>Kristal: Parlamaya kar\u015f\u0131 korumal\u0131 safir kristal<\/li>\n<li>Kalibre: 4401<\/li>\n<li>Hareket: Otomatik kurmal\u0131<\/li>\n<li>M\u00fccevher Say\u0131s\u0131: 40<\/li>\n<li>G\u00fc\u00e7 Rezervi 70 saat<\/li>\n<li>Bilezik Malzemesi: 18 ayar pembe alt\u0131n<\/li>\n<li>Toka: AP katlan\u0131r toka<\/li>\n<li>Fonksiyonlar: Flyback kronograf, saat, dakika, k\u00fc\u00e7\u00fck saniye ve tarih<\/li>\n<li>Su ge\u00e7irmezlik: 50 m<\/li>\n<\/ul>\n<\/div>","protected":false},"excerpt":{"rendered":"<p>Unworn Audemars Piguet Royal Oak SELFWINDING CHRONOGRAPH \u201c50TH ANNIVERSARY\u201d 26240OR.OO.1320OR.03. 41 mm, Silver-toned dial with \u201cGrande Tapisserie\u201d pattern, silver-toned counters, [&hellip;]<\/p>","protected":false},"featured_media":23500,"comment_status":"closed","ping_status":"closed","template":"","meta":{"site-sidebar-layout":"default","site-content-layout":"","ast-site-content-layout":"default","site-content-style":"default","site-sidebar-style":"default","ast-global-header-display":"","ast-banner-title-visibility":"","ast-main-header-display":"","ast-hfb-above-header-display":"","ast-hfb-below-header-display":"","ast-hfb-mobile-header-display":"","site-post-title":"","ast-breadcrumbs-content":"","ast-featured-img":"","footer-sml-layout":"","theme-transparent-header-meta":"default","adv-header-id-meta":"","stick-header-meta":"","header-above-stick-meta":"","header-main-stick-meta":"","header-below-stick-meta":"","astra-migrate-meta-layouts":"set","ast-page-background-enabled":"default","ast-page-background-meta":{"desktop":{"background-color":"var(--ast-global-color-5)","background-image":"","background-repeat":"repeat","background-position":"center center","background-size":"auto","background-attachment":"scroll","background-type":"","background-media":"","overlay-type":"","overlay-color":"","overlay-opacity":"","overlay-gradient":""},"tablet":{"background-color":"","background-image":"","background-repeat":"repeat","background-position":"center center","background-size":"auto","background-attachment":"scroll","background-type":"","background-media":"","overlay-type":"","overlay-color":"","overlay-opacity":"","overlay-gradient":""},"mobile":{"background-color":"","background-image":"","background-repeat":"repeat","background-position":"center center","background-size":"auto","background-attachment":"scroll","background-type":"","background-media":"","overlay-type":"","overlay-color":"","overlay-opacity":"","overlay-gradient":""}},"ast-content-background-meta":{"desktop":{"background-color":"var(--ast-global-color-4)","background-image":"","background-repeat":"repeat","background-position":"center center","background-size":"auto","background-attachment":"scroll","background-type":"","background-media":"","overlay-type":"","overlay-color":"","overlay-opacity":"","overlay-gradient":""},"tablet":{"background-color":"var(--ast-global-color-4)","background-image":"","background-repeat":"repeat","background-position":"center center","background-size":"auto","background-attachment":"scroll","background-type":"","background-media":"","overlay-type":"","overlay-color":"","overlay-opacity":"","overlay-gradient":""},"mobile":{"background-color":"var(--ast-global-color-4)","background-image":"","background-repeat":"repeat","background-position":"center center","background-size":"auto","background-attachment":"scroll","background-type":"","background-media":"","overlay-type":"","overlay-color":"","overlay-opacity":"","overlay-gradient":""}}},"product_brand":[126],"product_cat":[80,208,582],"product_tag":[580,581],"class_list":{"0":"post-23499","1":"product","2":"type-product","3":"status-publish","4":"has-post-thumbnail","6":"product_brand-audemars-piguet","7":"product_cat-watchs","8":"product_cat-audemars-piguet","9":"product_cat-royal-oak","10":"product_tag-audemars-piguet","11":"product_tag-audemars-piguet-royal-oak","12":"desktop-align-left","13":"tablet-align-left","14":"mobile-align-left","16":"first","17":"instock","18":"sale","19":"purchasable","20":"product-type-simple"},"tiered_pricing_type":"fixed","tiered_pricing_fixed_rules":[],"tiered_pricing_product_settings":{"layout":"default","base_unit_name":{"singular":null,"plural":null},"default_variation":null},"tiered_pricing_minimum_quantity":null,"tiered_pricing_roles_data":[],"tiered_pricing_percentage_rules":[],"tiered_pricing_maximum_quantity":null,"tiered_pricing_quantity_step":null,"_links":{"self":[{"href":"https:\/\/prestige-aura.com\/tr\/wp-json\/wp\/v2\/product\/23499","targetHints":{"allow":["GET"]}}],"collection":[{"href":"https:\/\/prestige-aura.com\/tr\/wp-json\/wp\/v2\/product"}],"about":[{"href":"https:\/\/prestige-aura.com\/tr\/wp-json\/wp\/v2\/types\/product"}],"replies":[{"embeddable":true,"href":"https:\/\/prestige-aura.com\/tr\/wp-json\/wp\/v2\/comments?post=23499"}],"wp:featuredmedia":[{"embeddable":true,"href":"https:\/\/prestige-aura.com\/tr\/wp-json\/wp\/v2\/media\/23500"}],"wp:attachment":[{"href":"https:\/\/prestige-aura.com\/tr\/wp-json\/wp\/v2\/media?parent=23499"}],"wp:term":[{"taxonomy":"product_brand","embeddable":true,"href":"https:\/\/prestige-aura.com\/tr\/wp-json\/wp\/v2\/product_brand?post=23499"},{"taxonomy":"product_cat","embeddable":true,"href":"https:\/\/prestige-aura.com\/tr\/wp-json\/wp\/v2\/product_cat?post=23499"},{"taxonomy":"product_tag","embeddable":true,"href":"https:\/\/prestige-aura.com\/tr\/wp-json\/wp\/v2\/product_tag?post=23499"}],"curies":[{"name":"wp","href":"https:\/\/api.w.org\/{rel}","templated":true}]}}