
{"id":48873,"date":"2025-07-07T05:45:14","date_gmt":"2025-07-07T05:45:14","guid":{"rendered":"https:\/\/prestige-aura.com\/?page_id=48873"},"modified":"2025-07-07T05:52:13","modified_gmt":"2025-07-07T05:52:13","slug":"buying-guide","status":"publish","type":"page","link":"https:\/\/prestige-aura.com\/tr\/buying-guide\/","title":{"rendered":"SATIN ALMA REHBER\u0130"},"content":{"rendered":"<div data-elementor-type=\"wp-page\" data-elementor-id=\"48873\" class=\"elementor elementor-48873\" data-elementor-post-type=\"page\">\n\t\t\t\t<div class=\"elementor-element elementor-element-e452f06 e-flex e-con-boxed e-con e-parent\" data-id=\"e452f06\" data-element_type=\"container\">\n\t\t\t\t\t<div class=\"e-con-inner\">\n\t\t\t\t<div class=\"elementor-element elementor-element-c2fc42d elementor-widget elementor-widget-heading\" data-id=\"c2fc42d\" data-element_type=\"widget\" data-widget_type=\"heading.default\">\n\t\t\t\t<div class=\"elementor-widget-container\">\n\t\t\t\t\t<h2 class=\"elementor-heading-title elementor-size-default\">SATIN ALMA REHBER\u0130<\/h2>\t\t\t\t<\/div>\n\t\t\t\t<\/div>\n\t\t\t\t<div class=\"elementor-element elementor-element-38c298c elementor-widget elementor-widget-text-editor\" data-id=\"38c298c\" data-element_type=\"widget\" data-widget_type=\"text-editor.default\">\n\t\t\t\t<div class=\"elementor-widget-container\">\n\t\t\t\t\t\t\t\t\t<p>Prestige Aura'dan l\u00fcks replika \u00fcr\u00fcnler sat\u0131n almak i\u00e7in ad\u0131m ad\u0131m k\u0131lavuz.<\/p>\t\t\t\t\t\t\t\t<\/div>\n\t\t\t\t<\/div>\n\t\t\t\t<div class=\"elementor-element elementor-element-c76fcfe elementor-widget elementor-widget-text-editor\" data-id=\"c76fcfe\" data-element_type=\"widget\" data-widget_type=\"text-editor.default\">\n\t\t\t\t<div class=\"elementor-widget-container\">\n\t\t\t\t\t\t\t\t\t<p><strong>1. \u00dcr\u00fcn\u00fcn\u00fcz\u00fc Se\u00e7in<\/strong><\/p><p>Prestige Aura'n\u0131n y\u00fcksek kaliteli replika l\u00fcks \u00fcr\u00fcnleri aras\u0131nda tarz\u0131n\u0131z\u0131 bulun.<\/p><p><strong>2. Bilgileri doldurun ve \u00f6deme y\u00f6ntemini se\u00e7in<\/strong><\/p><p>Do\u011fru g\u00f6nderim bilgilerini doldurun ve indirimler de dahil olmak \u00fczere sundu\u011fumuz g\u00fcvenli ve esnek \u00f6deme y\u00f6ntemlerinden birini se\u00e7in ve sipari\u015finizi verin.<\/p><p><strong>3. E-posta veya WhatsApp \u00fczerinden devam edin<\/strong><\/p><p>Ba\u015far\u0131l\u0131 bir \u015fekilde sipari\u015f verdikten sonra, daha verimli ileti\u015fim i\u00e7in l\u00fctfen e-posta veya WhatsApp arac\u0131l\u0131\u011f\u0131yla ileti\u015fim kurmaya devam edin. Devam etmeniz i\u00e7in bir \u00f6deme ba\u011flant\u0131s\u0131 sa\u011flayaca\u011f\u0131z.<\/p><p><strong>4. Biz g\u00f6nderece\u011fiz<\/strong><\/p><p>\u00d6demeniz onayland\u0131ktan sonra ekibimiz sipari\u015finizi i\u015fleme koyacak ve l\u00fcks \u00fcr\u00fcn\u00fcn\u00fcz\u00fc h\u0131zl\u0131 teslimat i\u00e7in haz\u0131rlayacakt\u0131r.<\/p>\t\t\t\t\t\t\t\t<\/div>\n\t\t\t\t<\/div>\n\t\t\t\t\t<\/div>\n\t\t\t\t<\/div>\n\t\t\t\t<\/div>","protected":false},"excerpt":{"rendered":"<p>BUYING GUIDE step by step guide to purchasing luxury replica luxury items from Prestige Aura. 1.Choose Your \u00a0Product Find your [&hellip;]<\/p>","protected":false},"author":1,"featured_media":0,"parent":0,"menu_order":0,"comment_status":"closed","ping_status":"closed","template":"","meta":{"site-sidebar-layout":"no-sidebar","site-content-layout":"","ast-site-content-layout":"full-width-container","site-content-style":"default","site-sidebar-style":"default","ast-global-header-display":"","ast-banner-title-visibility":"","ast-main-header-display":"","ast-hfb-above-header-display":"","ast-hfb-below-header-display":"","ast-hfb-mobile-header-display":"","site-post-title":"disabled","ast-breadcrumbs-content":"","ast-featured-img":"disabled","footer-sml-layout":"","theme-transparent-header-meta":"","adv-header-id-meta":"","stick-header-meta":"","header-above-stick-meta":"","header-main-stick-meta":"","header-below-stick-meta":"","astra-migrate-meta-layouts":"default","ast-page-background-enabled":"default","ast-page-background-meta":{"desktop":{"background-color":"var(--ast-global-color-5)","background-image":"","background-repeat":"repeat","background-position":"center center","background-size":"auto","background-attachment":"scroll","background-type":"","background-media":"","overlay-type":"","overlay-color":"","overlay-opacity":"","overlay-gradient":""},"tablet":{"background-color":"","background-image":"","background-repeat":"repeat","background-position":"center center","background-size":"auto","background-attachment":"scroll","background-type":"","background-media":"","overlay-type":"","overlay-color":"","overlay-opacity":"","overlay-gradient":""},"mobile":{"background-color":"","background-image":"","background-repeat":"repeat","background-position":"center center","background-size":"auto","background-attachment":"scroll","background-type":"","background-media":"","overlay-type":"","overlay-color":"","overlay-opacity":"","overlay-gradient":""}},"ast-content-background-meta":{"desktop":{"background-color":"var(--ast-global-color-4)","background-image":"","background-repeat":"repeat","background-position":"center center","background-size":"auto","background-attachment":"scroll","background-type":"","background-media":"","overlay-type":"","overlay-color":"","overlay-opacity":"","overlay-gradient":""},"tablet":{"background-color":"var(--ast-global-color-4)","background-image":"","background-repeat":"repeat","background-position":"center center","background-size":"auto","background-attachment":"scroll","background-type":"","background-media":"","overlay-type":"","overlay-color":"","overlay-opacity":"","overlay-gradient":""},"mobile":{"background-color":"var(--ast-global-color-4)","background-image":"","background-repeat":"repeat","background-position":"center center","background-size":"auto","background-attachment":"scroll","background-type":"","background-media":"","overlay-type":"","overlay-color":"","overlay-opacity":"","overlay-gradient":""}},"footnotes":""},"class_list":["post-48873","page","type-page","status-publish","hentry"],"_links":{"self":[{"href":"https:\/\/prestige-aura.com\/tr\/wp-json\/wp\/v2\/pages\/48873","targetHints":{"allow":["GET"]}}],"collection":[{"href":"https:\/\/prestige-aura.com\/tr\/wp-json\/wp\/v2\/pages"}],"about":[{"href":"https:\/\/prestige-aura.com\/tr\/wp-json\/wp\/v2\/types\/page"}],"author":[{"embeddable":true,"href":"https:\/\/prestige-aura.com\/tr\/wp-json\/wp\/v2\/users\/1"}],"replies":[{"embeddable":true,"href":"https:\/\/prestige-aura.com\/tr\/wp-json\/wp\/v2\/comments?post=48873"}],"version-history":[{"count":0,"href":"https:\/\/prestige-aura.com\/tr\/wp-json\/wp\/v2\/pages\/48873\/revisions"}],"wp:attachment":[{"href":"https:\/\/prestige-aura.com\/tr\/wp-json\/wp\/v2\/media?parent=48873"}],"curies":[{"name":"wp","href":"https:\/\/api.w.org\/{rel}","templated":true}]}}