
{"id":40325,"date":"2025-06-23T11:32:00","date_gmt":"2025-06-23T11:32:00","guid":{"rendered":"https:\/\/prestige-aura.com\/product\/breitling-super-chronomat-automatic-38-origins-small-scale-traceable-18k-red-gold-32-lab-grown-diamonds-ref-r17356531g1s1-unworn-2024\/"},"modified":"2025-06-24T08:05:06","modified_gmt":"2025-06-24T08:05:06","slug":"breitling-super-chronomat-automatic-38-origins-small-scale-traceable-18k-red-gold-32-lab-grown-diamonds-ref-r17356531g1s1-unworn-2024","status":"publish","type":"product","link":"https:\/\/prestige-aura.com\/pt\/produto\/breitling-super-chronomat-automatic-38-origins-small-scale-traceable-18k-red-gold-32-lab-grown-diamonds-ref-r17356531g1s1-unworn-2024\/","title":{"rendered":"Breitling Super Chronomat Automatic 38 Origins, ouro vermelho 18k rastre\u00e1vel em escala pequena, 32 diamantes lapidados em laborat\u00f3rio, Ref# R17356531G1S1, sem uso 2024"},"content":{"rendered":"<p class=\"MsoNormal\" style=\"margin-bottom: 6.0pt; line-height: normal;\"><span lang=\"EN-US\" style=\"font-family: 'Georgia',serif; mso-fareast-font-family: 'Times New Roman'; mso-bidi-font-family: Arial; mso-fareast-language: RU;\">Unworn watch Breitling Super Chronomat Automatic 38 Origins, polished Small scale traceable 18k Red Gold case, reference R17356531G1S1, harmoniously combine precision engineering and timeless elegance. Crafted with meticulous attention to detail, they feature a sleek 38mm Small scale traceable 18k Red Gold case that combines stylish and durability. Cream dial with is decorated with a Small scale traceable 18k Red Gold ?B? emblem below the 12 o\u00a1\u00afclock position and Small scale traceable 18k Red Gold polished hour markers and hands that glow in the dark thanks to luminescent filling. They are harmoniously complemented by a thin Small scale traceable 18k Red Gold second\u00a1\u00afs hand of a special design, which has a hand with luminescent filling and the manufacturer\u00a1\u00afs logo \u00a1\u00b0B\u00a1\u00b1 on the other side. Date window located at the 6 o\u00a1\u00afclock position. The dial closed by a convex sapphire crystal, glareproofed both sides. A screw-on, durable Small scale traceable 18k Red Gold case back securely covers the watch mechanism. Small scale traceable 18k Red Gold crown with a white ceramic grip dome shape allows for easy adjustments. On end there is Breitling logo is applied. The watch features a polished Small scale traceable 18k Red Gold unidirectional rotating bezel with a ratcheting mechanism, a large luminous dot at the origin, and raised 15-minute tabs featuring white ceramic inserts and is factory set with 32 lab-grown diamonds. The Model comes with Breitling Caliber 17 contains 25 Jewels and has an approximate power reserve of 38 hours. The watch presented on the Featuring Breitling\u00a1\u00afs iconic and comfortable White Rubber strap, which fastens on Small scale traceable 18k Red Gold Tang- type. The water resistance is up to 100m\/330ft.<\/span><\/p>\n<ul>\n<li class=\"MsoNormal\" style=\"line-height: normal;\"><span lang=\"EN-US\" style=\"font-family: 'Georgia',serif; mso-fareast-font-family: 'Times New Roman'; mso-bidi-font-family: Arial; mso-fareast-language: RU;\">Marca: Breitling<\/span><\/li>\n<li class=\"MsoNormal\" style=\"line-height: normal;\"><span lang=\"EN-US\" style=\"font-family: 'Georgia',serif; mso-fareast-font-family: 'Times New Roman'; mso-bidi-font-family: Arial; mso-fareast-language: RU;\">Model: Super Chronomat Automatic 38 Origins<\/span><\/li>\n<li class=\"MsoNormal\" style=\"line-height: normal;\"><span lang=\"EN-US\" style=\"font-family: 'Georgia',serif; mso-fareast-font-family: 'Times New Roman'; mso-bidi-font-family: Arial; mso-fareast-language: RU;\">Reference: R17356531G1S1<\/span><\/li>\n<li class=\"MsoNormal\" style=\"line-height: normal;\"><span lang=\"EN-US\" style=\"font-family: 'Georgia',serif; mso-fareast-font-family: 'Times New Roman'; mso-bidi-font-family: Arial; mso-fareast-language: RU;\">Di\u00e2metro: 38 mm<\/span><\/li>\n<li class=\"MsoNormal\" style=\"line-height: normal;\"><span lang=\"EN-US\" style=\"font-family: 'Georgia',serif; mso-fareast-font-family: 'Times New Roman'; mso-bidi-font-family: Arial; mso-fareast-language: RU;\">Case material: Small scale traceable 18k Red Gold <\/span><\/li>\n<li class=\"MsoNormal\" style=\"line-height: normal;\"><span lang=\"EN-US\" style=\"font-family: 'Georgia',serif; mso-fareast-font-family: 'Times New Roman'; mso-bidi-font-family: Arial; mso-fareast-language: RU;\">Dial color: Cream<\/span><\/li>\n<li class=\"MsoNormal\" style=\"line-height: normal;\"><span lang=\"EN-US\" style=\"font-family: 'Georgia',serif; mso-fareast-font-family: 'Times New Roman'; mso-bidi-font-family: Arial; mso-fareast-language: RU;\">Tipo de moldura: Unidirecional - girat\u00f3rio com catraca<\/span><\/li>\n<li class=\"MsoNormal\" style=\"line-height: normal;\"><span lang=\"EN-US\" style=\"font-family: 'Georgia',serif; mso-fareast-font-family: 'Times New Roman'; mso-bidi-font-family: Arial; mso-fareast-language: RU;\">Cor da moldura: ouro vermelho<\/span><\/li>\n<li class=\"MsoNormal\" style=\"line-height: normal;\">\n<span lang=\"EN-US\" style=\"font-family: 'Georgia',serif; mso-fareast-font-family: 'Times New Roman'; mso-bidi-font-family: Arial; mso-fareast-language: RU;\">Bezel Material: Small scale traceable 18k Red Gold<\/span><span lang=\"EN-US\"> <\/span><span lang=\"EN-US\" style=\"font-family: 'Georgia',serif; mso-fareast-font-family: 'Times New Roman'; mso-bidi-font-family: Arial; mso-fareast-language: RU;\">set with 32 lab-grown diamonds<\/span>\n<\/li>\n<li class=\"MsoNormal\" style=\"line-height: normal;\"><span lang=\"EN-US\" style=\"font-family: 'Georgia',serif; mso-fareast-font-family: 'Times New Roman'; mso-bidi-font-family: Arial; mso-fareast-language: RU;\">Cristal: cristal de safira convexo, \u00e0 prova de reflexos em ambos os lados<\/span><\/li>\n<li class=\"MsoNormal\" style=\"line-height: normal;\"><span lang=\"EN-US\" style=\"font-family: 'Georgia',serif; mso-fareast-font-family: 'Times New Roman'; mso-bidi-font-family: Arial; mso-fareast-language: RU;\">Movimento: Mec\u00e2nico de corda autom\u00e1tica <\/span><\/li>\n<li class=\"MsoNormal\" style=\"line-height: normal;\"><span lang=\"EN-US\" style=\"font-family: 'Georgia',serif; mso-fareast-font-family: 'Times New Roman'; mso-bidi-font-family: Arial; mso-fareast-language: RU;\">Tipo de pulseira:<span style=\"mso-spacerun: yes;\">&nbsp; <\/span>Cinta<\/span><\/li>\n<li class=\"MsoNormal\" style=\"line-height: normal;\"><span lang=\"EN-US\" style=\"font-family: 'Georgia',serif; mso-fareast-font-family: 'Times New Roman'; mso-bidi-font-family: Arial; mso-fareast-language: RU;\">Bracelet Material: White Rubber<\/span><\/li>\n<li class=\"MsoNormal\" style=\"line-height: normal;\"><span lang=\"EN-US\" style=\"font-family: 'Georgia',serif; mso-fareast-font-family: 'Times New Roman'; mso-bidi-font-family: Arial; mso-fareast-language: RU;\">Clasp: Small scale traceable 18k Red Gold Tang-type<\/span><\/li>\n<li class=\"MsoNormal\" style=\"line-height: normal;\"><span lang=\"EN-US\" style=\"font-family: 'Georgia',serif; mso-fareast-font-family: 'Times New Roman'; mso-bidi-font-family: Arial; mso-fareast-language: RU;\">Fun\u00e7\u00f5es: Data, hora, minutos, segundos <span style=\"mso-spacerun: yes;\">&nbsp;<\/span><\/span><\/li>\n<li class=\"MsoNormal\" style=\"line-height: normal;\"><span lang=\"EN-US\" style=\"font-family: 'Georgia',serif; mso-fareast-font-family: 'Times New Roman'; mso-bidi-font-family: Arial; mso-fareast-language: RU;\">Resist\u00eancia \u00e0 \u00e1gua: At\u00e9 100m\/330 p\u00e9s (10 ATM)<\/span><\/li>\n<li class=\"MsoNormal\" style=\"line-height: normal;\"><span lang=\"EN-US\" style=\"font-family: 'Georgia',serif; mso-fareast-font-family: 'Times New Roman'; mso-bidi-font-family: Arial; mso-fareast-language: RU;\">Garantia: Saldo da garantia internacional da Breitling<\/span><\/li>\n<\/ul>\n<p class=\"MsoNormal\" style=\"margin-bottom: .0001pt; line-height: normal;\"><span lang=\"EN-US\" style=\"font-family: 'Georgia',serif; mso-fareast-font-family: 'Times New Roman'; mso-bidi-font-family: Arial; mso-fareast-language: RU;\">O rel\u00f3gio n\u00e3o foi usado e vem completo com todos os acess\u00f3rios originais, como caixa do rel\u00f3gio, cart\u00e3o de garantia com data recente, folhetos e manuais.<\/span><\/p>\n<p><!----><\/p>","protected":false},"excerpt":{"rendered":"<p>Unworn watch Breitling Super Chronomat Automatic 38 Origins, polished Small scale traceable 18k Red Gold case, reference R17356531G1S1, harmoniously combine [&hellip;]<\/p>","protected":false},"featured_media":40326,"comment_status":"closed","ping_status":"open","template":"","meta":{"site-sidebar-layout":"default","site-content-layout":"","ast-site-content-layout":"","site-content-style":"default","site-sidebar-style":"default","ast-global-header-display":"","ast-banner-title-visibility":"","ast-main-header-display":"","ast-hfb-above-header-display":"","ast-hfb-below-header-display":"","ast-hfb-mobile-header-display":"","site-post-title":"","ast-breadcrumbs-content":"","ast-featured-img":"","footer-sml-layout":"","theme-transparent-header-meta":"","adv-header-id-meta":"","stick-header-meta":"","header-above-stick-meta":"","header-main-stick-meta":"","header-below-stick-meta":"","astra-migrate-meta-layouts":"default","ast-page-background-enabled":"default","ast-page-background-meta":{"desktop":{"background-color":"var(--ast-global-color-5)","background-image":"","background-repeat":"repeat","background-position":"center center","background-size":"auto","background-attachment":"scroll","background-type":"","background-media":"","overlay-type":"","overlay-color":"","overlay-opacity":"","overlay-gradient":""},"tablet":{"background-color":"","background-image":"","background-repeat":"repeat","background-position":"center center","background-size":"auto","background-attachment":"scroll","background-type":"","background-media":"","overlay-type":"","overlay-color":"","overlay-opacity":"","overlay-gradient":""},"mobile":{"background-color":"","background-image":"","background-repeat":"repeat","background-position":"center center","background-size":"auto","background-attachment":"scroll","background-type":"","background-media":"","overlay-type":"","overlay-color":"","overlay-opacity":"","overlay-gradient":""}},"ast-content-background-meta":{"desktop":{"background-color":"var(--ast-global-color-4)","background-image":"","background-repeat":"repeat","background-position":"center center","background-size":"auto","background-attachment":"scroll","background-type":"","background-media":"","overlay-type":"","overlay-color":"","overlay-opacity":"","overlay-gradient":""},"tablet":{"background-color":"var(--ast-global-color-4)","background-image":"","background-repeat":"repeat","background-position":"center center","background-size":"auto","background-attachment":"scroll","background-type":"","background-media":"","overlay-type":"","overlay-color":"","overlay-opacity":"","overlay-gradient":""},"mobile":{"background-color":"var(--ast-global-color-4)","background-image":"","background-repeat":"repeat","background-position":"center center","background-size":"auto","background-attachment":"scroll","background-type":"","background-media":"","overlay-type":"","overlay-color":"","overlay-opacity":"","overlay-gradient":""}}},"product_brand":[215],"product_cat":[401,725,80],"product_tag":[594,730],"class_list":{"0":"post-40325","1":"product","2":"type-product","3":"status-publish","4":"has-post-thumbnail","6":"product_brand-breitling","7":"product_cat-breitling-replica-watches","8":"product_cat-chronomat","9":"product_cat-watchs","10":"product_tag-breitling","11":"product_tag-chronomat","12":"desktop-align-left","13":"tablet-align-left","14":"mobile-align-left","16":"first","17":"instock","18":"sale","19":"purchasable","20":"product-type-simple"},"tiered_pricing_type":"fixed","tiered_pricing_fixed_rules":[],"tiered_pricing_product_settings":{"layout":"default","base_unit_name":{"singular":null,"plural":null},"default_variation":null},"tiered_pricing_minimum_quantity":null,"tiered_pricing_roles_data":[],"tiered_pricing_percentage_rules":[],"tiered_pricing_maximum_quantity":null,"tiered_pricing_quantity_step":null,"_links":{"self":[{"href":"https:\/\/prestige-aura.com\/pt\/wp-json\/wp\/v2\/product\/40325","targetHints":{"allow":["GET"]}}],"collection":[{"href":"https:\/\/prestige-aura.com\/pt\/wp-json\/wp\/v2\/product"}],"about":[{"href":"https:\/\/prestige-aura.com\/pt\/wp-json\/wp\/v2\/types\/product"}],"replies":[{"embeddable":true,"href":"https:\/\/prestige-aura.com\/pt\/wp-json\/wp\/v2\/comments?post=40325"}],"wp:featuredmedia":[{"embeddable":true,"href":"https:\/\/prestige-aura.com\/pt\/wp-json\/wp\/v2\/media\/40326"}],"wp:attachment":[{"href":"https:\/\/prestige-aura.com\/pt\/wp-json\/wp\/v2\/media?parent=40325"}],"wp:term":[{"taxonomy":"product_brand","embeddable":true,"href":"https:\/\/prestige-aura.com\/pt\/wp-json\/wp\/v2\/product_brand?post=40325"},{"taxonomy":"product_cat","embeddable":true,"href":"https:\/\/prestige-aura.com\/pt\/wp-json\/wp\/v2\/product_cat?post=40325"},{"taxonomy":"product_tag","embeddable":true,"href":"https:\/\/prestige-aura.com\/pt\/wp-json\/wp\/v2\/product_tag?post=40325"}],"curies":[{"name":"wp","href":"https:\/\/api.w.org\/{rel}","templated":true}]}}