
{"id":40032,"date":"2025-06-23T11:23:00","date_gmt":"2025-06-23T11:23:00","guid":{"rendered":"https:\/\/prestige-aura.com\/product\/breitling-chronomat-automatic-36-south-sea-stainless-steel-18k-red-gold-diamonds-and-gem-ref-u10380611l1p1-unworn-2024\/"},"modified":"2025-06-24T08:05:10","modified_gmt":"2025-06-24T08:05:10","slug":"breitling-chronomat-automatic-36-south-sea-stainless-steel-18k-red-gold-diamonds-and-gem-ref-u10380611l1p1-unworn-2024","status":"publish","type":"product","link":"https:\/\/prestige-aura.com\/pt\/produto\/breitling-chronomat-automatic-36-south-sea-stainless-steel-18k-red-gold-diamonds-and-gem-ref-u10380611l1p1-unworn-2024\/","title":{"rendered":"Breitling Chronomat Automatic 36 South Sea, a\u00e7o inoxid\u00e1vel, ouro vermelho 18 quilates, diamantes e pedras preciosas, Ref# U10380611L1P1, sem uso 2024"},"content":{"rendered":"<p class=\"MsoNormal\" style=\"mso-margin-bottom-alt: auto; line-height: normal;\"><span lang=\"EN-US\" style=\"font-size: 10.5pt; font-family: 'Georgia',serif; mso-fareast-font-family: 'Times New Roman'; mso-bidi-font-family: 'Segoe UI'; color: #212b36; mso-fareast-language: RU;\">Rel\u00f3gio Breitling Chronomat Automatic 36 South Sea para senhoras, sem uso, caixa em a\u00e7o inoxid\u00e1vel escovado e polido e ouro vermelho 18k, diamantes e pedras preciosas, Refer\u00eancia U10380611L1P1. Meticulosamente criado para incorporar eleg\u00e2ncia e funcionalidade, este rel\u00f3gio exala um charme atemporal que cativa os olhos mais exigentes. Criado com aten\u00e7\u00e3o meticulosa aos detalhes, ele tem um mostrador verde impec\u00e1vel<\/span><span lang=\"EN-US\"> <\/span><span lang=\"EN-US\" style=\"font-size: 10.5pt; font-family: 'Georgia',serif; mso-fareast-font-family: 'Times New Roman'; mso-bidi-font-family: 'Segoe UI'; color: #212b36; mso-fareast-language: RU;\">com um fino acabamento sunray, decorado com um emblema ?B\u00a1\u00b1 em ouro vermelho 18k abaixo da posi\u00e7\u00e3o das 12 horas. Marcadores de horas perfeitos feitos em ouro vermelho 18k polido com diamantes cristalinos em vez de pontos luminosos enchem o mostrador com um luxo especial. Ponteiros em ouro vermelho 18k polido com preenchimento luminoso garantem alta legibilidade mesmo no escuro. O fino ponteiro de segundos em ouro vermelho 18k tem um design especial, com uma ponta de seta com preenchimento luminescente e o logotipo do fabricante \u00a1\u00b0B\u00a1\u00b1 no outro lado. Ao longo do per\u00edmetro externo do mostrador, h\u00e1 uma trilha de minutos\/segundos finamente impressa com algarismos ar\u00e1bicos a cada 5 minutos. A janela da data est\u00e1 localizada na posi\u00e7\u00e3o das 6 horas. O mostrador \u00e9 fechado por um cristal de safira resistente a arranh\u00f5es com dois lados \u00e0 prova de reflexos. A parte posterior da caixa, rosqueada e dur\u00e1vel, cobre o mecanismo do rel\u00f3gio com seguran\u00e7a. A coroa sem trava de rosca \u00e9 feita de ouro vermelho 18k polido com duas juntas, tem uma borda estriada para facilitar a ader\u00eancia e apresenta o logotipo da Breitling na extremidade. O rel\u00f3gio apresenta um bezel em ouro vermelho 18k polido com um conjunto de pedras preciosas. O modelo vem com o Calibre Breitling 10 que cont\u00e9m 25 joias e tem uma reserva de marcha aproximada de 42 horas. Ele \u00e9 apresentado com a ic\u00f4nica e confort\u00e1vel pulseira de couro de crocodilo verde da Breitling com costura contrastante em branco, que se fecha com um fecho dobr\u00e1vel de a\u00e7o inoxid\u00e1vel. A resist\u00eancia \u00e0 \u00e1gua \u00e9 de at\u00e9 100m\/330 p\u00e9s.<\/span><\/p>\n<ul>\n<li class=\"MsoNormal\" style=\"line-height: normal;\"><span lang=\"EN-US\" style=\"font-size: 10.5pt; font-family: 'Georgia',serif; mso-fareast-font-family: 'Times New Roman'; mso-bidi-font-family: 'Segoe UI'; color: #212b36; mso-fareast-language: RU;\">Marca: Breitling<\/span><\/li>\n<li class=\"MsoNormal\" style=\"line-height: normal;\"><span lang=\"EN-US\" style=\"font-size: 10.5pt; font-family: 'Georgia',serif; mso-fareast-font-family: 'Times New Roman'; mso-bidi-font-family: 'Segoe UI'; color: #212b36; mso-fareast-language: RU;\">Modelo: Chronomat Autom\u00e1tico 36 South Sea<\/span><\/li>\n<li class=\"MsoNormal\" style=\"line-height: normal;\"><span lang=\"EN-US\" style=\"font-size: 10.5pt; font-family: 'Georgia',serif; mso-fareast-font-family: 'Times New Roman'; mso-bidi-font-family: 'Segoe UI'; color: #212b36; mso-fareast-language: RU;\">Refer\u00eancia: U10380611L1P1<\/span><\/li>\n<li class=\"MsoNormal\" style=\"line-height: normal;\"><span lang=\"EN-US\" style=\"font-size: 10.5pt; font-family: 'Georgia',serif; mso-fareast-font-family: 'Times New Roman'; mso-bidi-font-family: 'Segoe UI'; color: #212b36; mso-fareast-language: RU;\">Di\u00e2metro: 36 mm<\/span><\/li>\n<li class=\"MsoNormal\" style=\"line-height: normal;\"><span lang=\"EN-US\" style=\"font-size: 10.5pt; font-family: 'Georgia',serif; mso-fareast-font-family: 'Times New Roman'; mso-bidi-font-family: 'Segoe UI'; color: #212b36; mso-fareast-language: RU;\">Material da caixa: A\u00e7o inoxid\u00e1vel e ouro vermelho 18k, diamantes e pedras preciosas<\/span><\/li>\n<li class=\"MsoNormal\" style=\"line-height: normal;\"><span lang=\"EN-US\" style=\"font-size: 10.5pt; font-family: 'Georgia',serif; mso-fareast-font-family: 'Times New Roman'; mso-bidi-font-family: 'Segoe UI'; color: #212b36; mso-fareast-language: RU;\">Cor do mostrador: <span lang=\"EN-US\" style=\"font-size: 10.5pt; line-height: 107%; font-family: 'Georgia',serif; mso-fareast-font-family: 'Times New Roman'; mso-bidi-font-family: 'Segoe UI'; color: #212b36; mso-ansi-language: EN-US; mso-fareast-language: RU; mso-bidi-language: AR-SA;\">Verde<\/span><span lang=\"EN-US\" style=\"font-size: 11.0pt; line-height: 107%; font-family: 'Calibri',sans-serif; mso-ascii-theme-font: minor-latin; mso-fareast-font-family: Calibri; mso-fareast-theme-font: minor-latin; mso-hansi-theme-font: minor-latin; mso-bidi-font-family: 'Times New Roman'; mso-bidi-theme-font: minor-bidi; mso-ansi-language: EN-US; mso-fareast-language: EN-US; mso-bidi-language: AR-SA;\"> <\/span><span lang=\"EN-US\" style=\"font-size: 10.5pt; line-height: 107%; font-family: 'Georgia',serif; mso-fareast-font-family: 'Times New Roman'; mso-bidi-font-family: 'Segoe UI'; color: #212b36; mso-ansi-language: EN-US; mso-fareast-language: RU; mso-bidi-language: AR-SA;\">com um fino acabamento sunray<\/span><\/span><\/li>\n<li class=\"MsoNormal\" style=\"line-height: normal;\"><span lang=\"EN-US\" style=\"font-size: 10.5pt; font-family: 'Georgia',serif; mso-fareast-font-family: 'Times New Roman'; mso-bidi-font-family: 'Segoe UI'; color: #212b36; mso-fareast-language: RU;\">Tipo de moldura: Fixo<\/span><\/li>\n<li class=\"MsoNormal\" style=\"line-height: normal;\"><span lang=\"EN-US\" style=\"font-size: 10.5pt; font-family: 'Georgia',serif; mso-fareast-font-family: 'Times New Roman'; mso-bidi-font-family: 'Segoe UI'; color: #212b36; mso-fareast-language: RU;\">Cor da moldura: ouro vermelho<\/span><\/li>\n<li class=\"MsoNormal\" style=\"line-height: normal;\"><span lang=\"EN-US\" style=\"font-size: 10.5pt; font-family: 'Georgia',serif; mso-fareast-font-family: 'Times New Roman'; mso-bidi-font-family: 'Segoe UI'; color: #212b36; mso-fareast-language: RU;\">Material da moldura: Ouro vermelho 18k e pedras preciosas<\/span><\/li>\n<li class=\"MsoNormal\" style=\"line-height: normal;\"><span lang=\"EN-US\" style=\"font-size: 10.5pt; font-family: 'Georgia',serif; mso-fareast-font-family: 'Times New Roman'; mso-bidi-font-family: 'Segoe UI'; color: #212b36; mso-fareast-language: RU;\">Cristal: safira curvada, \u00e0 prova de reflexos em ambos os lados<\/span><\/li>\n<li class=\"MsoNormal\" style=\"line-height: normal;\"><span lang=\"EN-US\" style=\"font-size: 10.5pt; font-family: 'Georgia',serif; mso-fareast-font-family: 'Times New Roman'; mso-bidi-font-family: 'Segoe UI'; color: #212b36; mso-fareast-language: RU;\">Movimento: Mec\u00e2nico de corda autom\u00e1tica <\/span><\/li>\n<li class=\"MsoNormal\" style=\"line-height: normal;\"><span lang=\"EN-US\" style=\"font-size: 10.5pt; font-family: 'Georgia',serif; mso-fareast-font-family: 'Times New Roman'; mso-bidi-font-family: 'Segoe UI'; color: #212b36; mso-fareast-language: RU;\">Tipo de pulseira: Bracelete<\/span><\/li>\n<li class=\"MsoNormal\" style=\"line-height: normal;\"><span lang=\"EN-US\" style=\"font-size: 10.5pt; font-family: 'Georgia',serif; mso-fareast-font-family: 'Times New Roman'; mso-bidi-font-family: 'Segoe UI'; color: #212b36; mso-fareast-language: RU;\">Material da pulseira: Verde <span lang=\"EN-US\" style=\"font-size: 10.5pt; line-height: 107%; font-family: 'Georgia',serif; mso-fareast-font-family: 'Times New Roman'; mso-bidi-font-family: 'Segoe UI'; color: #212b36; mso-ansi-language: EN-US; mso-fareast-language: RU; mso-bidi-language: AR-SA;\">couro de jacar\u00e9 <\/span><\/span><\/li>\n<li class=\"MsoNormal\" style=\"line-height: normal;\"><span lang=\"EN-US\" style=\"font-size: 10.5pt; font-family: 'Georgia',serif; mso-fareast-font-family: 'Times New Roman'; mso-bidi-font-family: 'Segoe UI'; color: #212b36; mso-fareast-language: RU;\">Fecho: Fecho dobr\u00e1vel de a\u00e7o inoxid\u00e1vel<\/span><\/li>\n<li class=\"MsoNormal\" style=\"line-height: normal;\"><span lang=\"EN-US\" style=\"font-size: 10.5pt; font-family: 'Georgia',serif; mso-fareast-font-family: 'Times New Roman'; mso-bidi-font-family: 'Segoe UI'; color: #212b36; mso-fareast-language: RU;\">Fun\u00e7\u00f5es: Data, hora, minutos, segundos <\/span><\/li>\n<li class=\"MsoNormal\" style=\"line-height: normal;\"><span lang=\"EN-US\" style=\"font-size: 10.5pt; font-family: 'Georgia',serif; mso-fareast-font-family: 'Times New Roman'; mso-bidi-font-family: 'Segoe UI'; color: #212b36; mso-fareast-language: RU;\">Resist\u00eancia \u00e0 \u00e1gua: At\u00e9 100m\/330 p\u00e9s (10 ATM)<\/span><\/li>\n<li class=\"MsoNormal\" style=\"line-height: normal;\"><span lang=\"EN-US\" style=\"font-size: 10.5pt; font-family: 'Georgia',serif; mso-fareast-font-family: 'Times New Roman'; mso-bidi-font-family: 'Segoe UI'; color: #212b36; mso-fareast-language: RU;\">Garantia: Saldo da garantia internacional da Breitling<\/span><\/li>\n<\/ul>\n<p class=\"MsoNormal\"><span lang=\"EN-US\" style=\"font-size: 10.5pt; line-height: 107%; font-family: 'Georgia',serif; mso-fareast-font-family: 'Times New Roman'; mso-bidi-font-family: 'Segoe UI'; color: #212b36; mso-fareast-language: RU;\">O rel\u00f3gio n\u00e3o foi usado e vem completo com todos os acess\u00f3rios originais, como caixa do rel\u00f3gio, cart\u00e3o de garantia com data recente, folhetos e manuais.<\/span><\/p>\n<p><!----><\/p>","protected":false},"excerpt":{"rendered":"<p>Unworn Ladies watch Breitling Chronomat Automatic 36 South Sea, case brushed and polished Stainless Steel and 18k Red Gold, Diamonds [&hellip;]<\/p>","protected":false},"featured_media":40033,"comment_status":"closed","ping_status":"open","template":"","meta":{"site-sidebar-layout":"default","site-content-layout":"","ast-site-content-layout":"","site-content-style":"default","site-sidebar-style":"default","ast-global-header-display":"","ast-banner-title-visibility":"","ast-main-header-display":"","ast-hfb-above-header-display":"","ast-hfb-below-header-display":"","ast-hfb-mobile-header-display":"","site-post-title":"","ast-breadcrumbs-content":"","ast-featured-img":"","footer-sml-layout":"","theme-transparent-header-meta":"","adv-header-id-meta":"","stick-header-meta":"","header-above-stick-meta":"","header-main-stick-meta":"","header-below-stick-meta":"","astra-migrate-meta-layouts":"default","ast-page-background-enabled":"default","ast-page-background-meta":{"desktop":{"background-color":"var(--ast-global-color-5)","background-image":"","background-repeat":"repeat","background-position":"center center","background-size":"auto","background-attachment":"scroll","background-type":"","background-media":"","overlay-type":"","overlay-color":"","overlay-opacity":"","overlay-gradient":""},"tablet":{"background-color":"","background-image":"","background-repeat":"repeat","background-position":"center center","background-size":"auto","background-attachment":"scroll","background-type":"","background-media":"","overlay-type":"","overlay-color":"","overlay-opacity":"","overlay-gradient":""},"mobile":{"background-color":"","background-image":"","background-repeat":"repeat","background-position":"center center","background-size":"auto","background-attachment":"scroll","background-type":"","background-media":"","overlay-type":"","overlay-color":"","overlay-opacity":"","overlay-gradient":""}},"ast-content-background-meta":{"desktop":{"background-color":"var(--ast-global-color-4)","background-image":"","background-repeat":"repeat","background-position":"center center","background-size":"auto","background-attachment":"scroll","background-type":"","background-media":"","overlay-type":"","overlay-color":"","overlay-opacity":"","overlay-gradient":""},"tablet":{"background-color":"var(--ast-global-color-4)","background-image":"","background-repeat":"repeat","background-position":"center center","background-size":"auto","background-attachment":"scroll","background-type":"","background-media":"","overlay-type":"","overlay-color":"","overlay-opacity":"","overlay-gradient":""},"mobile":{"background-color":"var(--ast-global-color-4)","background-image":"","background-repeat":"repeat","background-position":"center center","background-size":"auto","background-attachment":"scroll","background-type":"","background-media":"","overlay-type":"","overlay-color":"","overlay-opacity":"","overlay-gradient":""}}},"product_brand":[215],"product_cat":[401,725,80],"product_tag":[594,730],"class_list":{"0":"post-40032","1":"product","2":"type-product","3":"status-publish","4":"has-post-thumbnail","6":"product_brand-breitling","7":"product_cat-breitling-replica-watches","8":"product_cat-chronomat","9":"product_cat-watchs","10":"product_tag-breitling","11":"product_tag-chronomat","12":"desktop-align-left","13":"tablet-align-left","14":"mobile-align-left","16":"first","17":"instock","18":"sale","19":"purchasable","20":"product-type-simple"},"tiered_pricing_type":"fixed","tiered_pricing_fixed_rules":[],"tiered_pricing_product_settings":{"layout":"default","base_unit_name":{"singular":null,"plural":null},"default_variation":null},"tiered_pricing_minimum_quantity":null,"tiered_pricing_roles_data":[],"tiered_pricing_percentage_rules":[],"tiered_pricing_maximum_quantity":null,"tiered_pricing_quantity_step":null,"_links":{"self":[{"href":"https:\/\/prestige-aura.com\/pt\/wp-json\/wp\/v2\/product\/40032","targetHints":{"allow":["GET"]}}],"collection":[{"href":"https:\/\/prestige-aura.com\/pt\/wp-json\/wp\/v2\/product"}],"about":[{"href":"https:\/\/prestige-aura.com\/pt\/wp-json\/wp\/v2\/types\/product"}],"replies":[{"embeddable":true,"href":"https:\/\/prestige-aura.com\/pt\/wp-json\/wp\/v2\/comments?post=40032"}],"wp:featuredmedia":[{"embeddable":true,"href":"https:\/\/prestige-aura.com\/pt\/wp-json\/wp\/v2\/media\/40033"}],"wp:attachment":[{"href":"https:\/\/prestige-aura.com\/pt\/wp-json\/wp\/v2\/media?parent=40032"}],"wp:term":[{"taxonomy":"product_brand","embeddable":true,"href":"https:\/\/prestige-aura.com\/pt\/wp-json\/wp\/v2\/product_brand?post=40032"},{"taxonomy":"product_cat","embeddable":true,"href":"https:\/\/prestige-aura.com\/pt\/wp-json\/wp\/v2\/product_cat?post=40032"},{"taxonomy":"product_tag","embeddable":true,"href":"https:\/\/prestige-aura.com\/pt\/wp-json\/wp\/v2\/product_tag?post=40032"}],"curies":[{"name":"wp","href":"https:\/\/api.w.org\/{rel}","templated":true}]}}