
{"id":36992,"date":"2025-06-22T10:00:00","date_gmt":"2025-06-22T10:00:00","guid":{"rendered":"https:\/\/prestige-aura.com\/product\/omega-speedmaster-professional-moonwatch-dark-side-of-the-moon-apollo-8-311-92-44-30-01-001\/"},"modified":"2025-06-24T12:44:15","modified_gmt":"2025-06-24T12:44:15","slug":"omega-speedmaster-professional-moonwatch-dark-side-of-the-moon-apollo-8-311-92-44-30-01-001","status":"publish","type":"product","link":"https:\/\/prestige-aura.com\/pt\/produto\/omega-speedmaster-professional-moonwatch-dark-side-of-the-moon-apollo-8-311-92-44-30-01-001\/","title":{"rendered":"Omega Speedmaster Professional Moonwatch Dark Side Of The Moon Apollo 8 311.92.44.30.01.001"},"content":{"rendered":"<div class=\"woocommerce-Tabs-panel woocommerce-Tabs-panel--description panel entry-content active\" id=\"tab-description\" role=\"tabpanel\" aria-labelledby=\"tab-title-description\">\n<ul class=\"tabs wc-tabs product-tabs small-nav-collapse nav nav-uppercase nav-line nav-left\" role=\"tablist\">\n<li id=\"tab-title-description\" class=\"description_tab active\" role=\"tab\" aria-controls=\"tab-description\"><a href=\"https:\/\/infinitywatch.co\/product\/omega-speedmaster-dark-side-of-the-moon-chronograph-4425mm-9360\/#tab-description\">Descri\u00e7\u00e3o<\/a><\/li>\n<li id=\"tab-title-reviews\" class=\"reviews_tab\" role=\"tab\" aria-controls=\"tab-reviews\"><a href=\"https:\/\/infinitywatch.co\/product\/omega-speedmaster-dark-side-of-the-moon-chronograph-4425mm-9360\/#tab-reviews\">Coment\u00e1rios (0)<\/a><\/li>\n<\/ul>\n<div class=\"tab-panels\">\n<div id=\"tab-description\" class=\"woocommerce-Tabs-panel woocommerce-Tabs-panel--description panel entry-content active\" role=\"tabpanel\" aria-labelledby=\"tab-title-description\">\n<div class=\"description row\">\n<div class=\"col-12\">\n<div class=\"row\">\n<div class=\"large-12 columns\">\n<div class=\"nasa-tab-wrap text-center\">\n<ul class=\"nasa-tabs nasa-classic-style nasa-classic-2d nasa-tabs-no-border\">\n<li class=\"nasa-single-product-tab description_tab nasa-tab active first last\"><a rel=\"nofollow\" data-id=\"#nasa-tab-description\">Descri\u00e7\u00e3o<\/a><\/li>\n<\/ul>\n<\/div>\n<\/div>\n<\/div>\n<div class=\"nasa-panels nasa-desc-wrap\">\n<div id=\"nasa-tab-description\" class=\"nasa-panel nasa-content-description active\">\n<div class=\"row\">\n<div class=\"large-12 columns nasa-content-panel\">\n<p>Dark Side Moon is on sale now, just needs $269 and includes free worldwide shipping.<br \/>\nYou will get a great quality knockoff Dark Side Moon with the best price, 1:1 made as the original. If you are not satisfied with the product you received, please be sure to contact us, we promise to solve the problem for you. We are confident that you will adore our products and that we can establish a long-term business relationship with each other. If you want to get a better quality watch, or if you want to find other brands of replica watches that are not available on our website, please contact us. We will do our best to help you.<\/p>\n<p><img decoding=\"async\" src=\"https:\/\/infinitywatch.co\/wp-content\/uploads\/2023\/12\/omega-speedmaster-dark-side-of-the-moon-chronograph-4425mm-jd110.jpg\" alt=\"OMEGA Speedmaster Dark Side of The Moon Chronograph 44.25mm\"><\/p>\n<table id=\"tablepress-524-no-2\" class=\"tablepress tablepress-id-524\">\n<thead>\n<tr class=\"row-1 odd\">\n<th class=\"column-1\" colspan=\"2\">SPECIFICATION OF OMEGA SPEEDMASTER DARK SIDE OF THE MOON 311.92.44.51.01.003<\/th>\n<\/tr>\n<\/thead>\n<tbody class=\"row-hover\">\n<tr class=\"row-2 even\">\n<td class=\"column-1\"><b>MARCA<\/b><\/td>\n<td class=\"column-2\">Omega<\/td>\n<\/tr>\n<tr class=\"row-3 odd\">\n<td class=\"column-1\"><b>FAM\u00cdLIA<\/b><\/td>\n<td class=\"column-2\">Speedmaster<\/td>\n<\/tr>\n<tr class=\"row-4 even\">\n<td class=\"column-1\"><b>MODELO NO<\/b><\/td>\n<td class=\"column-2\">311.92.44.51.01.003<\/td>\n<\/tr>\n<tr class=\"row-5 odd\">\n<td class=\"column-1\" colspan=\"2\"><b>MECANISMO<\/b><\/td>\n<\/tr>\n<tr class=\"row-6 even\">\n<td class=\"column-1\">Movimento<\/td>\n<td class=\"column-2\">Autom\u00e1tico<\/td>\n<\/tr>\n<tr class=\"row-7 odd\">\n<td class=\"column-1\">Calibre<\/td>\n<td class=\"column-2\">9300<\/td>\n<\/tr>\n<tr class=\"row-8 even\">\n<td class=\"column-1\">Reserva de energia<\/td>\n<td class=\"column-2\">60 horas (aproximadamente)<\/td>\n<\/tr>\n<tr class=\"row-9 odd\">\n<td class=\"column-1\">Precis\u00e3o<\/td>\n<td class=\"column-2\">(-3\/+3 seg\/dia) Dentro dos limites da certifica\u00e7\u00e3o COSC<\/td>\n<\/tr>\n<tr class=\"row-10 even\">\n<td class=\"column-1\">Segunda m\u00e3o<\/td>\n<td class=\"column-2\">Movimento de varredura<\/td>\n<\/tr>\n<tr class=\"row-11 odd\">\n<td class=\"column-1\" colspan=\"2\"><b>CASO<\/b><\/td>\n<\/tr>\n<tr class=\"row-12 even\">\n<td class=\"column-1\">Material<\/td>\n<td class=\"column-2\">A\u00e7o inoxid\u00e1vel 904L<\/td>\n<\/tr>\n<tr class=\"row-13 odd\">\n<td class=\"column-1\">Cor<\/td>\n<td class=\"column-2\">Preto<\/td>\n<\/tr>\n<tr class=\"row-14 even\">\n<td class=\"column-1\">Material da moldura<\/td>\n<td class=\"column-2\">A\u00e7o inoxid\u00e1vel 904L<\/td>\n<\/tr>\n<tr class=\"row-15 odd\">\n<td class=\"column-1\">Cor do bisel<\/td>\n<td class=\"column-2\">Preto<\/td>\n<\/tr>\n<tr class=\"row-16 even\">\n<td class=\"column-1\">Cristal<\/td>\n<td class=\"column-2\">Safira<\/td>\n<\/tr>\n<tr class=\"row-17 odd\">\n<td class=\"column-1\">Tamanho<\/td>\n<td class=\"column-2\">44.25 mm<\/td>\n<\/tr>\n<tr class=\"row-18 even\">\n<td class=\"column-1\">Espessura<\/td>\n<td class=\"column-2\">12.00mm<\/td>\n<\/tr>\n<tr class=\"row-19 odd\">\n<td class=\"column-1\" colspan=\"2\"><b>BRACELET<\/b><\/td>\n<\/tr>\n<tr class=\"row-20 even\">\n<td class=\"column-1\">Material<\/td>\n<td class=\"column-2\">Nylon\/Leather Strap<\/td>\n<\/tr>\n<tr class=\"row-21 odd\">\n<td class=\"column-1\">Tipo<\/td>\n<td class=\"column-2\">Nylon\/Leather Strap<\/td>\n<\/tr>\n<tr class=\"row-22 even\">\n<td class=\"column-1\">Cor<\/td>\n<td class=\"column-2\">Preto<\/td>\n<\/tr>\n<tr class=\"row-23 odd\">\n<td class=\"column-1\">Tamanho<\/td>\n<td class=\"column-2\">Elos ajust\u00e1veis como genu\u00ednos para todos os tamanhos<\/td>\n<\/tr>\n<tr class=\"row-24 even\">\n<td class=\"column-1\">Material do fecho<\/td>\n<td class=\"column-2\">A\u00e7o inoxid\u00e1vel 904L<\/td>\n<\/tr>\n<tr class=\"row-25 odd\">\n<td class=\"column-1\">Tipo de fecho<\/td>\n<td class=\"column-2\">Tang Clasp<\/td>\n<\/tr>\n<tr class=\"row-26 even\">\n<td class=\"column-1\">Cor do fecho<\/td>\n<td class=\"column-2\">Preto<\/td>\n<\/tr>\n<tr class=\"row-27 odd\">\n<td class=\"column-1\" colspan=\"2\"><b>DIAL<\/b><\/td>\n<\/tr>\n<tr class=\"row-28 even\">\n<td class=\"column-1\">Apelido<\/td>\n<td class=\"column-2\">N\/A<\/td>\n<\/tr>\n<tr class=\"row-29 odd\">\n<td class=\"column-1\">Cor<\/td>\n<td class=\"column-2\">Preto<\/td>\n<\/tr>\n<tr class=\"row-30 even\">\n<td class=\"column-1\">\u00cdndices<\/td>\n<td class=\"column-2\">Bast\u00e3o<\/td>\n<\/tr>\n<tr class=\"row-31 odd\">\n<td class=\"column-1\">Material dos marcadores de horas<\/td>\n<td class=\"column-2\">A\u00e7o inoxid\u00e1vel 904L<\/td>\n<\/tr>\n<tr class=\"row-32 even\">\n<td class=\"column-1\">Tipo de marcador de horas<\/td>\n<td class=\"column-2\">Bast\u00e3o<\/td>\n<\/tr>\n<tr class=\"row-33 odd\">\n<td class=\"column-1\">Material das m\u00e3os<\/td>\n<td class=\"column-2\">A\u00e7o inoxid\u00e1vel 904L<\/td>\n<\/tr>\n<tr class=\"row-34 even\">\n<td class=\"column-1\">Tipo de m\u00e3os<\/td>\n<td class=\"column-2\">Bast\u00e3o<\/td>\n<\/tr>\n<tr class=\"row-35 odd\">\n<td class=\"column-1\"><b>FUN\u00c7\u00d5ES<\/b><\/td>\n<td class=\"column-2\">Hours, Minutes, Small Seconds | Date | Chronograph, Column wheel | Chronometer, Co-Axial Escapement<\/td>\n<\/tr>\n<tr class=\"row-36 even\">\n<td class=\"column-1\"><b>RESIST\u00caNCIA \u00c0 \u00c1GUA<\/b><\/td>\n<td class=\"column-2\">Foi aprovado no teste de resist\u00eancia \u00e0 \u00e1gua de 30 m. (O teste foi aplicado sob uma press\u00e3o de 3 atm\/30 metros. No entanto, nadar n\u00e3o \u00e9 recomendado para nenhum rel\u00f3gio, seja ele genu\u00edno ou r\u00e9plica).<\/td>\n<\/tr>\n<\/tbody>\n<\/table>\n<\/div>\n<\/div>\n<\/div>\n<\/div>\n<\/div>\n<\/div>\n<\/div>\n<\/div><\/div>","protected":false},"excerpt":{"rendered":"<p>Description Reviews (0) Description Dark Side Moon is on sale now, just needs $269 and includes free worldwide shipping. You [&hellip;]<\/p>","protected":false},"featured_media":36993,"comment_status":"closed","ping_status":"open","template":"","meta":{"site-sidebar-layout":"default","site-content-layout":"","ast-site-content-layout":"","site-content-style":"default","site-sidebar-style":"default","ast-global-header-display":"","ast-banner-title-visibility":"","ast-main-header-display":"","ast-hfb-above-header-display":"","ast-hfb-below-header-display":"","ast-hfb-mobile-header-display":"","site-post-title":"","ast-breadcrumbs-content":"","ast-featured-img":"","footer-sml-layout":"","theme-transparent-header-meta":"","adv-header-id-meta":"","stick-header-meta":"","header-above-stick-meta":"","header-main-stick-meta":"","header-below-stick-meta":"","astra-migrate-meta-layouts":"default","ast-page-background-enabled":"default","ast-page-background-meta":{"desktop":{"background-color":"var(--ast-global-color-5)","background-image":"","background-repeat":"repeat","background-position":"center center","background-size":"auto","background-attachment":"scroll","background-type":"","background-media":"","overlay-type":"","overlay-color":"","overlay-opacity":"","overlay-gradient":""},"tablet":{"background-color":"","background-image":"","background-repeat":"repeat","background-position":"center center","background-size":"auto","background-attachment":"scroll","background-type":"","background-media":"","overlay-type":"","overlay-color":"","overlay-opacity":"","overlay-gradient":""},"mobile":{"background-color":"","background-image":"","background-repeat":"repeat","background-position":"center center","background-size":"auto","background-attachment":"scroll","background-type":"","background-media":"","overlay-type":"","overlay-color":"","overlay-opacity":"","overlay-gradient":""}},"ast-content-background-meta":{"desktop":{"background-color":"var(--ast-global-color-4)","background-image":"","background-repeat":"repeat","background-position":"center center","background-size":"auto","background-attachment":"scroll","background-type":"","background-media":"","overlay-type":"","overlay-color":"","overlay-opacity":"","overlay-gradient":""},"tablet":{"background-color":"var(--ast-global-color-4)","background-image":"","background-repeat":"repeat","background-position":"center center","background-size":"auto","background-attachment":"scroll","background-type":"","background-media":"","overlay-type":"","overlay-color":"","overlay-opacity":"","overlay-gradient":""},"mobile":{"background-color":"var(--ast-global-color-4)","background-image":"","background-repeat":"repeat","background-position":"center center","background-size":"auto","background-attachment":"scroll","background-type":"","background-media":"","overlay-type":"","overlay-color":"","overlay-opacity":"","overlay-gradient":""}}},"product_brand":[687],"product_cat":[689,692,80],"product_tag":[688],"class_list":{"0":"post-36992","1":"product","2":"type-product","3":"status-publish","4":"has-post-thumbnail","6":"product_brand-omega","7":"product_cat-omega","8":"product_cat-speedmaster","9":"product_cat-watchs","10":"product_tag-omega","11":"desktop-align-left","12":"tablet-align-left","13":"mobile-align-left","15":"first","16":"instock","17":"sale","18":"purchasable","19":"product-type-simple"},"tiered_pricing_type":"fixed","tiered_pricing_fixed_rules":[],"tiered_pricing_product_settings":{"layout":"default","base_unit_name":{"singular":null,"plural":null},"default_variation":null},"tiered_pricing_minimum_quantity":null,"tiered_pricing_roles_data":[],"tiered_pricing_percentage_rules":[],"tiered_pricing_maximum_quantity":null,"tiered_pricing_quantity_step":null,"_links":{"self":[{"href":"https:\/\/prestige-aura.com\/pt\/wp-json\/wp\/v2\/product\/36992","targetHints":{"allow":["GET"]}}],"collection":[{"href":"https:\/\/prestige-aura.com\/pt\/wp-json\/wp\/v2\/product"}],"about":[{"href":"https:\/\/prestige-aura.com\/pt\/wp-json\/wp\/v2\/types\/product"}],"replies":[{"embeddable":true,"href":"https:\/\/prestige-aura.com\/pt\/wp-json\/wp\/v2\/comments?post=36992"}],"wp:featuredmedia":[{"embeddable":true,"href":"https:\/\/prestige-aura.com\/pt\/wp-json\/wp\/v2\/media\/36993"}],"wp:attachment":[{"href":"https:\/\/prestige-aura.com\/pt\/wp-json\/wp\/v2\/media?parent=36992"}],"wp:term":[{"taxonomy":"product_brand","embeddable":true,"href":"https:\/\/prestige-aura.com\/pt\/wp-json\/wp\/v2\/product_brand?post=36992"},{"taxonomy":"product_cat","embeddable":true,"href":"https:\/\/prestige-aura.com\/pt\/wp-json\/wp\/v2\/product_cat?post=36992"},{"taxonomy":"product_tag","embeddable":true,"href":"https:\/\/prestige-aura.com\/pt\/wp-json\/wp\/v2\/product_tag?post=36992"}],"curies":[{"name":"wp","href":"https:\/\/api.w.org\/{rel}","templated":true}]}}