
{"id":34342,"date":"2025-06-21T13:38:00","date_gmt":"2025-06-21T13:38:00","guid":{"rendered":"https:\/\/prestige-aura.com\/product\/rolex-40mm-oyster-perpetual-air-king-oystersteel-men%c2%afs-watch-116900\/"},"modified":"2025-08-24T16:10:45","modified_gmt":"2025-08-24T16:10:45","slug":"rolex-40mm-oyster-perpetual-air-king-oystersteel-mens-watch-116900","status":"publish","type":"product","link":"https:\/\/prestige-aura.com\/pt\/produto\/rolex-40mm-oyster-perpetual-air-king-oystersteel-mens-watch-116900\/","title":{"rendered":"Rolex 40mm Oyster Perpetual Air-King Oystersteel Men&#8217;s Watch 116900"},"content":{"rendered":"<div class=\"elementor-widget-container\">\n<div class=\"woocommerce-product-details__short-description\">\n<p><strong>Recursos<\/strong><\/p>\n<p>-Equipado com um ponteiro de segundos arrebatador para um movimento suave, exibindo eleg\u00e2ncia mec\u00e2nica<\/p>\n<p>-Coroa rosqueada com um anel O-ring para maior resist\u00eancia \u00e0 \u00e1gua<\/p>\n<p>-Mecanismo de hacking: o ponteiro dos segundos para quando a coroa \u00e9 puxada para fora, garantindo um ajuste preciso da hora<\/p>\n<p>-Os elos da pulseira s\u00e3o fixados com parafusos em vez dos tradicionais pinos, oferecendo maior estabilidade e manuten\u00e7\u00e3o mais f\u00e1cil<\/p>\n<p>-Logotipo da coroa Rolex gravado na posi\u00e7\u00e3o de 6 horas no cristal, destacando o trabalho artesanal e a aten\u00e7\u00e3o aos detalhes<\/p>\n<\/div><\/div>\n<div class=\"woocommerce-Tabs-panel woocommerce-Tabs-panel--description panel entry-content wc-tab\" id=\"tab-description\" role=\"tabpanel\" aria-labelledby=\"tab-title-description\" style=\"\">\n<p>&nbsp;<\/p>\n<table class=\"expert-table\">\n<tbody>\n<tr>\n<th>Nome do produto<\/th>\n<td>Rolex Air-King 116900<\/td>\n<\/tr>\n<tr>\n<th>Discagem<\/th>\n<td>Mostrador preto (conforme a imagem mostrada nesta p\u00e1gina)<\/td>\n<\/tr>\n<tr>\n<th>Moldura<\/th>\n<td>&nbsp;Smooth Bezel<\/td>\n<\/tr>\n<tr>\n<th>Vidro<\/th>\n<td>Cristal de safira<\/td>\n<\/tr>\n<tr>\n<th>Dimens\u00f5es do mostrador<\/th>\n<td>40 mm&nbsp;(Correct Size as Genuine)<\/td>\n<\/tr>\n<tr>\n<th>Peso<\/th>\n<td>138.7 grams<\/td>\n<\/tr>\n<tr>\n<th>Material<\/th>\n<td>Constru\u00e7\u00e3o da caixa forjada de 1 pe\u00e7a, a\u00e7o inoxid\u00e1vel 316L s\u00f3lido<\/td>\n<\/tr>\n<tr>\n<th>Pulseira<\/th>\n<td>Stainless Steel Finish Oyster Style Bracelet with comfort extension link<\/td>\n<\/tr>\n<tr>\n<th>Movimento<\/th>\n<td>Movimento autom\u00e1tico Asian 2813, 21J (sem necessidade de bateria)<\/td>\n<\/tr>\n<tr>\n<th>&nbsp;Fun\u00e7\u00f5es<\/th>\n<td>Horas, minutos, segundos<\/td>\n<\/tr>\n<tr>\n<th>Voltar<\/th>\n<td>Fundo de caixa s\u00f3lido<\/td>\n<\/tr>\n<tr>\n<th>Modelo<\/th>\n<td>&nbsp;SS Case, Ceramic Tachymeter Bezel, Black Dial, Rose Gold Subdials, Luminous Hour Markers, Engraved ROLEXROLEX on rehaut<\/td>\n<\/tr>\n<\/tbody>\n<\/table><\/div>","protected":false},"excerpt":{"rendered":"<p>Features -Equipped with a sweeping second hand for smooth movement, showcasing mechanical elegance -Screw-down crown with an O-ring for enhanced [&hellip;]<\/p>","protected":false},"featured_media":34343,"comment_status":"closed","ping_status":"open","template":"","meta":{"site-sidebar-layout":"default","site-content-layout":"","ast-site-content-layout":"","site-content-style":"default","site-sidebar-style":"default","ast-global-header-display":"","ast-banner-title-visibility":"","ast-main-header-display":"","ast-hfb-above-header-display":"","ast-hfb-below-header-display":"","ast-hfb-mobile-header-display":"","site-post-title":"","ast-breadcrumbs-content":"","ast-featured-img":"","footer-sml-layout":"","theme-transparent-header-meta":"","adv-header-id-meta":"","stick-header-meta":"","header-above-stick-meta":"","header-main-stick-meta":"","header-below-stick-meta":"","astra-migrate-meta-layouts":"default","ast-page-background-enabled":"default","ast-page-background-meta":{"desktop":{"background-color":"var(--ast-global-color-5)","background-image":"","background-repeat":"repeat","background-position":"center center","background-size":"auto","background-attachment":"scroll","background-type":"","background-media":"","overlay-type":"","overlay-color":"","overlay-opacity":"","overlay-gradient":""},"tablet":{"background-color":"","background-image":"","background-repeat":"repeat","background-position":"center center","background-size":"auto","background-attachment":"scroll","background-type":"","background-media":"","overlay-type":"","overlay-color":"","overlay-opacity":"","overlay-gradient":""},"mobile":{"background-color":"","background-image":"","background-repeat":"repeat","background-position":"center center","background-size":"auto","background-attachment":"scroll","background-type":"","background-media":"","overlay-type":"","overlay-color":"","overlay-opacity":"","overlay-gradient":""}},"ast-content-background-meta":{"desktop":{"background-color":"var(--ast-global-color-4)","background-image":"","background-repeat":"repeat","background-position":"center center","background-size":"auto","background-attachment":"scroll","background-type":"","background-media":"","overlay-type":"","overlay-color":"","overlay-opacity":"","overlay-gradient":""},"tablet":{"background-color":"var(--ast-global-color-4)","background-image":"","background-repeat":"repeat","background-position":"center center","background-size":"auto","background-attachment":"scroll","background-type":"","background-media":"","overlay-type":"","overlay-color":"","overlay-opacity":"","overlay-gradient":""},"mobile":{"background-color":"var(--ast-global-color-4)","background-image":"","background-repeat":"repeat","background-position":"center center","background-size":"auto","background-attachment":"scroll","background-type":"","background-media":"","overlay-type":"","overlay-color":"","overlay-opacity":"","overlay-gradient":""}}},"product_brand":[],"product_cat":[80,578,651],"product_tag":[663,576],"class_list":{"0":"post-34342","1":"product","2":"type-product","3":"status-publish","4":"has-post-thumbnail","6":"product_cat-watchs","7":"product_cat-rolex","8":"product_cat-air-king","9":"product_tag-air-king","10":"product_tag-rolex","11":"desktop-align-left","12":"tablet-align-left","13":"mobile-align-left","15":"first","16":"instock","17":"sale","18":"purchasable","19":"product-type-simple"},"tiered_pricing_type":"fixed","tiered_pricing_fixed_rules":[],"tiered_pricing_product_settings":{"layout":"default","base_unit_name":{"singular":null,"plural":null},"default_variation":null},"tiered_pricing_minimum_quantity":null,"tiered_pricing_roles_data":[],"tiered_pricing_percentage_rules":[],"tiered_pricing_maximum_quantity":null,"tiered_pricing_quantity_step":null,"_links":{"self":[{"href":"https:\/\/prestige-aura.com\/pt\/wp-json\/wp\/v2\/product\/34342","targetHints":{"allow":["GET"]}}],"collection":[{"href":"https:\/\/prestige-aura.com\/pt\/wp-json\/wp\/v2\/product"}],"about":[{"href":"https:\/\/prestige-aura.com\/pt\/wp-json\/wp\/v2\/types\/product"}],"replies":[{"embeddable":true,"href":"https:\/\/prestige-aura.com\/pt\/wp-json\/wp\/v2\/comments?post=34342"}],"wp:featuredmedia":[{"embeddable":true,"href":"https:\/\/prestige-aura.com\/pt\/wp-json\/wp\/v2\/media\/34343"}],"wp:attachment":[{"href":"https:\/\/prestige-aura.com\/pt\/wp-json\/wp\/v2\/media?parent=34342"}],"wp:term":[{"taxonomy":"product_brand","embeddable":true,"href":"https:\/\/prestige-aura.com\/pt\/wp-json\/wp\/v2\/product_brand?post=34342"},{"taxonomy":"product_cat","embeddable":true,"href":"https:\/\/prestige-aura.com\/pt\/wp-json\/wp\/v2\/product_cat?post=34342"},{"taxonomy":"product_tag","embeddable":true,"href":"https:\/\/prestige-aura.com\/pt\/wp-json\/wp\/v2\/product_tag?post=34342"}],"curies":[{"name":"wp","href":"https:\/\/api.w.org\/{rel}","templated":true}]}}