
{"id":23510,"date":"2025-06-08T16:29:00","date_gmt":"2025-06-08T16:29:00","guid":{"rendered":"https:\/\/prestige-aura.com\/product\/audemars-piguet-royal-oak-double-balance-wheel-openworked-ref-15407or-oo-1220or-01\/"},"modified":"2025-09-03T17:47:01","modified_gmt":"2025-09-03T17:47:01","slug":"audemars-piguet-royal-oak-double-balance-wheel-openworked-ref-15407or-oo-1220or-01","status":"publish","type":"product","link":"https:\/\/prestige-aura.com\/pt\/produto\/audemars-piguet-royal-oak-double-balance-wheel-openworked-ref-15407or-oo-1220or-01\/","title":{"rendered":"Audemars Piguet Royal Oak DOUBLE BALANCE WHEEL OPENWORKED Ref# 15407OR.OO.1220OR.01"},"content":{"rendered":"<div id=\"tab-description\" class=\"woocommerce-Tabs-panel woocommerce-Tabs-panel--description panel entry-content active\" role=\"tabpanel\" aria-labelledby=\"tab-title-description\">\n<p>Unworn Audemars Piguet Royal Oak DOUBLE BALANCE WHEEL OPENWORKED 15407OR.OO.1220OR.01. 41 mm, Slate grey openworked dial, pink gold applied hour-markers and Royal Oak hands with luminescent coating, 18-carat pink gold case, glareproofed sapphire crystal and caseback, screw-locked crown, 3132 calibre, Selfwinding movement, 45 h power reserve, 38 jewels, \u00a018-carat pink gold bracelet with AP folding clasp. Water resistant to 50 m.<\/p>\n<ul>\n<li>Marca: Audemars Piguet<\/li>\n<li>Modelo: Royal Oak<\/li>\n<li>Reference: 15407OR.OO.1220OR.01<\/li>\n<li>Di\u00e2metro: 41 mm<\/li>\n<li>Case material: 18-carat pink gold<\/li>\n<li>Dial color: Slate grey openworked<\/li>\n<li>Tipo de moldura: Fixo<\/li>\n<li>Bezel Color: Pink gold<\/li>\n<li>Bezel Material: 18-carat pink gold<\/li>\n<li>Cristal: cristal de safira \u00e0 prova de reflexos<\/li>\n<li>Calibre: 3132<\/li>\n<li>Movimento: Autom\u00e1tico<\/li>\n<li>Number of Jewels: 38<\/li>\n<li>Power Reserve 45 h<\/li>\n<li>Bracelet Material: 18-carat pink gold<\/li>\n<li>Fecho: Fecho dobr\u00e1vel AP<\/li>\n<li>Functions: Hours, minutes, centre seconds<\/li>\n<li>Resist\u00eancia \u00e0 \u00e1gua: 50 m<\/li>\n<\/ul>\n<\/div>\n<div id=\"tab-reviews\" class=\"woocommerce-Tabs-panel woocommerce-Tabs-panel--reviews panel entry-content\" role=\"tabpanel\" aria-labelledby=\"tab-title-reviews\"><\/div>\n<div id=\"tab-ux_global_tab\" class=\"woocommerce-Tabs-panel woocommerce-Tabs-panel--ux_global_tab panel entry-content\" role=\"tabpanel\" aria-labelledby=\"tab-title-ux_global_tab\"><\/div>\n<p>&nbsp;<\/p>","protected":false},"excerpt":{"rendered":"<p>Unworn Audemars Piguet Royal Oak DOUBLE BALANCE WHEEL OPENWORKED 15407OR.OO.1220OR.01. 41 mm, Slate grey openworked dial, pink gold applied hour-markers [&hellip;]<\/p>","protected":false},"featured_media":23511,"comment_status":"closed","ping_status":"closed","template":"","meta":{"site-sidebar-layout":"default","site-content-layout":"","ast-site-content-layout":"default","site-content-style":"default","site-sidebar-style":"default","ast-global-header-display":"","ast-banner-title-visibility":"","ast-main-header-display":"","ast-hfb-above-header-display":"","ast-hfb-below-header-display":"","ast-hfb-mobile-header-display":"","site-post-title":"","ast-breadcrumbs-content":"","ast-featured-img":"","footer-sml-layout":"","theme-transparent-header-meta":"default","adv-header-id-meta":"","stick-header-meta":"","header-above-stick-meta":"","header-main-stick-meta":"","header-below-stick-meta":"","astra-migrate-meta-layouts":"set","ast-page-background-enabled":"default","ast-page-background-meta":{"desktop":{"background-color":"var(--ast-global-color-5)","background-image":"","background-repeat":"repeat","background-position":"center center","background-size":"auto","background-attachment":"scroll","background-type":"","background-media":"","overlay-type":"","overlay-color":"","overlay-opacity":"","overlay-gradient":""},"tablet":{"background-color":"","background-image":"","background-repeat":"repeat","background-position":"center center","background-size":"auto","background-attachment":"scroll","background-type":"","background-media":"","overlay-type":"","overlay-color":"","overlay-opacity":"","overlay-gradient":""},"mobile":{"background-color":"","background-image":"","background-repeat":"repeat","background-position":"center center","background-size":"auto","background-attachment":"scroll","background-type":"","background-media":"","overlay-type":"","overlay-color":"","overlay-opacity":"","overlay-gradient":""}},"ast-content-background-meta":{"desktop":{"background-color":"var(--ast-global-color-4)","background-image":"","background-repeat":"repeat","background-position":"center center","background-size":"auto","background-attachment":"scroll","background-type":"","background-media":"","overlay-type":"","overlay-color":"","overlay-opacity":"","overlay-gradient":""},"tablet":{"background-color":"var(--ast-global-color-4)","background-image":"","background-repeat":"repeat","background-position":"center center","background-size":"auto","background-attachment":"scroll","background-type":"","background-media":"","overlay-type":"","overlay-color":"","overlay-opacity":"","overlay-gradient":""},"mobile":{"background-color":"var(--ast-global-color-4)","background-image":"","background-repeat":"repeat","background-position":"center center","background-size":"auto","background-attachment":"scroll","background-type":"","background-media":"","overlay-type":"","overlay-color":"","overlay-opacity":"","overlay-gradient":""}}},"product_brand":[126],"product_cat":[80,208,582],"product_tag":[580,581],"class_list":{"0":"post-23510","1":"product","2":"type-product","3":"status-publish","4":"has-post-thumbnail","6":"product_brand-audemars-piguet","7":"product_cat-watchs","8":"product_cat-audemars-piguet","9":"product_cat-royal-oak","10":"product_tag-audemars-piguet","11":"product_tag-audemars-piguet-royal-oak","12":"desktop-align-left","13":"tablet-align-left","14":"mobile-align-left","16":"first","17":"instock","18":"sale","19":"purchasable","20":"product-type-simple"},"tiered_pricing_type":"fixed","tiered_pricing_fixed_rules":[],"tiered_pricing_product_settings":{"layout":"default","base_unit_name":{"singular":null,"plural":null},"default_variation":null},"tiered_pricing_minimum_quantity":null,"tiered_pricing_roles_data":[],"tiered_pricing_percentage_rules":[],"tiered_pricing_maximum_quantity":null,"tiered_pricing_quantity_step":null,"_links":{"self":[{"href":"https:\/\/prestige-aura.com\/pt\/wp-json\/wp\/v2\/product\/23510","targetHints":{"allow":["GET"]}}],"collection":[{"href":"https:\/\/prestige-aura.com\/pt\/wp-json\/wp\/v2\/product"}],"about":[{"href":"https:\/\/prestige-aura.com\/pt\/wp-json\/wp\/v2\/types\/product"}],"replies":[{"embeddable":true,"href":"https:\/\/prestige-aura.com\/pt\/wp-json\/wp\/v2\/comments?post=23510"}],"wp:featuredmedia":[{"embeddable":true,"href":"https:\/\/prestige-aura.com\/pt\/wp-json\/wp\/v2\/media\/23511"}],"wp:attachment":[{"href":"https:\/\/prestige-aura.com\/pt\/wp-json\/wp\/v2\/media?parent=23510"}],"wp:term":[{"taxonomy":"product_brand","embeddable":true,"href":"https:\/\/prestige-aura.com\/pt\/wp-json\/wp\/v2\/product_brand?post=23510"},{"taxonomy":"product_cat","embeddable":true,"href":"https:\/\/prestige-aura.com\/pt\/wp-json\/wp\/v2\/product_cat?post=23510"},{"taxonomy":"product_tag","embeddable":true,"href":"https:\/\/prestige-aura.com\/pt\/wp-json\/wp\/v2\/product_tag?post=23510"}],"curies":[{"name":"wp","href":"https:\/\/api.w.org\/{rel}","templated":true}]}}