
{"id":23426,"date":"2025-06-08T16:28:00","date_gmt":"2025-06-08T16:28:00","guid":{"rendered":"https:\/\/prestige-aura.com\/product\/audemars-piguet-royal-oak-selfwinding-50th-anniversary%c2%b1-ref-15551st-zz-1356st-01\/"},"modified":"2025-09-03T18:05:52","modified_gmt":"2025-09-03T18:05:52","slug":"audemars-piguet-royal-oak-selfwinding-50th-anniversary-ref-15551st-zz-1356st-01","status":"publish","type":"product","link":"https:\/\/prestige-aura.com\/pt\/produto\/audemars-piguet-royal-oak-selfwinding-50th-anniversary-ref-15551st-zz-1356st-01\/","title":{"rendered":"Audemars Piguet Royal Oak SELFWINDING \"50TH ANNIVERSARY\" Ref# 15551ST.ZZ.1356ST.01"},"content":{"rendered":"<div id=\"tab-description\" class=\"woocommerce-Tabs-panel woocommerce-Tabs-panel--description panel entry-content active\" role=\"tabpanel\" aria-labelledby=\"tab-title-description\">\n<p>Unworn Audemars Piguet Royal Oak SELFWINDING \u201c50TH ANNIVERSARY\u201d 15551ST.ZZ.1356ST.01. 37 mm, Light blue dial with \u201cGrande Tapisserie\u201d pattern, white gold applied hour-markers and Royal\u00a0Oak hands with luminescent coating, Stainless steel case, bezel set with brilliant-cut diamonds, glareproofed sapphire crystal and caseback, 5900 calibre, Selfwinding movement, 60 h power reserve, 29 jewels, \u00a0Stainless steel bracelet AP folding clasp. Water resistant to 50 m.<\/p>\n<ul>\n<li>Marca: Audemars Piguet<\/li>\n<li>Modelo: Royal Oak<\/li>\n<li>Reference: 15551ST.ZZ.1356ST.01<\/li>\n<li>Diameter: 37 mm<\/li>\n<li>Material da caixa: A\u00e7o inoxid\u00e1vel<\/li>\n<li>Dial color: Light blue<\/li>\n<li>Tipo de moldura: Fixo<\/li>\n<li>Cor da moldura: cinza<\/li>\n<li>Material da moldura: A\u00e7o inoxid\u00e1vel<\/li>\n<li>Cristal: cristal de safira \u00e0 prova de reflexos<\/li>\n<li>Calibre: 5900<\/li>\n<li>Movimento: Autom\u00e1tico<\/li>\n<li>Number of Jewels: 29<\/li>\n<li>Power Reserve: 60 h<\/li>\n<li>Material da pulseira: A\u00e7o inoxid\u00e1vel<\/li>\n<li>Fecho: Fecho dobr\u00e1vel AP<\/li>\n<li>Functions: Hours, minutes, centre seconds and date<\/li>\n<li>Resist\u00eancia \u00e0 \u00e1gua: 50 m<\/li>\n<\/ul>\n<\/div>\n<div id=\"tab-reviews\" class=\"woocommerce-Tabs-panel woocommerce-Tabs-panel--reviews panel entry-content\" role=\"tabpanel\" aria-labelledby=\"tab-title-reviews\"><\/div>","protected":false},"excerpt":{"rendered":"<p>Unworn Audemars Piguet Royal Oak SELFWINDING \u201c50TH ANNIVERSARY\u201d 15551ST.ZZ.1356ST.01. 37 mm, Light blue dial with \u201cGrande Tapisserie\u201d pattern, white gold [&hellip;]<\/p>","protected":false},"featured_media":23427,"comment_status":"closed","ping_status":"closed","template":"","meta":{"site-sidebar-layout":"default","site-content-layout":"","ast-site-content-layout":"default","site-content-style":"default","site-sidebar-style":"default","ast-global-header-display":"","ast-banner-title-visibility":"","ast-main-header-display":"","ast-hfb-above-header-display":"","ast-hfb-below-header-display":"","ast-hfb-mobile-header-display":"","site-post-title":"","ast-breadcrumbs-content":"","ast-featured-img":"","footer-sml-layout":"","theme-transparent-header-meta":"default","adv-header-id-meta":"","stick-header-meta":"","header-above-stick-meta":"","header-main-stick-meta":"","header-below-stick-meta":"","astra-migrate-meta-layouts":"set","ast-page-background-enabled":"default","ast-page-background-meta":{"desktop":{"background-color":"var(--ast-global-color-5)","background-image":"","background-repeat":"repeat","background-position":"center center","background-size":"auto","background-attachment":"scroll","background-type":"","background-media":"","overlay-type":"","overlay-color":"","overlay-opacity":"","overlay-gradient":""},"tablet":{"background-color":"","background-image":"","background-repeat":"repeat","background-position":"center center","background-size":"auto","background-attachment":"scroll","background-type":"","background-media":"","overlay-type":"","overlay-color":"","overlay-opacity":"","overlay-gradient":""},"mobile":{"background-color":"","background-image":"","background-repeat":"repeat","background-position":"center center","background-size":"auto","background-attachment":"scroll","background-type":"","background-media":"","overlay-type":"","overlay-color":"","overlay-opacity":"","overlay-gradient":""}},"ast-content-background-meta":{"desktop":{"background-color":"var(--ast-global-color-4)","background-image":"","background-repeat":"repeat","background-position":"center center","background-size":"auto","background-attachment":"scroll","background-type":"","background-media":"","overlay-type":"","overlay-color":"","overlay-opacity":"","overlay-gradient":""},"tablet":{"background-color":"var(--ast-global-color-4)","background-image":"","background-repeat":"repeat","background-position":"center center","background-size":"auto","background-attachment":"scroll","background-type":"","background-media":"","overlay-type":"","overlay-color":"","overlay-opacity":"","overlay-gradient":""},"mobile":{"background-color":"var(--ast-global-color-4)","background-image":"","background-repeat":"repeat","background-position":"center center","background-size":"auto","background-attachment":"scroll","background-type":"","background-media":"","overlay-type":"","overlay-color":"","overlay-opacity":"","overlay-gradient":""}}},"product_brand":[126],"product_cat":[208,582,80],"product_tag":[580,581],"class_list":{"0":"post-23426","1":"product","2":"type-product","3":"status-publish","4":"has-post-thumbnail","6":"product_brand-audemars-piguet","7":"product_cat-audemars-piguet","8":"product_cat-royal-oak","9":"product_cat-watchs","10":"product_tag-audemars-piguet","11":"product_tag-audemars-piguet-royal-oak","12":"desktop-align-left","13":"tablet-align-left","14":"mobile-align-left","16":"first","17":"instock","18":"sale","19":"purchasable","20":"product-type-simple"},"tiered_pricing_type":"fixed","tiered_pricing_fixed_rules":[],"tiered_pricing_product_settings":{"layout":"default","base_unit_name":{"singular":null,"plural":null},"default_variation":null},"tiered_pricing_minimum_quantity":null,"tiered_pricing_roles_data":[],"tiered_pricing_percentage_rules":[],"tiered_pricing_maximum_quantity":null,"tiered_pricing_quantity_step":null,"_links":{"self":[{"href":"https:\/\/prestige-aura.com\/pt\/wp-json\/wp\/v2\/product\/23426","targetHints":{"allow":["GET"]}}],"collection":[{"href":"https:\/\/prestige-aura.com\/pt\/wp-json\/wp\/v2\/product"}],"about":[{"href":"https:\/\/prestige-aura.com\/pt\/wp-json\/wp\/v2\/types\/product"}],"replies":[{"embeddable":true,"href":"https:\/\/prestige-aura.com\/pt\/wp-json\/wp\/v2\/comments?post=23426"}],"wp:featuredmedia":[{"embeddable":true,"href":"https:\/\/prestige-aura.com\/pt\/wp-json\/wp\/v2\/media\/23427"}],"wp:attachment":[{"href":"https:\/\/prestige-aura.com\/pt\/wp-json\/wp\/v2\/media?parent=23426"}],"wp:term":[{"taxonomy":"product_brand","embeddable":true,"href":"https:\/\/prestige-aura.com\/pt\/wp-json\/wp\/v2\/product_brand?post=23426"},{"taxonomy":"product_cat","embeddable":true,"href":"https:\/\/prestige-aura.com\/pt\/wp-json\/wp\/v2\/product_cat?post=23426"},{"taxonomy":"product_tag","embeddable":true,"href":"https:\/\/prestige-aura.com\/pt\/wp-json\/wp\/v2\/product_tag?post=23426"}],"curies":[{"name":"wp","href":"https:\/\/api.w.org\/{rel}","templated":true}]}}