
{"id":41126,"date":"2025-06-24T06:06:00","date_gmt":"2025-06-24T06:06:00","guid":{"rendered":"https:\/\/prestige-aura.com\/product\/gucci-interlocking-g-leather-belt-%c2%a8c-b12\/"},"modified":"2025-08-24T14:22:08","modified_gmt":"2025-08-24T14:22:08","slug":"gucci-interlocking-g-leather-belt-b12","status":"publish","type":"product","link":"https:\/\/prestige-aura.com\/pl\/produkt\/gucci-interlocking-g-leather-belt-b12\/","title":{"rendered":"SK\u00d3RZANY PASEK GUCCI INTERLOCKING-G-B12"},"content":{"rendered":"<div class=\"woocommerce-Tabs-panel woocommerce-Tabs-panel--description panel entry-content\" id=\"tab-description\" role=\"tabpanel\" aria-labelledby=\"tab-title-description\">\n<h2>Opis produktu<\/h2>\n<p><strong>GUCCI INTERLOCKING-G SK\u00d3RZANY PASEK \u00a8C B12?<\/strong><\/p>\n<ul>\n<li>Sk\u00f3rzany pasek Gucci Interlocking-G model B12 to kwintesencja luksusowej i wyrafinowanej estetyki marki. Wykonany z wysokiej jako\u015bci czarnej sk\u00f3ry. Ten pasek ma kultow\u0105 klamr\u0119 z blokad\u0105 G w polerowanym wyko\u0144czeniu symbolizuj\u0105cym bogate dziedzictwo i ponadczasow\u0105 elegancj\u0119 Gucci.<\/li>\n<li>Minimalistyczny design paska zapewnia wszechstronno\u015b\u0107, dzi\u0119ki czemu jest idealnym uzupe\u0142nieniem zar\u00f3wno formalnych, jak i swobodnych stroj\u00f3w. Niezale\u017cnie od tego, czy pasuje do eleganckiego garnituru na spotkanie biznesowe, czy do d\u017cins\u00f3w, pasek Interlocking-G dodaje odrobin\u0119 wyrafinowania do ka\u017cdego zestawu.<\/li>\n<\/ul><\/div>","protected":false},"excerpt":{"rendered":"<p>Product Description GUCCI INTERLOCKING-G LEATHER BELT \u00a8C B12? The Gucci Interlocking-G Leather Belt model B12 is a quintessential accessory that [&hellip;]<\/p>","protected":false},"featured_media":15737,"comment_status":"closed","ping_status":"open","template":"","meta":{"site-sidebar-layout":"default","site-content-layout":"","ast-site-content-layout":"","site-content-style":"default","site-sidebar-style":"default","ast-global-header-display":"","ast-banner-title-visibility":"","ast-main-header-display":"","ast-hfb-above-header-display":"","ast-hfb-below-header-display":"","ast-hfb-mobile-header-display":"","site-post-title":"","ast-breadcrumbs-content":"","ast-featured-img":"","footer-sml-layout":"","theme-transparent-header-meta":"","adv-header-id-meta":"","stick-header-meta":"","header-above-stick-meta":"","header-main-stick-meta":"","header-below-stick-meta":"","astra-migrate-meta-layouts":"default","ast-page-background-enabled":"default","ast-page-background-meta":{"desktop":{"background-color":"var(--ast-global-color-5)","background-image":"","background-repeat":"repeat","background-position":"center center","background-size":"auto","background-attachment":"scroll","background-type":"","background-media":"","overlay-type":"","overlay-color":"","overlay-opacity":"","overlay-gradient":""},"tablet":{"background-color":"","background-image":"","background-repeat":"repeat","background-position":"center center","background-size":"auto","background-attachment":"scroll","background-type":"","background-media":"","overlay-type":"","overlay-color":"","overlay-opacity":"","overlay-gradient":""},"mobile":{"background-color":"","background-image":"","background-repeat":"repeat","background-position":"center center","background-size":"auto","background-attachment":"scroll","background-type":"","background-media":"","overlay-type":"","overlay-color":"","overlay-opacity":"","overlay-gradient":""}},"ast-content-background-meta":{"desktop":{"background-color":"var(--ast-global-color-4)","background-image":"","background-repeat":"repeat","background-position":"center center","background-size":"auto","background-attachment":"scroll","background-type":"","background-media":"","overlay-type":"","overlay-color":"","overlay-opacity":"","overlay-gradient":""},"tablet":{"background-color":"var(--ast-global-color-4)","background-image":"","background-repeat":"repeat","background-position":"center center","background-size":"auto","background-attachment":"scroll","background-type":"","background-media":"","overlay-type":"","overlay-color":"","overlay-opacity":"","overlay-gradient":""},"mobile":{"background-color":"var(--ast-global-color-4)","background-image":"","background-repeat":"repeat","background-position":"center center","background-size":"auto","background-attachment":"scroll","background-type":"","background-media":"","overlay-type":"","overlay-color":"","overlay-opacity":"","overlay-gradient":""}}},"product_brand":[57],"product_cat":[749,77],"product_tag":[52,75,58],"class_list":{"0":"post-41126","1":"product","2":"type-product","3":"status-publish","4":"has-post-thumbnail","6":"product_brand-gucci","7":"product_cat-gucci-belt","8":"product_cat-belt","9":"product_tag-accessories","10":"product_tag-belt","11":"product_tag-gucci","12":"pa_belt-size-608","13":"pa_belt-size-609","14":"pa_belt-size-610","15":"pa_belt-size-611","16":"pa_belt-size-612","17":"pa_belt-size-613","18":"pa_belt-size-614","19":"desktop-align-left","20":"tablet-align-left","21":"mobile-align-left","23":"first","24":"instock","25":"purchasable","26":"product-type-variable"},"tiered_pricing_type":"fixed","tiered_pricing_fixed_rules":[],"tiered_pricing_product_settings":{"layout":"default","base_unit_name":{"singular":null,"plural":null},"default_variation":null},"tiered_pricing_minimum_quantity":null,"tiered_pricing_roles_data":[],"tiered_pricing_percentage_rules":[],"tiered_pricing_maximum_quantity":null,"tiered_pricing_quantity_step":null,"_links":{"self":[{"href":"https:\/\/prestige-aura.com\/pl\/wp-json\/wp\/v2\/product\/41126","targetHints":{"allow":["GET"]}}],"collection":[{"href":"https:\/\/prestige-aura.com\/pl\/wp-json\/wp\/v2\/product"}],"about":[{"href":"https:\/\/prestige-aura.com\/pl\/wp-json\/wp\/v2\/types\/product"}],"replies":[{"embeddable":true,"href":"https:\/\/prestige-aura.com\/pl\/wp-json\/wp\/v2\/comments?post=41126"}],"wp:featuredmedia":[{"embeddable":true,"href":"https:\/\/prestige-aura.com\/pl\/wp-json\/wp\/v2\/media\/15737"}],"wp:attachment":[{"href":"https:\/\/prestige-aura.com\/pl\/wp-json\/wp\/v2\/media?parent=41126"}],"wp:term":[{"taxonomy":"product_brand","embeddable":true,"href":"https:\/\/prestige-aura.com\/pl\/wp-json\/wp\/v2\/product_brand?post=41126"},{"taxonomy":"product_cat","embeddable":true,"href":"https:\/\/prestige-aura.com\/pl\/wp-json\/wp\/v2\/product_cat?post=41126"},{"taxonomy":"product_tag","embeddable":true,"href":"https:\/\/prestige-aura.com\/pl\/wp-json\/wp\/v2\/product_tag?post=41126"}],"curies":[{"name":"wp","href":"https:\/\/api.w.org\/{rel}","templated":true}]}}