
{"id":40052,"date":"2025-06-23T11:25:00","date_gmt":"2025-06-23T11:25:00","guid":{"rendered":"https:\/\/prestige-aura.com\/product\/breitling-chronomat-automatic-36-south-sea-stainless-steel-diamonds-and-gem-ref-a10380611l1p1-unworn-2024\/"},"modified":"2025-06-24T08:05:09","modified_gmt":"2025-06-24T08:05:09","slug":"breitling-chronomat-automatic-36-south-sea-stainless-steel-diamonds-and-gem-ref-a10380611l1p1-unworn-2024","status":"publish","type":"product","link":"https:\/\/prestige-aura.com\/pl\/produkt\/breitling-chronomat-automatic-36-south-sea-stainless-steel-diamonds-and-gem-ref-a10380611l1p1-unworn-2024\/","title":{"rendered":"Breitling Chronomat Automatic 36 South Sea, stal nierdzewna, diamenty i klejnoty, Ref# A10380611L1P1, Nienoszony 2024"},"content":{"rendered":"<p class=\"MsoNormal\" style=\"mso-margin-bottom-alt: auto; line-height: normal;\"><span lang=\"EN-US\" style=\"font-size: 10.5pt; font-family: 'Georgia',serif; mso-fareast-font-family: 'Times New Roman'; mso-bidi-font-family: 'Segoe UI'; color: #212b36; mso-fareast-language: RU;\">Nienoszony zegarek damski Breitling Chronomat Automatic 36 South Sea, koperta ze szczotkowanej i polerowanej stali nierdzewnej, diamenty i klejnoty, numer referencyjny A10380611L1P1. Skrupulatnie wykonany, aby uosabia\u0107 elegancj\u0119 i funkcjonalno\u015b\u0107, ten zegarek emanuje ponadczasowym urokiem, kt\u00f3ry urzeka wymagaj\u0105ce oko. Wykonane z dba\u0142o\u015bci\u0105 o szczeg\u00f3\u0142y, maj\u0105 nienagann\u0105 mi\u0119tow\u0105 zielon\u0105 tarcz\u0119<\/span><span lang=\"EN-US\"> <\/span><span lang=\"EN-US\" style=\"font-size: 10.5pt; font-family: 'Georgia',serif; mso-fareast-font-family: 'Times New Roman'; mso-bidi-font-family: 'Segoe UI'; color: #212b36; mso-fareast-language: RU;\">z delikatnym wyko\u0144czeniem lakieru s\u0142onecznego, kt\u00f3ry jest ozdobiony emblematem \"B\" z 18-karatowego czerwonego z\u0142ota poni\u017cej pozycji godziny 12. Doskona\u0142e znaczniki godzin wykonane z polerowanego 18-karatowego czerwonego z\u0142ota z krystalicznie czystymi diamentami zamiast \u015bwiec\u0105cych kropek wype\u0142niaj\u0105 tarcz\u0119 wyj\u0105tkowym luksusem. Polerowane wskaz\u00f3wki z 18-karatowego czerwonego z\u0142ota ze \u015bwiec\u0105cym wype\u0142nieniem zapewniaj\u0105 wysok\u0105 czytelno\u015b\u0107 nawet w ciemno\u015bci. Smuk\u0142y sekundnik z 18-karatowego czerwonego z\u0142ota ma specjaln\u0105 konstrukcj\u0119, z grotem strza\u0142y z luminescencyjnym wype\u0142nieniem i logo producenta \"B\" po drugiej stronie. Wzd\u0142u\u017c zewn\u0119trznego obwodu tarczy znajduje si\u0119 drobno wydrukowana \u015bcie\u017cka minut \/ sekund z cyframi arabskimi co 5 minut. Okienko datownika znajduje si\u0119 na godzinie 6. Tarcz\u0119 zamyka odporne na zarysowania szkie\u0142ko szafirowe z obustronn\u0105 pow\u0142ok\u0105 antyrefleksyjn\u0105. Przykr\u0119cany, wytrzyma\u0142y dekiel bezpiecznie os\u0142ania mechanizm zegarka. Koronka z polerowanej stali nierdzewnej bez blokady \u015brubowej z dwiema uszczelkami, klasyczna funkcja Chronomat, nazwana ze wzgl\u0119du na kszta\u0142t karbowanej kopu\u0142y, umo\u017cliwia \u0142atw\u0105 regulacj\u0119. Na jej ko\u0144cu znajduje si\u0119 logo Breitling. Uroczy bezel wykonany z polerowanej stali nierdzewnej i ozdobiony kamieniami szlachetnymi nadaje zegarkowi szczeg\u00f3lnego szyku. Model jest wyposa\u017cony w kaliber Breitling 10 zawieraj\u0105cy 25 klejnot\u00f3w i ma przybli\u017con\u0105 rezerw\u0119 mocy wynosz\u0105c\u0105 42 godziny. Prezentowany jest na kultowym i wygodnym zielonym pasku ze sk\u00f3ry aligatora Breitling z kontrastuj\u0105cymi bia\u0142ymi przeszyciami, kt\u00f3ry zapina si\u0119 na sk\u0142adane zapi\u0119cie ze stali nierdzewnej. Wodoodporno\u015b\u0107 wynosi do 100m\/330ft.<\/span><\/p>\n<ul>\n<li class=\"MsoNormal\" style=\"line-height: normal;\"><span lang=\"EN-US\" style=\"font-size: 10.5pt; font-family: 'Georgia',serif; mso-fareast-font-family: 'Times New Roman'; mso-bidi-font-family: 'Segoe UI'; color: #212b36; mso-fareast-language: RU;\">Marka: Breitling<\/span><\/li>\n<li class=\"MsoNormal\" style=\"line-height: normal;\"><span lang=\"EN-US\" style=\"font-size: 10.5pt; font-family: 'Georgia',serif; mso-fareast-font-family: 'Times New Roman'; mso-bidi-font-family: 'Segoe UI'; color: #212b36; mso-fareast-language: RU;\">Model: Chronomat Automatic 36 South Sea<\/span><\/li>\n<li class=\"MsoNormal\" style=\"line-height: normal;\"><span lang=\"EN-US\" style=\"font-size: 10.5pt; font-family: 'Georgia',serif; mso-fareast-font-family: 'Times New Roman'; mso-bidi-font-family: 'Segoe UI'; color: #212b36; mso-fareast-language: RU;\">Odniesienie: A10380611L1P1<\/span><\/li>\n<li class=\"MsoNormal\" style=\"line-height: normal;\"><span lang=\"EN-US\" style=\"font-size: 10.5pt; font-family: 'Georgia',serif; mso-fareast-font-family: 'Times New Roman'; mso-bidi-font-family: 'Segoe UI'; color: #212b36; mso-fareast-language: RU;\">\u015arednica: 36 mm<\/span><\/li>\n<li class=\"MsoNormal\" style=\"line-height: normal;\"><span lang=\"EN-US\" style=\"font-size: 10.5pt; font-family: 'Georgia',serif; mso-fareast-font-family: 'Times New Roman'; mso-bidi-font-family: 'Segoe UI'; color: #212b36; mso-fareast-language: RU;\">Materia\u0142 obudowy: Stal nierdzewna, diamenty i klejnot<\/span><\/li>\n<li class=\"MsoNormal\" style=\"line-height: normal;\"><span lang=\"EN-US\" style=\"font-size: 10.5pt; font-family: 'Georgia',serif; mso-fareast-font-family: 'Times New Roman'; mso-bidi-font-family: 'Segoe UI'; color: #212b36; mso-fareast-language: RU;\">Kolor tarczy: mi\u0119towo-zielony z delikatnym szlifem s\u0142onecznym<\/span><\/li>\n<li class=\"MsoNormal\" style=\"line-height: normal;\"><span lang=\"EN-US\" style=\"font-size: 10.5pt; font-family: 'Georgia',serif; mso-fareast-font-family: 'Times New Roman'; mso-bidi-font-family: 'Segoe UI'; color: #212b36; mso-fareast-language: RU;\">Typ ramki: Sta\u0142y<\/span><\/li>\n<li class=\"MsoNormal\" style=\"line-height: normal;\"><span lang=\"EN-US\" style=\"font-size: 10.5pt; font-family: 'Georgia',serif; mso-fareast-font-family: 'Times New Roman'; mso-bidi-font-family: 'Segoe UI'; color: #212b36; mso-fareast-language: RU;\">Kolor ramki: srebrny <\/span><\/li>\n<li class=\"MsoNormal\" style=\"line-height: normal;\"><span lang=\"EN-US\" style=\"font-size: 10.5pt; font-family: 'Georgia',serif; mso-fareast-font-family: 'Times New Roman'; mso-bidi-font-family: 'Segoe UI'; color: #212b36; mso-fareast-language: RU;\">Materia\u0142 koperty: Stal nierdzewna i klejnot<\/span><\/li>\n<li class=\"MsoNormal\" style=\"line-height: normal;\"><span lang=\"EN-US\" style=\"font-size: 10.5pt; font-family: 'Georgia',serif; mso-fareast-font-family: 'Times New Roman'; mso-bidi-font-family: 'Segoe UI'; color: #212b36; mso-fareast-language: RU;\">Kryszta\u0142: wygi\u0119ty szafirowy, odporny na odblaski po obu stronach<\/span><\/li>\n<li class=\"MsoNormal\" style=\"line-height: normal;\"><span lang=\"EN-US\" style=\"font-size: 10.5pt; font-family: 'Georgia',serif; mso-fareast-font-family: 'Times New Roman'; mso-bidi-font-family: 'Segoe UI'; color: #212b36; mso-fareast-language: RU;\">Mechanizm: Samozwijaj\u0105cy si\u0119 mechaniczny <\/span><\/li>\n<li class=\"MsoNormal\" style=\"line-height: normal;\"><span lang=\"EN-US\" style=\"font-size: 10.5pt; font-family: 'Georgia',serif; mso-fareast-font-family: 'Times New Roman'; mso-bidi-font-family: 'Segoe UI'; color: #212b36; mso-fareast-language: RU;\">Typ bransoletki: Pasek<\/span><\/li>\n<li class=\"MsoNormal\" style=\"line-height: normal;\">\n<span lang=\"EN-US\" style=\"font-size: 10.5pt; font-family: 'Georgia',serif; mso-fareast-font-family: 'Times New Roman'; mso-bidi-font-family: 'Segoe UI'; color: #212b36; mso-fareast-language: RU;\">Materia\u0142 bransoletki: Zielony<\/span><span lang=\"EN-US\"> <\/span><span lang=\"EN-US\" style=\"font-size: 10.5pt; font-family: 'Georgia',serif; mso-fareast-font-family: 'Times New Roman'; mso-bidi-font-family: 'Segoe UI'; color: #212b36; mso-fareast-language: RU;\">sk\u00f3ra aligatora<\/span>\n<\/li>\n<li class=\"MsoNormal\" style=\"line-height: normal;\"><span lang=\"EN-US\" style=\"font-size: 10.5pt; font-family: 'Georgia',serif; mso-fareast-font-family: 'Times New Roman'; mso-bidi-font-family: 'Segoe UI'; color: #212b36; mso-fareast-language: RU;\">Zapi\u0119cie: sk\u0142adane zapi\u0119cie ze stali nierdzewnej<\/span><\/li>\n<li class=\"MsoNormal\" style=\"line-height: normal;\"><span lang=\"EN-US\" style=\"font-size: 10.5pt; font-family: 'Georgia',serif; mso-fareast-font-family: 'Times New Roman'; mso-bidi-font-family: 'Segoe UI'; color: #212b36; mso-fareast-language: RU;\">Funkcje: Data, Godzina, Minuty, Sekundy <\/span><\/li>\n<li class=\"MsoNormal\" style=\"line-height: normal;\"><span lang=\"EN-US\" style=\"font-size: 10.5pt; font-family: 'Georgia',serif; mso-fareast-font-family: 'Times New Roman'; mso-bidi-font-family: 'Segoe UI'; color: #212b36; mso-fareast-language: RU;\">Wodoodporno\u015b\u0107: Do 100m\/330ft (10 ATM)<\/span><\/li>\n<li class=\"MsoNormal\" style=\"line-height: normal;\"><span lang=\"EN-US\" style=\"font-size: 10.5pt; font-family: 'Georgia',serif; mso-fareast-font-family: 'Times New Roman'; mso-bidi-font-family: 'Segoe UI'; color: #212b36; mso-fareast-language: RU;\">Gwarancja: Bilans mi\u0119dzynarodowej gwarancji Breitling<\/span><\/li>\n<\/ul>\n<p class=\"MsoNormal\"><span lang=\"EN-US\" style=\"font-size: 10.5pt; line-height: 107%; font-family: 'Georgia',serif; mso-fareast-font-family: 'Times New Roman'; mso-bidi-font-family: 'Segoe UI'; color: #212b36; mso-fareast-language: RU;\">Zegarek nie by\u0142 noszony i jest dostarczany z pe\u0142nym zestawem oryginalnych akcesori\u00f3w, takich jak pude\u0142ko na zegarek, karta gwarancyjna z niedawn\u0105 dat\u0105, broszury i instrukcje.<\/span><\/p>\n<p><!----><\/p>","protected":false},"excerpt":{"rendered":"<p>Unworn Ladies watch Breitling Chronomat Automatic 36 South Sea, case brushed and polished Stainless Steel, Diamonds and Gem, Reference A10380611L1P1. [&hellip;]<\/p>","protected":false},"featured_media":40053,"comment_status":"closed","ping_status":"open","template":"","meta":{"site-sidebar-layout":"default","site-content-layout":"","ast-site-content-layout":"","site-content-style":"default","site-sidebar-style":"default","ast-global-header-display":"","ast-banner-title-visibility":"","ast-main-header-display":"","ast-hfb-above-header-display":"","ast-hfb-below-header-display":"","ast-hfb-mobile-header-display":"","site-post-title":"","ast-breadcrumbs-content":"","ast-featured-img":"","footer-sml-layout":"","theme-transparent-header-meta":"","adv-header-id-meta":"","stick-header-meta":"","header-above-stick-meta":"","header-main-stick-meta":"","header-below-stick-meta":"","astra-migrate-meta-layouts":"default","ast-page-background-enabled":"default","ast-page-background-meta":{"desktop":{"background-color":"var(--ast-global-color-5)","background-image":"","background-repeat":"repeat","background-position":"center center","background-size":"auto","background-attachment":"scroll","background-type":"","background-media":"","overlay-type":"","overlay-color":"","overlay-opacity":"","overlay-gradient":""},"tablet":{"background-color":"","background-image":"","background-repeat":"repeat","background-position":"center center","background-size":"auto","background-attachment":"scroll","background-type":"","background-media":"","overlay-type":"","overlay-color":"","overlay-opacity":"","overlay-gradient":""},"mobile":{"background-color":"","background-image":"","background-repeat":"repeat","background-position":"center center","background-size":"auto","background-attachment":"scroll","background-type":"","background-media":"","overlay-type":"","overlay-color":"","overlay-opacity":"","overlay-gradient":""}},"ast-content-background-meta":{"desktop":{"background-color":"var(--ast-global-color-4)","background-image":"","background-repeat":"repeat","background-position":"center center","background-size":"auto","background-attachment":"scroll","background-type":"","background-media":"","overlay-type":"","overlay-color":"","overlay-opacity":"","overlay-gradient":""},"tablet":{"background-color":"var(--ast-global-color-4)","background-image":"","background-repeat":"repeat","background-position":"center center","background-size":"auto","background-attachment":"scroll","background-type":"","background-media":"","overlay-type":"","overlay-color":"","overlay-opacity":"","overlay-gradient":""},"mobile":{"background-color":"var(--ast-global-color-4)","background-image":"","background-repeat":"repeat","background-position":"center center","background-size":"auto","background-attachment":"scroll","background-type":"","background-media":"","overlay-type":"","overlay-color":"","overlay-opacity":"","overlay-gradient":""}}},"product_brand":[215],"product_cat":[401,725,80],"product_tag":[594,730],"class_list":{"0":"post-40052","1":"product","2":"type-product","3":"status-publish","4":"has-post-thumbnail","6":"product_brand-breitling","7":"product_cat-breitling-replica-watches","8":"product_cat-chronomat","9":"product_cat-watchs","10":"product_tag-breitling","11":"product_tag-chronomat","12":"desktop-align-left","13":"tablet-align-left","14":"mobile-align-left","16":"first","17":"instock","18":"sale","19":"purchasable","20":"product-type-simple"},"tiered_pricing_type":"fixed","tiered_pricing_fixed_rules":[],"tiered_pricing_product_settings":{"layout":"default","base_unit_name":{"singular":null,"plural":null},"default_variation":null},"tiered_pricing_minimum_quantity":null,"tiered_pricing_roles_data":[],"tiered_pricing_percentage_rules":[],"tiered_pricing_maximum_quantity":null,"tiered_pricing_quantity_step":null,"_links":{"self":[{"href":"https:\/\/prestige-aura.com\/pl\/wp-json\/wp\/v2\/product\/40052","targetHints":{"allow":["GET"]}}],"collection":[{"href":"https:\/\/prestige-aura.com\/pl\/wp-json\/wp\/v2\/product"}],"about":[{"href":"https:\/\/prestige-aura.com\/pl\/wp-json\/wp\/v2\/types\/product"}],"replies":[{"embeddable":true,"href":"https:\/\/prestige-aura.com\/pl\/wp-json\/wp\/v2\/comments?post=40052"}],"wp:featuredmedia":[{"embeddable":true,"href":"https:\/\/prestige-aura.com\/pl\/wp-json\/wp\/v2\/media\/40053"}],"wp:attachment":[{"href":"https:\/\/prestige-aura.com\/pl\/wp-json\/wp\/v2\/media?parent=40052"}],"wp:term":[{"taxonomy":"product_brand","embeddable":true,"href":"https:\/\/prestige-aura.com\/pl\/wp-json\/wp\/v2\/product_brand?post=40052"},{"taxonomy":"product_cat","embeddable":true,"href":"https:\/\/prestige-aura.com\/pl\/wp-json\/wp\/v2\/product_cat?post=40052"},{"taxonomy":"product_tag","embeddable":true,"href":"https:\/\/prestige-aura.com\/pl\/wp-json\/wp\/v2\/product_tag?post=40052"}],"curies":[{"name":"wp","href":"https:\/\/api.w.org\/{rel}","templated":true}]}}