
{"id":40013,"date":"2025-06-23T11:23:00","date_gmt":"2025-06-23T11:23:00","guid":{"rendered":"https:\/\/prestige-aura.com\/product\/breitling-chronomat-32-stainless-steel-18k-red-gold-and-11-diamonds-ref-u77310101a2u1-unworn-2024\/"},"modified":"2025-06-24T08:05:10","modified_gmt":"2025-06-24T08:05:10","slug":"breitling-chronomat-32-stainless-steel-18k-red-gold-and-11-diamonds-ref-u77310101a2u1-unworn-2024","status":"publish","type":"product","link":"https:\/\/prestige-aura.com\/pl\/produkt\/breitling-chronomat-32-stainless-steel-18k-red-gold-and-11-diamonds-ref-u77310101a2u1-unworn-2024\/","title":{"rendered":"Breitling Chronomat 32, Stainless Steel, 18k Red Gold and 11 Diamonds, Ref# U77310101A2U1, Unworn 2024"},"content":{"rendered":"<p class=\"MsoNormal\" style=\"mso-margin-bottom-alt: auto; line-height: normal;\"><span lang=\"EN-US\" style=\"font-size: 10.5pt; font-family: 'Georgia',serif; mso-fareast-font-family: 'Times New Roman'; mso-bidi-font-family: 'Segoe UI'; color: #212b36; mso-fareast-language: RU;\">Unworn Ladies watch Breitling Chronomat 32, case brushed and polished Stainless Steel<\/span><span lang=\"EN-US\"> <\/span><span lang=\"EN-US\" style=\"font-size: 10.5pt; font-family: 'Georgia',serif; mso-fareast-font-family: 'Times New Roman'; mso-bidi-font-family: 'Segoe UI'; color: #212b36; mso-fareast-language: RU;\">and 8k Red Gold, Reference U77310101A2U1 a unique watch that harmoniously combines functionality with style. Crafted with meticulous attention to detail, they have an impeccable Mother-of-pearl dial, which is decorated with 18k Red Gold a \u00a1\u00b0B\u00a1\u00b1 emblem below the 12 o\u00a1\u00afclock position. Perfect hour markers made of polished 18k Red Gold with 11 crystal clear diamonds instead of luminous dots fill the dial with special luxury. Polished 18k Red Gold hands with luminous filling ensure high readability even in the dark. The slender seconds hand has a special design, having an arrowhead with luminescent filling and the manufacturer\u00a1\u00afs logo \u00a1\u00b0B\u00a1\u00b1 on the other side. Along the outer perimeter of the dial is a finely printed minute\/second track with Arabic numerals every 5 minutes. Date window located at the 6 o\u00a1\u00afclock position. The dial closed by a Cambered Scratch-resistant Sapphire Crystal with glare-proofed both sides. A screw-on, durable case back securely covers the watch mechanism. The non-screw-lock crown is made of polished 18k Red Gold with two gaskets, has a ribbed edge for easy grip, and features the Breitling logo on the end. The watch features a polished 18k Red Gold unidirectional rotating bezel with a ratcheting mechanism, a large luminous dot at the origin, and brushed 1\/4-hour inlays. The Model comes with Breitling Caliber 77 SuperQuartz?, thermocompensated quartz electronic, EOL indicator. The watch presented on the Featuring Breitling\u00a1\u00afs iconic and comfortable \u00a1\u00b0Rouleaux\u00a1\u00b1 bracelet of brushed and polished Stainless Steel and 18k Red Gold with a Stainless Steel Folding Clasp. The water resistance is up to 100m\/330ft. <\/span><\/p>\n<ul>\n<li class=\"MsoNormal\" style=\"line-height: normal;\"><span lang=\"EN-US\" style=\"font-size: 10.5pt; font-family: 'Georgia',serif; mso-fareast-font-family: 'Times New Roman'; mso-bidi-font-family: 'Segoe UI'; color: #212b36; mso-fareast-language: RU;\">Marka: Breitling<\/span><\/li>\n<li class=\"MsoNormal\" style=\"line-height: normal;\"><span lang=\"EN-US\" style=\"font-size: 10.5pt; font-family: 'Georgia',serif; mso-fareast-font-family: 'Times New Roman'; mso-bidi-font-family: 'Segoe UI'; color: #212b36; mso-fareast-language: RU;\">Model: Chronomat 32<\/span><\/li>\n<li class=\"MsoNormal\" style=\"line-height: normal;\"><span lang=\"EN-US\" style=\"font-size: 10.5pt; font-family: 'Georgia',serif; mso-fareast-font-family: 'Times New Roman'; mso-bidi-font-family: 'Segoe UI'; color: #212b36; mso-fareast-language: RU;\">Reference: U77310101A2U1<\/span><\/li>\n<li class=\"MsoNormal\" style=\"line-height: normal;\"><span lang=\"EN-US\" style=\"font-size: 10.5pt; font-family: 'Georgia',serif; mso-fareast-font-family: 'Times New Roman'; mso-bidi-font-family: 'Segoe UI'; color: #212b36; mso-fareast-language: RU;\">Diameter: 32mm<\/span><\/li>\n<li class=\"MsoNormal\" style=\"line-height: normal;\"><span lang=\"EN-US\" style=\"font-size: 10.5pt; font-family: 'Georgia',serif; mso-fareast-font-family: 'Times New Roman'; mso-bidi-font-family: 'Segoe UI'; color: #212b36; mso-fareast-language: RU;\">Case material: Stainless Steel, 18k Red Gold and Diamonds<\/span><\/li>\n<li class=\"MsoNormal\" style=\"line-height: normal;\"><span lang=\"EN-US\" style=\"font-size: 10.5pt; font-family: 'Georgia',serif; mso-fareast-font-family: 'Times New Roman'; mso-bidi-font-family: 'Segoe UI'; color: #212b36; mso-fareast-language: RU;\">Dial color: Mother-of-pearl<\/span><\/li>\n<li class=\"MsoNormal\" style=\"line-height: normal;\"><span lang=\"EN-US\" style=\"font-size: 10.5pt; font-family: 'Georgia',serif; mso-fareast-font-family: 'Times New Roman'; mso-bidi-font-family: 'Segoe UI'; color: #212b36; mso-fareast-language: RU;\">Bezel Type: Unidirectional- ratcheted rotating<\/span><\/li>\n<li class=\"MsoNormal\" style=\"line-height: normal;\"><span lang=\"EN-US\" style=\"font-size: 10.5pt; font-family: 'Georgia',serif; mso-fareast-font-family: 'Times New Roman'; mso-bidi-font-family: 'Segoe UI'; color: #212b36; mso-fareast-language: RU;\">Kolor ramki: czerwone z\u0142oto<\/span><\/li>\n<li class=\"MsoNormal\" style=\"line-height: normal;\"><span lang=\"EN-US\" style=\"font-size: 10.5pt; font-family: 'Georgia',serif; mso-fareast-font-family: 'Times New Roman'; mso-bidi-font-family: 'Segoe UI'; color: #212b36; mso-fareast-language: RU;\">Materia\u0142 koperty: 18-karatowe czerwone z\u0142oto<\/span><\/li>\n<li class=\"MsoNormal\" style=\"line-height: normal;\"><span lang=\"EN-US\" style=\"font-size: 10.5pt; font-family: 'Georgia',serif; mso-fareast-font-family: 'Times New Roman'; mso-bidi-font-family: 'Segoe UI'; color: #212b36; mso-fareast-language: RU;\">Kryszta\u0142: wygi\u0119ty szafirowy, odporny na odblaski po obu stronach<\/span><\/li>\n<li class=\"MsoNormal\" style=\"line-height: normal;\"><span lang=\"EN-US\" style=\"font-size: 10.5pt; font-family: 'Georgia',serif; mso-fareast-font-family: 'Times New Roman'; mso-bidi-font-family: 'Segoe UI'; color: #212b36; mso-fareast-language: RU;\">Mechanizm: SuperQuartz?, termokompensowany kwarc elektroniczny, wska\u017anik EOL <\/span><\/li>\n<li class=\"MsoNormal\" style=\"line-height: normal;\"><span lang=\"EN-US\" style=\"font-size: 10.5pt; font-family: 'Georgia',serif; mso-fareast-font-family: 'Times New Roman'; mso-bidi-font-family: 'Segoe UI'; color: #212b36; mso-fareast-language: RU;\">Bracelet Type: Rouleaux<\/span><\/li>\n<li class=\"MsoNormal\" style=\"line-height: normal;\"><span lang=\"EN-US\" style=\"font-size: 10.5pt; font-family: 'Georgia',serif; mso-fareast-font-family: 'Times New Roman'; mso-bidi-font-family: 'Segoe UI'; color: #212b36; mso-fareast-language: RU;\">Bracelet Material: Brushed and Polished Stainless Steel and 18k Red Gold<\/span><\/li>\n<li class=\"MsoNormal\" style=\"line-height: normal;\"><span lang=\"EN-US\" style=\"font-size: 10.5pt; font-family: 'Georgia',serif; mso-fareast-font-family: 'Times New Roman'; mso-bidi-font-family: 'Segoe UI'; color: #212b36; mso-fareast-language: RU;\">Zapi\u0119cie: sk\u0142adane zapi\u0119cie ze stali nierdzewnej<\/span><\/li>\n<li class=\"MsoNormal\" style=\"line-height: normal;\"><span lang=\"EN-US\" style=\"font-size: 10.5pt; font-family: 'Georgia',serif; mso-fareast-font-family: 'Times New Roman'; mso-bidi-font-family: 'Segoe UI'; color: #212b36; mso-fareast-language: RU;\">Funkcje: Data, Godzina, Minuty, Sekundy <\/span><\/li>\n<li class=\"MsoNormal\" style=\"line-height: normal;\"><span lang=\"EN-US\" style=\"font-size: 10.5pt; font-family: 'Georgia',serif; mso-fareast-font-family: 'Times New Roman'; mso-bidi-font-family: 'Segoe UI'; color: #212b36; mso-fareast-language: RU;\">Wodoodporno\u015b\u0107: Do 100m\/330ft (10 ATM)<\/span><\/li>\n<li class=\"MsoNormal\" style=\"line-height: normal;\"><span lang=\"EN-US\" style=\"font-size: 10.5pt; font-family: 'Georgia',serif; mso-fareast-font-family: 'Times New Roman'; mso-bidi-font-family: 'Segoe UI'; color: #212b36; mso-fareast-language: RU;\">Gwarancja: Bilans mi\u0119dzynarodowej gwarancji Breitling<\/span><\/li>\n<\/ul>\n<p class=\"MsoNormal\"><span lang=\"EN-US\" style=\"font-size: 10.5pt; line-height: 107%; font-family: 'Georgia',serif; mso-fareast-font-family: 'Times New Roman'; mso-bidi-font-family: 'Segoe UI'; color: #212b36; mso-fareast-language: RU;\">Zegarek nie by\u0142 noszony i jest dostarczany z pe\u0142nym zestawem oryginalnych akcesori\u00f3w, takich jak pude\u0142ko na zegarek, karta gwarancyjna z niedawn\u0105 dat\u0105, broszury i instrukcje.<\/span><\/p>\n<p><!----><\/p>","protected":false},"excerpt":{"rendered":"<p>Unworn Ladies watch Breitling Chronomat 32, case brushed and polished Stainless Steel and 8k Red Gold, Reference U77310101A2U1 a unique [&hellip;]<\/p>","protected":false},"featured_media":40014,"comment_status":"closed","ping_status":"open","template":"","meta":{"site-sidebar-layout":"default","site-content-layout":"","ast-site-content-layout":"","site-content-style":"default","site-sidebar-style":"default","ast-global-header-display":"","ast-banner-title-visibility":"","ast-main-header-display":"","ast-hfb-above-header-display":"","ast-hfb-below-header-display":"","ast-hfb-mobile-header-display":"","site-post-title":"","ast-breadcrumbs-content":"","ast-featured-img":"","footer-sml-layout":"","theme-transparent-header-meta":"","adv-header-id-meta":"","stick-header-meta":"","header-above-stick-meta":"","header-main-stick-meta":"","header-below-stick-meta":"","astra-migrate-meta-layouts":"default","ast-page-background-enabled":"default","ast-page-background-meta":{"desktop":{"background-color":"var(--ast-global-color-5)","background-image":"","background-repeat":"repeat","background-position":"center center","background-size":"auto","background-attachment":"scroll","background-type":"","background-media":"","overlay-type":"","overlay-color":"","overlay-opacity":"","overlay-gradient":""},"tablet":{"background-color":"","background-image":"","background-repeat":"repeat","background-position":"center center","background-size":"auto","background-attachment":"scroll","background-type":"","background-media":"","overlay-type":"","overlay-color":"","overlay-opacity":"","overlay-gradient":""},"mobile":{"background-color":"","background-image":"","background-repeat":"repeat","background-position":"center center","background-size":"auto","background-attachment":"scroll","background-type":"","background-media":"","overlay-type":"","overlay-color":"","overlay-opacity":"","overlay-gradient":""}},"ast-content-background-meta":{"desktop":{"background-color":"var(--ast-global-color-4)","background-image":"","background-repeat":"repeat","background-position":"center center","background-size":"auto","background-attachment":"scroll","background-type":"","background-media":"","overlay-type":"","overlay-color":"","overlay-opacity":"","overlay-gradient":""},"tablet":{"background-color":"var(--ast-global-color-4)","background-image":"","background-repeat":"repeat","background-position":"center center","background-size":"auto","background-attachment":"scroll","background-type":"","background-media":"","overlay-type":"","overlay-color":"","overlay-opacity":"","overlay-gradient":""},"mobile":{"background-color":"var(--ast-global-color-4)","background-image":"","background-repeat":"repeat","background-position":"center center","background-size":"auto","background-attachment":"scroll","background-type":"","background-media":"","overlay-type":"","overlay-color":"","overlay-opacity":"","overlay-gradient":""}}},"product_brand":[215],"product_cat":[401,725,80],"product_tag":[594,730],"class_list":{"0":"post-40013","1":"product","2":"type-product","3":"status-publish","4":"has-post-thumbnail","6":"product_brand-breitling","7":"product_cat-breitling-replica-watches","8":"product_cat-chronomat","9":"product_cat-watchs","10":"product_tag-breitling","11":"product_tag-chronomat","12":"desktop-align-left","13":"tablet-align-left","14":"mobile-align-left","16":"first","17":"instock","18":"sale","19":"purchasable","20":"product-type-simple"},"tiered_pricing_type":"fixed","tiered_pricing_fixed_rules":[],"tiered_pricing_product_settings":{"layout":"default","base_unit_name":{"singular":null,"plural":null},"default_variation":null},"tiered_pricing_minimum_quantity":null,"tiered_pricing_roles_data":[],"tiered_pricing_percentage_rules":[],"tiered_pricing_maximum_quantity":null,"tiered_pricing_quantity_step":null,"_links":{"self":[{"href":"https:\/\/prestige-aura.com\/pl\/wp-json\/wp\/v2\/product\/40013","targetHints":{"allow":["GET"]}}],"collection":[{"href":"https:\/\/prestige-aura.com\/pl\/wp-json\/wp\/v2\/product"}],"about":[{"href":"https:\/\/prestige-aura.com\/pl\/wp-json\/wp\/v2\/types\/product"}],"replies":[{"embeddable":true,"href":"https:\/\/prestige-aura.com\/pl\/wp-json\/wp\/v2\/comments?post=40013"}],"wp:featuredmedia":[{"embeddable":true,"href":"https:\/\/prestige-aura.com\/pl\/wp-json\/wp\/v2\/media\/40014"}],"wp:attachment":[{"href":"https:\/\/prestige-aura.com\/pl\/wp-json\/wp\/v2\/media?parent=40013"}],"wp:term":[{"taxonomy":"product_brand","embeddable":true,"href":"https:\/\/prestige-aura.com\/pl\/wp-json\/wp\/v2\/product_brand?post=40013"},{"taxonomy":"product_cat","embeddable":true,"href":"https:\/\/prestige-aura.com\/pl\/wp-json\/wp\/v2\/product_cat?post=40013"},{"taxonomy":"product_tag","embeddable":true,"href":"https:\/\/prestige-aura.com\/pl\/wp-json\/wp\/v2\/product_tag?post=40013"}],"curies":[{"name":"wp","href":"https:\/\/api.w.org\/{rel}","templated":true}]}}