
{"id":37399,"date":"2025-06-22T20:00:00","date_gmt":"2025-06-22T20:00:00","guid":{"rendered":"https:\/\/prestige-aura.com\/product\/patek-philippe-aquanaut-blue-dial-18k-white-gold-men%c2%afs-watch-5168g-001\/"},"modified":"2025-08-24T15:32:02","modified_gmt":"2025-08-24T15:32:02","slug":"patek-philippe-aquanaut-blue-dial-18k-white-gold-mens-watch-5168g-001","status":"publish","type":"product","link":"https:\/\/prestige-aura.com\/pl\/produkt\/patek-philippe-aquanaut-blue-dial-18k-white-gold-mens-watch-5168g-001\/","title":{"rendered":"Patek Philippe Aquanaut Blue Dial 18K White Gold Men\u2019s Watch 5168G-001"},"content":{"rendered":"<div class=\"product-tabs-content-item product-tabs-content-item-active mo-editor-reset\">\n<p class=\"p1\">Item No PP0077 NP JB<\/p>\n<p>GWARANCJA ORYGINALNO\u015aCI WSZYSTKICH ZEGARK\u00d3W 100%<br \/>\n-Patek Philippe Pude\u0142ko i karta gwarancyjna<br \/>\n-Naklejki fabryczne<br \/>\n-3 lata gwarancji z WatchGuyNYC i\/lub autoryzowanym dealerem<\/p>\n<table>\n<tbody>\n<tr>\n<th>Stan<\/th>\n<th>Nigdy nie noszone<\/th>\n<\/tr>\n<tr>\n<td>Marka<\/td>\n<td>Patek Philippe<\/td>\n<\/tr>\n<tr>\n<td>Model<\/td>\n<td>Patek Aquanaut 5168G-001<\/td>\n<\/tr>\n<tr>\n<td>Seria\/rok<\/td>\n<td>Aktualny<\/td>\n<\/tr>\n<tr>\n<td>\u015arednica obudowy<\/td>\n<td>42,2 mm<\/td>\n<\/tr>\n<tr>\n<td>Wybieranie<\/td>\n<td>\n<div><\/div>\n<div><\/div>\n<div><\/div>\n<div><\/div>\n<div><\/div>\n<div><\/div>\n<div><\/div>\n<p>Niebieski<\/p>\n<\/td>\n<\/tr>\n<\/tbody>\n<\/table>\n<p><strong><br \/>\nW pewnych okoliczno\u015bciach reklamowany produkt mo\u017ce by\u0107 niedost\u0119pny.<\/strong><\/p>\n<p>&nbsp;<\/p>\n<p>18kt white gold case with a midnight blue composite bracelet. Fixed 18kt white gold bezel. Blue dial with silver-tone hands and Arabic numeral hour markers. Dial Type: Analog. Luminescent hands and markers. Date display at the 3 o\u00a1\u00afclock position. Patek Philippe Calibre 324 S C automatic movement with a 45-hour power reserve. Scratch resistant sapphire crystal. Screw down crown. Transparent case back. Case size: 42.2 mm. Cushion case shape. Fold over with safety release clasp. Water resistant at 120 meters \/ 390 feet. Functions: date, hour, minute, second. Luxury watch style. Watch label: Swiss Made. Patek Philippe Patek Aquanaut Blue Dial Automatic Mens Watch 5168G-001<\/p>\n<\/div>","protected":false},"excerpt":{"rendered":"<p>Item No PP0077 NP JB ALL WATCHES GUARANTEED 100% GENUINE -Patek Philippe Box &amp; Warranty Card -Factory Stickers -3 Year [&hellip;]<\/p>","protected":false},"featured_media":37380,"comment_status":"closed","ping_status":"open","template":"","meta":{"site-sidebar-layout":"default","site-content-layout":"","ast-site-content-layout":"","site-content-style":"default","site-sidebar-style":"default","ast-global-header-display":"","ast-banner-title-visibility":"","ast-main-header-display":"","ast-hfb-above-header-display":"","ast-hfb-below-header-display":"","ast-hfb-mobile-header-display":"","site-post-title":"","ast-breadcrumbs-content":"","ast-featured-img":"","footer-sml-layout":"","theme-transparent-header-meta":"","adv-header-id-meta":"","stick-header-meta":"","header-above-stick-meta":"","header-main-stick-meta":"","header-below-stick-meta":"","astra-migrate-meta-layouts":"default","ast-page-background-enabled":"default","ast-page-background-meta":{"desktop":{"background-color":"var(--ast-global-color-5)","background-image":"","background-repeat":"repeat","background-position":"center center","background-size":"auto","background-attachment":"scroll","background-type":"","background-media":"","overlay-type":"","overlay-color":"","overlay-opacity":"","overlay-gradient":""},"tablet":{"background-color":"","background-image":"","background-repeat":"repeat","background-position":"center center","background-size":"auto","background-attachment":"scroll","background-type":"","background-media":"","overlay-type":"","overlay-color":"","overlay-opacity":"","overlay-gradient":""},"mobile":{"background-color":"","background-image":"","background-repeat":"repeat","background-position":"center center","background-size":"auto","background-attachment":"scroll","background-type":"","background-media":"","overlay-type":"","overlay-color":"","overlay-opacity":"","overlay-gradient":""}},"ast-content-background-meta":{"desktop":{"background-color":"var(--ast-global-color-4)","background-image":"","background-repeat":"repeat","background-position":"center center","background-size":"auto","background-attachment":"scroll","background-type":"","background-media":"","overlay-type":"","overlay-color":"","overlay-opacity":"","overlay-gradient":""},"tablet":{"background-color":"var(--ast-global-color-4)","background-image":"","background-repeat":"repeat","background-position":"center center","background-size":"auto","background-attachment":"scroll","background-type":"","background-media":"","overlay-type":"","overlay-color":"","overlay-opacity":"","overlay-gradient":""},"mobile":{"background-color":"var(--ast-global-color-4)","background-image":"","background-repeat":"repeat","background-position":"center center","background-size":"auto","background-attachment":"scroll","background-type":"","background-media":"","overlay-type":"","overlay-color":"","overlay-opacity":"","overlay-gradient":""}}},"product_brand":[],"product_cat":[697,696,80],"product_tag":[695,694],"class_list":{"0":"post-37399","1":"product","2":"type-product","3":"status-publish","4":"has-post-thumbnail","6":"product_cat-aquanaut","7":"product_cat-patek-philippe","8":"product_cat-watchs","9":"product_tag-aquanaut","10":"product_tag-patek-philippe","11":"desktop-align-left","12":"tablet-align-left","13":"mobile-align-left","15":"first","16":"instock","17":"sale","18":"purchasable","19":"product-type-simple"},"tiered_pricing_type":"fixed","tiered_pricing_fixed_rules":[],"tiered_pricing_product_settings":{"layout":"default","base_unit_name":{"singular":null,"plural":null},"default_variation":null},"tiered_pricing_minimum_quantity":null,"tiered_pricing_roles_data":[],"tiered_pricing_percentage_rules":[],"tiered_pricing_maximum_quantity":null,"tiered_pricing_quantity_step":null,"_links":{"self":[{"href":"https:\/\/prestige-aura.com\/pl\/wp-json\/wp\/v2\/product\/37399","targetHints":{"allow":["GET"]}}],"collection":[{"href":"https:\/\/prestige-aura.com\/pl\/wp-json\/wp\/v2\/product"}],"about":[{"href":"https:\/\/prestige-aura.com\/pl\/wp-json\/wp\/v2\/types\/product"}],"replies":[{"embeddable":true,"href":"https:\/\/prestige-aura.com\/pl\/wp-json\/wp\/v2\/comments?post=37399"}],"wp:featuredmedia":[{"embeddable":true,"href":"https:\/\/prestige-aura.com\/pl\/wp-json\/wp\/v2\/media\/37380"}],"wp:attachment":[{"href":"https:\/\/prestige-aura.com\/pl\/wp-json\/wp\/v2\/media?parent=37399"}],"wp:term":[{"taxonomy":"product_brand","embeddable":true,"href":"https:\/\/prestige-aura.com\/pl\/wp-json\/wp\/v2\/product_brand?post=37399"},{"taxonomy":"product_cat","embeddable":true,"href":"https:\/\/prestige-aura.com\/pl\/wp-json\/wp\/v2\/product_cat?post=37399"},{"taxonomy":"product_tag","embeddable":true,"href":"https:\/\/prestige-aura.com\/pl\/wp-json\/wp\/v2\/product_tag?post=37399"}],"curies":[{"name":"wp","href":"https:\/\/api.w.org\/{rel}","templated":true}]}}