
{"id":36919,"date":"2025-06-22T10:00:00","date_gmt":"2025-06-22T10:00:00","guid":{"rendered":"https:\/\/prestige-aura.com\/product\/omega-seamaster-diver-300m-co-axial-master-chronometer-42mm-black-stainless-steel-210-30-42-20-01-001\/"},"modified":"2025-06-24T12:44:16","modified_gmt":"2025-06-24T12:44:16","slug":"omega-seamaster-diver-300m-co-axial-master-chronometer-42mm-black-stainless-steel-210-30-42-20-01-001","status":"publish","type":"product","link":"https:\/\/prestige-aura.com\/pl\/produkt\/omega-seamaster-diver-300m-co-axial-master-chronometer-42mm-black-stainless-steel-210-30-42-20-01-001\/","title":{"rendered":"Omega Seamaster Diver 300M Co-Axial Master Chronometer 42mm Black Stainless Steel- 210.30.42.20.01.001"},"content":{"rendered":"<div class=\"woocommerce-Tabs-panel woocommerce-Tabs-panel--description panel entry-content active\" id=\"tab-description\" role=\"tabpanel\" aria-labelledby=\"tab-title-description\">\n<ul class=\"tabs wc-tabs product-tabs small-nav-collapse nav nav-uppercase nav-line nav-left\" role=\"tablist\">\n<li id=\"tab-title-description\" class=\"description_tab active\" role=\"tab\" aria-controls=\"tab-description\"><a href=\"https:\/\/infinitywatch.co\/product\/omega-seamaster-diver-300m-coaxial-master-chronometer-42-mm-watch-8046\/#tab-description\">Opis<\/a><\/li>\n<li id=\"tab-title-reviews\" class=\"reviews_tab\" role=\"tab\" aria-controls=\"tab-reviews\"><a href=\"https:\/\/infinitywatch.co\/product\/omega-seamaster-diver-300m-coaxial-master-chronometer-42-mm-watch-8046\/#tab-reviews\">Recenzje (0)<\/a><\/li>\n<\/ul>\n<div class=\"tab-panels\">\n<div id=\"tab-description\" class=\"woocommerce-Tabs-panel woocommerce-Tabs-panel--description panel entry-content active\" role=\"tabpanel\" aria-labelledby=\"tab-title-description\">\n<div class=\"row\">\n<div class=\"large-12 columns\">\n<div class=\"nasa-tab-wrap text-center\">\n<ul class=\"nasa-tabs nasa-classic-style nasa-classic-2d nasa-tabs-no-border\">\n<li class=\"nasa-single-product-tab description_tab nasa-tab active first last\"><a rel=\"nofollow\" data-id=\"#nasa-tab-description\">Opis<\/a><\/li>\n<\/ul>\n<\/div>\n<\/div>\n<\/div>\n<div class=\"nasa-panels nasa-desc-wrap\">\n<div id=\"nasa-tab-description\" class=\"nasa-panel nasa-content-description active\">\n<div class=\"row\">\n<div class=\"large-12 columns nasa-content-panel\">\n<p>Omega Seamaster 8800 Diver is on sale now, just needs $229 and includes free worldwide shipping.<br \/>\nYou will get a great quality knockoff Omega Seamaster 8800 Diver with the best price, 1:1 made as the original. If you are not satisfied with the product you received, please be sure to contact us, we promise to solve the problem for you. We are confident that you will adore our products and that we can establish a long-term business relationship with each other. If you want to get a better quality watch, or if you want to find other brands of replica watches that are not available on our website, please contact us. We will do our best to help you.<\/p>\n<p><img decoding=\"async\" src=\"https:\/\/infinitywatch.co\/wp-content\/uploads\/2023\/12\/omega-seamaster-diver-300m-coaxial-master-chronometer-42-mm-watch-ai8lm.webp\" alt=\"OMEGA SEAMASTER DIVER 300M CO?AXIAL MASTER CHRONOMETER 42 MM WATCH\"><\/p>\n<table id=\"tablepress-524-no-2\" class=\"tablepress tablepress-id-524\">\n<thead>\n<tr class=\"row-1 odd\">\n<th class=\"column-1\" colspan=\"2\">SPECIFICATION OF OMEGA SEAMASTER DIVER STEEL 210.30.42.20.04.001 WHITE DIAL<\/th>\n<\/tr>\n<\/thead>\n<tbody class=\"row-hover\">\n<tr class=\"row-2 even\">\n<td class=\"column-1\"><b>MARKA<\/b><\/td>\n<td class=\"column-2\">Omega<\/td>\n<\/tr>\n<tr class=\"row-3 odd\">\n<td class=\"column-1\"><b>RODZINA<\/b><\/td>\n<td class=\"column-2\">Seamaster Diver 300M<\/td>\n<\/tr>\n<tr class=\"row-4 even\">\n<td class=\"column-1\"><b>MODEL NR<\/b><\/td>\n<td class=\"column-2\">210.30.42.20.04.001<\/td>\n<\/tr>\n<tr class=\"row-5 odd\">\n<td class=\"column-1\" colspan=\"2\"><b>MECHANIZM<\/b><\/td>\n<\/tr>\n<tr class=\"row-6 even\">\n<td class=\"column-1\">Ruch<\/td>\n<td class=\"column-2\">Automatyczny<\/td>\n<\/tr>\n<tr class=\"row-7 odd\">\n<td class=\"column-1\">Kaliber<\/td>\n<td class=\"column-2\">8800<\/td>\n<\/tr>\n<tr class=\"row-8 even\">\n<td class=\"column-1\">Rezerwa mocy<\/td>\n<td class=\"column-2\">60 godzin (w przybli\u017ceniu)<\/td>\n<\/tr>\n<tr class=\"row-9 odd\">\n<td class=\"column-1\">Precyzja<\/td>\n<td class=\"column-2\">(-3\/+3 s\/dzie\u0144) W granicach certyfikatu COSC<\/td>\n<\/tr>\n<tr class=\"row-10 even\">\n<td class=\"column-1\">Z drugiej r\u0119ki<\/td>\n<td class=\"column-2\">Sweep Motion<\/td>\n<\/tr>\n<tr class=\"row-11 odd\">\n<td class=\"column-1\" colspan=\"2\"><b>CASE<\/b><\/td>\n<\/tr>\n<tr class=\"row-12 even\">\n<td class=\"column-1\">Materia\u0142<\/td>\n<td class=\"column-2\">Stal nierdzewna 904L<\/td>\n<\/tr>\n<tr class=\"row-13 odd\">\n<td class=\"column-1\">Kolor<\/td>\n<td class=\"column-2\">Stal<\/td>\n<\/tr>\n<tr class=\"row-14 even\">\n<td class=\"column-1\">Materia\u0142 ramki<\/td>\n<td class=\"column-2\">Stal nierdzewna 904L<\/td>\n<\/tr>\n<tr class=\"row-15 odd\">\n<td class=\"column-1\">Kolor ramki<\/td>\n<td class=\"column-2\">Black<\/td>\n<\/tr>\n<tr class=\"row-16 even\">\n<td class=\"column-1\">Kryszta\u0142<\/td>\n<td class=\"column-2\">Szafirowy kryszta\u0142<\/td>\n<\/tr>\n<tr class=\"row-17 odd\">\n<td class=\"column-1\">Rozmiar<\/td>\n<td class=\"column-2\">42.00 mm<\/td>\n<\/tr>\n<tr class=\"row-18 even\">\n<td class=\"column-1\">Grubo\u015b\u0107<\/td>\n<td class=\"column-2\">13.00 mm<\/td>\n<\/tr>\n<tr class=\"row-19 odd\">\n<td class=\"column-1\" colspan=\"2\"><b>BRANSOLETKA<\/b><\/td>\n<\/tr>\n<tr class=\"row-20 even\">\n<td class=\"column-1\">Materia\u0142<\/td>\n<td class=\"column-2\">Stal nierdzewna 904L<\/td>\n<\/tr>\n<tr class=\"row-21 odd\">\n<td class=\"column-1\">Typ<\/td>\n<td class=\"column-2\">N\/a<\/td>\n<\/tr>\n<tr class=\"row-22 even\">\n<td class=\"column-1\">Kolor<\/td>\n<td class=\"column-2\">Steel, White<\/td>\n<\/tr>\n<tr class=\"row-23 odd\">\n<td class=\"column-1\">Rozmiar<\/td>\n<td class=\"column-2\">Regulowane ogniwa dla wszystkich rozmiar\u00f3w<\/td>\n<\/tr>\n<tr class=\"row-24 even\">\n<td class=\"column-1\">Materia\u0142 zapi\u0119cia<\/td>\n<td class=\"column-2\">Stal nierdzewna 904L<\/td>\n<\/tr>\n<tr class=\"row-25 odd\">\n<td class=\"column-1\">Typ zapi\u0119cia<\/td>\n<td class=\"column-2\">Fold clasp<\/td>\n<\/tr>\n<tr class=\"row-26 even\">\n<td class=\"column-1\">Kolor zapi\u0119cia<\/td>\n<td class=\"column-2\">Stal<\/td>\n<\/tr>\n<tr class=\"row-27 odd\">\n<td class=\"column-1\" colspan=\"2\"><b>DIAL<\/b><\/td>\n<\/tr>\n<tr class=\"row-28 even\">\n<td class=\"column-1\">Pseudonim<\/td>\n<td class=\"column-2\">NIE DOTYCZY<\/td>\n<\/tr>\n<tr class=\"row-29 odd\">\n<td class=\"column-1\">Kolor<\/td>\n<td class=\"column-2\">Bia\u0142y<\/td>\n<\/tr>\n<tr class=\"row-30 even\">\n<td class=\"column-1\">Wskazania<\/td>\n<td class=\"column-2\">Sztyft \/ kropka<\/td>\n<\/tr>\n<tr class=\"row-31 odd\">\n<td class=\"column-1\">Materia\u0142 znacznik\u00f3w godzin<\/td>\n<td class=\"column-2\">Stal nierdzewna 904L<\/td>\n<\/tr>\n<tr class=\"row-32 even\">\n<td class=\"column-1\">Typ znacznik\u00f3w godzin<\/td>\n<td class=\"column-2\">Dot<\/td>\n<\/tr>\n<tr class=\"row-33 odd\">\n<td class=\"column-1\">Materia\u0142 d\u0142oni<\/td>\n<td class=\"column-2\">Stal nierdzewna 904L<\/td>\n<\/tr>\n<tr class=\"row-34 even\">\n<td class=\"column-1\">Typ d\u0142oni<\/td>\n<td class=\"column-2\">Sword<\/td>\n<\/tr>\n<tr class=\"row-35 odd\">\n<td class=\"column-1\"><b>FUNKCJE<\/b><\/td>\n<td class=\"column-2\">Godziny, minuty, sekundy | data | chronometr, mechanizm wsp\u00f3\u0142osiowy<\/td>\n<\/tr>\n<tr class=\"row-36 even\">\n<td class=\"column-1\"><b>WODOODPORNO\u015a\u0106<\/b><\/td>\n<td class=\"column-2\">Przeszed\u0142 test wodoodporno\u015bci 30 m. (Test zosta\u0142 przeprowadzony pod ci\u015bnieniem 3 atm\/30 metr\u00f3w. Jednak p\u0142ywanie nie jest zalecane dla \u017cadnego zegarka, zar\u00f3wno oryginalnego, jak i repliki).<\/td>\n<\/tr>\n<\/tbody>\n<\/table>\n<\/div>\n<\/div>\n<\/div>\n<\/div>\n<\/div>\n<\/div><\/div>","protected":false},"excerpt":{"rendered":"<p>Description Reviews (0) Description Omega Seamaster 8800 Diver is on sale now, just needs $229 and includes free worldwide shipping. [&hellip;]<\/p>","protected":false},"featured_media":36920,"comment_status":"closed","ping_status":"open","template":"","meta":{"site-sidebar-layout":"default","site-content-layout":"","ast-site-content-layout":"","site-content-style":"default","site-sidebar-style":"default","ast-global-header-display":"","ast-banner-title-visibility":"","ast-main-header-display":"","ast-hfb-above-header-display":"","ast-hfb-below-header-display":"","ast-hfb-mobile-header-display":"","site-post-title":"","ast-breadcrumbs-content":"","ast-featured-img":"","footer-sml-layout":"","theme-transparent-header-meta":"","adv-header-id-meta":"","stick-header-meta":"","header-above-stick-meta":"","header-main-stick-meta":"","header-below-stick-meta":"","astra-migrate-meta-layouts":"default","ast-page-background-enabled":"default","ast-page-background-meta":{"desktop":{"background-color":"var(--ast-global-color-5)","background-image":"","background-repeat":"repeat","background-position":"center center","background-size":"auto","background-attachment":"scroll","background-type":"","background-media":"","overlay-type":"","overlay-color":"","overlay-opacity":"","overlay-gradient":""},"tablet":{"background-color":"","background-image":"","background-repeat":"repeat","background-position":"center center","background-size":"auto","background-attachment":"scroll","background-type":"","background-media":"","overlay-type":"","overlay-color":"","overlay-opacity":"","overlay-gradient":""},"mobile":{"background-color":"","background-image":"","background-repeat":"repeat","background-position":"center center","background-size":"auto","background-attachment":"scroll","background-type":"","background-media":"","overlay-type":"","overlay-color":"","overlay-opacity":"","overlay-gradient":""}},"ast-content-background-meta":{"desktop":{"background-color":"var(--ast-global-color-4)","background-image":"","background-repeat":"repeat","background-position":"center center","background-size":"auto","background-attachment":"scroll","background-type":"","background-media":"","overlay-type":"","overlay-color":"","overlay-opacity":"","overlay-gradient":""},"tablet":{"background-color":"var(--ast-global-color-4)","background-image":"","background-repeat":"repeat","background-position":"center center","background-size":"auto","background-attachment":"scroll","background-type":"","background-media":"","overlay-type":"","overlay-color":"","overlay-opacity":"","overlay-gradient":""},"mobile":{"background-color":"var(--ast-global-color-4)","background-image":"","background-repeat":"repeat","background-position":"center center","background-size":"auto","background-attachment":"scroll","background-type":"","background-media":"","overlay-type":"","overlay-color":"","overlay-opacity":"","overlay-gradient":""}}},"product_brand":[687],"product_cat":[689,691,80],"product_tag":[688],"class_list":{"0":"post-36919","1":"product","2":"type-product","3":"status-publish","4":"has-post-thumbnail","6":"product_brand-omega","7":"product_cat-omega","8":"product_cat-seamaster-diver","9":"product_cat-watchs","10":"product_tag-omega","11":"desktop-align-left","12":"tablet-align-left","13":"mobile-align-left","15":"first","16":"instock","17":"sale","18":"purchasable","19":"product-type-simple"},"tiered_pricing_type":"fixed","tiered_pricing_fixed_rules":[],"tiered_pricing_product_settings":{"layout":"default","base_unit_name":{"singular":null,"plural":null},"default_variation":null},"tiered_pricing_minimum_quantity":null,"tiered_pricing_roles_data":[],"tiered_pricing_percentage_rules":[],"tiered_pricing_maximum_quantity":null,"tiered_pricing_quantity_step":null,"_links":{"self":[{"href":"https:\/\/prestige-aura.com\/pl\/wp-json\/wp\/v2\/product\/36919","targetHints":{"allow":["GET"]}}],"collection":[{"href":"https:\/\/prestige-aura.com\/pl\/wp-json\/wp\/v2\/product"}],"about":[{"href":"https:\/\/prestige-aura.com\/pl\/wp-json\/wp\/v2\/types\/product"}],"replies":[{"embeddable":true,"href":"https:\/\/prestige-aura.com\/pl\/wp-json\/wp\/v2\/comments?post=36919"}],"wp:featuredmedia":[{"embeddable":true,"href":"https:\/\/prestige-aura.com\/pl\/wp-json\/wp\/v2\/media\/36920"}],"wp:attachment":[{"href":"https:\/\/prestige-aura.com\/pl\/wp-json\/wp\/v2\/media?parent=36919"}],"wp:term":[{"taxonomy":"product_brand","embeddable":true,"href":"https:\/\/prestige-aura.com\/pl\/wp-json\/wp\/v2\/product_brand?post=36919"},{"taxonomy":"product_cat","embeddable":true,"href":"https:\/\/prestige-aura.com\/pl\/wp-json\/wp\/v2\/product_cat?post=36919"},{"taxonomy":"product_tag","embeddable":true,"href":"https:\/\/prestige-aura.com\/pl\/wp-json\/wp\/v2\/product_tag?post=36919"}],"curies":[{"name":"wp","href":"https:\/\/api.w.org\/{rel}","templated":true}]}}