
{"id":36829,"date":"2025-06-22T06:51:00","date_gmt":"2025-06-22T06:51:00","guid":{"rendered":"https:\/\/prestige-aura.com\/product\/hublot-classic-fusion-chronograph-premier-league-42mm-limited-edition-ref-541-nx-8970-rx-plw23-2\/"},"modified":"2025-06-24T12:33:46","modified_gmt":"2025-06-24T12:33:46","slug":"hublot-classic-fusion-chronograph-premier-league-42mm-limited-edition-ref-541-nx-8970-rx-plw23-2","status":"publish","type":"product","link":"https:\/\/prestige-aura.com\/pl\/produkt\/hublot-classic-fusion-chronograph-premier-league-42mm-limited-edition-ref-541-nx-8970-rx-plw23-2\/","title":{"rendered":"Hublot Classic Fusion Chronograph Premier League 42 mm, edycja limitowana, Ref# 541.NX.8970.RX.PLW23"},"content":{"rendered":"<p>Oddaj\u0105c ho\u0142d najpopularniejszej lidze pi\u0142karskiej na \u015bwiecie, jako jej najwi\u0119kszy partner, Hublot stworzy\u0142 m\u0119ski zegarek Hublot Classic Fusion Chronograph Premier League, 42 mm, numer referencyjny 541.NX.8970.RX.PLW23 ze s\u0142ynnym ukoronowanym lwem Premier League na godzinie 3? Ten wybuchowy model jest harmonijnym po\u0142\u0105czeniem klasycznego i sportowego stylu, kreatywno\u015bci i tradycyjnego rzemios\u0142a producenta, wysokiej wytrzyma\u0142o\u015bci i nienagannej precyzji. To wyj\u0105tkowy ho\u0142d dla kr\u00f3la sportu i Premier League - jednego z najlepszych turniej\u00f3w pi\u0142karskich na \u015bwiecie. Koperta zegarka wykonana jest z satynowanego i polerowanego tytanu, znanego ze swojej wytrzyma\u0142o\u015bci, lekko\u015bci i odporno\u015bci na zarysowania. Elegancka matowo-fioletowa tarcza z polerowanymi rodowanymi wskaz\u00f3wkami i nak\u0142adanymi indeksami godzin w stylu aplikacji z matowym wyko\u0144czeniem jest natychmiast rozpoznawalna jako Hublot. Dzi\u0119ki obecno\u015bci chronografu, kt\u00f3ry zawiera du\u017cy centralny sekundnik z logo \"H\" jako przeciwwag\u0119 i 30-minutowy licznik umieszczony na godzinie 9, model ten mo\u017cna s\u0142usznie nazwa\u0107 wysokiej klasy funkcjonalnym zegarkiem. Chronograf jest regulowany za pomoc\u0105 polerowanych tytanowych popychaczy na godzinie 2 i 4. Dodatkowo, model ten posiada ma\u0142\u0105 tarcz\u0119 sekundow\u0105 umieszczon\u0105 na godzinie 3 oraz wska\u017anik daty na godzinie 6. W sterowaniu zegarkiem pomaga koronka Pull \/ push z wygrawerowanym logo Hublot z tytanu z wyprofilowanymi rowkami dla lepszej przyczepno\u015bci. Tarcza zamkni\u0119ta jest odpornym na zarysowania szafirowym kryszta\u0142em z pow\u0142ok\u0105 antyrefleksyjn\u0105. Koperta zegarka jest r\u00f3wnie\u017c wykonana z szafirowego kryszta\u0142u, co pozwala obserwowa\u0107 fantastyczn\u0105 prac\u0119 mechanizmu zegarka. Tradycyjny Hublot, ale nie mniej elegancki tytanowy bezel ze szczotkowan\u0105 g\u00f3r\u0105 i polerowan\u0105 fazowan\u0105 kraw\u0119dzi\u0105, zabezpieczony 6 natychmiast rozpoznawalnymi polerowanymi tytanowymi \u015brubami w kszta\u0142cie litery \"H\". Bezb\u0142\u0119dne dzia\u0142anie zegarka zapewnia samonakr\u0119caj\u0105cy si\u0119 mechanizm chronografu HUB1153, kt\u00f3ry zawiera 35 klejnot\u00f3w i ma przybli\u017con\u0105 rezerw\u0119 mocy wynosz\u0105c\u0105 42 godziny. Model ten jest prezentowany na eleganckim i wygodnym fioletowym gumowym pasku z zapi\u0119ciem ze stali nierdzewnej. Wodoodporno\u015b\u0107 wynosi do 50 m (5 ATM).<\/p>\n<p>Marka: Hublot<br \/>\nModel: Classic Fusion Chronograph Premier League?<br \/>\nOdniesienie: 541.NX.8970.RX.PLW23<br \/>\n\u015arednica: 42 mm<br \/>\nMateria\u0142 obudowy: Satynowany i polerowany tytan<br \/>\nKolor tarczy: fioletowy matowy<br \/>\nTyp ramki: Sta\u0142y<br \/>\nKolor ramki: srebrny<br \/>\nMateria\u0142 pier\u015bcienia: Satynowany i polerowany tytan<br \/>\nKryszta\u0142: szafirowy z pow\u0142ok\u0105 antyrefleksyjn\u0105<br \/>\nMechanizm: HUB1153 Samozwijaj\u0105cy si\u0119 mechanizm chronografu<br \/>\nTyp bransoletki: Pasek<br \/>\nMateria\u0142 bransoletki: Fioletowa guma<br \/>\nZapi\u0119cie: klamra ze stali nierdzewnej<br \/>\nFunkcje: Data, Chronograf, Godziny, Minuty, Sekundy<br \/>\nWodoodporno\u015b\u0107: Do 50m\/165ft (5 ATM)<br \/>\nGwarancja: Saldo mi\u0119dzynarodowej gwarancji Hublot?<\/p>\n<p>Wszystkie nowe zegarki Hublot s\u0105 dostarczane z najnowsz\u0105 wersj\u0105 e-gwarancji Hublot, kt\u00f3ra nie zawiera \u017cadnych papierowych\/plastikowych kart gwarancyjnych\/ksi\u0105\u017cek\/ksi\u0105\u017ceczek itp.<br \/>\nAutentyczno\u015b\u0107 zegark\u00f3w Hublot jest gwarantowana przez wizualne rozpoznanie mikrostruktury ich materia\u0142\u00f3w. Wraz z e-gwarancj\u0105 HUBLOT, Hublot wprowadza cyfrow\u0105 gwarancj\u0119 przechowywan\u0105 w blockchainie AURA.<br \/>\nDla klient\u00f3w dost\u0119pna jest r\u00f3wnie\u017c specjalna aplikacja e-gwarancji. Aplikacja e-gwarancji Hublot jest dost\u0119pna w Google Play Store i Apple App.<\/p>","protected":false},"excerpt":{"rendered":"<p>Paying tribute to the most popular Football League in the world, as its largest partner, Hublot created the Hublot Classic [&hellip;]<\/p>","protected":false},"featured_media":36508,"comment_status":"closed","ping_status":"closed","template":"","meta":{"site-sidebar-layout":"default","site-content-layout":"","ast-site-content-layout":"","site-content-style":"default","site-sidebar-style":"default","ast-global-header-display":"","ast-banner-title-visibility":"","ast-main-header-display":"","ast-hfb-above-header-display":"","ast-hfb-below-header-display":"","ast-hfb-mobile-header-display":"","site-post-title":"","ast-breadcrumbs-content":"","ast-featured-img":"","footer-sml-layout":"","theme-transparent-header-meta":"","adv-header-id-meta":"","stick-header-meta":"","header-above-stick-meta":"","header-main-stick-meta":"","header-below-stick-meta":"","astra-migrate-meta-layouts":"default","ast-page-background-enabled":"default","ast-page-background-meta":{"desktop":{"background-color":"var(--ast-global-color-5)","background-image":"","background-repeat":"repeat","background-position":"center center","background-size":"auto","background-attachment":"scroll","background-type":"","background-media":"","overlay-type":"","overlay-color":"","overlay-opacity":"","overlay-gradient":""},"tablet":{"background-color":"","background-image":"","background-repeat":"repeat","background-position":"center center","background-size":"auto","background-attachment":"scroll","background-type":"","background-media":"","overlay-type":"","overlay-color":"","overlay-opacity":"","overlay-gradient":""},"mobile":{"background-color":"","background-image":"","background-repeat":"repeat","background-position":"center center","background-size":"auto","background-attachment":"scroll","background-type":"","background-media":"","overlay-type":"","overlay-color":"","overlay-opacity":"","overlay-gradient":""}},"ast-content-background-meta":{"desktop":{"background-color":"var(--ast-global-color-4)","background-image":"","background-repeat":"repeat","background-position":"center center","background-size":"auto","background-attachment":"scroll","background-type":"","background-media":"","overlay-type":"","overlay-color":"","overlay-opacity":"","overlay-gradient":""},"tablet":{"background-color":"var(--ast-global-color-4)","background-image":"","background-repeat":"repeat","background-position":"center center","background-size":"auto","background-attachment":"scroll","background-type":"","background-media":"","overlay-type":"","overlay-color":"","overlay-opacity":"","overlay-gradient":""},"mobile":{"background-color":"var(--ast-global-color-4)","background-image":"","background-repeat":"repeat","background-position":"center center","background-size":"auto","background-attachment":"scroll","background-type":"","background-media":"","overlay-type":"","overlay-color":"","overlay-opacity":"","overlay-gradient":""}}},"product_brand":[682],"product_cat":[686,684,80],"product_tag":[683],"class_list":{"0":"post-36829","1":"product","2":"type-product","3":"status-publish","4":"has-post-thumbnail","6":"product_brand-hublot","7":"product_cat-classic-fusion","8":"product_cat-hublot","9":"product_cat-watchs","10":"product_tag-hublot","11":"desktop-align-left","12":"tablet-align-left","13":"mobile-align-left","15":"first","16":"instock","17":"sale","18":"purchasable","19":"product-type-simple"},"tiered_pricing_type":"fixed","tiered_pricing_fixed_rules":[],"tiered_pricing_product_settings":{"layout":"default","base_unit_name":{"singular":null,"plural":null},"default_variation":null},"tiered_pricing_minimum_quantity":null,"tiered_pricing_roles_data":[],"tiered_pricing_percentage_rules":[],"tiered_pricing_maximum_quantity":null,"tiered_pricing_quantity_step":null,"_links":{"self":[{"href":"https:\/\/prestige-aura.com\/pl\/wp-json\/wp\/v2\/product\/36829","targetHints":{"allow":["GET"]}}],"collection":[{"href":"https:\/\/prestige-aura.com\/pl\/wp-json\/wp\/v2\/product"}],"about":[{"href":"https:\/\/prestige-aura.com\/pl\/wp-json\/wp\/v2\/types\/product"}],"replies":[{"embeddable":true,"href":"https:\/\/prestige-aura.com\/pl\/wp-json\/wp\/v2\/comments?post=36829"}],"wp:featuredmedia":[{"embeddable":true,"href":"https:\/\/prestige-aura.com\/pl\/wp-json\/wp\/v2\/media\/36508"}],"wp:attachment":[{"href":"https:\/\/prestige-aura.com\/pl\/wp-json\/wp\/v2\/media?parent=36829"}],"wp:term":[{"taxonomy":"product_brand","embeddable":true,"href":"https:\/\/prestige-aura.com\/pl\/wp-json\/wp\/v2\/product_brand?post=36829"},{"taxonomy":"product_cat","embeddable":true,"href":"https:\/\/prestige-aura.com\/pl\/wp-json\/wp\/v2\/product_cat?post=36829"},{"taxonomy":"product_tag","embeddable":true,"href":"https:\/\/prestige-aura.com\/pl\/wp-json\/wp\/v2\/product_tag?post=36829"}],"curies":[{"name":"wp","href":"https:\/\/api.w.org\/{rel}","templated":true}]}}