
{"id":36799,"date":"2025-06-22T06:50:00","date_gmt":"2025-06-22T06:50:00","guid":{"rendered":"https:\/\/prestige-aura.com\/product\/hublot-big-bang-original-gold-chronograph-18k-rose-gold-44-mm-ref-301-px-130-rx-3\/"},"modified":"2025-06-24T12:28:49","modified_gmt":"2025-06-24T12:28:49","slug":"hublot-big-bang-original-gold-chronograph-18k-rose-gold-44-mm-ref-301-px-130-rx-3","status":"publish","type":"product","link":"https:\/\/prestige-aura.com\/pl\/produkt\/hublot-big-bang-original-gold-chronograph-18k-rose-gold-44-mm-ref-301-px-130-rx-3\/","title":{"rendered":"Hublot Big Bang, Original Gold Chronograph, 18k Rose Gold, 44 mm, Ref# 301.PX.130.RX"},"content":{"rendered":"<p>Hublot Big Bang, Original Gold Chronograph 44mm watch, 18k Rose Gold case with brushed and polished finishes, Reference 301.PX.130.RX. Case center (edge) lateral black Kevlar inserts. This model has Solid black metallic dial with a fine sunburst texture. Applied brushed finished Rose Gold \u00a1\u00b0applique\u00a1\u00b1 style Arabic Numeral and Index hour markers. Gold printed minute track with 5-minute Arabic numerals intervals on flat black rim on the outer edge of the dial. Brushed finished rose gold hands with luminous filled tips (minutes &#038; hours hands semi-skeleton). Small running seconds sub-dial hand located at the 9 o\u00a1\u00afclock position. Date window located between the 4 and 5 o\u00a1\u00afclock position. Rose Gold crown and chronograph buttons have rubber centers\/inserts that match the black Kevlar. The dial closed by a Scratch-resistant Sapphire Crystal with Anti-reflective Treatment. Of Sapphire Crystal made transparent case back. Chronograph stopwatch functions: large central seconds counter with the \u00a1\u00b0H\u00a1\u00b1 logo as a counter-weight; 30-minute sub-dial counter located at the 3 o\u00a1\u00afclock position; 12-hour sub-dial counter located at the 6 o\u00a1\u00afclock position. The watch is equipped brushed and polished finished 18kt rose gold bezel with a ridged edge, secured 6 immediately recognizable Hublots signature \u00a1\u00b0H\u00a1\u00b1 screws style of Titanium. The watch is Hublot Caliber HUB 4100 automatic movement, contains 28 Jewels and has an approximate power reserve of 42 hours. This model presented on a Black Structured Rubber Straps with 18K Rose Gold and Black-plated Stainless Steel Deployant Buckle Clasp. The water resistance is up to 100m\/330ft (10 ATM).<\/p>\n<p>Marka: Hublot<br \/>\nModel: Big Bang, Original Gold Chronograph<br \/>\nReference: 301.PX.130.RX<br \/>\nDiameter: 44mm<br \/>\nCase material: 18k Rose Gold<br \/>\nDial color: Solid black metallic dial<br \/>\nTyp ramki: Sta\u0142y<br \/>\nBezel Color: Rose Gold<br \/>\nBezel Material: 18k Rose Gold<br \/>\nKryszta\u0142: szafirowy<br \/>\nMechanizm: Mechanizm automatyczny<br \/>\nTyp bransoletki: Pasek<br \/>\nBracelet Material: Black Structured Rubber<br \/>\nClasp: 18K Rose Gold and Black-plated Stainless Steel Deployant Buckle<br \/>\nFunkcje: Data, Chronograf, Godziny, Minuty, Sekundy<br \/>\nWodoodporno\u015b\u0107: Do 100m\/330ft (10 ATM)<br \/>\nGwarancja: Saldo mi\u0119dzynarodowej gwarancji Hublot?<\/p>\n<p>Wszystkie nowe zegarki Hublot s\u0105 dostarczane z najnowsz\u0105 wersj\u0105 e-gwarancji Hublot, kt\u00f3ra nie zawiera \u017cadnych papierowych\/plastikowych kart gwarancyjnych\/ksi\u0105\u017cek\/ksi\u0105\u017ceczek itp. Autentyczno\u015b\u0107 zegark\u00f3w Hublot jest gwarantowana przez wizualne rozpoznanie mikrostruktury ich materia\u0142\u00f3w. Wraz z e-gwarancj\u0105 HUBLOT, Hublot wprowadza cyfrow\u0105 gwarancj\u0119 przechowywan\u0105 w blockchainie AURA. Dla klient\u00f3w dost\u0119pna jest r\u00f3wnie\u017c specjalna aplikacja e-gwarancji. Jednolite rozpoznawanie elementu przez aplikacj\u0119 e-gwarancji Hublot jest dost\u0119pne w Google Play Store i Apple App.<\/p>","protected":false},"excerpt":{"rendered":"<p>Hublot Big Bang, Original Gold Chronograph 44mm watch, 18k Rose Gold case with brushed and polished finishes, Reference 301.PX.130.RX. Case [&hellip;]<\/p>","protected":false},"featured_media":36800,"comment_status":"closed","ping_status":"open","template":"","meta":{"site-sidebar-layout":"default","site-content-layout":"","ast-site-content-layout":"","site-content-style":"default","site-sidebar-style":"default","ast-global-header-display":"","ast-banner-title-visibility":"","ast-main-header-display":"","ast-hfb-above-header-display":"","ast-hfb-below-header-display":"","ast-hfb-mobile-header-display":"","site-post-title":"","ast-breadcrumbs-content":"","ast-featured-img":"","footer-sml-layout":"","theme-transparent-header-meta":"","adv-header-id-meta":"","stick-header-meta":"","header-above-stick-meta":"","header-main-stick-meta":"","header-below-stick-meta":"","astra-migrate-meta-layouts":"default","ast-page-background-enabled":"default","ast-page-background-meta":{"desktop":{"background-color":"var(--ast-global-color-5)","background-image":"","background-repeat":"repeat","background-position":"center center","background-size":"auto","background-attachment":"scroll","background-type":"","background-media":"","overlay-type":"","overlay-color":"","overlay-opacity":"","overlay-gradient":""},"tablet":{"background-color":"","background-image":"","background-repeat":"repeat","background-position":"center center","background-size":"auto","background-attachment":"scroll","background-type":"","background-media":"","overlay-type":"","overlay-color":"","overlay-opacity":"","overlay-gradient":""},"mobile":{"background-color":"","background-image":"","background-repeat":"repeat","background-position":"center center","background-size":"auto","background-attachment":"scroll","background-type":"","background-media":"","overlay-type":"","overlay-color":"","overlay-opacity":"","overlay-gradient":""}},"ast-content-background-meta":{"desktop":{"background-color":"var(--ast-global-color-4)","background-image":"","background-repeat":"repeat","background-position":"center center","background-size":"auto","background-attachment":"scroll","background-type":"","background-media":"","overlay-type":"","overlay-color":"","overlay-opacity":"","overlay-gradient":""},"tablet":{"background-color":"var(--ast-global-color-4)","background-image":"","background-repeat":"repeat","background-position":"center center","background-size":"auto","background-attachment":"scroll","background-type":"","background-media":"","overlay-type":"","overlay-color":"","overlay-opacity":"","overlay-gradient":""},"mobile":{"background-color":"var(--ast-global-color-4)","background-image":"","background-repeat":"repeat","background-position":"center center","background-size":"auto","background-attachment":"scroll","background-type":"","background-media":"","overlay-type":"","overlay-color":"","overlay-opacity":"","overlay-gradient":""}}},"product_brand":[682],"product_cat":[685,684,80],"product_tag":[683],"class_list":{"0":"post-36799","1":"product","2":"type-product","3":"status-publish","4":"has-post-thumbnail","6":"product_brand-hublot","7":"product_cat-big-bang","8":"product_cat-hublot","9":"product_cat-watchs","10":"product_tag-hublot","11":"desktop-align-left","12":"tablet-align-left","13":"mobile-align-left","15":"first","16":"instock","17":"sale","18":"purchasable","19":"product-type-simple"},"tiered_pricing_type":"fixed","tiered_pricing_fixed_rules":[],"tiered_pricing_product_settings":{"layout":"default","base_unit_name":{"singular":null,"plural":null},"default_variation":null},"tiered_pricing_minimum_quantity":null,"tiered_pricing_roles_data":[],"tiered_pricing_percentage_rules":[],"tiered_pricing_maximum_quantity":null,"tiered_pricing_quantity_step":null,"_links":{"self":[{"href":"https:\/\/prestige-aura.com\/pl\/wp-json\/wp\/v2\/product\/36799","targetHints":{"allow":["GET"]}}],"collection":[{"href":"https:\/\/prestige-aura.com\/pl\/wp-json\/wp\/v2\/product"}],"about":[{"href":"https:\/\/prestige-aura.com\/pl\/wp-json\/wp\/v2\/types\/product"}],"replies":[{"embeddable":true,"href":"https:\/\/prestige-aura.com\/pl\/wp-json\/wp\/v2\/comments?post=36799"}],"wp:featuredmedia":[{"embeddable":true,"href":"https:\/\/prestige-aura.com\/pl\/wp-json\/wp\/v2\/media\/36800"}],"wp:attachment":[{"href":"https:\/\/prestige-aura.com\/pl\/wp-json\/wp\/v2\/media?parent=36799"}],"wp:term":[{"taxonomy":"product_brand","embeddable":true,"href":"https:\/\/prestige-aura.com\/pl\/wp-json\/wp\/v2\/product_brand?post=36799"},{"taxonomy":"product_cat","embeddable":true,"href":"https:\/\/prestige-aura.com\/pl\/wp-json\/wp\/v2\/product_cat?post=36799"},{"taxonomy":"product_tag","embeddable":true,"href":"https:\/\/prestige-aura.com\/pl\/wp-json\/wp\/v2\/product_tag?post=36799"}],"curies":[{"name":"wp","href":"https:\/\/api.w.org\/{rel}","templated":true}]}}