
{"id":36761,"date":"2025-06-22T06:47:00","date_gmt":"2025-06-22T06:47:00","guid":{"rendered":"https:\/\/prestige-aura.com\/product\/hublot-big-bang-sang-bleu-steel-pav%c2%a8%c2%a6-ref-465-ss-1117-vr-1704-mxm18-3\/"},"modified":"2025-08-24T15:45:20","modified_gmt":"2025-08-24T15:45:20","slug":"hublot-big-bang-sang-bleu-steel-pave-ref-465-ss-1117-vr-1704-mxm18-3","status":"publish","type":"product","link":"https:\/\/prestige-aura.com\/pl\/produkt\/hublot-big-bang-sang-bleu-steel-pave-ref-465-ss-1117-vr-1704-mxm18-3\/","title":{"rendered":"Hublot Big Bang SANG BLEU STEEL PAV\u00c9 Ref# 465.SS.1117.VR.1704.MXM18"},"content":{"rendered":"<p>Unworn Hublot Big Bang SANG BLEU STEEL PAV\u00a8\u00a6 465.SS.1117.VR.1704.MXM18. 39 mm, Matte and Satin-finished Black dial, Polished Stainless Steel Set with 180 Diamonds totaling 0.45ct Engraved Design by Maxime Buchi case, Multifaceted Sapphire with Anti-reflective Treatment crystal, Polished Stainless Steel Set with 96 Diamonds totaling 1.00ct with 6 H-shaped Titanium Screws Hexagonal Decor Designed by Maxime Buchi bezel, HUB1710 calibre, Self-winding movement, 50 h power reserve, Black Rubber and Shiny Calf Leather Straps Embossed Design by Maxime Buchi with Stainless Steel Deployant Buckle Clasp. Water resistant to 100 m.<\/p>\n<p>Marka: Hublot<br \/>\nModel: Big Bang<br \/>\nReference: 465.SS.1117.VR.1704.MXM18<br \/>\nDiameter: 39 mm<br \/>\nCase material: Polished Stainless Steel Set with 180 Diamonds totaling 0.45ct Engraved Design by Maxime Buchi<br \/>\nDial color: Matte and Satin-finished Black<br \/>\nTyp ramki: Sta\u0142y<br \/>\nKolor ramki: srebrny<br \/>\nBezel Material: Polished Stainless Steel Set with 96 Diamonds totaling 1.00ct with 6 H-shaped Titanium Screws Hexagonal Decor Designed by Maxime Buchi<br \/>\nCrystal: Multifaceted Sapphire with Anti-reflective Treatment<br \/>\nCalibre: HUB1710<br \/>\nMechanizm: Samozwijaj\u0105cy si\u0119<br \/>\nPower Reserve: 50 h<br \/>\nBracelet Material: Black Rubber and Shiny Calf Leather Straps Embossed Design by Maxime Buchi<br \/>\nZapi\u0119cie: Zapi\u0119cie klamrowe ze stali nierdzewnej<br \/>\nFunctions: Luminous indices<br \/>\nWodoodporno\u015b\u0107: 100 m<\/p>\n<p>Wszystkie nowe zegarki Hublot s\u0105 dostarczane z najnowsz\u0105 wersj\u0105 e-gwarancji Hublot, kt\u00f3ra nie zawiera \u017cadnych papierowych\/plastikowych kart gwarancyjnych\/ksi\u0105\u017cek\/ksi\u0105\u017ceczek itp. Autentyczno\u015b\u0107 zegark\u00f3w Hublot jest gwarantowana przez wizualne rozpoznanie mikrostruktury ich materia\u0142\u00f3w. Wraz z e-gwarancj\u0105 HUBLOT, Hublot wprowadza cyfrow\u0105 gwarancj\u0119 przechowywan\u0105 w blockchainie AURA. Dla klient\u00f3w dost\u0119pna jest r\u00f3wnie\u017c specjalna aplikacja e-gwarancji. Jednolite rozpoznawanie elementu przez aplikacj\u0119 e-gwarancji Hublot jest dost\u0119pne w Google Play Store i Apple App.<\/p>","protected":false},"excerpt":{"rendered":"<p>Unworn Hublot Big Bang SANG BLEU STEEL PAV\u00a8\u00a6 465.SS.1117.VR.1704.MXM18. 39 mm, Matte and Satin-finished Black dial, Polished Stainless Steel Set [&hellip;]<\/p>","protected":false},"featured_media":36762,"comment_status":"closed","ping_status":"open","template":"","meta":{"site-sidebar-layout":"default","site-content-layout":"","ast-site-content-layout":"","site-content-style":"default","site-sidebar-style":"default","ast-global-header-display":"","ast-banner-title-visibility":"","ast-main-header-display":"","ast-hfb-above-header-display":"","ast-hfb-below-header-display":"","ast-hfb-mobile-header-display":"","site-post-title":"","ast-breadcrumbs-content":"","ast-featured-img":"","footer-sml-layout":"","theme-transparent-header-meta":"","adv-header-id-meta":"","stick-header-meta":"","header-above-stick-meta":"","header-main-stick-meta":"","header-below-stick-meta":"","astra-migrate-meta-layouts":"default","ast-page-background-enabled":"default","ast-page-background-meta":{"desktop":{"background-color":"var(--ast-global-color-5)","background-image":"","background-repeat":"repeat","background-position":"center center","background-size":"auto","background-attachment":"scroll","background-type":"","background-media":"","overlay-type":"","overlay-color":"","overlay-opacity":"","overlay-gradient":""},"tablet":{"background-color":"","background-image":"","background-repeat":"repeat","background-position":"center center","background-size":"auto","background-attachment":"scroll","background-type":"","background-media":"","overlay-type":"","overlay-color":"","overlay-opacity":"","overlay-gradient":""},"mobile":{"background-color":"","background-image":"","background-repeat":"repeat","background-position":"center center","background-size":"auto","background-attachment":"scroll","background-type":"","background-media":"","overlay-type":"","overlay-color":"","overlay-opacity":"","overlay-gradient":""}},"ast-content-background-meta":{"desktop":{"background-color":"var(--ast-global-color-4)","background-image":"","background-repeat":"repeat","background-position":"center center","background-size":"auto","background-attachment":"scroll","background-type":"","background-media":"","overlay-type":"","overlay-color":"","overlay-opacity":"","overlay-gradient":""},"tablet":{"background-color":"var(--ast-global-color-4)","background-image":"","background-repeat":"repeat","background-position":"center center","background-size":"auto","background-attachment":"scroll","background-type":"","background-media":"","overlay-type":"","overlay-color":"","overlay-opacity":"","overlay-gradient":""},"mobile":{"background-color":"var(--ast-global-color-4)","background-image":"","background-repeat":"repeat","background-position":"center center","background-size":"auto","background-attachment":"scroll","background-type":"","background-media":"","overlay-type":"","overlay-color":"","overlay-opacity":"","overlay-gradient":""}}},"product_brand":[682],"product_cat":[685,684,80],"product_tag":[683],"class_list":{"0":"post-36761","1":"product","2":"type-product","3":"status-publish","4":"has-post-thumbnail","6":"product_brand-hublot","7":"product_cat-big-bang","8":"product_cat-hublot","9":"product_cat-watchs","10":"product_tag-hublot","11":"desktop-align-left","12":"tablet-align-left","13":"mobile-align-left","15":"first","16":"instock","17":"sale","18":"purchasable","19":"product-type-simple"},"tiered_pricing_type":"fixed","tiered_pricing_fixed_rules":[],"tiered_pricing_product_settings":{"layout":"default","base_unit_name":{"singular":null,"plural":null},"default_variation":null},"tiered_pricing_minimum_quantity":null,"tiered_pricing_roles_data":[],"tiered_pricing_percentage_rules":[],"tiered_pricing_maximum_quantity":null,"tiered_pricing_quantity_step":null,"_links":{"self":[{"href":"https:\/\/prestige-aura.com\/pl\/wp-json\/wp\/v2\/product\/36761","targetHints":{"allow":["GET"]}}],"collection":[{"href":"https:\/\/prestige-aura.com\/pl\/wp-json\/wp\/v2\/product"}],"about":[{"href":"https:\/\/prestige-aura.com\/pl\/wp-json\/wp\/v2\/types\/product"}],"replies":[{"embeddable":true,"href":"https:\/\/prestige-aura.com\/pl\/wp-json\/wp\/v2\/comments?post=36761"}],"wp:featuredmedia":[{"embeddable":true,"href":"https:\/\/prestige-aura.com\/pl\/wp-json\/wp\/v2\/media\/36762"}],"wp:attachment":[{"href":"https:\/\/prestige-aura.com\/pl\/wp-json\/wp\/v2\/media?parent=36761"}],"wp:term":[{"taxonomy":"product_brand","embeddable":true,"href":"https:\/\/prestige-aura.com\/pl\/wp-json\/wp\/v2\/product_brand?post=36761"},{"taxonomy":"product_cat","embeddable":true,"href":"https:\/\/prestige-aura.com\/pl\/wp-json\/wp\/v2\/product_cat?post=36761"},{"taxonomy":"product_tag","embeddable":true,"href":"https:\/\/prestige-aura.com\/pl\/wp-json\/wp\/v2\/product_tag?post=36761"}],"curies":[{"name":"wp","href":"https:\/\/api.w.org\/{rel}","templated":true}]}}