
{"id":36757,"date":"2025-06-22T06:47:00","date_gmt":"2025-06-22T06:47:00","guid":{"rendered":"https:\/\/prestige-aura.com\/product\/hublot-big-bang-sang-bleu-ii-titanium-pav%c2%a8%c2%a6-ref-418-nx-1107-rx-1604-mxm20-3\/"},"modified":"2025-08-24T15:45:20","modified_gmt":"2025-08-24T15:45:20","slug":"hublot-big-bang-sang-bleu-ii-titanium-pave-ref-418-nx-1107-rx-1604-mxm20-3","status":"publish","type":"product","link":"https:\/\/prestige-aura.com\/pl\/produkt\/hublot-big-bang-sang-bleu-ii-titanium-pave-ref-418-nx-1107-rx-1604-mxm20-3\/","title":{"rendered":"Hublot Big Bang SANG BLEU II TITANIUM PAV\u00c9 Ref# 418.NX.1107.RX.1604.MXM20"},"content":{"rendered":"<p>Unworn Hublot Big Bang SANG BLEU II TITANIUM PAV\u00a8\u00a6 418.NX.1107.RX.1604.MXM20. 45 mm, Matte Black Dial dial, Satin-finished and Polished Titanium Set with 172 Diamonds case, Multifaceted Sapphire with Anti-reflective Treatment crystal, Polished Titanium with Hexagonal Decor Designed by Maxime Buchi Set with 48 Diamonds with 6 H-shaped Titanium Screws bezel, HUB1240 UNICO calibre, Self-winding Chronograph Flyback Movement with Column Wheel, 72 h power reserve, Black Rubber Strap with Titanium and Black-plated Deployant Buckle Clasp. Water resistant to 100 m.<\/p>\n<p>Marka: Hublot<br \/>\nModel: Big Bang<br \/>\nReference: 418.NX.1107.RX.1604.MXM20<br \/>\nDiameter: 45 mm<br \/>\nCase material: Satin-finished and Polished Titanium Set with 172 Diamonds<br \/>\nDial color: Matte Black Dial<br \/>\nTyp ramki: Sta\u0142y<br \/>\nKolor ramki: srebrny<br \/>\nBezel Material: Polished Titanium with Hexagonal Decor Designed by Maxime Buchi Set with 48 Diamonds with 6 H-shaped Titanium Screws<br \/>\nCrystal: Multifaceted Sapphire with Anti-reflective Treatment<br \/>\nCalibre: HUB1240 UNICO<br \/>\nMechanizm: Samonakr\u0119caj\u0105cy si\u0119 mechanizm Flyback z ko\u0142em kolumnowym<br \/>\nRezerwa mocy: 72 h<br \/>\nBracelet Material: Black Rubber Strap<br \/>\nClasp: Titanium and Black-plated Deployant Buckle Clasp<br \/>\nFunctions: Chronograph , Luminous indices, Date<br \/>\nWodoodporno\u015b\u0107: 100 m<\/p>\n<p>Wszystkie nowe zegarki Hublot s\u0105 dostarczane z najnowsz\u0105 wersj\u0105 e-gwarancji Hublot, kt\u00f3ra nie zawiera \u017cadnych papierowych\/plastikowych kart gwarancyjnych\/ksi\u0105\u017cek\/ksi\u0105\u017ceczek itp. Autentyczno\u015b\u0107 zegark\u00f3w Hublot jest gwarantowana przez wizualne rozpoznanie mikrostruktury ich materia\u0142\u00f3w. Wraz z e-gwarancj\u0105 HUBLOT, Hublot wprowadza cyfrow\u0105 gwarancj\u0119 przechowywan\u0105 w blockchainie AURA. Dla klient\u00f3w dost\u0119pna jest r\u00f3wnie\u017c specjalna aplikacja e-gwarancji. Jednolite rozpoznawanie elementu przez aplikacj\u0119 e-gwarancji Hublot jest dost\u0119pne w Google Play Store i Apple App.<\/p>","protected":false},"excerpt":{"rendered":"<p>Unworn Hublot Big Bang SANG BLEU II TITANIUM PAV\u00a8\u00a6 418.NX.1107.RX.1604.MXM20. 45 mm, Matte Black Dial dial, Satin-finished and Polished Titanium [&hellip;]<\/p>","protected":false},"featured_media":36758,"comment_status":"closed","ping_status":"open","template":"","meta":{"site-sidebar-layout":"default","site-content-layout":"","ast-site-content-layout":"","site-content-style":"default","site-sidebar-style":"default","ast-global-header-display":"","ast-banner-title-visibility":"","ast-main-header-display":"","ast-hfb-above-header-display":"","ast-hfb-below-header-display":"","ast-hfb-mobile-header-display":"","site-post-title":"","ast-breadcrumbs-content":"","ast-featured-img":"","footer-sml-layout":"","theme-transparent-header-meta":"","adv-header-id-meta":"","stick-header-meta":"","header-above-stick-meta":"","header-main-stick-meta":"","header-below-stick-meta":"","astra-migrate-meta-layouts":"default","ast-page-background-enabled":"default","ast-page-background-meta":{"desktop":{"background-color":"var(--ast-global-color-5)","background-image":"","background-repeat":"repeat","background-position":"center center","background-size":"auto","background-attachment":"scroll","background-type":"","background-media":"","overlay-type":"","overlay-color":"","overlay-opacity":"","overlay-gradient":""},"tablet":{"background-color":"","background-image":"","background-repeat":"repeat","background-position":"center center","background-size":"auto","background-attachment":"scroll","background-type":"","background-media":"","overlay-type":"","overlay-color":"","overlay-opacity":"","overlay-gradient":""},"mobile":{"background-color":"","background-image":"","background-repeat":"repeat","background-position":"center center","background-size":"auto","background-attachment":"scroll","background-type":"","background-media":"","overlay-type":"","overlay-color":"","overlay-opacity":"","overlay-gradient":""}},"ast-content-background-meta":{"desktop":{"background-color":"var(--ast-global-color-4)","background-image":"","background-repeat":"repeat","background-position":"center center","background-size":"auto","background-attachment":"scroll","background-type":"","background-media":"","overlay-type":"","overlay-color":"","overlay-opacity":"","overlay-gradient":""},"tablet":{"background-color":"var(--ast-global-color-4)","background-image":"","background-repeat":"repeat","background-position":"center center","background-size":"auto","background-attachment":"scroll","background-type":"","background-media":"","overlay-type":"","overlay-color":"","overlay-opacity":"","overlay-gradient":""},"mobile":{"background-color":"var(--ast-global-color-4)","background-image":"","background-repeat":"repeat","background-position":"center center","background-size":"auto","background-attachment":"scroll","background-type":"","background-media":"","overlay-type":"","overlay-color":"","overlay-opacity":"","overlay-gradient":""}}},"product_brand":[682],"product_cat":[685,684,80],"product_tag":[683],"class_list":{"0":"post-36757","1":"product","2":"type-product","3":"status-publish","4":"has-post-thumbnail","6":"product_brand-hublot","7":"product_cat-big-bang","8":"product_cat-hublot","9":"product_cat-watchs","10":"product_tag-hublot","11":"desktop-align-left","12":"tablet-align-left","13":"mobile-align-left","15":"first","16":"instock","17":"sale","18":"purchasable","19":"product-type-simple"},"tiered_pricing_type":"fixed","tiered_pricing_fixed_rules":[],"tiered_pricing_product_settings":{"layout":"default","base_unit_name":{"singular":null,"plural":null},"default_variation":null},"tiered_pricing_minimum_quantity":null,"tiered_pricing_roles_data":[],"tiered_pricing_percentage_rules":[],"tiered_pricing_maximum_quantity":null,"tiered_pricing_quantity_step":null,"_links":{"self":[{"href":"https:\/\/prestige-aura.com\/pl\/wp-json\/wp\/v2\/product\/36757","targetHints":{"allow":["GET"]}}],"collection":[{"href":"https:\/\/prestige-aura.com\/pl\/wp-json\/wp\/v2\/product"}],"about":[{"href":"https:\/\/prestige-aura.com\/pl\/wp-json\/wp\/v2\/types\/product"}],"replies":[{"embeddable":true,"href":"https:\/\/prestige-aura.com\/pl\/wp-json\/wp\/v2\/comments?post=36757"}],"wp:featuredmedia":[{"embeddable":true,"href":"https:\/\/prestige-aura.com\/pl\/wp-json\/wp\/v2\/media\/36758"}],"wp:attachment":[{"href":"https:\/\/prestige-aura.com\/pl\/wp-json\/wp\/v2\/media?parent=36757"}],"wp:term":[{"taxonomy":"product_brand","embeddable":true,"href":"https:\/\/prestige-aura.com\/pl\/wp-json\/wp\/v2\/product_brand?post=36757"},{"taxonomy":"product_cat","embeddable":true,"href":"https:\/\/prestige-aura.com\/pl\/wp-json\/wp\/v2\/product_cat?post=36757"},{"taxonomy":"product_tag","embeddable":true,"href":"https:\/\/prestige-aura.com\/pl\/wp-json\/wp\/v2\/product_tag?post=36757"}],"curies":[{"name":"wp","href":"https:\/\/api.w.org\/{rel}","templated":true}]}}