
{"id":36731,"date":"2025-06-22T06:46:00","date_gmt":"2025-06-22T06:46:00","guid":{"rendered":"https:\/\/prestige-aura.com\/product\/hublot-big-bang-one-click-steel-white-full-pav%c2%a8%c2%a6-ref-485-se-9000-rw-1604-3\/"},"modified":"2025-08-24T15:45:13","modified_gmt":"2025-08-24T15:45:13","slug":"hublot-big-bang-one-click-steel-white-full-pave-ref-485-se-9000-rw-1604-3","status":"publish","type":"product","link":"https:\/\/prestige-aura.com\/pl\/produkt\/hublot-big-bang-one-click-steel-white-full-pave-ref-485-se-9000-rw-1604-3\/","title":{"rendered":"Hublot Big Bang ONE CLICK STEEL WHITE FULL PAV\u00c9 Ref# 485.SE.9000.RW.1604"},"content":{"rendered":"<p>Unworn Hublot Big Bang ONE CLICK STEEL WHITE FULL PAV\u00a8\u00a6 485.SE.9000.RW.1604. 33 mm, Set with 232 Diamonds dial, Polished Stainless Steel Set with 130 Diamonds for 0.4ct case, Sapphire with Anti-reflective Treatment crystal, Polished Stainless Steel Set with 36 Diamonds for 0.76ct bezel, HUB1120 calibre, Self-winding Movement, 40hours power reserve, White Structured Lined Rubber Straps with Stainless Steel Deployant Buckle Clasp. Water resistant to 100 m.<br \/>\nSZCZEG\u00d3\u0141Y TECHNICZNE<\/p>\n<p>Marka: Hublot<br \/>\nModel: Big Bang<br \/>\nReference: 485.SE.9000.RW.1604<br \/>\n\u015arednica: 33 mm<br \/>\nMateria\u0142 koperty: Polerowana stal nierdzewna Zestaw ze 130 diamentami za 0,4ct<br \/>\nDial color: Set with 232 Diamonds<br \/>\nTyp ramki: Sta\u0142y<br \/>\nKolor ramki: srebrny<br \/>\nMateria\u0142 ramki: Polerowana stal nierdzewna z 36 diamentami o masie 0,76 ct<br \/>\nKryszta\u0142: szafirowy z pow\u0142ok\u0105 antyrefleksyjn\u0105<br \/>\nKaliber: HUB1120<br \/>\nMechanizm: Samozwijaj\u0105cy si\u0119<br \/>\nRezerwa mocy: 40 godzin<br \/>\nBracelet Material: White Structured Lined Rubber Straps<br \/>\nZapi\u0119cie: Zapi\u0119cie klamrowe ze stali nierdzewnej<br \/>\nFunkcje: \u015awiec\u0105ce indeksy, Datownik<br \/>\nWodoodporno\u015b\u0107: 100 m<\/p>\n<p>Wszystkie nowe zegarki Hublot s\u0105 dostarczane z najnowsz\u0105 wersj\u0105 e-gwarancji Hublot, kt\u00f3ra nie zawiera \u017cadnych papierowych\/plastikowych kart gwarancyjnych\/ksi\u0105\u017cek\/ksi\u0105\u017ceczek itp. Autentyczno\u015b\u0107 zegark\u00f3w Hublot jest gwarantowana przez wizualne rozpoznanie mikrostruktury ich materia\u0142\u00f3w. Wraz z e-gwarancj\u0105 HUBLOT, Hublot wprowadza cyfrow\u0105 gwarancj\u0119 przechowywan\u0105 w blockchainie AURA. Dla klient\u00f3w dost\u0119pna jest r\u00f3wnie\u017c specjalna aplikacja e-gwarancji. Jednolite rozpoznawanie elementu przez aplikacj\u0119 e-gwarancji Hublot jest dost\u0119pne w Google Play Store i Apple App.<\/p>","protected":false},"excerpt":{"rendered":"<p>Unworn Hublot Big Bang ONE CLICK STEEL WHITE FULL PAV\u00a8\u00a6 485.SE.9000.RW.1604. 33 mm, Set with 232 Diamonds dial, Polished Stainless [&hellip;]<\/p>","protected":false},"featured_media":36732,"comment_status":"closed","ping_status":"open","template":"","meta":{"site-sidebar-layout":"default","site-content-layout":"","ast-site-content-layout":"","site-content-style":"default","site-sidebar-style":"default","ast-global-header-display":"","ast-banner-title-visibility":"","ast-main-header-display":"","ast-hfb-above-header-display":"","ast-hfb-below-header-display":"","ast-hfb-mobile-header-display":"","site-post-title":"","ast-breadcrumbs-content":"","ast-featured-img":"","footer-sml-layout":"","theme-transparent-header-meta":"","adv-header-id-meta":"","stick-header-meta":"","header-above-stick-meta":"","header-main-stick-meta":"","header-below-stick-meta":"","astra-migrate-meta-layouts":"default","ast-page-background-enabled":"default","ast-page-background-meta":{"desktop":{"background-color":"var(--ast-global-color-5)","background-image":"","background-repeat":"repeat","background-position":"center center","background-size":"auto","background-attachment":"scroll","background-type":"","background-media":"","overlay-type":"","overlay-color":"","overlay-opacity":"","overlay-gradient":""},"tablet":{"background-color":"","background-image":"","background-repeat":"repeat","background-position":"center center","background-size":"auto","background-attachment":"scroll","background-type":"","background-media":"","overlay-type":"","overlay-color":"","overlay-opacity":"","overlay-gradient":""},"mobile":{"background-color":"","background-image":"","background-repeat":"repeat","background-position":"center center","background-size":"auto","background-attachment":"scroll","background-type":"","background-media":"","overlay-type":"","overlay-color":"","overlay-opacity":"","overlay-gradient":""}},"ast-content-background-meta":{"desktop":{"background-color":"var(--ast-global-color-4)","background-image":"","background-repeat":"repeat","background-position":"center center","background-size":"auto","background-attachment":"scroll","background-type":"","background-media":"","overlay-type":"","overlay-color":"","overlay-opacity":"","overlay-gradient":""},"tablet":{"background-color":"var(--ast-global-color-4)","background-image":"","background-repeat":"repeat","background-position":"center center","background-size":"auto","background-attachment":"scroll","background-type":"","background-media":"","overlay-type":"","overlay-color":"","overlay-opacity":"","overlay-gradient":""},"mobile":{"background-color":"var(--ast-global-color-4)","background-image":"","background-repeat":"repeat","background-position":"center center","background-size":"auto","background-attachment":"scroll","background-type":"","background-media":"","overlay-type":"","overlay-color":"","overlay-opacity":"","overlay-gradient":""}}},"product_brand":[682],"product_cat":[685,684,80],"product_tag":[683],"class_list":{"0":"post-36731","1":"product","2":"type-product","3":"status-publish","4":"has-post-thumbnail","6":"product_brand-hublot","7":"product_cat-big-bang","8":"product_cat-hublot","9":"product_cat-watchs","10":"product_tag-hublot","11":"desktop-align-left","12":"tablet-align-left","13":"mobile-align-left","15":"first","16":"instock","17":"sale","18":"purchasable","19":"product-type-simple"},"tiered_pricing_type":"fixed","tiered_pricing_fixed_rules":[],"tiered_pricing_product_settings":{"layout":"default","base_unit_name":{"singular":null,"plural":null},"default_variation":null},"tiered_pricing_minimum_quantity":null,"tiered_pricing_roles_data":[],"tiered_pricing_percentage_rules":[],"tiered_pricing_maximum_quantity":null,"tiered_pricing_quantity_step":null,"_links":{"self":[{"href":"https:\/\/prestige-aura.com\/pl\/wp-json\/wp\/v2\/product\/36731","targetHints":{"allow":["GET"]}}],"collection":[{"href":"https:\/\/prestige-aura.com\/pl\/wp-json\/wp\/v2\/product"}],"about":[{"href":"https:\/\/prestige-aura.com\/pl\/wp-json\/wp\/v2\/types\/product"}],"replies":[{"embeddable":true,"href":"https:\/\/prestige-aura.com\/pl\/wp-json\/wp\/v2\/comments?post=36731"}],"wp:featuredmedia":[{"embeddable":true,"href":"https:\/\/prestige-aura.com\/pl\/wp-json\/wp\/v2\/media\/36732"}],"wp:attachment":[{"href":"https:\/\/prestige-aura.com\/pl\/wp-json\/wp\/v2\/media?parent=36731"}],"wp:term":[{"taxonomy":"product_brand","embeddable":true,"href":"https:\/\/prestige-aura.com\/pl\/wp-json\/wp\/v2\/product_brand?post=36731"},{"taxonomy":"product_cat","embeddable":true,"href":"https:\/\/prestige-aura.com\/pl\/wp-json\/wp\/v2\/product_cat?post=36731"},{"taxonomy":"product_tag","embeddable":true,"href":"https:\/\/prestige-aura.com\/pl\/wp-json\/wp\/v2\/product_tag?post=36731"}],"curies":[{"name":"wp","href":"https:\/\/api.w.org\/{rel}","templated":true}]}}