
{"id":36657,"date":"2025-06-22T06:40:00","date_gmt":"2025-06-22T06:40:00","guid":{"rendered":"https:\/\/prestige-aura.com\/product\/hublot-big-bang-mp-11-power-reserve-14-days-3d-carbon-rainbow-ref-911-qd-0123-lr-4099-3\/"},"modified":"2025-06-24T12:28:55","modified_gmt":"2025-06-24T12:28:55","slug":"hublot-big-bang-mp-11-power-reserve-14-days-3d-carbon-rainbow-ref-911-qd-0123-lr-4099-3","status":"publish","type":"product","link":"https:\/\/prestige-aura.com\/pl\/produkt\/hublot-big-bang-mp-11-power-reserve-14-days-3d-carbon-rainbow-ref-911-qd-0123-lr-4099-3\/","title":{"rendered":"Hublot Big Bang MP-11 POWER RESERVE 14 DAYS 3D CARBON RAINBOW Ref# 911.QD.0123.LR.4099"},"content":{"rendered":"<p>Unworn Hublot Big Bang MP-11 POWER RESERVE 14 DAYS 3D CARBON RAINBOW 911.QD.0123.LR.4099. 45 mm, Sapphire Crystal dial, 3D Carbon Fiber case, Sapphire with Anti-reflective Treatment crystal, Black-plated Set with 48 Baguette-cut Colored Gemstones: Rubies, Pink Sapphires, Amethysts, Blue Sapphires, Blue Topazes, Tsavorites, Yellow Sapphires and Orange Sapphires bezel, HUB911 calibre, Manual-winding Skeleton Power Reserve Movement with 7 Series-coupled Barrels and Power Reserve Display Roll, 14 days power reserve, Black Rubber and Multicolored Alligator Leather Straps with Black Ceramic and Black-plated Titanium Deployant Buckle Clasp. Water resistant to 30 m.<\/p>\n<p>Marka: Hublot<br \/>\nModel: Big Bang<br \/>\nReference: 911.QD.0123.LR.4099<br \/>\nDiameter: 45 mm<br \/>\nCase material: 3D Carbon Fiber<br \/>\nDial color: Sapphire Crystal<br \/>\nTyp ramki: Sta\u0142y<br \/>\nKolor ramki: czarny<br \/>\nBezel Material: Black-plated Set with 48 Baguette-cut Colored Gemstones: Rubies, Pink Sapphires, Amethysts, Blue Sapphires, Blue Topazes, Tsavorites, Yellow Sapphires and Orange Sapphires<br \/>\nKryszta\u0142: szafirowy z pow\u0142ok\u0105 antyrefleksyjn\u0105<br \/>\nCalibre: HUB9011<br \/>\nMovement: Manual-winding Skeleton Power Reserve Movement with 7 Series-coupled Barrels and Power Reserve Display Roll<br \/>\nPower Reserve: 14 Days<br \/>\nBracelet Material: Black Rubber and Multicolored Alligator Leather Straps<br \/>\nClasp: Black Ceramic and Black-plated Titanium Deployant Buckle Clasp<br \/>\nFunkcje: \u015awiec\u0105ce indeksy, Datownik<br \/>\nWodoodporno\u015b\u0107: 30 m<\/p>\n<p>Wszystkie nowe zegarki Hublot s\u0105 dostarczane z najnowsz\u0105 wersj\u0105 e-gwarancji Hublot, kt\u00f3ra nie zawiera \u017cadnych papierowych\/plastikowych kart gwarancyjnych\/ksi\u0105\u017cek\/ksi\u0105\u017ceczek itp. Autentyczno\u015b\u0107 zegark\u00f3w Hublot jest gwarantowana przez wizualne rozpoznanie mikrostruktury ich materia\u0142\u00f3w. Wraz z e-gwarancj\u0105 HUBLOT, Hublot wprowadza cyfrow\u0105 gwarancj\u0119 przechowywan\u0105 w blockchainie AURA. Dla klient\u00f3w dost\u0119pna jest r\u00f3wnie\u017c specjalna aplikacja e-gwarancji. Jednolite rozpoznawanie elementu przez aplikacj\u0119 e-gwarancji Hublot jest dost\u0119pne w Google Play Store i Apple App.<\/p>","protected":false},"excerpt":{"rendered":"<p>Unworn Hublot Big Bang MP-11 POWER RESERVE 14 DAYS 3D CARBON RAINBOW 911.QD.0123.LR.4099. 45 mm, Sapphire Crystal dial, 3D Carbon [&hellip;]<\/p>","protected":false},"featured_media":36658,"comment_status":"closed","ping_status":"open","template":"","meta":{"site-sidebar-layout":"default","site-content-layout":"","ast-site-content-layout":"","site-content-style":"default","site-sidebar-style":"default","ast-global-header-display":"","ast-banner-title-visibility":"","ast-main-header-display":"","ast-hfb-above-header-display":"","ast-hfb-below-header-display":"","ast-hfb-mobile-header-display":"","site-post-title":"","ast-breadcrumbs-content":"","ast-featured-img":"","footer-sml-layout":"","theme-transparent-header-meta":"","adv-header-id-meta":"","stick-header-meta":"","header-above-stick-meta":"","header-main-stick-meta":"","header-below-stick-meta":"","astra-migrate-meta-layouts":"default","ast-page-background-enabled":"default","ast-page-background-meta":{"desktop":{"background-color":"var(--ast-global-color-5)","background-image":"","background-repeat":"repeat","background-position":"center center","background-size":"auto","background-attachment":"scroll","background-type":"","background-media":"","overlay-type":"","overlay-color":"","overlay-opacity":"","overlay-gradient":""},"tablet":{"background-color":"","background-image":"","background-repeat":"repeat","background-position":"center center","background-size":"auto","background-attachment":"scroll","background-type":"","background-media":"","overlay-type":"","overlay-color":"","overlay-opacity":"","overlay-gradient":""},"mobile":{"background-color":"","background-image":"","background-repeat":"repeat","background-position":"center center","background-size":"auto","background-attachment":"scroll","background-type":"","background-media":"","overlay-type":"","overlay-color":"","overlay-opacity":"","overlay-gradient":""}},"ast-content-background-meta":{"desktop":{"background-color":"var(--ast-global-color-4)","background-image":"","background-repeat":"repeat","background-position":"center center","background-size":"auto","background-attachment":"scroll","background-type":"","background-media":"","overlay-type":"","overlay-color":"","overlay-opacity":"","overlay-gradient":""},"tablet":{"background-color":"var(--ast-global-color-4)","background-image":"","background-repeat":"repeat","background-position":"center center","background-size":"auto","background-attachment":"scroll","background-type":"","background-media":"","overlay-type":"","overlay-color":"","overlay-opacity":"","overlay-gradient":""},"mobile":{"background-color":"var(--ast-global-color-4)","background-image":"","background-repeat":"repeat","background-position":"center center","background-size":"auto","background-attachment":"scroll","background-type":"","background-media":"","overlay-type":"","overlay-color":"","overlay-opacity":"","overlay-gradient":""}}},"product_brand":[682],"product_cat":[80,684,685],"product_tag":[683],"class_list":{"0":"post-36657","1":"product","2":"type-product","3":"status-publish","4":"has-post-thumbnail","6":"product_brand-hublot","7":"product_cat-watchs","8":"product_cat-hublot","9":"product_cat-big-bang","10":"product_tag-hublot","11":"desktop-align-left","12":"tablet-align-left","13":"mobile-align-left","15":"first","16":"instock","17":"sale","18":"purchasable","19":"product-type-simple"},"tiered_pricing_type":"fixed","tiered_pricing_fixed_rules":[],"tiered_pricing_product_settings":{"layout":"default","base_unit_name":{"singular":null,"plural":null},"default_variation":null},"tiered_pricing_minimum_quantity":null,"tiered_pricing_roles_data":[],"tiered_pricing_percentage_rules":[],"tiered_pricing_maximum_quantity":null,"tiered_pricing_quantity_step":null,"_links":{"self":[{"href":"https:\/\/prestige-aura.com\/pl\/wp-json\/wp\/v2\/product\/36657","targetHints":{"allow":["GET"]}}],"collection":[{"href":"https:\/\/prestige-aura.com\/pl\/wp-json\/wp\/v2\/product"}],"about":[{"href":"https:\/\/prestige-aura.com\/pl\/wp-json\/wp\/v2\/types\/product"}],"replies":[{"embeddable":true,"href":"https:\/\/prestige-aura.com\/pl\/wp-json\/wp\/v2\/comments?post=36657"}],"wp:featuredmedia":[{"embeddable":true,"href":"https:\/\/prestige-aura.com\/pl\/wp-json\/wp\/v2\/media\/36658"}],"wp:attachment":[{"href":"https:\/\/prestige-aura.com\/pl\/wp-json\/wp\/v2\/media?parent=36657"}],"wp:term":[{"taxonomy":"product_brand","embeddable":true,"href":"https:\/\/prestige-aura.com\/pl\/wp-json\/wp\/v2\/product_brand?post=36657"},{"taxonomy":"product_cat","embeddable":true,"href":"https:\/\/prestige-aura.com\/pl\/wp-json\/wp\/v2\/product_cat?post=36657"},{"taxonomy":"product_tag","embeddable":true,"href":"https:\/\/prestige-aura.com\/pl\/wp-json\/wp\/v2\/product_tag?post=36657"}],"curies":[{"name":"wp","href":"https:\/\/api.w.org\/{rel}","templated":true}]}}