
{"id":34024,"date":"2025-06-21T12:48:00","date_gmt":"2025-06-21T12:48:00","guid":{"rendered":"https:\/\/prestige-aura.com\/product\/rolex-perpetual-41mm-steel-yellow-dial-oyster-mens-watch-124300\/"},"modified":"2025-06-24T13:06:59","modified_gmt":"2025-06-24T13:06:59","slug":"rolex-perpetual-41mm-steel-yellow-dial-oyster-mens-watch-124300","status":"publish","type":"product","link":"https:\/\/prestige-aura.com\/pl\/produkt\/rolex-perpetual-41mm-steel-yellow-dial-oyster-mens-watch-124300\/","title":{"rendered":"Rolex Perpetual 41mm Steel Yellow Dial Oyster Mens Watch 124300"},"content":{"rendered":"<div class=\"woocommerce-product-details__short-description\">\n<h4><strong><b>Cechy<\/b><\/strong><\/h4>\n<ul>\n<li data-start=\"44\" data-end=\"136\">\n<p data-start=\"46\" data-end=\"136\">Wyposa\u017cony w szeroki sekundnik dla p\u0142ynnego ruchu, pokazuj\u0105cy mechaniczn\u0105 elegancj\u0119<\/p>\n<\/li>\n<li data-start=\"137\" data-end=\"202\">\n<p data-start=\"139\" data-end=\"202\">Przykr\u0119cana koronka z o-ringiem dla zwi\u0119kszonej wodoodporno\u015bci<\/p>\n<\/li>\n<li data-start=\"203\" data-end=\"307\">\n<p data-start=\"205\" data-end=\"307\">Mechanizm Hacking: wskaz\u00f3wka sekundowa zatrzymuje si\u0119 po wyci\u0105gni\u0119ciu koronki, zapewniaj\u0105c precyzyjne ustawienie czasu.<\/p>\n<\/li>\n<li data-start=\"308\" data-end=\"429\">\n<p data-start=\"310\" data-end=\"429\">Ogniwa bransoletki s\u0105 mocowane za pomoc\u0105 \u015brub zamiast tradycyjnych szpilek, co zapewnia wi\u0119ksz\u0105 stabilno\u015b\u0107 i \u0142atwiejsz\u0105 konserwacj\u0119.<\/p>\n<\/li>\n<li data-start=\"430\" data-end=\"550\">\n<p data-start=\"432\" data-end=\"550\">Logo korony Rolex wytrawione w pozycji godziny 6 na krysztale, podkre\u015blaj\u0105ce kunszt i dba\u0142o\u015b\u0107 o szczeg\u00f3\u0142y.<\/p>\n<\/li>\n<\/ul>\n<\/div>\n<div class=\"woocommerce-Tabs-panel woocommerce-Tabs-panel--description panel entry-content wc-tab\" id=\"tab-description\" role=\"tabpanel\" aria-labelledby=\"tab-title-description\" style=\"\">\n<p>&nbsp;<\/p>\n<table class=\"expert-table\">\n<tbody>\n<tr>\n<th>Nazwa produktu<\/th>\n<td>Rolex Oyster Perpetual 124300<\/td>\n<\/tr>\n<tr>\n<th>Wybieranie<\/th>\n<td>Yellow (as shown picture in this page)<\/td>\n<\/tr>\n<tr>\n<th>Ramka<\/th>\n<td>Domed&nbsp;(Correct Material as Genuine)<\/td>\n<\/tr>\n<tr>\n<th>Szk\u0142o<\/th>\n<td>Szafirowy kryszta\u0142<\/td>\n<\/tr>\n<tr>\n<th>Wymiary pokr\u0119t\u0142a<\/th>\n<td>41 mm&nbsp;(Correct Size as Genuine)<\/td>\n<\/tr>\n<tr>\n<th>Waga<\/th>\n<td>&nbsp;133.9 grams<\/td>\n<\/tr>\n<tr>\n<th>Materia\u0142<\/th>\n<td>1-cz\u0119\u015bciowa kuta konstrukcja obudowy, solidna stal nierdzewna 316L<\/td>\n<\/tr>\n<tr>\n<th>Bransoletka<\/th>\n<td>Stainless Steel Finish Jubilee Style Bracelet<\/td>\n<\/tr>\n<tr>\n<th>Ruch<\/th>\n<td>Asian 2813 Automatic Movement, 21J (no battery needed for life)<\/td>\n<\/tr>\n<tr>\n<th>&nbsp;Funkcje<\/th>\n<td>Hours, Minutes, Seconds<\/td>\n<\/tr>\n<tr>\n<th>Powr\u00f3t<\/th>\n<td>Solidny ty\u0142 obudowy<\/td>\n<\/tr>\n<tr>\n<th>Model<\/th>\n<td>SS Case, Domed Bezel, Yellow Dial, Luminous Stick Markers, Engraved ROLEXROLEX on rehaut<\/td>\n<\/tr>\n<\/tbody>\n<\/table><\/div>","protected":false},"excerpt":{"rendered":"<p>Features Equipped with a sweeping second hand for smooth movement, showcasing mechanical elegance Screw-down crown with an O-ring for enhanced [&hellip;]<\/p>","protected":false},"featured_media":34025,"comment_status":"closed","ping_status":"open","template":"","meta":{"site-sidebar-layout":"default","site-content-layout":"","ast-site-content-layout":"","site-content-style":"default","site-sidebar-style":"default","ast-global-header-display":"","ast-banner-title-visibility":"","ast-main-header-display":"","ast-hfb-above-header-display":"","ast-hfb-below-header-display":"","ast-hfb-mobile-header-display":"","site-post-title":"","ast-breadcrumbs-content":"","ast-featured-img":"","footer-sml-layout":"","theme-transparent-header-meta":"","adv-header-id-meta":"","stick-header-meta":"","header-above-stick-meta":"","header-main-stick-meta":"","header-below-stick-meta":"","astra-migrate-meta-layouts":"default","ast-page-background-enabled":"default","ast-page-background-meta":{"desktop":{"background-color":"var(--ast-global-color-5)","background-image":"","background-repeat":"repeat","background-position":"center center","background-size":"auto","background-attachment":"scroll","background-type":"","background-media":"","overlay-type":"","overlay-color":"","overlay-opacity":"","overlay-gradient":""},"tablet":{"background-color":"","background-image":"","background-repeat":"repeat","background-position":"center center","background-size":"auto","background-attachment":"scroll","background-type":"","background-media":"","overlay-type":"","overlay-color":"","overlay-opacity":"","overlay-gradient":""},"mobile":{"background-color":"","background-image":"","background-repeat":"repeat","background-position":"center center","background-size":"auto","background-attachment":"scroll","background-type":"","background-media":"","overlay-type":"","overlay-color":"","overlay-opacity":"","overlay-gradient":""}},"ast-content-background-meta":{"desktop":{"background-color":"var(--ast-global-color-4)","background-image":"","background-repeat":"repeat","background-position":"center center","background-size":"auto","background-attachment":"scroll","background-type":"","background-media":"","overlay-type":"","overlay-color":"","overlay-opacity":"","overlay-gradient":""},"tablet":{"background-color":"var(--ast-global-color-4)","background-image":"","background-repeat":"repeat","background-position":"center center","background-size":"auto","background-attachment":"scroll","background-type":"","background-media":"","overlay-type":"","overlay-color":"","overlay-opacity":"","overlay-gradient":""},"mobile":{"background-color":"var(--ast-global-color-4)","background-image":"","background-repeat":"repeat","background-position":"center center","background-size":"auto","background-attachment":"scroll","background-type":"","background-media":"","overlay-type":"","overlay-color":"","overlay-opacity":"","overlay-gradient":""}}},"product_brand":[575],"product_cat":[659,578,80],"product_tag":[661,576],"class_list":{"0":"post-34024","1":"product","2":"type-product","3":"status-publish","4":"has-post-thumbnail","6":"product_brand-rolex","7":"product_cat-oyster-perpetual","8":"product_cat-rolex","9":"product_cat-watchs","10":"product_tag-oyster-perpetual","11":"product_tag-rolex","12":"desktop-align-left","13":"tablet-align-left","14":"mobile-align-left","16":"first","17":"instock","18":"sale","19":"purchasable","20":"product-type-simple"},"tiered_pricing_type":"fixed","tiered_pricing_fixed_rules":[],"tiered_pricing_product_settings":{"layout":"default","base_unit_name":{"singular":null,"plural":null},"default_variation":null},"tiered_pricing_minimum_quantity":null,"tiered_pricing_roles_data":[],"tiered_pricing_percentage_rules":[],"tiered_pricing_maximum_quantity":null,"tiered_pricing_quantity_step":null,"_links":{"self":[{"href":"https:\/\/prestige-aura.com\/pl\/wp-json\/wp\/v2\/product\/34024","targetHints":{"allow":["GET"]}}],"collection":[{"href":"https:\/\/prestige-aura.com\/pl\/wp-json\/wp\/v2\/product"}],"about":[{"href":"https:\/\/prestige-aura.com\/pl\/wp-json\/wp\/v2\/types\/product"}],"replies":[{"embeddable":true,"href":"https:\/\/prestige-aura.com\/pl\/wp-json\/wp\/v2\/comments?post=34024"}],"wp:featuredmedia":[{"embeddable":true,"href":"https:\/\/prestige-aura.com\/pl\/wp-json\/wp\/v2\/media\/34025"}],"wp:attachment":[{"href":"https:\/\/prestige-aura.com\/pl\/wp-json\/wp\/v2\/media?parent=34024"}],"wp:term":[{"taxonomy":"product_brand","embeddable":true,"href":"https:\/\/prestige-aura.com\/pl\/wp-json\/wp\/v2\/product_brand?post=34024"},{"taxonomy":"product_cat","embeddable":true,"href":"https:\/\/prestige-aura.com\/pl\/wp-json\/wp\/v2\/product_cat?post=34024"},{"taxonomy":"product_tag","embeddable":true,"href":"https:\/\/prestige-aura.com\/pl\/wp-json\/wp\/v2\/product_tag?post=34024"}],"curies":[{"name":"wp","href":"https:\/\/api.w.org\/{rel}","templated":true}]}}