
{"id":33714,"date":"2025-06-21T10:45:00","date_gmt":"2025-06-21T10:45:00","guid":{"rendered":"https:\/\/prestige-aura.com\/product\/rolex-day-date-36mm-white-gold-mother-of-pearl-watch-128239\/"},"modified":"2025-06-24T13:14:37","modified_gmt":"2025-06-24T13:14:37","slug":"rolex-day-date-36mm-white-gold-mother-of-pearl-watch-128239","status":"publish","type":"product","link":"https:\/\/prestige-aura.com\/pl\/produkt\/rolex-day-date-36mm-white-gold-mother-of-pearl-watch-128239\/","title":{"rendered":"Rolex Day-Date 36mm White Gold Mother of Pearl Watch 128239"},"content":{"rendered":"<div class=\"woocommerce-product-details__short-description\">\n<h4><strong><b>Cechy<\/b><\/strong><\/h4>\n<p>-Wyposa\u017cony w p\u0142ynnie poruszaj\u0105cy si\u0119 sekundnik, prezentuj\u0105cy mechaniczn\u0105 elegancj\u0119<\/p>\n<p>-Odkr\u0119cana koronka z o-ringiem dla zwi\u0119kszonej wodoodporno\u015bci<\/p>\n<p>-Mechanizm Hacking: wskaz\u00f3wka sekundowa zatrzymuje si\u0119 po wyci\u0105gni\u0119ciu koronki, zapewniaj\u0105c precyzyjne ustawienie czasu.<\/p>\n<p>-Ogniwa bransoletki s\u0105 mocowane za pomoc\u0105 \u015brub zamiast tradycyjnych sworzni, co zapewnia wi\u0119ksz\u0105 stabilno\u015b\u0107 i \u0142atwiejsz\u0105 konserwacj\u0119.<\/p>\n<p>-Rolex logo korony wytrawione w pozycji godziny 6 na krysztale, podkre\u015blaj\u0105ce kunszt i dba\u0142o\u015b\u0107 o szczeg\u00f3\u0142y<\/p>\n<\/div>\n<div class=\"woocommerce-Tabs-panel woocommerce-Tabs-panel--description panel entry-content wc-tab\" id=\"tab-description\" role=\"tabpanel\" aria-labelledby=\"tab-title-description\" style=\"\">\n<p>&nbsp;<\/p>\n<table class=\"expert-table\">\n<tbody>\n<tr>\n<th>Nazwa produktu<\/th>\n<td>Rolex Day-Date 128239 MOP White Dial<\/td>\n<\/tr>\n<tr>\n<th>Wybieranie<\/th>\n<td>MOP White Dial (as shown picture in this page)<\/td>\n<\/tr>\n<tr>\n<th>Ramka<\/th>\n<td>Fluted<\/td>\n<\/tr>\n<tr>\n<th>Szk\u0142o<\/th>\n<td>Szafirowy kryszta\u0142<\/td>\n<\/tr>\n<tr>\n<th>Wymiary pokr\u0119t\u0142a<\/th>\n<td>36 mm&nbsp;(Correct Size as Genuine)<\/td>\n<\/tr>\n<tr>\n<th>Waga<\/th>\n<td>119.6 grams<\/td>\n<\/tr>\n<tr>\n<th>Materia\u0142<\/th>\n<td>1-cz\u0119\u015bciowa kuta konstrukcja obudowy, solidna stal nierdzewna 316L<\/td>\n<\/tr>\n<tr>\n<th>Bransoletka<\/th>\n<td>Stainless Steel President bracelet<\/td>\n<\/tr>\n<tr>\n<th>Ruch<\/th>\n<td>Asian 2813 Automatic Movement, 21J (no battery needed for life)<\/td>\n<\/tr>\n<tr>\n<th>Funkcje<\/th>\n<td>Hours, Minutes, Seconds, Day and Date (set via crown)<\/td>\n<\/tr>\n<tr>\n<th>Powr\u00f3t<\/th>\n<td>Solidny ty\u0142 obudowy<\/td>\n<\/tr>\n<tr>\n<th>Model<\/th>\n<td>SS Case, Fluted Bezel, Mother of Pearl White Dial with Diamond markers, Engraved ROLEXROLEX on rehaut<\/td>\n<\/tr>\n<\/tbody>\n<\/table>\n<p>&nbsp;<\/p>\n<\/p><\/div>","protected":false},"excerpt":{"rendered":"<p>Features -Equipped with a sweeping second hand for smooth movement, showcasing mechanical elegance -Screw-down crown with an O-ring for enhanced [&hellip;]<\/p>","protected":false},"featured_media":33715,"comment_status":"closed","ping_status":"open","template":"","meta":{"site-sidebar-layout":"default","site-content-layout":"","ast-site-content-layout":"","site-content-style":"default","site-sidebar-style":"default","ast-global-header-display":"","ast-banner-title-visibility":"","ast-main-header-display":"","ast-hfb-above-header-display":"","ast-hfb-below-header-display":"","ast-hfb-mobile-header-display":"","site-post-title":"","ast-breadcrumbs-content":"","ast-featured-img":"","footer-sml-layout":"","theme-transparent-header-meta":"","adv-header-id-meta":"","stick-header-meta":"","header-above-stick-meta":"","header-main-stick-meta":"","header-below-stick-meta":"","astra-migrate-meta-layouts":"default","ast-page-background-enabled":"default","ast-page-background-meta":{"desktop":{"background-color":"var(--ast-global-color-5)","background-image":"","background-repeat":"repeat","background-position":"center center","background-size":"auto","background-attachment":"scroll","background-type":"","background-media":"","overlay-type":"","overlay-color":"","overlay-opacity":"","overlay-gradient":""},"tablet":{"background-color":"","background-image":"","background-repeat":"repeat","background-position":"center center","background-size":"auto","background-attachment":"scroll","background-type":"","background-media":"","overlay-type":"","overlay-color":"","overlay-opacity":"","overlay-gradient":""},"mobile":{"background-color":"","background-image":"","background-repeat":"repeat","background-position":"center center","background-size":"auto","background-attachment":"scroll","background-type":"","background-media":"","overlay-type":"","overlay-color":"","overlay-opacity":"","overlay-gradient":""}},"ast-content-background-meta":{"desktop":{"background-color":"var(--ast-global-color-4)","background-image":"","background-repeat":"repeat","background-position":"center center","background-size":"auto","background-attachment":"scroll","background-type":"","background-media":"","overlay-type":"","overlay-color":"","overlay-opacity":"","overlay-gradient":""},"tablet":{"background-color":"var(--ast-global-color-4)","background-image":"","background-repeat":"repeat","background-position":"center center","background-size":"auto","background-attachment":"scroll","background-type":"","background-media":"","overlay-type":"","overlay-color":"","overlay-opacity":"","overlay-gradient":""},"mobile":{"background-color":"var(--ast-global-color-4)","background-image":"","background-repeat":"repeat","background-position":"center center","background-size":"auto","background-attachment":"scroll","background-type":"","background-media":"","overlay-type":"","overlay-color":"","overlay-opacity":"","overlay-gradient":""}}},"product_brand":[575],"product_cat":[80,578,597],"product_tag":[647,576],"class_list":{"0":"post-33714","1":"product","2":"type-product","3":"status-publish","4":"has-post-thumbnail","6":"product_brand-rolex","7":"product_cat-watchs","8":"product_cat-rolex","9":"product_cat-day-date","10":"product_tag-day-date","11":"product_tag-rolex","12":"desktop-align-left","13":"tablet-align-left","14":"mobile-align-left","16":"first","17":"instock","18":"sale","19":"purchasable","20":"product-type-simple"},"tiered_pricing_type":"fixed","tiered_pricing_fixed_rules":[],"tiered_pricing_product_settings":{"layout":"default","base_unit_name":{"singular":null,"plural":null},"default_variation":null},"tiered_pricing_minimum_quantity":null,"tiered_pricing_roles_data":[],"tiered_pricing_percentage_rules":[],"tiered_pricing_maximum_quantity":null,"tiered_pricing_quantity_step":null,"_links":{"self":[{"href":"https:\/\/prestige-aura.com\/pl\/wp-json\/wp\/v2\/product\/33714","targetHints":{"allow":["GET"]}}],"collection":[{"href":"https:\/\/prestige-aura.com\/pl\/wp-json\/wp\/v2\/product"}],"about":[{"href":"https:\/\/prestige-aura.com\/pl\/wp-json\/wp\/v2\/types\/product"}],"replies":[{"embeddable":true,"href":"https:\/\/prestige-aura.com\/pl\/wp-json\/wp\/v2\/comments?post=33714"}],"wp:featuredmedia":[{"embeddable":true,"href":"https:\/\/prestige-aura.com\/pl\/wp-json\/wp\/v2\/media\/33715"}],"wp:attachment":[{"href":"https:\/\/prestige-aura.com\/pl\/wp-json\/wp\/v2\/media?parent=33714"}],"wp:term":[{"taxonomy":"product_brand","embeddable":true,"href":"https:\/\/prestige-aura.com\/pl\/wp-json\/wp\/v2\/product_brand?post=33714"},{"taxonomy":"product_cat","embeddable":true,"href":"https:\/\/prestige-aura.com\/pl\/wp-json\/wp\/v2\/product_cat?post=33714"},{"taxonomy":"product_tag","embeddable":true,"href":"https:\/\/prestige-aura.com\/pl\/wp-json\/wp\/v2\/product_tag?post=33714"}],"curies":[{"name":"wp","href":"https:\/\/api.w.org\/{rel}","templated":true}]}}