
{"id":23856,"date":"2025-06-12T04:10:43","date_gmt":"2025-06-12T04:10:43","guid":{"rendered":"https:\/\/prestige-aura.com\/?page_id=23856"},"modified":"2025-07-03T06:40:27","modified_gmt":"2025-07-03T06:40:27","slug":"shipping-policy","status":"publish","type":"page","link":"https:\/\/prestige-aura.com\/pl\/shipping-policy\/","title":{"rendered":"Wysy\u0142ka Poleicy"},"content":{"rendered":"<div data-elementor-type=\"wp-page\" data-elementor-id=\"23856\" class=\"elementor elementor-23856\" data-elementor-post-type=\"page\">\n\t\t\t\t<div class=\"elementor-element elementor-element-1e5765e e-flex e-con-boxed e-con e-parent\" data-id=\"1e5765e\" data-element_type=\"container\">\n\t\t\t\t\t<div class=\"e-con-inner\">\n\t\t\t\t<div class=\"elementor-element elementor-element-58a682f elementor-widget elementor-widget-heading\" data-id=\"58a682f\" data-element_type=\"widget\" data-widget_type=\"heading.default\">\n\t\t\t\t<div class=\"elementor-widget-container\">\n\t\t\t\t\t<h1 class=\"elementor-heading-title elementor-size-default\">Zasady wysy\u0142ki\n<\/h1>\t\t\t\t<\/div>\n\t\t\t\t<\/div>\n\t\t\t\t<div class=\"elementor-element elementor-element-8453d85 elementor-widget elementor-widget-text-editor\" data-id=\"8453d85\" data-element_type=\"widget\" data-widget_type=\"text-editor.default\">\n\t\t\t\t<div class=\"elementor-widget-container\">\n\t\t\t\t\t\t\t\t\t<div id=\"main-content\" class=\"main-content\"><div id=\"shoplaza-section-1540534764625\" class=\"shoplaza-section\" data-section-id=\"1540534764625\" data-section-type=\"page_detail\" data-section-style=\"\"><div class=\"page-container my-14\"><div class=\"mce-content mt-10 break-words\"><div><strong>Przetwarzanie zam\u00f3wie\u0144<\/strong><\/div><div>Wszystkie zam\u00f3wienia s\u0105 przetwarzane w ci\u0105gu 3-5 dni roboczych.<\/div><div>Ka\u017cdy produkt jest dok\u0142adnie sprawdzany i pakowany, aby zapewni\u0107 najwy\u017csz\u0105 jako\u015b\u0107 przed wysy\u0142k\u0105.<\/div><div>\u00a0<\/div><div><strong>Pokrycie koszt\u00f3w wysy\u0142ki<\/strong><\/div><div>Z dum\u0105 oferujemy wysy\u0142k\u0119 na ca\u0142y \u015bwiat, dostarczaj\u0105c nasze ekskluzywne produkty klientom na ca\u0142ym \u015bwiecie.<\/div><div>\u00a0<\/div><div><strong>Szacowany czas dostawy<\/strong><\/div><div>Czas dostawy zale\u017cy od miejsca docelowego i rodzaju produktu:<\/div><div>\u00a0<\/div><div>Dostawa standardowa: 5-20 dni roboczych.<\/div><div>\u00a0<\/div><div>Nale\u017cy pami\u0119ta\u0107, \u017ce r\u0119cznie robione przedmioty, luksusowe repliki lub niestandardowe elementy mog\u0105 wymaga\u0107 dodatkowego czasu w szczytowych sezonach.<\/div><div>\u00a0<\/div><div>Nale\u017cy pami\u0119ta\u0107, \u017ce odprawa celna, warunki pogodowe, zatory w portach i wa\u017cne \u015bwi\u0119ta (np. Bo\u017ce Narodzenie) mog\u0105 wyd\u0142u\u017cy\u0107 czas dostawy. Czynniki te s\u0105 poza nasz\u0105 kontrol\u0105 i nie stanowi\u0105 podstawy do zwrotu pieni\u0119dzy lub sporu.<\/div><div>\u00a0<\/div><div><strong>Informacje o \u015bledzeniu<\/strong><\/div><div>Po wys\u0142aniu zam\u00f3wienia numer \u015bledzenia zostanie wys\u0142any poczt\u0105 elektroniczn\u0105. Mo\u017cesz monitorowa\u0107 podr\u00f3\u017c swojej przesy\u0142ki w dowolnym momencie.<\/div><div>\u00a0<\/div><div><strong>Op\u00f3\u017anienia w wysy\u0142ce i zagubione paczki<\/strong><\/div><div>\u015aci\u015ble wsp\u00f3\u0142pracujemy z naszymi partnerami logistycznymi, aby zminimalizowa\u0107 problemy zwi\u0105zane z wysy\u0142k\u0105. Jednak\u017ce:<\/div><div>\u00a0<\/div><div>Je\u015bli op\u00f3\u017anienie w realizacji zam\u00f3wienia przekracza 30 dni roboczych, prosimy o kontakt w celu uzyskania pomocy.<\/div><div>\u00a0<\/div><div>W przypadku zagubionych paczek potwierdzonych przez przewo\u017anika zaoferujemy pe\u0142ny zwrot pieni\u0119dzy lub bezp\u0142atn\u0105 ponown\u0105 wysy\u0142k\u0119, w zale\u017cno\u015bci od preferencji.<\/div><div><strong>\u00a0<\/strong><\/div><div><strong>Incydenty zwi\u0105zane z wysy\u0142k\u0105 i ich rozwi\u0105zywanie<\/strong><\/div><div>Opakowanie uszkodzone podczas transportu<\/div><div>Je\u015bli przesy\u0142ka oka\u017ce si\u0119 w widoczny spos\u00f3b uszkodzona podczas dostawy, nale\u017cy odm\u00f3wi\u0107 jej przyj\u0119cia i niezw\u0142ocznie skontaktowa\u0107 si\u0119 z naszym dzia\u0142em obs\u0142ugi klienta.<\/div><div>\u00a0<\/div><div>Je\u015bli dostawa nast\u0105pi pod Twoj\u0105 nieobecno\u015b\u0107, skontaktuj si\u0119 bezpo\u015brednio z przewo\u017anikiem.<\/div><div>\u00a0<\/div><div>Gdy produkt zostanie oznaczony jako \"dostarczony\" przez przewo\u017anika, nie ponosimy ju\u017c odpowiedzialno\u015bci za paczk\u0119.<\/div><div>\u00a0<\/div><div>Po zako\u0144czeniu przez kuriera dochodzenia w sprawie uszkodze\u0144, zorganizujemy zwrot pieni\u0119dzy lub wymian\u0119 w zale\u017cno\u015bci od wniosk\u00f3w.<\/div><div>\u00a0<\/div><div>Je\u015bli przedmiot zostanie dostarczony uszkodzony, nale\u017cy zg\u0142osi\u0107 to ze zdj\u0119ciami w ci\u0105gu 3 dni od dostawy w celu szybkiego rozwi\u0105zania.<\/div><div>\u00a0<\/div><div><strong>Dodatkowe uwagi<\/strong><\/div><div>Odprawa celna mo\u017ce spowodowa\u0107 dodatkowe op\u00f3\u017anienia, w zale\u017cno\u015bci od zasad obowi\u0105zuj\u0105cych w danym kraju.<\/div><div>\u00a0<\/div><div>Nie ponosimy odpowiedzialno\u015bci za jakiekolwiek op\u0142aty celne lub podatki na\u0142o\u017cone po przyje\u017adzie.<\/div><div>\u00a0<\/div><div>Aby unikn\u0105\u0107 problem\u00f3w z dostaw\u0105, nale\u017cy poda\u0107 prawid\u0142owy adres wysy\u0142ki.<\/div><\/div><\/div><\/div><\/div><div id=\"shoplaza-section-footer\" class=\"shoplaza-section\" data-section-id=\"footer\" data-section-type=\"footer\" data-section-style=\"expand\"><div class=\"footer__newsletter\"><div class=\"page-container lg:flex lg:items-center lg:justify-center py-8 md:px-8\">\u00a0<\/div><\/div><\/div>\t\t\t\t\t\t\t\t<\/div>\n\t\t\t\t<\/div>\n\t\t\t\t\t<\/div>\n\t\t\t\t<\/div>\n\t\t\t\t<\/div>","protected":false},"excerpt":{"rendered":"<p>Shipping Policy Order ProcessingAll orders are processed within 3\u20135 business days.Each item is carefully inspected and packaged to ensure the [&hellip;]<\/p>","protected":false},"author":1,"featured_media":0,"parent":0,"menu_order":0,"comment_status":"closed","ping_status":"closed","template":"","meta":{"site-sidebar-layout":"no-sidebar","site-content-layout":"","ast-site-content-layout":"full-width-container","site-content-style":"default","site-sidebar-style":"default","ast-global-header-display":"","ast-banner-title-visibility":"","ast-main-header-display":"","ast-hfb-above-header-display":"","ast-hfb-below-header-display":"","ast-hfb-mobile-header-display":"","site-post-title":"disabled","ast-breadcrumbs-content":"","ast-featured-img":"disabled","footer-sml-layout":"","theme-transparent-header-meta":"","adv-header-id-meta":"","stick-header-meta":"","header-above-stick-meta":"","header-main-stick-meta":"","header-below-stick-meta":"","astra-migrate-meta-layouts":"default","ast-page-background-enabled":"default","ast-page-background-meta":{"desktop":{"background-color":"var(--ast-global-color-5)","background-image":"","background-repeat":"repeat","background-position":"center center","background-size":"auto","background-attachment":"scroll","background-type":"","background-media":"","overlay-type":"","overlay-color":"","overlay-opacity":"","overlay-gradient":""},"tablet":{"background-color":"","background-image":"","background-repeat":"repeat","background-position":"center center","background-size":"auto","background-attachment":"scroll","background-type":"","background-media":"","overlay-type":"","overlay-color":"","overlay-opacity":"","overlay-gradient":""},"mobile":{"background-color":"","background-image":"","background-repeat":"repeat","background-position":"center center","background-size":"auto","background-attachment":"scroll","background-type":"","background-media":"","overlay-type":"","overlay-color":"","overlay-opacity":"","overlay-gradient":""}},"ast-content-background-meta":{"desktop":{"background-color":"var(--ast-global-color-4)","background-image":"","background-repeat":"repeat","background-position":"center center","background-size":"auto","background-attachment":"scroll","background-type":"","background-media":"","overlay-type":"","overlay-color":"","overlay-opacity":"","overlay-gradient":""},"tablet":{"background-color":"var(--ast-global-color-4)","background-image":"","background-repeat":"repeat","background-position":"center center","background-size":"auto","background-attachment":"scroll","background-type":"","background-media":"","overlay-type":"","overlay-color":"","overlay-opacity":"","overlay-gradient":""},"mobile":{"background-color":"var(--ast-global-color-4)","background-image":"","background-repeat":"repeat","background-position":"center center","background-size":"auto","background-attachment":"scroll","background-type":"","background-media":"","overlay-type":"","overlay-color":"","overlay-opacity":"","overlay-gradient":""}},"footnotes":""},"class_list":["post-23856","page","type-page","status-publish","hentry"],"_links":{"self":[{"href":"https:\/\/prestige-aura.com\/pl\/wp-json\/wp\/v2\/pages\/23856","targetHints":{"allow":["GET"]}}],"collection":[{"href":"https:\/\/prestige-aura.com\/pl\/wp-json\/wp\/v2\/pages"}],"about":[{"href":"https:\/\/prestige-aura.com\/pl\/wp-json\/wp\/v2\/types\/page"}],"author":[{"embeddable":true,"href":"https:\/\/prestige-aura.com\/pl\/wp-json\/wp\/v2\/users\/1"}],"replies":[{"embeddable":true,"href":"https:\/\/prestige-aura.com\/pl\/wp-json\/wp\/v2\/comments?post=23856"}],"version-history":[{"count":0,"href":"https:\/\/prestige-aura.com\/pl\/wp-json\/wp\/v2\/pages\/23856\/revisions"}],"wp:attachment":[{"href":"https:\/\/prestige-aura.com\/pl\/wp-json\/wp\/v2\/media?parent=23856"}],"curies":[{"name":"wp","href":"https:\/\/api.w.org\/{rel}","templated":true}]}}