
{"id":36847,"date":"2025-06-22T06:52:00","date_gmt":"2025-06-22T06:52:00","guid":{"rendered":"https:\/\/prestige-aura.com\/product\/hublot-spirit-of-big-bang-king-gold-45mm-ref-601-ox-0183-lr-2\/"},"modified":"2025-06-24T08:13:33","modified_gmt":"2025-06-24T08:13:33","slug":"hublot-spirit-of-big-bang-king-gold-45mm-ref-601-ox-0183-lr-2","status":"publish","type":"product","link":"https:\/\/prestige-aura.com\/it_it\/prodotto\/hublot-spirit-of-big-bang-king-gold-45mm-ref-601-ox-0183-lr-2\/","title":{"rendered":"Hublot Spirit of Big Bang King Oro 45 mm, Ref# 601.OX.0183.LR"},"content":{"rendered":"<p>Orologio Hublot Spirit of Big Bang King Gold 45 mm. Cassa in oro King 18k spazzolato\/satinato con angoli smussati lucidi, referenza 601.OX.0183.LR. Questo modello ha un quadrante trasparente in vetro zaffiro con lancette dei minuti e delle ore in oro massiccio 18 carati spazzolato, con parte superiore luminosa e parte inferiore scheletrata. Indici applicati in oro King 18 carati spazzolato con riempimento luminoso. Flangia nera della lunetta interna sul perimetro del quadrante con traccia rossa dei minuti\/secondi. Piccola lancetta dei secondi in movimento situata a ore 9. Ruota della data scheletrata a vista. La data attuale \u00e8 visualizzata tra le ore 4 e 5, evidenziata da uno sfondo nero e da un bordo blu. Funzione cronografo Cronometro:? grande contatore centrale dei secondi con il logo \u00a1\u00b0H\u00a1\u00b1 come contrappeso; contatore dei 30 minuti con bordo nero situato a ore 3; contatore delle 12 ore con bordo nero situato a ore 6. Corona e pulsanti crono in oro King 18 carati spazzolato e lucidato con inserto nero. La corona \u00e8 dotata di funzione Pull \/ Press, con logo Hublot inciso. Il quadrante \u00e8 chiuso da un vetro zaffiro antigraffio con trattamento antiriflesso. Il fondello trasparente \u00e8 in cristallo di zaffiro. L'orologio \u00e8 dotato di lunetta fissa in oro King 18 carati con zone incassate microbigliate (finitura scura), fissate con 6 viti in titanio lucido stile \u00a1\u00b0H\u00a1\u00b1. La fascia centrale della cassa e le anse della lunetta sono in resina composita nera. L'orologio \u00e8 dotato di movimento cronografo scheletrato a carica automatica calibro Hublot HUB 4700, contiene 31 rubini e ha una riserva di carica di circa 50 ore. Questo modello \u00e8 presentato con un cinturino in alligatore marrone: Alligatore sul lato superiore, caucci\u00f9 nero sul lato inferiore e cinturino con fibbia deployante in acciaio inossidabile 18 carati e PVD nero. La resistenza all'acqua \u00e8 fino a 100m\/330ft (10 ATM).<\/p>\n<p>Marca: Hublot<br \/>\nModello: Spirit of Big Bang King Gold 45mm?<br \/>\nRiferimento: 601.OX.0183.LR<br \/>\nDiametro: 51 mm x 45 mm<br \/>\nMateriale della cassa: Oro King 18k spazzolato\/satinato<br \/>\nColore del quadrante: vetro zaffiro trasparente<br \/>\nTipo di lunetta: Fisso<br \/>\nColore della lunetta: rosa<br \/>\nMateriale della lunetta: Oro King 18k<br \/>\nCristallo: Zaffiro<br \/>\nMovimento: Automatico, meccanico a carica automatica<br \/>\nTipo di bracciale: Cinturino<br \/>\nMateriale del bracciale: Pelle di alligatore marrone e caucci\u00f9 nero<br \/>\nChiusura: fibbia deployante in oro King 18 carati e acciaio inossidabile PVD nero<br \/>\nFunzioni: Data, Cronografo, Ora, Minuti, Secondi<br \/>\nResistenza all'acqua: Fino a 100m\/330ft (10 ATM)<br \/>\nGaranzia: Saldo della garanzia internazionale Hublot?<\/p>\n<p>Tutti i nuovi orologi Hublot vengono forniti con l'ultima iterazione della garanzia elettronica Hublot, che non prevede l'uso di carte\/libri\/libretti di garanzia cartacei\/plastici, ecc. L'autenticit\u00e0 degli orologi Hublot \u00e8 garantita dal riconoscimento visivo della microstruttura dei materiali. Con la garanzia elettronica HUBLOT, Hublot lancia una garanzia digitale memorizzata nella blockchain AURA. Esiste anche un'applicazione specifica di e-warranty per i clienti. Il riconoscimento unitario del pezzo da parte dell'applicazione Hublot e-warranty \u00e8 disponibile su Google Play Store e Apple App.<\/p>","protected":false},"excerpt":{"rendered":"<p>Hublot Spirit of Big Bang King Gold 45mm watch. Brushed\/satin finished 18k King Gold case with polished beveled corners, Reference [&hellip;]<\/p>","protected":false},"featured_media":36848,"comment_status":"closed","ping_status":"open","template":"","meta":{"site-sidebar-layout":"default","site-content-layout":"","ast-site-content-layout":"","site-content-style":"default","site-sidebar-style":"default","ast-global-header-display":"","ast-banner-title-visibility":"","ast-main-header-display":"","ast-hfb-above-header-display":"","ast-hfb-below-header-display":"","ast-hfb-mobile-header-display":"","site-post-title":"","ast-breadcrumbs-content":"","ast-featured-img":"","footer-sml-layout":"","theme-transparent-header-meta":"","adv-header-id-meta":"","stick-header-meta":"","header-above-stick-meta":"","header-main-stick-meta":"","header-below-stick-meta":"","astra-migrate-meta-layouts":"default","ast-page-background-enabled":"default","ast-page-background-meta":{"desktop":{"background-color":"var(--ast-global-color-5)","background-image":"","background-repeat":"repeat","background-position":"center center","background-size":"auto","background-attachment":"scroll","background-type":"","background-media":"","overlay-type":"","overlay-color":"","overlay-opacity":"","overlay-gradient":""},"tablet":{"background-color":"","background-image":"","background-repeat":"repeat","background-position":"center center","background-size":"auto","background-attachment":"scroll","background-type":"","background-media":"","overlay-type":"","overlay-color":"","overlay-opacity":"","overlay-gradient":""},"mobile":{"background-color":"","background-image":"","background-repeat":"repeat","background-position":"center center","background-size":"auto","background-attachment":"scroll","background-type":"","background-media":"","overlay-type":"","overlay-color":"","overlay-opacity":"","overlay-gradient":""}},"ast-content-background-meta":{"desktop":{"background-color":"var(--ast-global-color-4)","background-image":"","background-repeat":"repeat","background-position":"center center","background-size":"auto","background-attachment":"scroll","background-type":"","background-media":"","overlay-type":"","overlay-color":"","overlay-opacity":"","overlay-gradient":""},"tablet":{"background-color":"var(--ast-global-color-4)","background-image":"","background-repeat":"repeat","background-position":"center center","background-size":"auto","background-attachment":"scroll","background-type":"","background-media":"","overlay-type":"","overlay-color":"","overlay-opacity":"","overlay-gradient":""},"mobile":{"background-color":"var(--ast-global-color-4)","background-image":"","background-repeat":"repeat","background-position":"center center","background-size":"auto","background-attachment":"scroll","background-type":"","background-media":"","overlay-type":"","overlay-color":"","overlay-opacity":"","overlay-gradient":""}}},"product_brand":[682],"product_cat":[685,684,80],"product_tag":[683],"class_list":{"0":"post-36847","1":"product","2":"type-product","3":"status-publish","4":"has-post-thumbnail","6":"product_brand-hublot","7":"product_cat-big-bang","8":"product_cat-hublot","9":"product_cat-watchs","10":"product_tag-hublot","11":"desktop-align-left","12":"tablet-align-left","13":"mobile-align-left","15":"first","16":"instock","17":"sale","18":"purchasable","19":"product-type-simple"},"tiered_pricing_type":"fixed","tiered_pricing_fixed_rules":[],"tiered_pricing_product_settings":{"layout":"default","base_unit_name":{"singular":null,"plural":null},"default_variation":null},"tiered_pricing_minimum_quantity":null,"tiered_pricing_roles_data":[],"tiered_pricing_percentage_rules":[],"tiered_pricing_maximum_quantity":null,"tiered_pricing_quantity_step":null,"_links":{"self":[{"href":"https:\/\/prestige-aura.com\/it_it\/wp-json\/wp\/v2\/product\/36847","targetHints":{"allow":["GET"]}}],"collection":[{"href":"https:\/\/prestige-aura.com\/it_it\/wp-json\/wp\/v2\/product"}],"about":[{"href":"https:\/\/prestige-aura.com\/it_it\/wp-json\/wp\/v2\/types\/product"}],"replies":[{"embeddable":true,"href":"https:\/\/prestige-aura.com\/it_it\/wp-json\/wp\/v2\/comments?post=36847"}],"wp:featuredmedia":[{"embeddable":true,"href":"https:\/\/prestige-aura.com\/it_it\/wp-json\/wp\/v2\/media\/36848"}],"wp:attachment":[{"href":"https:\/\/prestige-aura.com\/it_it\/wp-json\/wp\/v2\/media?parent=36847"}],"wp:term":[{"taxonomy":"product_brand","embeddable":true,"href":"https:\/\/prestige-aura.com\/it_it\/wp-json\/wp\/v2\/product_brand?post=36847"},{"taxonomy":"product_cat","embeddable":true,"href":"https:\/\/prestige-aura.com\/it_it\/wp-json\/wp\/v2\/product_cat?post=36847"},{"taxonomy":"product_tag","embeddable":true,"href":"https:\/\/prestige-aura.com\/it_it\/wp-json\/wp\/v2\/product_tag?post=36847"}],"curies":[{"name":"wp","href":"https:\/\/api.w.org\/{rel}","templated":true}]}}