
{"id":36829,"date":"2025-06-22T06:51:00","date_gmt":"2025-06-22T06:51:00","guid":{"rendered":"https:\/\/prestige-aura.com\/product\/hublot-classic-fusion-chronograph-premier-league-42mm-limited-edition-ref-541-nx-8970-rx-plw23-2\/"},"modified":"2025-06-24T12:33:46","modified_gmt":"2025-06-24T12:33:46","slug":"hublot-classic-fusion-chronograph-premier-league-42mm-limited-edition-ref-541-nx-8970-rx-plw23-2","status":"publish","type":"product","link":"https:\/\/prestige-aura.com\/it_it\/prodotto\/hublot-classic-fusion-chronograph-premier-league-42mm-limited-edition-ref-541-nx-8970-rx-plw23-2\/","title":{"rendered":"Hublot Classic Fusion Cronografo Premier League 42 mm, edizione limitata, Ref# 541.NX.8970.RX.PLW23"},"content":{"rendered":"<p>Per rendere omaggio al campionato di calcio pi\u00f9 popolare al mondo, in qualit\u00e0 di suo partner principale, Hublot ha creato l'orologio da uomo Hublot Classic Fusion Chronograph Premier League, 42 mm, referenza 541.NX.8970.RX.PLW23 con il famoso leone della Premier League coronato a ore 3.? Questo modello esplosivo \u00e8 giustamente una combinazione armoniosa di stile classico e sportivo, creativit\u00e0 e tradizione artigianale della manifattura, alta resistenza e precisione impeccabile. \u00c8 un tributo unico al re dello sport e alla Premier League, uno dei migliori tornei di calcio al mondo. La cassa dell'orologio \u00e8 realizzata in titanio satinato e lucidato, rinomato per la sua forza, leggerezza e resistenza ai graffi. L'elegante quadrante viola opaco, con lancette rodiate lucide e indici applicati in stile applique con finitura opaca, \u00e8 immediatamente riconoscibile come Hublot. Grazie alla presenza del cronografo, che comprende una grande lancetta centrale dei secondi con il logo \u00a1\u00b0H\u00a1\u00b1 come contrappeso e il contatore dei 30 minuti situato a ore 9, questo modello pu\u00f2 a buon diritto essere definito un orologio funzionale di alta gamma. Il cronografo \u00e8 regolato da pulsanti in titanio lucidato alle posizioni 2 e 4. Inoltre, questo modello \u00e8 dotato di un quadrante dei piccoli secondi situato a ore 3 e di un indicatore di data a ore 6. La corona a pressione incisa con il logo Hublot in titanio, con scanalature sagomate per migliorare la presa, aiuta a controllare l'orologio. Il quadrante \u00e8 chiuso da un vetro zaffiro antigraffio con trattamento antiriflesso. Anche il fondello dell'orologio \u00e8 in vetro zaffiro e consente di osservare il fantastico lavoro del movimento dell'orologio. La tradizionale lunetta Hublot, ma non per questo meno elegante, \u00e8 in titanio con parte superiore spazzolata e bordo smussato lucido, fissata con 6 viti in titanio lucido immediatamente riconoscibili a forma di lettera \u00a1\u00b0H\u00a1\u00b1. Il funzionamento impeccabile dell'orologio \u00e8 garantito dal movimento cronografico a carica automatica HUB1153, che contiene 35 rubini e ha una riserva di carica di circa 42 ore. Questo modello \u00e8 presentato su un elegante e confortevole cinturino in caucci\u00f9 foderato di viola con fibbia deployante in acciaio inossidabile. La resistenza all'acqua \u00e8 fino a 50m\/165ft (5 ATM).<\/p>\n<p>Marca: Hublot<br \/>\nModello: Cronografo Classic Fusion Premier League?<br \/>\nRiferimento: 541.NX.8970.RX.PLW23<br \/>\nDiametro: 42 mm<br \/>\nMateriale della cassa: Titanio satinato e lucidato<br \/>\nColore del quadrante: viola opaco<br \/>\nTipo di lunetta: Fisso<br \/>\nColore della lunetta: argento<br \/>\nMateriale della lunetta: Titanio satinato e lucidato<br \/>\nCristallo: Zaffiro con trattamento antiriflesso<br \/>\nMovimento: Movimento cronografico a carica automatica HUB1153<br \/>\nTipo di bracciale: Cinturino<br \/>\nMateriale del bracciale: Caucci\u00f9 foderato di viola<br \/>\nChiusura: fibbia deployante in acciaio inossidabile<br \/>\nFunzioni: Data, Cronografo, Ora, Minuti, Secondi<br \/>\nResistenza all'acqua: Fino a 50m\/165ft (5 ATM)<br \/>\nGaranzia: Saldo della garanzia internazionale Hublot?<\/p>\n<p>Tutti i nuovi orologi Hublot vengono forniti con l'ultima iterazione della garanzia elettronica Hublot, che non prevede l'uso di carte\/libri\/libretti di garanzia cartacei o di plastica, ecc.<br \/>\nL'autenticit\u00e0 degli orologi Hublot \u00e8 garantita dal riconoscimento visivo della microstruttura dei materiali. Con la garanzia elettronica HUBLOT, Hublot lancia una garanzia digitale memorizzata nella blockchain AURA.<br \/>\nPer i clienti esiste anche un'applicazione di garanzia elettronica specifica. Il riconoscimento unitario del pezzo da parte dell'applicazione Hublot e-warranty \u00e8 disponibile su Google Play Store e Apple App.<\/p>","protected":false},"excerpt":{"rendered":"<p>Paying tribute to the most popular Football League in the world, as its largest partner, Hublot created the Hublot Classic [&hellip;]<\/p>","protected":false},"featured_media":36508,"comment_status":"closed","ping_status":"closed","template":"","meta":{"site-sidebar-layout":"default","site-content-layout":"","ast-site-content-layout":"","site-content-style":"default","site-sidebar-style":"default","ast-global-header-display":"","ast-banner-title-visibility":"","ast-main-header-display":"","ast-hfb-above-header-display":"","ast-hfb-below-header-display":"","ast-hfb-mobile-header-display":"","site-post-title":"","ast-breadcrumbs-content":"","ast-featured-img":"","footer-sml-layout":"","theme-transparent-header-meta":"","adv-header-id-meta":"","stick-header-meta":"","header-above-stick-meta":"","header-main-stick-meta":"","header-below-stick-meta":"","astra-migrate-meta-layouts":"default","ast-page-background-enabled":"default","ast-page-background-meta":{"desktop":{"background-color":"var(--ast-global-color-5)","background-image":"","background-repeat":"repeat","background-position":"center center","background-size":"auto","background-attachment":"scroll","background-type":"","background-media":"","overlay-type":"","overlay-color":"","overlay-opacity":"","overlay-gradient":""},"tablet":{"background-color":"","background-image":"","background-repeat":"repeat","background-position":"center center","background-size":"auto","background-attachment":"scroll","background-type":"","background-media":"","overlay-type":"","overlay-color":"","overlay-opacity":"","overlay-gradient":""},"mobile":{"background-color":"","background-image":"","background-repeat":"repeat","background-position":"center center","background-size":"auto","background-attachment":"scroll","background-type":"","background-media":"","overlay-type":"","overlay-color":"","overlay-opacity":"","overlay-gradient":""}},"ast-content-background-meta":{"desktop":{"background-color":"var(--ast-global-color-4)","background-image":"","background-repeat":"repeat","background-position":"center center","background-size":"auto","background-attachment":"scroll","background-type":"","background-media":"","overlay-type":"","overlay-color":"","overlay-opacity":"","overlay-gradient":""},"tablet":{"background-color":"var(--ast-global-color-4)","background-image":"","background-repeat":"repeat","background-position":"center center","background-size":"auto","background-attachment":"scroll","background-type":"","background-media":"","overlay-type":"","overlay-color":"","overlay-opacity":"","overlay-gradient":""},"mobile":{"background-color":"var(--ast-global-color-4)","background-image":"","background-repeat":"repeat","background-position":"center center","background-size":"auto","background-attachment":"scroll","background-type":"","background-media":"","overlay-type":"","overlay-color":"","overlay-opacity":"","overlay-gradient":""}}},"product_brand":[682],"product_cat":[686,684,80],"product_tag":[683],"class_list":{"0":"post-36829","1":"product","2":"type-product","3":"status-publish","4":"has-post-thumbnail","6":"product_brand-hublot","7":"product_cat-classic-fusion","8":"product_cat-hublot","9":"product_cat-watchs","10":"product_tag-hublot","11":"desktop-align-left","12":"tablet-align-left","13":"mobile-align-left","15":"first","16":"instock","17":"sale","18":"purchasable","19":"product-type-simple"},"tiered_pricing_type":"fixed","tiered_pricing_fixed_rules":[],"tiered_pricing_product_settings":{"layout":"default","base_unit_name":{"singular":null,"plural":null},"default_variation":null},"tiered_pricing_minimum_quantity":null,"tiered_pricing_roles_data":[],"tiered_pricing_percentage_rules":[],"tiered_pricing_maximum_quantity":null,"tiered_pricing_quantity_step":null,"_links":{"self":[{"href":"https:\/\/prestige-aura.com\/it_it\/wp-json\/wp\/v2\/product\/36829","targetHints":{"allow":["GET"]}}],"collection":[{"href":"https:\/\/prestige-aura.com\/it_it\/wp-json\/wp\/v2\/product"}],"about":[{"href":"https:\/\/prestige-aura.com\/it_it\/wp-json\/wp\/v2\/types\/product"}],"replies":[{"embeddable":true,"href":"https:\/\/prestige-aura.com\/it_it\/wp-json\/wp\/v2\/comments?post=36829"}],"wp:featuredmedia":[{"embeddable":true,"href":"https:\/\/prestige-aura.com\/it_it\/wp-json\/wp\/v2\/media\/36508"}],"wp:attachment":[{"href":"https:\/\/prestige-aura.com\/it_it\/wp-json\/wp\/v2\/media?parent=36829"}],"wp:term":[{"taxonomy":"product_brand","embeddable":true,"href":"https:\/\/prestige-aura.com\/it_it\/wp-json\/wp\/v2\/product_brand?post=36829"},{"taxonomy":"product_cat","embeddable":true,"href":"https:\/\/prestige-aura.com\/it_it\/wp-json\/wp\/v2\/product_cat?post=36829"},{"taxonomy":"product_tag","embeddable":true,"href":"https:\/\/prestige-aura.com\/it_it\/wp-json\/wp\/v2\/product_tag?post=36829"}],"curies":[{"name":"wp","href":"https:\/\/api.w.org\/{rel}","templated":true}]}}