
{"id":43523,"date":"2025-06-24T13:46:00","date_gmt":"2025-06-24T13:46:00","guid":{"rendered":"https:\/\/prestige-aura.com\/product\/rolex-sea-dweller-44mm-deepsea-black-dial-126660-2\/"},"modified":"2025-06-24T13:50:46","modified_gmt":"2025-06-24T13:50:46","slug":"rolex-sea-dweller-44mm-deepsea-black-dial-126660-2","status":"publish","type":"product","link":"https:\/\/prestige-aura.com\/fr_fr\/produit\/rolex-sea-dweller-44mm-deepsea-black-dial-126660-2\/","title":{"rendered":"Rolex Sea-Dweller 44mm Deepsea-Cadran noir 126660"},"content":{"rendered":"<div class=\"woocommerce-Tabs-panel woocommerce-Tabs-panel--description panel entry-content wc-tab\" id=\"tab-description\" role=\"tabpanel\" aria-labelledby=\"tab-title-description\" style=\"\">\n<p>&nbsp;<\/p>\n<table class=\"expert-table\">\n<tbody>\n<tr>\n<th>Nom du produit<\/th>\n<td>Rolex Sea-Dweller 126660<\/td>\n<\/tr>\n<tr>\n<th>Cadran<\/th>\n<td>Cadran noir (comme sur l'image de cette page)<\/td>\n<\/tr>\n<tr>\n<th>Lunette<\/th>\n<td>Ceramic (Correct Material as Genuine)<\/td>\n<\/tr>\n<tr>\n<th>Verre<\/th>\n<td>Cristal de saphir<\/td>\n<\/tr>\n<tr>\n<th>Dimensions du cadran<\/th>\n<td>44 mm (taille identique \u00e0 celle de l'original)<\/td>\n<\/tr>\n<tr>\n<th>Poids<\/th>\n<td>216 grams<\/td>\n<\/tr>\n<tr>\n<th>Mat\u00e9riau<\/th>\n<td>Bo\u00eetier forg\u00e9 en 1 pi\u00e8ce, en acier inoxydable 316L massif<\/td>\n<\/tr>\n<tr>\n<th>Bracelet<\/th>\n<td>Bracelet Oyster en acier inoxydable avec syst\u00e8me d'extension de bracelet Glidelock<\/td>\n<\/tr>\n<tr>\n<th>Mouvement<\/th>\n<td>Mouvement automatique Asian 2813, 21J (aucune pile n'est n\u00e9cessaire pour la dur\u00e9e de vie)<\/td>\n<\/tr>\n<tr>\n<th>Fonctions<\/th>\n<td>Heures, minutes, secondes, date<\/td>\n<\/tr>\n<tr>\n<th>Retour<\/th>\n<td>Fond de bo\u00eetier solide<\/td>\n<\/tr>\n<tr>\n<th>Mod\u00e8le<\/th>\n<td>Bo\u00eetier en acier inoxydable, lunette en c\u00e9ramique (120 clics unidirectionnels), cadran noir, index lumineux, gravure ROLEXROLEX sur le cadran.<\/td>\n<\/tr>\n<\/tbody>\n<\/table>\n<p>&nbsp;<\/p>\n<\/p><\/div>","protected":false},"excerpt":{"rendered":"<p>&nbsp; Product Name Rolex Sea-Dweller 126660 Dial Black Dial (as shown picture in this page) Bezel Ceramic (Correct Material as [&hellip;]<\/p>","protected":false},"featured_media":43524,"comment_status":"closed","ping_status":"open","template":"","meta":{"site-sidebar-layout":"default","site-content-layout":"","ast-site-content-layout":"","site-content-style":"default","site-sidebar-style":"default","ast-global-header-display":"","ast-banner-title-visibility":"","ast-main-header-display":"","ast-hfb-above-header-display":"","ast-hfb-below-header-display":"","ast-hfb-mobile-header-display":"","site-post-title":"","ast-breadcrumbs-content":"","ast-featured-img":"","footer-sml-layout":"","theme-transparent-header-meta":"","adv-header-id-meta":"","stick-header-meta":"","header-above-stick-meta":"","header-main-stick-meta":"","header-below-stick-meta":"","astra-migrate-meta-layouts":"default","ast-page-background-enabled":"default","ast-page-background-meta":{"desktop":{"background-color":"var(--ast-global-color-5)","background-image":"","background-repeat":"repeat","background-position":"center center","background-size":"auto","background-attachment":"scroll","background-type":"","background-media":"","overlay-type":"","overlay-color":"","overlay-opacity":"","overlay-gradient":""},"tablet":{"background-color":"","background-image":"","background-repeat":"repeat","background-position":"center center","background-size":"auto","background-attachment":"scroll","background-type":"","background-media":"","overlay-type":"","overlay-color":"","overlay-opacity":"","overlay-gradient":""},"mobile":{"background-color":"","background-image":"","background-repeat":"repeat","background-position":"center center","background-size":"auto","background-attachment":"scroll","background-type":"","background-media":"","overlay-type":"","overlay-color":"","overlay-opacity":"","overlay-gradient":""}},"ast-content-background-meta":{"desktop":{"background-color":"var(--ast-global-color-4)","background-image":"","background-repeat":"repeat","background-position":"center center","background-size":"auto","background-attachment":"scroll","background-type":"","background-media":"","overlay-type":"","overlay-color":"","overlay-opacity":"","overlay-gradient":""},"tablet":{"background-color":"var(--ast-global-color-4)","background-image":"","background-repeat":"repeat","background-position":"center center","background-size":"auto","background-attachment":"scroll","background-type":"","background-media":"","overlay-type":"","overlay-color":"","overlay-opacity":"","overlay-gradient":""},"mobile":{"background-color":"var(--ast-global-color-4)","background-image":"","background-repeat":"repeat","background-position":"center center","background-size":"auto","background-attachment":"scroll","background-type":"","background-media":"","overlay-type":"","overlay-color":"","overlay-opacity":"","overlay-gradient":""}}},"product_brand":[575],"product_cat":[578,653,80],"product_tag":[735],"class_list":{"0":"post-43523","1":"product","2":"type-product","3":"status-publish","4":"has-post-thumbnail","6":"product_brand-rolex","7":"product_cat-rolex","8":"product_cat-sea-dweller","9":"product_cat-watchs","10":"product_tag-rolexsea-dweller","11":"desktop-align-left","12":"tablet-align-left","13":"mobile-align-left","15":"first","16":"instock","17":"sale","18":"purchasable","19":"product-type-simple"},"tiered_pricing_type":"fixed","tiered_pricing_fixed_rules":[],"tiered_pricing_product_settings":{"layout":"default","base_unit_name":{"singular":null,"plural":null},"default_variation":null},"tiered_pricing_minimum_quantity":null,"tiered_pricing_roles_data":[],"tiered_pricing_percentage_rules":[],"tiered_pricing_maximum_quantity":null,"tiered_pricing_quantity_step":null,"_links":{"self":[{"href":"https:\/\/prestige-aura.com\/fr_fr\/wp-json\/wp\/v2\/product\/43523","targetHints":{"allow":["GET"]}}],"collection":[{"href":"https:\/\/prestige-aura.com\/fr_fr\/wp-json\/wp\/v2\/product"}],"about":[{"href":"https:\/\/prestige-aura.com\/fr_fr\/wp-json\/wp\/v2\/types\/product"}],"replies":[{"embeddable":true,"href":"https:\/\/prestige-aura.com\/fr_fr\/wp-json\/wp\/v2\/comments?post=43523"}],"wp:featuredmedia":[{"embeddable":true,"href":"https:\/\/prestige-aura.com\/fr_fr\/wp-json\/wp\/v2\/media\/43524"}],"wp:attachment":[{"href":"https:\/\/prestige-aura.com\/fr_fr\/wp-json\/wp\/v2\/media?parent=43523"}],"wp:term":[{"taxonomy":"product_brand","embeddable":true,"href":"https:\/\/prestige-aura.com\/fr_fr\/wp-json\/wp\/v2\/product_brand?post=43523"},{"taxonomy":"product_cat","embeddable":true,"href":"https:\/\/prestige-aura.com\/fr_fr\/wp-json\/wp\/v2\/product_cat?post=43523"},{"taxonomy":"product_tag","embeddable":true,"href":"https:\/\/prestige-aura.com\/fr_fr\/wp-json\/wp\/v2\/product_tag?post=43523"}],"curies":[{"name":"wp","href":"https:\/\/api.w.org\/{rel}","templated":true}]}}