
{"id":40052,"date":"2025-06-23T11:25:00","date_gmt":"2025-06-23T11:25:00","guid":{"rendered":"https:\/\/prestige-aura.com\/product\/breitling-chronomat-automatic-36-south-sea-stainless-steel-diamonds-and-gem-ref-a10380611l1p1-unworn-2024\/"},"modified":"2025-06-24T08:05:09","modified_gmt":"2025-06-24T08:05:09","slug":"breitling-chronomat-automatic-36-south-sea-stainless-steel-diamonds-and-gem-ref-a10380611l1p1-unworn-2024","status":"publish","type":"product","link":"https:\/\/prestige-aura.com\/fr_fr\/produit\/breitling-chronomat-automatic-36-south-sea-stainless-steel-diamonds-and-gem-ref-a10380611l1p1-unworn-2024\/","title":{"rendered":"Breitling Chronomat Automatic 36 South Sea, Stainless Steel, Diamonds and Gem, Ref# A10380611L1P1, Unworn 2024"},"content":{"rendered":"<p class=\"MsoNormal\" style=\"mso-margin-bottom-alt: auto; line-height: normal;\"><span lang=\"EN-US\" style=\"font-size: 10.5pt; font-family: 'Georgia',serif; mso-fareast-font-family: 'Times New Roman'; mso-bidi-font-family: 'Segoe UI'; color: #212b36; mso-fareast-language: RU;\">Unworn Ladies watch Breitling Chronomat Automatic 36 South Sea, case brushed and polished Stainless Steel, Diamonds and Gem, Reference A10380611L1P1. Meticulously crafted to embody elegance and functionality, this timepiece exudes a timeless charm that captivates the discerning eye. Crafted with meticulous attention to detail, they have an impeccable Mint green dial<\/span><span lang=\"EN-US\"> <\/span><span lang=\"EN-US\" style=\"font-size: 10.5pt; font-family: 'Georgia',serif; mso-fareast-font-family: 'Times New Roman'; mso-bidi-font-family: 'Segoe UI'; color: #212b36; mso-fareast-language: RU;\">with a fine sunray finish, which is decorated with an 18k Red Gold ?B\u00a1\u00b1 emblem below the 12 o\u00a1\u00afclock position. Perfect hour markers made of polished 18k Red Gold with crystal clear diamonds instead of luminous dots fill the dial with special luxury. Polished 18k Red Gold hands with luminous filling ensure high readability even in the dark. The slender 18k Red Gold seconds hand has a special design, having an arrowhead with luminescent filling and the manufacturer\u00a1\u00afs logo \u00a1\u00b0B\u00a1\u00b1 on the other side. Along the outer perimeter of the dial is a finely printed minute\/second track with Arabic numerals every 5 minutes. Date window located at the 6 o\u00a1\u00afclock position. The dial closed by a Cambered Scratch-resistant Sapphire Crystal with glare-proofed both sides. A screw-on, durable case back securely covers the watch mechanism. The polished Stainless Steel Non Screw-locked \u00a1\u00b0onion\u00a1\u00b1 crown with two gaskets, a classic Chronomat feature named for its fluted-dome shape allows for easy adjustments. On its end there is Breitling logo is applied. The charming bezel made of polished stainless steel and decorated with precious stones gives the watch a special chic. The Model comes with Breitling Caliber 10 contains 25 Jewels and has an approximate power reserve of 42 hours. She is presented on Breitling\u00a1\u00afs iconic and comfortable Green alligator leather strap with contrasting off-white stitching, which fastens on Stainless Steel Folding Clasp. The water resistance is up to 100m\/330ft.<\/span><\/p>\n<ul>\n<li class=\"MsoNormal\" style=\"line-height: normal;\"><span lang=\"EN-US\" style=\"font-size: 10.5pt; font-family: 'Georgia',serif; mso-fareast-font-family: 'Times New Roman'; mso-bidi-font-family: 'Segoe UI'; color: #212b36; mso-fareast-language: RU;\">Marque : Breitling<\/span><\/li>\n<li class=\"MsoNormal\" style=\"line-height: normal;\"><span lang=\"EN-US\" style=\"font-size: 10.5pt; font-family: 'Georgia',serif; mso-fareast-font-family: 'Times New Roman'; mso-bidi-font-family: 'Segoe UI'; color: #212b36; mso-fareast-language: RU;\">Model: Chronomat Automatic 36 South Sea<\/span><\/li>\n<li class=\"MsoNormal\" style=\"line-height: normal;\"><span lang=\"EN-US\" style=\"font-size: 10.5pt; font-family: 'Georgia',serif; mso-fareast-font-family: 'Times New Roman'; mso-bidi-font-family: 'Segoe UI'; color: #212b36; mso-fareast-language: RU;\">Reference: A10380611L1P1<\/span><\/li>\n<li class=\"MsoNormal\" style=\"line-height: normal;\"><span lang=\"EN-US\" style=\"font-size: 10.5pt; font-family: 'Georgia',serif; mso-fareast-font-family: 'Times New Roman'; mso-bidi-font-family: 'Segoe UI'; color: #212b36; mso-fareast-language: RU;\">Diam\u00e8tre : 36 mm<\/span><\/li>\n<li class=\"MsoNormal\" style=\"line-height: normal;\"><span lang=\"EN-US\" style=\"font-size: 10.5pt; font-family: 'Georgia',serif; mso-fareast-font-family: 'Times New Roman'; mso-bidi-font-family: 'Segoe UI'; color: #212b36; mso-fareast-language: RU;\">Case material: Stainless Steel, Diamonds and Gem<\/span><\/li>\n<li class=\"MsoNormal\" style=\"line-height: normal;\"><span lang=\"EN-US\" style=\"font-size: 10.5pt; font-family: 'Georgia',serif; mso-fareast-font-family: 'Times New Roman'; mso-bidi-font-family: 'Segoe UI'; color: #212b36; mso-fareast-language: RU;\">Dial color: Mint green with a fine sunray finish<\/span><\/li>\n<li class=\"MsoNormal\" style=\"line-height: normal;\"><span lang=\"EN-US\" style=\"font-size: 10.5pt; font-family: 'Georgia',serif; mso-fareast-font-family: 'Times New Roman'; mso-bidi-font-family: 'Segoe UI'; color: #212b36; mso-fareast-language: RU;\">Type de lunette : Fixe<\/span><\/li>\n<li class=\"MsoNormal\" style=\"line-height: normal;\"><span lang=\"EN-US\" style=\"font-size: 10.5pt; font-family: 'Georgia',serif; mso-fareast-font-family: 'Times New Roman'; mso-bidi-font-family: 'Segoe UI'; color: #212b36; mso-fareast-language: RU;\">Couleur de la lunette : argent <\/span><\/li>\n<li class=\"MsoNormal\" style=\"line-height: normal;\"><span lang=\"EN-US\" style=\"font-size: 10.5pt; font-family: 'Georgia',serif; mso-fareast-font-family: 'Times New Roman'; mso-bidi-font-family: 'Segoe UI'; color: #212b36; mso-fareast-language: RU;\">Bezel Material: Stainless Steel and Gem<\/span><\/li>\n<li class=\"MsoNormal\" style=\"line-height: normal;\"><span lang=\"EN-US\" style=\"font-size: 10.5pt; font-family: 'Georgia',serif; mso-fareast-font-family: 'Times New Roman'; mso-bidi-font-family: 'Segoe UI'; color: #212b36; mso-fareast-language: RU;\">Verre : Saphir bomb\u00e9, antireflet sur les deux faces<\/span><\/li>\n<li class=\"MsoNormal\" style=\"line-height: normal;\"><span lang=\"EN-US\" style=\"font-size: 10.5pt; font-family: 'Georgia',serif; mso-fareast-font-family: 'Times New Roman'; mso-bidi-font-family: 'Segoe UI'; color: #212b36; mso-fareast-language: RU;\">Mouvement : M\u00e9canique \u00e0 remontage automatique <\/span><\/li>\n<li class=\"MsoNormal\" style=\"line-height: normal;\"><span lang=\"EN-US\" style=\"font-size: 10.5pt; font-family: 'Georgia',serif; mso-fareast-font-family: 'Times New Roman'; mso-bidi-font-family: 'Segoe UI'; color: #212b36; mso-fareast-language: RU;\">Type de bracelet : Bracelet<\/span><\/li>\n<li class=\"MsoNormal\" style=\"line-height: normal;\">\n<span lang=\"EN-US\" style=\"font-size: 10.5pt; font-family: 'Georgia',serif; mso-fareast-font-family: 'Times New Roman'; mso-bidi-font-family: 'Segoe UI'; color: #212b36; mso-fareast-language: RU;\">Bracelet Material: Green<\/span><span lang=\"EN-US\"> <\/span><span lang=\"EN-US\" style=\"font-size: 10.5pt; font-family: 'Georgia',serif; mso-fareast-font-family: 'Times New Roman'; mso-bidi-font-family: 'Segoe UI'; color: #212b36; mso-fareast-language: RU;\">alligator leather<\/span>\n<\/li>\n<li class=\"MsoNormal\" style=\"line-height: normal;\"><span lang=\"EN-US\" style=\"font-size: 10.5pt; font-family: 'Georgia',serif; mso-fareast-font-family: 'Times New Roman'; mso-bidi-font-family: 'Segoe UI'; color: #212b36; mso-fareast-language: RU;\">Fermoir : Boucle d\u00e9ployante en acier inoxydable<\/span><\/li>\n<li class=\"MsoNormal\" style=\"line-height: normal;\"><span lang=\"EN-US\" style=\"font-size: 10.5pt; font-family: 'Georgia',serif; mso-fareast-font-family: 'Times New Roman'; mso-bidi-font-family: 'Segoe UI'; color: #212b36; mso-fareast-language: RU;\">Fonctions : Date, heures, minutes, secondes <\/span><\/li>\n<li class=\"MsoNormal\" style=\"line-height: normal;\"><span lang=\"EN-US\" style=\"font-size: 10.5pt; font-family: 'Georgia',serif; mso-fareast-font-family: 'Times New Roman'; mso-bidi-font-family: 'Segoe UI'; color: #212b36; mso-fareast-language: RU;\">R\u00e9sistance \u00e0 l'eau : Jusqu'\u00e0 100m\/330ft (10 ATM)<\/span><\/li>\n<li class=\"MsoNormal\" style=\"line-height: normal;\"><span lang=\"EN-US\" style=\"font-size: 10.5pt; font-family: 'Georgia',serif; mso-fareast-font-family: 'Times New Roman'; mso-bidi-font-family: 'Segoe UI'; color: #212b36; mso-fareast-language: RU;\">Garantie : Balance de la garantie internationale Breitling<\/span><\/li>\n<\/ul>\n<p class=\"MsoNormal\"><span lang=\"EN-US\" style=\"font-size: 10.5pt; line-height: 107%; font-family: 'Georgia',serif; mso-fareast-font-family: 'Times New Roman'; mso-bidi-font-family: 'Segoe UI'; color: #212b36; mso-fareast-language: RU;\">La montre n'a pas \u00e9t\u00e9 port\u00e9e et est livr\u00e9e avec tous les accessoires d'origine, tels que la bo\u00eete de la montre, la carte de garantie datant d'il y a peu, les livrets et les manuels.<\/span><\/p>\n<p><!----><\/p>","protected":false},"excerpt":{"rendered":"<p>Unworn Ladies watch Breitling Chronomat Automatic 36 South Sea, case brushed and polished Stainless Steel, Diamonds and Gem, Reference A10380611L1P1. [&hellip;]<\/p>","protected":false},"featured_media":40053,"comment_status":"closed","ping_status":"open","template":"","meta":{"site-sidebar-layout":"default","site-content-layout":"","ast-site-content-layout":"","site-content-style":"default","site-sidebar-style":"default","ast-global-header-display":"","ast-banner-title-visibility":"","ast-main-header-display":"","ast-hfb-above-header-display":"","ast-hfb-below-header-display":"","ast-hfb-mobile-header-display":"","site-post-title":"","ast-breadcrumbs-content":"","ast-featured-img":"","footer-sml-layout":"","theme-transparent-header-meta":"","adv-header-id-meta":"","stick-header-meta":"","header-above-stick-meta":"","header-main-stick-meta":"","header-below-stick-meta":"","astra-migrate-meta-layouts":"default","ast-page-background-enabled":"default","ast-page-background-meta":{"desktop":{"background-color":"var(--ast-global-color-5)","background-image":"","background-repeat":"repeat","background-position":"center center","background-size":"auto","background-attachment":"scroll","background-type":"","background-media":"","overlay-type":"","overlay-color":"","overlay-opacity":"","overlay-gradient":""},"tablet":{"background-color":"","background-image":"","background-repeat":"repeat","background-position":"center center","background-size":"auto","background-attachment":"scroll","background-type":"","background-media":"","overlay-type":"","overlay-color":"","overlay-opacity":"","overlay-gradient":""},"mobile":{"background-color":"","background-image":"","background-repeat":"repeat","background-position":"center center","background-size":"auto","background-attachment":"scroll","background-type":"","background-media":"","overlay-type":"","overlay-color":"","overlay-opacity":"","overlay-gradient":""}},"ast-content-background-meta":{"desktop":{"background-color":"var(--ast-global-color-4)","background-image":"","background-repeat":"repeat","background-position":"center center","background-size":"auto","background-attachment":"scroll","background-type":"","background-media":"","overlay-type":"","overlay-color":"","overlay-opacity":"","overlay-gradient":""},"tablet":{"background-color":"var(--ast-global-color-4)","background-image":"","background-repeat":"repeat","background-position":"center center","background-size":"auto","background-attachment":"scroll","background-type":"","background-media":"","overlay-type":"","overlay-color":"","overlay-opacity":"","overlay-gradient":""},"mobile":{"background-color":"var(--ast-global-color-4)","background-image":"","background-repeat":"repeat","background-position":"center center","background-size":"auto","background-attachment":"scroll","background-type":"","background-media":"","overlay-type":"","overlay-color":"","overlay-opacity":"","overlay-gradient":""}}},"product_brand":[215],"product_cat":[401,725,80],"product_tag":[594,730],"class_list":{"0":"post-40052","1":"product","2":"type-product","3":"status-publish","4":"has-post-thumbnail","6":"product_brand-breitling","7":"product_cat-breitling-replica-watches","8":"product_cat-chronomat","9":"product_cat-watchs","10":"product_tag-breitling","11":"product_tag-chronomat","12":"desktop-align-left","13":"tablet-align-left","14":"mobile-align-left","16":"first","17":"instock","18":"sale","19":"purchasable","20":"product-type-simple"},"tiered_pricing_type":"fixed","tiered_pricing_fixed_rules":[],"tiered_pricing_product_settings":{"layout":"default","base_unit_name":{"singular":null,"plural":null},"default_variation":null},"tiered_pricing_minimum_quantity":null,"tiered_pricing_roles_data":[],"tiered_pricing_percentage_rules":[],"tiered_pricing_maximum_quantity":null,"tiered_pricing_quantity_step":null,"_links":{"self":[{"href":"https:\/\/prestige-aura.com\/fr_fr\/wp-json\/wp\/v2\/product\/40052","targetHints":{"allow":["GET"]}}],"collection":[{"href":"https:\/\/prestige-aura.com\/fr_fr\/wp-json\/wp\/v2\/product"}],"about":[{"href":"https:\/\/prestige-aura.com\/fr_fr\/wp-json\/wp\/v2\/types\/product"}],"replies":[{"embeddable":true,"href":"https:\/\/prestige-aura.com\/fr_fr\/wp-json\/wp\/v2\/comments?post=40052"}],"wp:featuredmedia":[{"embeddable":true,"href":"https:\/\/prestige-aura.com\/fr_fr\/wp-json\/wp\/v2\/media\/40053"}],"wp:attachment":[{"href":"https:\/\/prestige-aura.com\/fr_fr\/wp-json\/wp\/v2\/media?parent=40052"}],"wp:term":[{"taxonomy":"product_brand","embeddable":true,"href":"https:\/\/prestige-aura.com\/fr_fr\/wp-json\/wp\/v2\/product_brand?post=40052"},{"taxonomy":"product_cat","embeddable":true,"href":"https:\/\/prestige-aura.com\/fr_fr\/wp-json\/wp\/v2\/product_cat?post=40052"},{"taxonomy":"product_tag","embeddable":true,"href":"https:\/\/prestige-aura.com\/fr_fr\/wp-json\/wp\/v2\/product_tag?post=40052"}],"curies":[{"name":"wp","href":"https:\/\/api.w.org\/{rel}","templated":true}]}}