
{"id":36829,"date":"2025-06-22T06:51:00","date_gmt":"2025-06-22T06:51:00","guid":{"rendered":"https:\/\/prestige-aura.com\/product\/hublot-classic-fusion-chronograph-premier-league-42mm-limited-edition-ref-541-nx-8970-rx-plw23-2\/"},"modified":"2025-06-24T12:33:46","modified_gmt":"2025-06-24T12:33:46","slug":"hublot-classic-fusion-chronograph-premier-league-42mm-limited-edition-ref-541-nx-8970-rx-plw23-2","status":"publish","type":"product","link":"https:\/\/prestige-aura.com\/fr_fr\/produit\/hublot-classic-fusion-chronograph-premier-league-42mm-limited-edition-ref-541-nx-8970-rx-plw23-2\/","title":{"rendered":"Hublot Classic Fusion Chronographe Premier League 42mm, Edition limit\u00e9e, Ref# 541.NX.8970.RX.PLW23"},"content":{"rendered":"<p>En hommage \u00e0 la ligue de football la plus populaire au monde, Hublot a cr\u00e9\u00e9, en tant que plus grand partenaire, la montre Hublot Classic Fusion Chronograph Premier League pour homme, 42 mm, r\u00e9f\u00e9rence 541.NX.8970.RX.PLW23 avec le c\u00e9l\u00e8bre lion couronn\u00e9 de la Premier League \u00e0 3 heures.... Ce mod\u00e8le explosif est \u00e0 juste titre une combinaison harmonieuse de style classique et sportif, de cr\u00e9ativit\u00e9 et de savoir-faire traditionnel du fabricant, de grande robustesse et de pr\u00e9cision irr\u00e9prochable. Il s'agit d'un hommage unique au roi du sport et \u00e0 la Premier League \u00a8C'est-\u00e0-dire l'un des meilleurs tournois de football au monde. Le bo\u00eetier de la montre est en titane satin\u00e9 et poli, r\u00e9put\u00e9 pour sa solidit\u00e9, sa l\u00e9g\u00e8ret\u00e9 et sa r\u00e9sistance aux rayures. Le bossage de la lunette, situ\u00e9 entre la lunette et le bo\u00eetier, est en r\u00e9sine composite noire.L'\u00e9l\u00e9gant cadran Matte Purple avec des aiguilles rhodi\u00e9es polies et des index appliqu\u00e9s en applique avec une finition mate est instantan\u00e9ment reconnaissable comme Hublot. Gr\u00e2ce \u00e0 la pr\u00e9sence d'un chronographe, qui comprend une grande aiguille centrale des secondes avec le logo \u00a1\u00b0H\u00a1\u00b1 en guise de contrepoids et un compteur 30 minutes situ\u00e9 \u00e0 9 heures, ce mod\u00e8le peut \u00e0 juste titre \u00eatre qualifi\u00e9 de montre fonctionnelle haut de gamme. Le r\u00e9glage du chronographe s'effectue \u00e0 l'aide de poussoirs en titane polis situ\u00e9s \u00e0 2 et 4 heures. En outre, ce mod\u00e8le poss\u00e8de un cadran de petite seconde situ\u00e9 \u00e0 3 heures et un indicateur de date \u00e0 6 heures. Le contr\u00f4le de la montre est assur\u00e9 par une couronne tirante\/poussante grav\u00e9e du logo Hublot en titane avec des rainures profil\u00e9es pour une meilleure prise en main. Le cadran est ferm\u00e9 par un verre saphir inrayable avec traitement antireflet. Le fond de la montre est \u00e9galement en verre saphir, ce qui permet d'observer le fantastique travail du mouvement de la montre. La traditionnelle mais non moins \u00e9l\u00e9gante lunette Hublot en titane, avec un dessus bross\u00e9 et un bord biseaut\u00e9 poli, est fix\u00e9e par 6 vis en titane poli en forme de la lettre \u00a1\u00b0H\u00a1\u00b1, imm\u00e9diatement reconnaissables. Le fonctionnement sans faille de la montre est assur\u00e9 par le mouvement chronographe \u00e0 remontage automatique HUB1153, qui contient 35 rubis et dispose d'une r\u00e9serve de marche d'environ 42 heures. Ce mod\u00e8le est pr\u00e9sent\u00e9 sur un \u00e9l\u00e9gant et confortable bracelet en caoutchouc doubl\u00e9 de violet avec boucle d\u00e9ployante en acier inoxydable. L'\u00e9tanch\u00e9it\u00e9 est assur\u00e9e jusqu'\u00e0 50m\/165ft (5 ATM).<\/p>\n<p>Marque : Hublot<br \/>\nMod\u00e8le : Classic Fusion Chronograph Premier League ?<br \/>\nR\u00e9f\u00e9rence : 541.NX.8970.RX.PLW23<br \/>\nDiam\u00e8tre : 42 mm<br \/>\nMat\u00e9riau du bo\u00eetier : Titane satin\u00e9 et poli<br \/>\nCouleur du cadran : violet mat<br \/>\nType de lunette : Fixe<br \/>\nCouleur de la lunette : argent<br \/>\nMat\u00e9riau de la lunette : Titane satin\u00e9 et poli<br \/>\nGlace : Saphir avec traitement antireflet<br \/>\nMouvement : Mouvement chronographe \u00e0 remontage automatique HUB1153<br \/>\nType de bracelet : Bracelet<br \/>\nMat\u00e9riau du bracelet : Caoutchouc doubl\u00e9 violet<br \/>\nFermeture : Boucle d\u00e9ployante en acier inoxydable<br \/>\nFonctions : Date, Chronographe, Heures, Minutes, Secondes<br \/>\nR\u00e9sistance \u00e0 l'eau : Jusqu'\u00e0 50m\/165ft (5 ATM)<br \/>\nGarantie : Solde de la garantie internationale Hublot ?<\/p>\n<p>Toutes les nouvelles montres Hublot sont livr\u00e9es avec la derni\u00e8re it\u00e9ration de la Hublot e-Warranty, qui n\u00a1\u00afinclut aucune carte de garantie en papier\/plastique, aucun livre, aucun livret, etc.<br \/>\nL'authenticit\u00e9 des montres Hublot est garantie par la reconnaissance visuelle de la micro-structure de leurs mat\u00e9riaux. Avec la e-garantie HUBLOT, Hublot lance une garantie num\u00e9rique stock\u00e9e dans la blockchain AURA.<br \/>\nUne application e-garantie sp\u00e9cifique existe \u00e9galement pour les clients. La reconnaissance unitaire de la pi\u00e8ce par l'application Hublot e-warranty, est disponible sur Google Play Store et Apple App.<\/p>","protected":false},"excerpt":{"rendered":"<p>Paying tribute to the most popular Football League in the world, as its largest partner, Hublot created the Hublot Classic [&hellip;]<\/p>","protected":false},"featured_media":36508,"comment_status":"closed","ping_status":"closed","template":"","meta":{"site-sidebar-layout":"default","site-content-layout":"","ast-site-content-layout":"","site-content-style":"default","site-sidebar-style":"default","ast-global-header-display":"","ast-banner-title-visibility":"","ast-main-header-display":"","ast-hfb-above-header-display":"","ast-hfb-below-header-display":"","ast-hfb-mobile-header-display":"","site-post-title":"","ast-breadcrumbs-content":"","ast-featured-img":"","footer-sml-layout":"","theme-transparent-header-meta":"","adv-header-id-meta":"","stick-header-meta":"","header-above-stick-meta":"","header-main-stick-meta":"","header-below-stick-meta":"","astra-migrate-meta-layouts":"default","ast-page-background-enabled":"default","ast-page-background-meta":{"desktop":{"background-color":"var(--ast-global-color-5)","background-image":"","background-repeat":"repeat","background-position":"center center","background-size":"auto","background-attachment":"scroll","background-type":"","background-media":"","overlay-type":"","overlay-color":"","overlay-opacity":"","overlay-gradient":""},"tablet":{"background-color":"","background-image":"","background-repeat":"repeat","background-position":"center center","background-size":"auto","background-attachment":"scroll","background-type":"","background-media":"","overlay-type":"","overlay-color":"","overlay-opacity":"","overlay-gradient":""},"mobile":{"background-color":"","background-image":"","background-repeat":"repeat","background-position":"center center","background-size":"auto","background-attachment":"scroll","background-type":"","background-media":"","overlay-type":"","overlay-color":"","overlay-opacity":"","overlay-gradient":""}},"ast-content-background-meta":{"desktop":{"background-color":"var(--ast-global-color-4)","background-image":"","background-repeat":"repeat","background-position":"center center","background-size":"auto","background-attachment":"scroll","background-type":"","background-media":"","overlay-type":"","overlay-color":"","overlay-opacity":"","overlay-gradient":""},"tablet":{"background-color":"var(--ast-global-color-4)","background-image":"","background-repeat":"repeat","background-position":"center center","background-size":"auto","background-attachment":"scroll","background-type":"","background-media":"","overlay-type":"","overlay-color":"","overlay-opacity":"","overlay-gradient":""},"mobile":{"background-color":"var(--ast-global-color-4)","background-image":"","background-repeat":"repeat","background-position":"center center","background-size":"auto","background-attachment":"scroll","background-type":"","background-media":"","overlay-type":"","overlay-color":"","overlay-opacity":"","overlay-gradient":""}}},"product_brand":[682],"product_cat":[686,684,80],"product_tag":[683],"class_list":{"0":"post-36829","1":"product","2":"type-product","3":"status-publish","4":"has-post-thumbnail","6":"product_brand-hublot","7":"product_cat-classic-fusion","8":"product_cat-hublot","9":"product_cat-watchs","10":"product_tag-hublot","11":"desktop-align-left","12":"tablet-align-left","13":"mobile-align-left","15":"first","16":"instock","17":"sale","18":"purchasable","19":"product-type-simple"},"tiered_pricing_type":"fixed","tiered_pricing_fixed_rules":[],"tiered_pricing_product_settings":{"layout":"default","base_unit_name":{"singular":null,"plural":null},"default_variation":null},"tiered_pricing_minimum_quantity":null,"tiered_pricing_roles_data":[],"tiered_pricing_percentage_rules":[],"tiered_pricing_maximum_quantity":null,"tiered_pricing_quantity_step":null,"_links":{"self":[{"href":"https:\/\/prestige-aura.com\/fr_fr\/wp-json\/wp\/v2\/product\/36829","targetHints":{"allow":["GET"]}}],"collection":[{"href":"https:\/\/prestige-aura.com\/fr_fr\/wp-json\/wp\/v2\/product"}],"about":[{"href":"https:\/\/prestige-aura.com\/fr_fr\/wp-json\/wp\/v2\/types\/product"}],"replies":[{"embeddable":true,"href":"https:\/\/prestige-aura.com\/fr_fr\/wp-json\/wp\/v2\/comments?post=36829"}],"wp:featuredmedia":[{"embeddable":true,"href":"https:\/\/prestige-aura.com\/fr_fr\/wp-json\/wp\/v2\/media\/36508"}],"wp:attachment":[{"href":"https:\/\/prestige-aura.com\/fr_fr\/wp-json\/wp\/v2\/media?parent=36829"}],"wp:term":[{"taxonomy":"product_brand","embeddable":true,"href":"https:\/\/prestige-aura.com\/fr_fr\/wp-json\/wp\/v2\/product_brand?post=36829"},{"taxonomy":"product_cat","embeddable":true,"href":"https:\/\/prestige-aura.com\/fr_fr\/wp-json\/wp\/v2\/product_cat?post=36829"},{"taxonomy":"product_tag","embeddable":true,"href":"https:\/\/prestige-aura.com\/fr_fr\/wp-json\/wp\/v2\/product_tag?post=36829"}],"curies":[{"name":"wp","href":"https:\/\/api.w.org\/{rel}","templated":true}]}}