
{"id":36821,"date":"2025-06-22T06:51:00","date_gmt":"2025-06-22T06:51:00","guid":{"rendered":"https:\/\/prestige-aura.com\/product\/hublot-classic-fusion-aerofusion-moonphase-king-gold-42mm-ref-547-ox-0180-lr-2\/"},"modified":"2025-06-24T12:30:21","modified_gmt":"2025-06-24T12:30:21","slug":"hublot-classic-fusion-aerofusion-moonphase-king-gold-42mm-ref-547-ox-0180-lr-2","status":"publish","type":"product","link":"https:\/\/prestige-aura.com\/fr_fr\/produit\/hublot-classic-fusion-aerofusion-moonphase-king-gold-42mm-ref-547-ox-0180-lr-2\/","title":{"rendered":"Hublot Classic Fusion Aerofusion Moonphase King Gold 42mm, Ref# 547.OX.0180.LR"},"content":{"rendered":"<p>Hublot Classic Fusion Aerofusion Moonphase King Gold 42mm watch. Polished and Satin-finished 18K King Gold?case?with?brushed finished top and bottom center links between the lugs, Reference 547.OX.0180.LR. This model has transparent sapphire crystal main dial with applied polished finished King Gold tone index hour markers and polished?finished King Gold tone hands. Black dial flange on the dial perimeter with?fine printed minute\/seconds track. Calendar functions: day and month windows located beneath the 12 o\u00a1\u00afclock position: day and month discs with black printed skeletonized date numbers, white background located at the?display windows?to?highlight the current date; date displayed on the perimeter of the sub-dial at the 6 o\u00a1\u00afclock position; moonphase display sub-dial at the 6 o\u00a1\u00afclock position. Polished?18K King Gold?crown engraved with the Hublot logo. The dial closed by a Scratch-resistant Sapphire Crystal with Anti-reflective Treatment. Of Sapphire Crystal made transparent case back. The watch is equipped fixed 18K King Gold?bezel with a brushed finished top and polished finished beveled edge, secured with 6 polished \u00a1\u00b0H\u00a1\u00b1 style titanium screws. Black?composite resin?\u00a1\u00b0bezel lug\u00a1\u00b1 sandwiched between the bezel and case. The watch is self-winding mechanical Hublot Caliber HUB1131, contains 25 Jewels and has an approximate power reserve of 42 hours. This model presented on a black rubber strap with a stiched black alligator leather top with 18K King Gold and Black PVD Stainless Steel Deployant Buckle Clasp. The water resistance is up to 50m\/150ft (5 ATM).<\/p>\n<p>Marque : Hublot<br \/>\nModel: Classic Fusion Aerofusion Moonphase King Gold 42mm<br \/>\nReference: 547.OX.0180.LR<br \/>\nDiam\u00e8tre : 42 mm<br \/>\nCase material: Polished and Satin-finished 18K King Gold<br \/>\nDial color: Transparent sapphire crystal main<br \/>\nType de lunette : Fixe<br \/>\nCouleur de la lunette : rose<br \/>\nBezel Material: Satin-finished and Polished 18K King Gold?<br \/>\nCristal : Saphir<br \/>\nMovement: Automatic, self-winding mechanical<br \/>\nType de bracelet : Bracelet<br \/>\nBracelet Material: Black rubber strap with a stiched black alligator leather top<br \/>\nClasp: 18K King Gold and Black PVD Stainless Steel Deployant Buckle Clasp<br \/>\nFunctions: ?Moon Phase, Month, Day, Date, Hour, Minutes, Seconds<br \/>\nWater resistance: Up to a 50m\/150ft (5 ATM)<br \/>\nGarantie : Solde de la garantie internationale Hublot ?<\/p>\n<p>Toutes les nouvelles montres Hublot sont livr\u00e9es avec la derni\u00e8re it\u00e9ration de la Hublot e-Warranty, qui n'inclut aucune carte de garantie en papier\/plastique, aucun livre, aucun livret, etc. L'authenticit\u00e9 des montres Hublot est garantie par la reconnaissance visuelle de la micro-structure de leurs mat\u00e9riaux. Avec l'e-garantie HUBLOT, Hublot lance une garantie num\u00e9rique stock\u00e9e dans la blockchain AURA. Une application e-garantie sp\u00e9cifique existe \u00e9galement pour les clients. La reconnaissance unitaire de la pi\u00e8ce par l'application Hublot e-warranty, est disponible sur le Google Play Store et l'Apple App.<\/p>","protected":false},"excerpt":{"rendered":"<p>Hublot Classic Fusion Aerofusion Moonphase King Gold 42mm watch. Polished and Satin-finished 18K King Gold?case?with?brushed finished top and bottom center [&hellip;]<\/p>","protected":false},"featured_media":36822,"comment_status":"closed","ping_status":"closed","template":"","meta":{"site-sidebar-layout":"default","site-content-layout":"","ast-site-content-layout":"","site-content-style":"default","site-sidebar-style":"default","ast-global-header-display":"","ast-banner-title-visibility":"","ast-main-header-display":"","ast-hfb-above-header-display":"","ast-hfb-below-header-display":"","ast-hfb-mobile-header-display":"","site-post-title":"","ast-breadcrumbs-content":"","ast-featured-img":"","footer-sml-layout":"","theme-transparent-header-meta":"","adv-header-id-meta":"","stick-header-meta":"","header-above-stick-meta":"","header-main-stick-meta":"","header-below-stick-meta":"","astra-migrate-meta-layouts":"default","ast-page-background-enabled":"default","ast-page-background-meta":{"desktop":{"background-color":"var(--ast-global-color-5)","background-image":"","background-repeat":"repeat","background-position":"center center","background-size":"auto","background-attachment":"scroll","background-type":"","background-media":"","overlay-type":"","overlay-color":"","overlay-opacity":"","overlay-gradient":""},"tablet":{"background-color":"","background-image":"","background-repeat":"repeat","background-position":"center center","background-size":"auto","background-attachment":"scroll","background-type":"","background-media":"","overlay-type":"","overlay-color":"","overlay-opacity":"","overlay-gradient":""},"mobile":{"background-color":"","background-image":"","background-repeat":"repeat","background-position":"center center","background-size":"auto","background-attachment":"scroll","background-type":"","background-media":"","overlay-type":"","overlay-color":"","overlay-opacity":"","overlay-gradient":""}},"ast-content-background-meta":{"desktop":{"background-color":"var(--ast-global-color-4)","background-image":"","background-repeat":"repeat","background-position":"center center","background-size":"auto","background-attachment":"scroll","background-type":"","background-media":"","overlay-type":"","overlay-color":"","overlay-opacity":"","overlay-gradient":""},"tablet":{"background-color":"var(--ast-global-color-4)","background-image":"","background-repeat":"repeat","background-position":"center center","background-size":"auto","background-attachment":"scroll","background-type":"","background-media":"","overlay-type":"","overlay-color":"","overlay-opacity":"","overlay-gradient":""},"mobile":{"background-color":"var(--ast-global-color-4)","background-image":"","background-repeat":"repeat","background-position":"center center","background-size":"auto","background-attachment":"scroll","background-type":"","background-media":"","overlay-type":"","overlay-color":"","overlay-opacity":"","overlay-gradient":""}}},"product_brand":[682],"product_cat":[686,684,80],"product_tag":[683],"class_list":{"0":"post-36821","1":"product","2":"type-product","3":"status-publish","4":"has-post-thumbnail","6":"product_brand-hublot","7":"product_cat-classic-fusion","8":"product_cat-hublot","9":"product_cat-watchs","10":"product_tag-hublot","11":"desktop-align-left","12":"tablet-align-left","13":"mobile-align-left","15":"first","16":"instock","17":"sale","18":"purchasable","19":"product-type-simple"},"tiered_pricing_type":"fixed","tiered_pricing_fixed_rules":[],"tiered_pricing_product_settings":{"layout":"default","base_unit_name":{"singular":null,"plural":null},"default_variation":null},"tiered_pricing_minimum_quantity":null,"tiered_pricing_roles_data":[],"tiered_pricing_percentage_rules":[],"tiered_pricing_maximum_quantity":null,"tiered_pricing_quantity_step":null,"_links":{"self":[{"href":"https:\/\/prestige-aura.com\/fr_fr\/wp-json\/wp\/v2\/product\/36821","targetHints":{"allow":["GET"]}}],"collection":[{"href":"https:\/\/prestige-aura.com\/fr_fr\/wp-json\/wp\/v2\/product"}],"about":[{"href":"https:\/\/prestige-aura.com\/fr_fr\/wp-json\/wp\/v2\/types\/product"}],"replies":[{"embeddable":true,"href":"https:\/\/prestige-aura.com\/fr_fr\/wp-json\/wp\/v2\/comments?post=36821"}],"wp:featuredmedia":[{"embeddable":true,"href":"https:\/\/prestige-aura.com\/fr_fr\/wp-json\/wp\/v2\/media\/36822"}],"wp:attachment":[{"href":"https:\/\/prestige-aura.com\/fr_fr\/wp-json\/wp\/v2\/media?parent=36821"}],"wp:term":[{"taxonomy":"product_brand","embeddable":true,"href":"https:\/\/prestige-aura.com\/fr_fr\/wp-json\/wp\/v2\/product_brand?post=36821"},{"taxonomy":"product_cat","embeddable":true,"href":"https:\/\/prestige-aura.com\/fr_fr\/wp-json\/wp\/v2\/product_cat?post=36821"},{"taxonomy":"product_tag","embeddable":true,"href":"https:\/\/prestige-aura.com\/fr_fr\/wp-json\/wp\/v2\/product_tag?post=36821"}],"curies":[{"name":"wp","href":"https:\/\/api.w.org\/{rel}","templated":true}]}}