
{"id":36789,"date":"2025-06-22T06:50:00","date_gmt":"2025-06-22T06:50:00","guid":{"rendered":"https:\/\/prestige-aura.com\/product\/hublot-big-bang-unico-uefa-champions-league-ref-441-ex-5129-rx-ucl22-3\/"},"modified":"2025-06-24T12:28:50","modified_gmt":"2025-06-24T12:28:50","slug":"hublot-big-bang-unico-uefa-champions-league-ref-441-ex-5129-rx-ucl22-3","status":"publish","type":"product","link":"https:\/\/prestige-aura.com\/fr_fr\/produit\/hublot-big-bang-unico-uefa-champions-league-ref-441-ex-5129-rx-ucl22-3\/","title":{"rendered":"Hublot Big Bang UNICO UEFA CHAMPIONS LEAGUE Ref# 441.EX.5129.RX.UCL22"},"content":{"rendered":"<p>Unworn Hublot Big Bang UNICO UEFA CHAMPIONS LEAGUE 441.EX.5129.RX.UCL22. 42 mm, All blue, with \u00a1\u00b0Champions League\u00a1\u00b1 logo at 9.00 dial, Microblasted Blue Ceramic case, Microblasted and Polished Blue Ceramic bezel, HUB1280 UNICO calibre, Self-winding Chronograph Flyback Movement with Column Wheel movement, 72 h power reserve, Black and blue lined rubber strap with Ceramic and Black titane Deployant Buckle Clasp. Water resistant to 100 m.<\/p>\n<p>Marque : Hublot<br \/>\nMod\u00e8le : Big Bang<br \/>\nReference: 441.EX.5129.RX.UCL22<br \/>\nDiam\u00e8tre : 42 mm<br \/>\nCase material: Microblasted Blue Ceramic<br \/>\nDial color: All blue, with \u00a1\u00b0Champions League\u00a1\u00b1 logo at 9.00<br \/>\nType de lunette : Fixe<br \/>\nCouleur de la lunette : Bleu<br \/>\nBezel Material: Microblasted and Polished Blue Ceramic<br \/>\nGlace : Saphir avec traitement antireflet<br \/>\nCalibre : HUB1280 UNICO<br \/>\nMouvement : Mouvement Chronographe Flyback \u00e0 remontage automatique avec roue \u00e0 colonnes<br \/>\nR\u00e9serve de marche : 72 h<br \/>\nBracelet Material: Black and blue lined rubber<br \/>\nClasp: Ceramic and Black titane Deployant Buckle<br \/>\nFonctions : Index lumineux, date<br \/>\nR\u00e9sistance \u00e0 l'eau : 100 m<\/p>\n<p>Toutes les nouvelles montres Hublot sont livr\u00e9es avec la derni\u00e8re it\u00e9ration de la Hublot e-Warranty, qui n'inclut aucune carte de garantie en papier\/plastique, aucun livre, aucun livret, etc. L'authenticit\u00e9 des montres Hublot est garantie par la reconnaissance visuelle de la micro-structure de leurs mat\u00e9riaux. Avec l'e-garantie HUBLOT, Hublot lance une garantie num\u00e9rique stock\u00e9e dans la blockchain AURA. Une application e-garantie sp\u00e9cifique existe \u00e9galement pour les clients. La reconnaissance unitaire de la pi\u00e8ce par l'application Hublot e-warranty, est disponible sur le Google Play Store et l'Apple App.<\/p>","protected":false},"excerpt":{"rendered":"<p>Unworn Hublot Big Bang UNICO UEFA CHAMPIONS LEAGUE 441.EX.5129.RX.UCL22. 42 mm, All blue, with \u00a1\u00b0Champions League\u00a1\u00b1 logo at 9.00 dial, [&hellip;]<\/p>","protected":false},"featured_media":36790,"comment_status":"closed","ping_status":"open","template":"","meta":{"site-sidebar-layout":"default","site-content-layout":"","ast-site-content-layout":"","site-content-style":"default","site-sidebar-style":"default","ast-global-header-display":"","ast-banner-title-visibility":"","ast-main-header-display":"","ast-hfb-above-header-display":"","ast-hfb-below-header-display":"","ast-hfb-mobile-header-display":"","site-post-title":"","ast-breadcrumbs-content":"","ast-featured-img":"","footer-sml-layout":"","theme-transparent-header-meta":"","adv-header-id-meta":"","stick-header-meta":"","header-above-stick-meta":"","header-main-stick-meta":"","header-below-stick-meta":"","astra-migrate-meta-layouts":"default","ast-page-background-enabled":"default","ast-page-background-meta":{"desktop":{"background-color":"var(--ast-global-color-5)","background-image":"","background-repeat":"repeat","background-position":"center center","background-size":"auto","background-attachment":"scroll","background-type":"","background-media":"","overlay-type":"","overlay-color":"","overlay-opacity":"","overlay-gradient":""},"tablet":{"background-color":"","background-image":"","background-repeat":"repeat","background-position":"center center","background-size":"auto","background-attachment":"scroll","background-type":"","background-media":"","overlay-type":"","overlay-color":"","overlay-opacity":"","overlay-gradient":""},"mobile":{"background-color":"","background-image":"","background-repeat":"repeat","background-position":"center center","background-size":"auto","background-attachment":"scroll","background-type":"","background-media":"","overlay-type":"","overlay-color":"","overlay-opacity":"","overlay-gradient":""}},"ast-content-background-meta":{"desktop":{"background-color":"var(--ast-global-color-4)","background-image":"","background-repeat":"repeat","background-position":"center center","background-size":"auto","background-attachment":"scroll","background-type":"","background-media":"","overlay-type":"","overlay-color":"","overlay-opacity":"","overlay-gradient":""},"tablet":{"background-color":"var(--ast-global-color-4)","background-image":"","background-repeat":"repeat","background-position":"center center","background-size":"auto","background-attachment":"scroll","background-type":"","background-media":"","overlay-type":"","overlay-color":"","overlay-opacity":"","overlay-gradient":""},"mobile":{"background-color":"var(--ast-global-color-4)","background-image":"","background-repeat":"repeat","background-position":"center center","background-size":"auto","background-attachment":"scroll","background-type":"","background-media":"","overlay-type":"","overlay-color":"","overlay-opacity":"","overlay-gradient":""}}},"product_brand":[682],"product_cat":[685,684,80],"product_tag":[683],"class_list":{"0":"post-36789","1":"product","2":"type-product","3":"status-publish","4":"has-post-thumbnail","6":"product_brand-hublot","7":"product_cat-big-bang","8":"product_cat-hublot","9":"product_cat-watchs","10":"product_tag-hublot","11":"desktop-align-left","12":"tablet-align-left","13":"mobile-align-left","15":"first","16":"instock","17":"sale","18":"purchasable","19":"product-type-simple"},"tiered_pricing_type":"fixed","tiered_pricing_fixed_rules":[],"tiered_pricing_product_settings":{"layout":"default","base_unit_name":{"singular":null,"plural":null},"default_variation":null},"tiered_pricing_minimum_quantity":null,"tiered_pricing_roles_data":[],"tiered_pricing_percentage_rules":[],"tiered_pricing_maximum_quantity":null,"tiered_pricing_quantity_step":null,"_links":{"self":[{"href":"https:\/\/prestige-aura.com\/fr_fr\/wp-json\/wp\/v2\/product\/36789","targetHints":{"allow":["GET"]}}],"collection":[{"href":"https:\/\/prestige-aura.com\/fr_fr\/wp-json\/wp\/v2\/product"}],"about":[{"href":"https:\/\/prestige-aura.com\/fr_fr\/wp-json\/wp\/v2\/types\/product"}],"replies":[{"embeddable":true,"href":"https:\/\/prestige-aura.com\/fr_fr\/wp-json\/wp\/v2\/comments?post=36789"}],"wp:featuredmedia":[{"embeddable":true,"href":"https:\/\/prestige-aura.com\/fr_fr\/wp-json\/wp\/v2\/media\/36790"}],"wp:attachment":[{"href":"https:\/\/prestige-aura.com\/fr_fr\/wp-json\/wp\/v2\/media?parent=36789"}],"wp:term":[{"taxonomy":"product_brand","embeddable":true,"href":"https:\/\/prestige-aura.com\/fr_fr\/wp-json\/wp\/v2\/product_brand?post=36789"},{"taxonomy":"product_cat","embeddable":true,"href":"https:\/\/prestige-aura.com\/fr_fr\/wp-json\/wp\/v2\/product_cat?post=36789"},{"taxonomy":"product_tag","embeddable":true,"href":"https:\/\/prestige-aura.com\/fr_fr\/wp-json\/wp\/v2\/product_tag?post=36789"}],"curies":[{"name":"wp","href":"https:\/\/api.w.org\/{rel}","templated":true}]}}