
{"id":34939,"date":"2025-06-21T15:05:00","date_gmt":"2025-06-21T15:05:00","guid":{"rendered":"https:\/\/prestige-aura.com\/product\/rolex-39mm-cellini-rose-gold-black-dial-mens-watch-50505\/"},"modified":"2025-06-24T13:00:46","modified_gmt":"2025-06-24T13:00:46","slug":"rolex-39mm-cellini-rose-gold-black-dial-mens-watch-50505","status":"publish","type":"product","link":"https:\/\/prestige-aura.com\/fr_fr\/produit\/rolex-39mm-cellini-rose-gold-black-dial-mens-watch-50505\/","title":{"rendered":"Rolex 39mm Cellini Rose Gold Black Dial Mens Watch 50505"},"content":{"rendered":"<div class=\"woocommerce-product-details__short-description\">\n<p>Caract\u00e9ristiques<br \/>\n\u00a8C Sweeping Second Hand<\/p>\n<p>\u00a8C Screw Down crown with o-ring<\/p>\n<p>\u00a8C Hack mechanism (second hand stops when crown is pulled out to set time)<\/p>\n<p>\u00a8C Rolex crown etching at 6 o\u00a1\u00afclock position on the glass<\/p>\n<\/div>\n<div class=\"woocommerce-Tabs-panel woocommerce-Tabs-panel--description panel entry-content wc-tab\" id=\"tab-description\" role=\"tabpanel\" aria-labelledby=\"tab-title-description\" style=\"\">\n<p>&nbsp;<\/p>\n<table class=\"expert-table\">\n<tbody>\n<tr>\n<th>Nom du produit<\/th>\n<td>Rolex Cellini 50505<\/td>\n<\/tr>\n<tr>\n<th>Cadran<\/th>\n<td>Cadran noir (comme sur l'image de cette page)<\/td>\n<\/tr>\n<tr>\n<th>Lunette<\/th>\n<td>18K Rose Gold Plated Domed and Fluted Double Bezel<\/td>\n<\/tr>\n<tr>\n<th>Verre<\/th>\n<td>Cristal de saphir<\/td>\n<\/tr>\n<tr>\n<th>Dimensions du cadran<\/th>\n<td>39 mm (Correct Size as Genuine)<\/td>\n<\/tr>\n<tr>\n<th>Poids<\/th>\n<td>65.6 grams<\/td>\n<\/tr>\n<tr>\n<th>Mat\u00e9riau<\/th>\n<td>Bo\u00eetier forg\u00e9 en 1 pi\u00e8ce, en acier inoxydable 316L massif<\/td>\n<\/tr>\n<tr>\n<th>Bracelet<\/th>\n<td>Black leather strap with Rolex Crown Buckle<\/td>\n<\/tr>\n<tr>\n<th>Mouvement<\/th>\n<td>Mouvement automatique Asian 2813, 21J (aucune pile n'est n\u00e9cessaire pour la dur\u00e9e de vie), bague de mouvement en acier inoxydable<\/td>\n<\/tr>\n<tr>\n<th>&nbsp;Fonctions<\/th>\n<td>Hours, Minutes, Seconds<\/td>\n<\/tr>\n<tr>\n<th>Retour<\/th>\n<td>Fond de bo\u00eetier solide<\/td>\n<\/tr>\n<tr>\n<th>Mod\u00e8le<\/th>\n<td>18K Rose Gold Plated Stainless Steel Caseset, Domed and Fluted Double Bezel, Black Dial, Stick Markers<\/td>\n<\/tr>\n<\/tbody>\n<\/table><\/div>","protected":false},"excerpt":{"rendered":"<p>Features \u00a8C Sweeping Second Hand \u00a8C Screw Down crown with o-ring \u00a8C Hack mechanism (second hand stops when crown is [&hellip;]<\/p>","protected":false},"featured_media":34940,"comment_status":"closed","ping_status":"open","template":"","meta":{"site-sidebar-layout":"default","site-content-layout":"","ast-site-content-layout":"","site-content-style":"default","site-sidebar-style":"default","ast-global-header-display":"","ast-banner-title-visibility":"","ast-main-header-display":"","ast-hfb-above-header-display":"","ast-hfb-below-header-display":"","ast-hfb-mobile-header-display":"","site-post-title":"","ast-breadcrumbs-content":"","ast-featured-img":"","footer-sml-layout":"","theme-transparent-header-meta":"","adv-header-id-meta":"","stick-header-meta":"","header-above-stick-meta":"","header-main-stick-meta":"","header-below-stick-meta":"","astra-migrate-meta-layouts":"default","ast-page-background-enabled":"default","ast-page-background-meta":{"desktop":{"background-color":"var(--ast-global-color-5)","background-image":"","background-repeat":"repeat","background-position":"center center","background-size":"auto","background-attachment":"scroll","background-type":"","background-media":"","overlay-type":"","overlay-color":"","overlay-opacity":"","overlay-gradient":""},"tablet":{"background-color":"","background-image":"","background-repeat":"repeat","background-position":"center center","background-size":"auto","background-attachment":"scroll","background-type":"","background-media":"","overlay-type":"","overlay-color":"","overlay-opacity":"","overlay-gradient":""},"mobile":{"background-color":"","background-image":"","background-repeat":"repeat","background-position":"center center","background-size":"auto","background-attachment":"scroll","background-type":"","background-media":"","overlay-type":"","overlay-color":"","overlay-opacity":"","overlay-gradient":""}},"ast-content-background-meta":{"desktop":{"background-color":"var(--ast-global-color-4)","background-image":"","background-repeat":"repeat","background-position":"center center","background-size":"auto","background-attachment":"scroll","background-type":"","background-media":"","overlay-type":"","overlay-color":"","overlay-opacity":"","overlay-gradient":""},"tablet":{"background-color":"var(--ast-global-color-4)","background-image":"","background-repeat":"repeat","background-position":"center center","background-size":"auto","background-attachment":"scroll","background-type":"","background-media":"","overlay-type":"","overlay-color":"","overlay-opacity":"","overlay-gradient":""},"mobile":{"background-color":"var(--ast-global-color-4)","background-image":"","background-repeat":"repeat","background-position":"center center","background-size":"auto","background-attachment":"scroll","background-type":"","background-media":"","overlay-type":"","overlay-color":"","overlay-opacity":"","overlay-gradient":""}}},"product_brand":[575],"product_cat":[656,578,80],"product_tag":[669,576],"class_list":{"0":"post-34939","1":"product","2":"type-product","3":"status-publish","4":"has-post-thumbnail","6":"product_brand-rolex","7":"product_cat-cellini","8":"product_cat-rolex","9":"product_cat-watchs","10":"product_tag-cellini","11":"product_tag-rolex","12":"desktop-align-left","13":"tablet-align-left","14":"mobile-align-left","16":"first","17":"instock","18":"sale","19":"purchasable","20":"product-type-simple"},"tiered_pricing_type":"fixed","tiered_pricing_fixed_rules":[],"tiered_pricing_product_settings":{"layout":"default","base_unit_name":{"singular":null,"plural":null},"default_variation":null},"tiered_pricing_minimum_quantity":null,"tiered_pricing_roles_data":[],"tiered_pricing_percentage_rules":[],"tiered_pricing_maximum_quantity":null,"tiered_pricing_quantity_step":null,"_links":{"self":[{"href":"https:\/\/prestige-aura.com\/fr_fr\/wp-json\/wp\/v2\/product\/34939","targetHints":{"allow":["GET"]}}],"collection":[{"href":"https:\/\/prestige-aura.com\/fr_fr\/wp-json\/wp\/v2\/product"}],"about":[{"href":"https:\/\/prestige-aura.com\/fr_fr\/wp-json\/wp\/v2\/types\/product"}],"replies":[{"embeddable":true,"href":"https:\/\/prestige-aura.com\/fr_fr\/wp-json\/wp\/v2\/comments?post=34939"}],"wp:featuredmedia":[{"embeddable":true,"href":"https:\/\/prestige-aura.com\/fr_fr\/wp-json\/wp\/v2\/media\/34940"}],"wp:attachment":[{"href":"https:\/\/prestige-aura.com\/fr_fr\/wp-json\/wp\/v2\/media?parent=34939"}],"wp:term":[{"taxonomy":"product_brand","embeddable":true,"href":"https:\/\/prestige-aura.com\/fr_fr\/wp-json\/wp\/v2\/product_brand?post=34939"},{"taxonomy":"product_cat","embeddable":true,"href":"https:\/\/prestige-aura.com\/fr_fr\/wp-json\/wp\/v2\/product_cat?post=34939"},{"taxonomy":"product_tag","embeddable":true,"href":"https:\/\/prestige-aura.com\/fr_fr\/wp-json\/wp\/v2\/product_tag?post=34939"}],"curies":[{"name":"wp","href":"https:\/\/api.w.org\/{rel}","templated":true}]}}