
{"id":34585,"date":"2025-06-21T13:58:00","date_gmt":"2025-06-21T13:58:00","guid":{"rendered":"https:\/\/prestige-aura.com\/product\/rolex-sky-dweller-42mm-rose-gold-dark-rhodium-dial-%c2%a8c-oysterflex-326235\/"},"modified":"2025-08-24T16:10:48","modified_gmt":"2025-08-24T16:10:48","slug":"rolex-sky-dweller-42mm-rose-gold-dark-rhodium-dial-oysterflex-326235","status":"publish","type":"product","link":"https:\/\/prestige-aura.com\/fr_fr\/produit\/rolex-sky-dweller-42mm-rose-gold-dark-rhodium-dial-oysterflex-326235\/","title":{"rendered":"Rolex Sky-Dweller 42mm Rose Gold  Dark Rhodium Dial-Oysterflex 326235"},"content":{"rendered":"<div class=\"woocommerce-product-details__short-description\">\n<h4><strong><b>Caract\u00e9ristiques<\/b><\/strong><\/h4>\n<ul>\n<li data-start=\"44\" data-end=\"136\">\n<p data-start=\"46\" data-end=\"136\">\u00c9quip\u00e9e d'une trotteuse \u00e0 balayage pour un mouvement fluide, elle met en valeur l'\u00e9l\u00e9gance m\u00e9canique.<\/p>\n<\/li>\n<li data-start=\"137\" data-end=\"202\">\n<p data-start=\"139\" data-end=\"202\">Couronne viss\u00e9e avec joint torique pour une meilleure \u00e9tanch\u00e9it\u00e9<\/p>\n<\/li>\n<li data-start=\"203\" data-end=\"307\">\n<p data-start=\"205\" data-end=\"307\">M\u00e9canisme de hacking : l'aiguille des secondes s'arr\u00eate lorsque la couronne est tir\u00e9e, ce qui garantit un r\u00e9glage pr\u00e9cis de l'heure.<\/p>\n<\/li>\n<li data-start=\"308\" data-end=\"429\">\n<p data-start=\"310\" data-end=\"429\">Les maillons du bracelet sont fix\u00e9s \u00e0 l'aide de vis au lieu de goupilles traditionnelles, ce qui offre une plus grande stabilit\u00e9 et facilite l'entretien.<\/p>\n<\/li>\n<li data-start=\"430\" data-end=\"550\">\n<p data-start=\"432\" data-end=\"550\">Le logo de la couronne Rolex est grav\u00e9 \u00e0 6 heures sur le verre, soulignant le savoir-faire et le souci du d\u00e9tail.<\/p>\n<\/li>\n<\/ul>\n<\/div>\n<div class=\"woocommerce-Tabs-panel woocommerce-Tabs-panel--description panel entry-content wc-tab\" id=\"tab-description\" role=\"tabpanel\" aria-labelledby=\"tab-title-description\" style=\"\">\n<p>&nbsp;<\/p>\n<table class=\"expert-table\">\n<tbody>\n<tr>\n<th>Nom du produit<\/th>\n<td>Rolex Sky-Dweller 326235<\/td>\n<\/tr>\n<tr>\n<th>Cadran<\/th>\n<td>Dark Rhodium Dial (as shown picture in this page)<\/td>\n<\/tr>\n<tr>\n<th>Lunette<\/th>\n<td>Stainless Steel bidirectional rotatable Fluted Bezel<\/td>\n<\/tr>\n<tr>\n<th>Verre<\/th>\n<td>Cristal de saphir<\/td>\n<\/tr>\n<tr>\n<th>Dimensions du cadran<\/th>\n<td>42 mm (taille correcte comme l'original)<\/td>\n<\/tr>\n<tr>\n<th>Poids<\/th>\n<td>104 grams<\/td>\n<\/tr>\n<tr>\n<th>Mat\u00e9riau<\/th>\n<td>1 piece forged case construction, solid 316L stainless steel with Rose Gold Plated<\/td>\n<\/tr>\n<tr>\n<th>Bracelet<\/th>\n<td>Black rubber strap with Rolesor Conceal Clasp<\/td>\n<\/tr>\n<tr>\n<th>Mouvement<\/th>\n<td>Asian Seagull ST-3855 Automatic Movement, Functional GMT (no battery needed for life)<\/td>\n<\/tr>\n<tr>\n<th>&nbsp;Fonctions<\/th>\n<td>Heures, minutes, secondes, date, disque int\u00e9rieur GMT ... R\u00e9glage par la couronne<\/td>\n<\/tr>\n<tr>\n<th>Retour<\/th>\n<td>Fond de bo\u00eetier solide<\/td>\n<\/tr>\n<tr>\n<th>Mod\u00e8le<\/th>\n<td>Rose Gold Plated Stainless Steel Caseset, Rose Gold Plated Rotatable Fluted Bezel, Dark Rhodium Dial, Stick Markers, Engraved ROLEXROLEX on rehaut<\/td>\n<\/tr>\n<\/tbody>\n<\/table><\/div>","protected":false},"excerpt":{"rendered":"<p>Features Equipped with a sweeping second hand for smooth movement, showcasing mechanical elegance Screw-down crown with an O-ring for enhanced [&hellip;]<\/p>","protected":false},"featured_media":34586,"comment_status":"closed","ping_status":"open","template":"","meta":{"site-sidebar-layout":"default","site-content-layout":"","ast-site-content-layout":"","site-content-style":"default","site-sidebar-style":"default","ast-global-header-display":"","ast-banner-title-visibility":"","ast-main-header-display":"","ast-hfb-above-header-display":"","ast-hfb-below-header-display":"","ast-hfb-mobile-header-display":"","site-post-title":"","ast-breadcrumbs-content":"","ast-featured-img":"","footer-sml-layout":"","theme-transparent-header-meta":"","adv-header-id-meta":"","stick-header-meta":"","header-above-stick-meta":"","header-main-stick-meta":"","header-below-stick-meta":"","astra-migrate-meta-layouts":"default","ast-page-background-enabled":"default","ast-page-background-meta":{"desktop":{"background-color":"var(--ast-global-color-5)","background-image":"","background-repeat":"repeat","background-position":"center center","background-size":"auto","background-attachment":"scroll","background-type":"","background-media":"","overlay-type":"","overlay-color":"","overlay-opacity":"","overlay-gradient":""},"tablet":{"background-color":"","background-image":"","background-repeat":"repeat","background-position":"center center","background-size":"auto","background-attachment":"scroll","background-type":"","background-media":"","overlay-type":"","overlay-color":"","overlay-opacity":"","overlay-gradient":""},"mobile":{"background-color":"","background-image":"","background-repeat":"repeat","background-position":"center center","background-size":"auto","background-attachment":"scroll","background-type":"","background-media":"","overlay-type":"","overlay-color":"","overlay-opacity":"","overlay-gradient":""}},"ast-content-background-meta":{"desktop":{"background-color":"var(--ast-global-color-4)","background-image":"","background-repeat":"repeat","background-position":"center center","background-size":"auto","background-attachment":"scroll","background-type":"","background-media":"","overlay-type":"","overlay-color":"","overlay-opacity":"","overlay-gradient":""},"tablet":{"background-color":"var(--ast-global-color-4)","background-image":"","background-repeat":"repeat","background-position":"center center","background-size":"auto","background-attachment":"scroll","background-type":"","background-media":"","overlay-type":"","overlay-color":"","overlay-opacity":"","overlay-gradient":""},"mobile":{"background-color":"var(--ast-global-color-4)","background-image":"","background-repeat":"repeat","background-position":"center center","background-size":"auto","background-attachment":"scroll","background-type":"","background-media":"","overlay-type":"","overlay-color":"","overlay-opacity":"","overlay-gradient":""}}},"product_brand":[575],"product_cat":[80,578,652],"product_tag":[576,664],"class_list":{"0":"post-34585","1":"product","2":"type-product","3":"status-publish","4":"has-post-thumbnail","6":"product_brand-rolex","7":"product_cat-watchs","8":"product_cat-rolex","9":"product_cat-sky-dweller","10":"product_tag-rolex","11":"product_tag-sky-dweller","12":"desktop-align-left","13":"tablet-align-left","14":"mobile-align-left","16":"first","17":"instock","18":"sale","19":"purchasable","20":"product-type-simple"},"tiered_pricing_type":"fixed","tiered_pricing_fixed_rules":[],"tiered_pricing_product_settings":{"layout":"default","base_unit_name":{"singular":null,"plural":null},"default_variation":null},"tiered_pricing_minimum_quantity":null,"tiered_pricing_roles_data":[],"tiered_pricing_percentage_rules":[],"tiered_pricing_maximum_quantity":null,"tiered_pricing_quantity_step":null,"_links":{"self":[{"href":"https:\/\/prestige-aura.com\/fr_fr\/wp-json\/wp\/v2\/product\/34585","targetHints":{"allow":["GET"]}}],"collection":[{"href":"https:\/\/prestige-aura.com\/fr_fr\/wp-json\/wp\/v2\/product"}],"about":[{"href":"https:\/\/prestige-aura.com\/fr_fr\/wp-json\/wp\/v2\/types\/product"}],"replies":[{"embeddable":true,"href":"https:\/\/prestige-aura.com\/fr_fr\/wp-json\/wp\/v2\/comments?post=34585"}],"wp:featuredmedia":[{"embeddable":true,"href":"https:\/\/prestige-aura.com\/fr_fr\/wp-json\/wp\/v2\/media\/34586"}],"wp:attachment":[{"href":"https:\/\/prestige-aura.com\/fr_fr\/wp-json\/wp\/v2\/media?parent=34585"}],"wp:term":[{"taxonomy":"product_brand","embeddable":true,"href":"https:\/\/prestige-aura.com\/fr_fr\/wp-json\/wp\/v2\/product_brand?post=34585"},{"taxonomy":"product_cat","embeddable":true,"href":"https:\/\/prestige-aura.com\/fr_fr\/wp-json\/wp\/v2\/product_cat?post=34585"},{"taxonomy":"product_tag","embeddable":true,"href":"https:\/\/prestige-aura.com\/fr_fr\/wp-json\/wp\/v2\/product_tag?post=34585"}],"curies":[{"name":"wp","href":"https:\/\/api.w.org\/{rel}","templated":true}]}}