
{"id":33625,"date":"2025-06-21T09:32:00","date_gmt":"2025-06-21T09:32:00","guid":{"rendered":"https:\/\/prestige-aura.com\/product\/rolex-lady-datejust-31mm-mother-of-pearl-178274\/"},"modified":"2025-07-02T20:31:30","modified_gmt":"2025-07-02T20:31:30","slug":"rolex-lady-datejust-31mm-mother-of-pearl-178274","status":"publish","type":"product","link":"https:\/\/prestige-aura.com\/fr_fr\/produit\/rolex-lady-datejust-31mm-mother-of-pearl-178274\/","title":{"rendered":"Rolex Lady-Datejust 31mm Nacre 178274"},"content":{"rendered":"<p>Caract\u00e9ristiques<\/p>\n<ul>\n<li data-start=\"44\" data-end=\"136\">\n<p data-start=\"46\" data-end=\"136\">\u00c9quip\u00e9e d'une trotteuse \u00e0 balayage pour un mouvement fluide, elle met en valeur l'\u00e9l\u00e9gance m\u00e9canique.<\/p>\n<\/li>\n<li data-start=\"137\" data-end=\"202\">\n<p data-start=\"139\" data-end=\"202\">Couronne viss\u00e9e avec joint torique pour une meilleure \u00e9tanch\u00e9it\u00e9<\/p>\n<\/li>\n<li data-start=\"203\" data-end=\"307\">\n<p data-start=\"205\" data-end=\"307\">M\u00e9canisme de hacking : l'aiguille des secondes s'arr\u00eate lorsque la couronne est tir\u00e9e, ce qui garantit un r\u00e9glage pr\u00e9cis de l'heure.<\/p>\n<\/li>\n<li data-start=\"308\" data-end=\"429\">\n<p data-start=\"310\" data-end=\"429\">Les maillons du bracelet sont fix\u00e9s \u00e0 l'aide de vis au lieu de goupilles traditionnelles, ce qui offre une plus grande stabilit\u00e9 et facilite l'entretien.<\/p>\n<\/li>\n<li data-start=\"430\" data-end=\"550\">\n<p data-start=\"432\" data-end=\"550\">Le logo de la couronne Rolex est grav\u00e9 \u00e0 6 heures sur le verre, soulignant le savoir-faire et le souci du d\u00e9tail.<\/p>\n<\/li>\n<\/ul>\n<p>&nbsp;<\/p>\n<table class=\"expert-table\">\n<tbody>\n<tr>\n<th>Nom du produit<\/th>\n<td>Rolex Lady-Datejust 178274<\/td>\n<\/tr>\n<tr>\n<th>Cadran<\/th>\n<td>Mother of Pearl \u00a8C White<\/td>\n<\/tr>\n<tr>\n<th>Lunette<\/th>\n<td>Acier (mat\u00e9riau correct comme l'original)<\/td>\n<\/tr>\n<tr>\n<th>Verre<\/th>\n<td>Cristal de saphir<\/td>\n<\/tr>\n<tr>\n<th>Dimensions du cadran<\/th>\n<td>31 mm (Correct Size as Genuine)<\/td>\n<\/tr>\n<tr>\n<th>Poids<\/th>\n<td>106,6 grammes<\/td>\n<\/tr>\n<tr>\n<th>Mat\u00e9riau<\/th>\n<td>Bo\u00eetier forg\u00e9 en 1 pi\u00e8ce, acier inoxydable 316L massif<\/td>\n<\/tr>\n<tr>\n<th>Bracelet<\/th>\n<td>Bracelet en acier inoxydable de type jubil\u00e9<\/td>\n<\/tr>\n<tr>\n<th>Mouvement<\/th>\n<td>Mouvement automatique Asian 2813, 21J (aucune pile n'est n\u00e9cessaire pour la dur\u00e9e de vie), bague de mouvement en acier inoxydable<\/td>\n<\/tr>\n<tr>\n<th>Retour<\/th>\n<td>Fond de bo\u00eetier solide<\/td>\n<\/tr>\n<tr>\n<th>&nbsp;Fonctions<\/th>\n<td>Heures, minutes, secondes, date (r\u00e9glage par la couronne)<\/td>\n<\/tr>\n<\/tbody>\n<\/table>","protected":false},"excerpt":{"rendered":"<p>Features Equipped with a sweeping second hand for smooth movement, showcasing mechanical elegance Screw-down crown with an O-ring for enhanced [&hellip;]<\/p>","protected":false},"featured_media":33626,"comment_status":"closed","ping_status":"open","template":"","meta":{"site-sidebar-layout":"default","site-content-layout":"","ast-site-content-layout":"","site-content-style":"default","site-sidebar-style":"default","ast-global-header-display":"","ast-banner-title-visibility":"","ast-main-header-display":"","ast-hfb-above-header-display":"","ast-hfb-below-header-display":"","ast-hfb-mobile-header-display":"","site-post-title":"","ast-breadcrumbs-content":"","ast-featured-img":"","footer-sml-layout":"","theme-transparent-header-meta":"","adv-header-id-meta":"","stick-header-meta":"","header-above-stick-meta":"","header-main-stick-meta":"","header-below-stick-meta":"","astra-migrate-meta-layouts":"default","ast-page-background-enabled":"default","ast-page-background-meta":{"desktop":{"background-color":"var(--ast-global-color-5)","background-image":"","background-repeat":"repeat","background-position":"center center","background-size":"auto","background-attachment":"scroll","background-type":"","background-media":"","overlay-type":"","overlay-color":"","overlay-opacity":"","overlay-gradient":""},"tablet":{"background-color":"","background-image":"","background-repeat":"repeat","background-position":"center center","background-size":"auto","background-attachment":"scroll","background-type":"","background-media":"","overlay-type":"","overlay-color":"","overlay-opacity":"","overlay-gradient":""},"mobile":{"background-color":"","background-image":"","background-repeat":"repeat","background-position":"center center","background-size":"auto","background-attachment":"scroll","background-type":"","background-media":"","overlay-type":"","overlay-color":"","overlay-opacity":"","overlay-gradient":""}},"ast-content-background-meta":{"desktop":{"background-color":"var(--ast-global-color-4)","background-image":"","background-repeat":"repeat","background-position":"center center","background-size":"auto","background-attachment":"scroll","background-type":"","background-media":"","overlay-type":"","overlay-color":"","overlay-opacity":"","overlay-gradient":""},"tablet":{"background-color":"var(--ast-global-color-4)","background-image":"","background-repeat":"repeat","background-position":"center center","background-size":"auto","background-attachment":"scroll","background-type":"","background-media":"","overlay-type":"","overlay-color":"","overlay-opacity":"","overlay-gradient":""},"mobile":{"background-color":"var(--ast-global-color-4)","background-image":"","background-repeat":"repeat","background-position":"center center","background-size":"auto","background-attachment":"scroll","background-type":"","background-media":"","overlay-type":"","overlay-color":"","overlay-opacity":"","overlay-gradient":""}}},"product_brand":[],"product_cat":[646,578,80],"product_tag":[645,576],"class_list":{"0":"post-33625","1":"product","2":"type-product","3":"status-publish","4":"has-post-thumbnail","6":"product_cat-datejust","7":"product_cat-rolex","8":"product_cat-watchs","9":"product_tag-datejust","10":"product_tag-rolex","11":"desktop-align-left","12":"tablet-align-left","13":"mobile-align-left","15":"first","16":"instock","17":"sale","18":"purchasable","19":"product-type-simple"},"tiered_pricing_type":"fixed","tiered_pricing_fixed_rules":[],"tiered_pricing_product_settings":{"layout":"default","base_unit_name":{"singular":null,"plural":null},"default_variation":null},"tiered_pricing_minimum_quantity":null,"tiered_pricing_roles_data":[],"tiered_pricing_percentage_rules":[],"tiered_pricing_maximum_quantity":null,"tiered_pricing_quantity_step":null,"_links":{"self":[{"href":"https:\/\/prestige-aura.com\/fr_fr\/wp-json\/wp\/v2\/product\/33625","targetHints":{"allow":["GET"]}}],"collection":[{"href":"https:\/\/prestige-aura.com\/fr_fr\/wp-json\/wp\/v2\/product"}],"about":[{"href":"https:\/\/prestige-aura.com\/fr_fr\/wp-json\/wp\/v2\/types\/product"}],"replies":[{"embeddable":true,"href":"https:\/\/prestige-aura.com\/fr_fr\/wp-json\/wp\/v2\/comments?post=33625"}],"wp:featuredmedia":[{"embeddable":true,"href":"https:\/\/prestige-aura.com\/fr_fr\/wp-json\/wp\/v2\/media\/33626"}],"wp:attachment":[{"href":"https:\/\/prestige-aura.com\/fr_fr\/wp-json\/wp\/v2\/media?parent=33625"}],"wp:term":[{"taxonomy":"product_brand","embeddable":true,"href":"https:\/\/prestige-aura.com\/fr_fr\/wp-json\/wp\/v2\/product_brand?post=33625"},{"taxonomy":"product_cat","embeddable":true,"href":"https:\/\/prestige-aura.com\/fr_fr\/wp-json\/wp\/v2\/product_cat?post=33625"},{"taxonomy":"product_tag","embeddable":true,"href":"https:\/\/prestige-aura.com\/fr_fr\/wp-json\/wp\/v2\/product_tag?post=33625"}],"curies":[{"name":"wp","href":"https:\/\/api.w.org\/{rel}","templated":true}]}}