
{"id":23487,"date":"2025-06-08T16:28:00","date_gmt":"2025-06-08T16:28:00","guid":{"rendered":"https:\/\/prestige-aura.com\/product\/audemars-piguet-royal-oak-selfwinding-ref-77350ce-oo-1266ce-02-a\/"},"modified":"2025-09-03T18:18:02","modified_gmt":"2025-09-03T18:18:02","slug":"audemars-piguet-royal-oak-selfwinding-ref-77350ce-oo-1266ce-02-a","status":"publish","type":"product","link":"https:\/\/prestige-aura.com\/fr_fr\/produit\/audemars-piguet-royal-oak-selfwinding-ref-77350ce-oo-1266ce-02-a\/","title":{"rendered":"Audemars Piguet Royal Oak SELFWINDING Ref# 77350CE.OO.1266CE.02.A"},"content":{"rendered":"<div id=\"tab-description\" class=\"woocommerce-Tabs-panel woocommerce-Tabs-panel--description panel entry-content active\" role=\"tabpanel\" aria-labelledby=\"tab-title-description\">\n<p>Unworn Audemars Piguet Royal Oak SELFWINDING 77350CE.OO.1266CE.02.A. 34 mm, Rainbow-coloured sapphire dial with polished mirror effect showcasing the Tapisserie geometry, pink gold Royal\u00a0Oak hour-markers and hands, Black ceramic case, glareproofed sapphire crystal and titanium sapphire caseback, 5800 calibre, Selfwinding movement, 28 jewels, \u00a0Black ceramic bracelet with AP folding clasp. Water resistant to 50 m.<\/p>\n<ul>\n<li>Marque : Audemars Piguet<\/li>\n<li>Mod\u00e8le : Royal Oak<\/li>\n<li>Reference: 77350CE.OO.1266CE.02.A<\/li>\n<li>Diameter: 34 mm<\/li>\n<li>Mat\u00e9riau du bo\u00eetier : C\u00e9ramique<\/li>\n<li>Dial color: Rainbow-coloured sapphire<\/li>\n<li>Type de lunette : Fixe<\/li>\n<li>Couleur de la lunette : Noir<\/li>\n<li>Mati\u00e8re de la lunette : C\u00e9ramique<\/li>\n<li>Verre : Verre saphir antireflet<\/li>\n<li>Calibre: 5800<\/li>\n<li>Mouvement : Automatique<\/li>\n<li>Number of Jewels: 28<\/li>\n<li>Bracelet Material: Ceramic<\/li>\n<li>Boucle : Boucle d\u00e9ployante AP<\/li>\n<li>Functions: Hours, minutes, centre seconds and date<\/li>\n<li>R\u00e9sistance \u00e0 l'eau : 50 m<\/li>\n<\/ul>\n<\/div>\n<div id=\"tab-reviews\" class=\"woocommerce-Tabs-panel woocommerce-Tabs-panel--reviews panel entry-content\" role=\"tabpanel\" aria-labelledby=\"tab-title-reviews\"><\/div>","protected":false},"excerpt":{"rendered":"<p>Unworn Audemars Piguet Royal Oak SELFWINDING 77350CE.OO.1266CE.02.A. 34 mm, Rainbow-coloured sapphire dial with polished mirror effect showcasing the Tapisserie geometry, [&hellip;]<\/p>","protected":false},"featured_media":23488,"comment_status":"closed","ping_status":"closed","template":"","meta":{"site-sidebar-layout":"default","site-content-layout":"","ast-site-content-layout":"default","site-content-style":"default","site-sidebar-style":"default","ast-global-header-display":"","ast-banner-title-visibility":"","ast-main-header-display":"","ast-hfb-above-header-display":"","ast-hfb-below-header-display":"","ast-hfb-mobile-header-display":"","site-post-title":"","ast-breadcrumbs-content":"","ast-featured-img":"","footer-sml-layout":"","theme-transparent-header-meta":"default","adv-header-id-meta":"","stick-header-meta":"","header-above-stick-meta":"","header-main-stick-meta":"","header-below-stick-meta":"","astra-migrate-meta-layouts":"set","ast-page-background-enabled":"default","ast-page-background-meta":{"desktop":{"background-color":"var(--ast-global-color-5)","background-image":"","background-repeat":"repeat","background-position":"center center","background-size":"auto","background-attachment":"scroll","background-type":"","background-media":"","overlay-type":"","overlay-color":"","overlay-opacity":"","overlay-gradient":""},"tablet":{"background-color":"","background-image":"","background-repeat":"repeat","background-position":"center center","background-size":"auto","background-attachment":"scroll","background-type":"","background-media":"","overlay-type":"","overlay-color":"","overlay-opacity":"","overlay-gradient":""},"mobile":{"background-color":"","background-image":"","background-repeat":"repeat","background-position":"center center","background-size":"auto","background-attachment":"scroll","background-type":"","background-media":"","overlay-type":"","overlay-color":"","overlay-opacity":"","overlay-gradient":""}},"ast-content-background-meta":{"desktop":{"background-color":"var(--ast-global-color-4)","background-image":"","background-repeat":"repeat","background-position":"center center","background-size":"auto","background-attachment":"scroll","background-type":"","background-media":"","overlay-type":"","overlay-color":"","overlay-opacity":"","overlay-gradient":""},"tablet":{"background-color":"var(--ast-global-color-4)","background-image":"","background-repeat":"repeat","background-position":"center center","background-size":"auto","background-attachment":"scroll","background-type":"","background-media":"","overlay-type":"","overlay-color":"","overlay-opacity":"","overlay-gradient":""},"mobile":{"background-color":"var(--ast-global-color-4)","background-image":"","background-repeat":"repeat","background-position":"center center","background-size":"auto","background-attachment":"scroll","background-type":"","background-media":"","overlay-type":"","overlay-color":"","overlay-opacity":"","overlay-gradient":""}}},"product_brand":[126],"product_cat":[208,582,80],"product_tag":[580,581],"class_list":{"0":"post-23487","1":"product","2":"type-product","3":"status-publish","4":"has-post-thumbnail","6":"product_brand-audemars-piguet","7":"product_cat-audemars-piguet","8":"product_cat-royal-oak","9":"product_cat-watchs","10":"product_tag-audemars-piguet","11":"product_tag-audemars-piguet-royal-oak","12":"desktop-align-left","13":"tablet-align-left","14":"mobile-align-left","16":"first","17":"instock","18":"sale","19":"purchasable","20":"product-type-simple"},"tiered_pricing_type":"fixed","tiered_pricing_fixed_rules":[],"tiered_pricing_product_settings":{"layout":"default","base_unit_name":{"singular":null,"plural":null},"default_variation":null},"tiered_pricing_minimum_quantity":null,"tiered_pricing_roles_data":[],"tiered_pricing_percentage_rules":[],"tiered_pricing_maximum_quantity":null,"tiered_pricing_quantity_step":null,"_links":{"self":[{"href":"https:\/\/prestige-aura.com\/fr_fr\/wp-json\/wp\/v2\/product\/23487","targetHints":{"allow":["GET"]}}],"collection":[{"href":"https:\/\/prestige-aura.com\/fr_fr\/wp-json\/wp\/v2\/product"}],"about":[{"href":"https:\/\/prestige-aura.com\/fr_fr\/wp-json\/wp\/v2\/types\/product"}],"replies":[{"embeddable":true,"href":"https:\/\/prestige-aura.com\/fr_fr\/wp-json\/wp\/v2\/comments?post=23487"}],"wp:featuredmedia":[{"embeddable":true,"href":"https:\/\/prestige-aura.com\/fr_fr\/wp-json\/wp\/v2\/media\/23488"}],"wp:attachment":[{"href":"https:\/\/prestige-aura.com\/fr_fr\/wp-json\/wp\/v2\/media?parent=23487"}],"wp:term":[{"taxonomy":"product_brand","embeddable":true,"href":"https:\/\/prestige-aura.com\/fr_fr\/wp-json\/wp\/v2\/product_brand?post=23487"},{"taxonomy":"product_cat","embeddable":true,"href":"https:\/\/prestige-aura.com\/fr_fr\/wp-json\/wp\/v2\/product_cat?post=23487"},{"taxonomy":"product_tag","embeddable":true,"href":"https:\/\/prestige-aura.com\/fr_fr\/wp-json\/wp\/v2\/product_tag?post=23487"}],"curies":[{"name":"wp","href":"https:\/\/api.w.org\/{rel}","templated":true}]}}