
{"id":36849,"date":"2025-06-22T06:52:00","date_gmt":"2025-06-22T06:52:00","guid":{"rendered":"https:\/\/prestige-aura.com\/product\/hublot-spirit-of-big-bang-king-gold-ceramic-42mm-ref-641-om-0183-lr-2\/"},"modified":"2025-06-24T08:13:33","modified_gmt":"2025-06-24T08:13:33","slug":"hublot-spirit-of-big-bang-king-gold-ceramic-42mm-ref-641-om-0183-lr-2","status":"publish","type":"product","link":"https:\/\/prestige-aura.com\/es\/producto\/hublot-spirit-of-big-bang-king-gold-ceramic-42mm-ref-641-om-0183-lr-2\/","title":{"rendered":"Hublot Spirit of Big Bang King Gold Ceramic 42mm, Ref# 641.OM.0183.LR"},"content":{"rendered":"<p>Hublot Spirit of Big Bang King Gold Ceramic 48mm x 42mm watch. Brushed\/satin finished 18K King Gold case with polished beveled corners, Reference 641.OM.0183.LR. This model has Sapphire crystal transparent dial with bold brushed finished?King Gold?minute and hour hands with luminous filled top and skeletonized bottoms. Applied brushed?King Gold \u00a1\u00aeApplique\u00a1\u00af index hour markers with luminous fill. Black inner bezel flange at the dial perimeter with a red minute\/seconds track. Small running seconds sub-dial hand located at the 9 o\u00a1\u00afclock position. Visible skeletonized date wheel. Current date displayed between the 4 and 5 o\u00a1\u00afclock position, highlighted by?a black background and a blue border. Chronograph Stopwatch function:? large central seconds counter with the \u00a1\u00b0H\u00a1\u00b1 logo as a counter-weight; black-rimmed 30-minute sub-dial counter located at the 3 o\u00a1\u00afclock position; black-rimmed 12-hour sub-dial counter located at the 6 o\u00a1\u00afclock position. Brushed and polished 18kt King Gold crown and chrono buttons with black insert. The crown has Hublot logo engraved on it. The dial closed by a Scratch-resistant Sapphire Crystal with Anti-reflective Treatment. Of Sapphire Crystal made transparent case back. The watch is equipped fixed Satin-finished, Polished Black ceramic bezel with Microblasted (dark shade of finishing) recessed zones, secured with 6 polished \u00a1\u00b0H\u00a1\u00b1 style Titanium screws. Black?composite resin lateral case center-band and bezel lugs. The watch is self-winding Skeleton Chronograph Movement Hublot Caliber HUB 4700, contains 31 Jewels and has an approximate power reserve of 50 hours. This model presented on a Black?\u00a1\u00b0Gummy-Alligator\u00a1\u00b1 strap: Alligator on the topside and rubber on the underside and edges with 18K King Gold and Black PVD Titanium Deployant Buckle Clasp. The water resistance is up to 100m\/330ft (10 ATM).<\/p>\n<p>Marca: Hublot<br \/>\nModel: Spirit of Big Bang King Gold Ceramic 42mm?<br \/>\nReference: 641.OM.0183.LR<br \/>\nDiameter: 48mm x 42mm<br \/>\nCase material: 18K King Gold<br \/>\nColor de la esfera: cristal de zafiro transparente<br \/>\nTipo de bisel: Fijo<br \/>\nColor del bisel: Negro<br \/>\nBezel Material: Satin-finished, Polished and Microblasted Black Ceramic<br \/>\nCristal: zafiro<br \/>\nMovement: Automatic, self-winding mechanical<br \/>\nTipo de pulsera: Correa<br \/>\nBracelet Material: Alligator leather on the top-side and rubber on the underside and edges<br \/>\nClasp: 18K King Gold and Black PVD Titanium Deployant Buckle<br \/>\nFunciones: Fecha, Cron\u00f3grafo, Horas, Minutos, Segundos<br \/>\nResistencia al agua: Hasta 100 m\/330 pies (10 ATM)<br \/>\nGarant\u00eda: Saldo de Garant\u00eda Internacional Hublot?<\/p>\n<p>Todos los nuevos relojes Hublot se entregan con la \u00faltima versi\u00f3n de la e-Garant\u00eda Hublot, que no incluye tarjetas, libros o folletos de garant\u00eda de papel o pl\u00e1stico, etc. La autenticidad de los relojes Hublot est\u00e1 garantizada por el reconocimiento visual de la microestructura de sus materiales. Con la e-garant\u00eda HUBLOT, Hublot lanza una garant\u00eda digital almacenada en la blockchain AURA. Tambi\u00e9n existe una aplicaci\u00f3n espec\u00edfica de e-garant\u00eda para los clientes. El reconocimiento unitario de la pieza por la aplicaci\u00f3n Hublot e-warranty, est\u00e1 disponible en Google Play Store y Apple App.<\/p>","protected":false},"excerpt":{"rendered":"<p>Hublot Spirit of Big Bang King Gold Ceramic 48mm x 42mm watch. Brushed\/satin finished 18K King Gold case with polished [&hellip;]<\/p>","protected":false},"featured_media":36850,"comment_status":"closed","ping_status":"open","template":"","meta":{"site-sidebar-layout":"default","site-content-layout":"","ast-site-content-layout":"","site-content-style":"default","site-sidebar-style":"default","ast-global-header-display":"","ast-banner-title-visibility":"","ast-main-header-display":"","ast-hfb-above-header-display":"","ast-hfb-below-header-display":"","ast-hfb-mobile-header-display":"","site-post-title":"","ast-breadcrumbs-content":"","ast-featured-img":"","footer-sml-layout":"","theme-transparent-header-meta":"","adv-header-id-meta":"","stick-header-meta":"","header-above-stick-meta":"","header-main-stick-meta":"","header-below-stick-meta":"","astra-migrate-meta-layouts":"default","ast-page-background-enabled":"default","ast-page-background-meta":{"desktop":{"background-color":"var(--ast-global-color-5)","background-image":"","background-repeat":"repeat","background-position":"center center","background-size":"auto","background-attachment":"scroll","background-type":"","background-media":"","overlay-type":"","overlay-color":"","overlay-opacity":"","overlay-gradient":""},"tablet":{"background-color":"","background-image":"","background-repeat":"repeat","background-position":"center center","background-size":"auto","background-attachment":"scroll","background-type":"","background-media":"","overlay-type":"","overlay-color":"","overlay-opacity":"","overlay-gradient":""},"mobile":{"background-color":"","background-image":"","background-repeat":"repeat","background-position":"center center","background-size":"auto","background-attachment":"scroll","background-type":"","background-media":"","overlay-type":"","overlay-color":"","overlay-opacity":"","overlay-gradient":""}},"ast-content-background-meta":{"desktop":{"background-color":"var(--ast-global-color-4)","background-image":"","background-repeat":"repeat","background-position":"center center","background-size":"auto","background-attachment":"scroll","background-type":"","background-media":"","overlay-type":"","overlay-color":"","overlay-opacity":"","overlay-gradient":""},"tablet":{"background-color":"var(--ast-global-color-4)","background-image":"","background-repeat":"repeat","background-position":"center center","background-size":"auto","background-attachment":"scroll","background-type":"","background-media":"","overlay-type":"","overlay-color":"","overlay-opacity":"","overlay-gradient":""},"mobile":{"background-color":"var(--ast-global-color-4)","background-image":"","background-repeat":"repeat","background-position":"center center","background-size":"auto","background-attachment":"scroll","background-type":"","background-media":"","overlay-type":"","overlay-color":"","overlay-opacity":"","overlay-gradient":""}}},"product_brand":[682],"product_cat":[685,684,80],"product_tag":[683],"class_list":{"0":"post-36849","1":"product","2":"type-product","3":"status-publish","4":"has-post-thumbnail","6":"product_brand-hublot","7":"product_cat-big-bang","8":"product_cat-hublot","9":"product_cat-watchs","10":"product_tag-hublot","11":"desktop-align-left","12":"tablet-align-left","13":"mobile-align-left","15":"first","16":"instock","17":"sale","18":"purchasable","19":"product-type-simple"},"tiered_pricing_type":"fixed","tiered_pricing_fixed_rules":[],"tiered_pricing_product_settings":{"layout":"default","base_unit_name":{"singular":null,"plural":null},"default_variation":null},"tiered_pricing_minimum_quantity":null,"tiered_pricing_roles_data":[],"tiered_pricing_percentage_rules":[],"tiered_pricing_maximum_quantity":null,"tiered_pricing_quantity_step":null,"_links":{"self":[{"href":"https:\/\/prestige-aura.com\/es\/wp-json\/wp\/v2\/product\/36849","targetHints":{"allow":["GET"]}}],"collection":[{"href":"https:\/\/prestige-aura.com\/es\/wp-json\/wp\/v2\/product"}],"about":[{"href":"https:\/\/prestige-aura.com\/es\/wp-json\/wp\/v2\/types\/product"}],"replies":[{"embeddable":true,"href":"https:\/\/prestige-aura.com\/es\/wp-json\/wp\/v2\/comments?post=36849"}],"wp:featuredmedia":[{"embeddable":true,"href":"https:\/\/prestige-aura.com\/es\/wp-json\/wp\/v2\/media\/36850"}],"wp:attachment":[{"href":"https:\/\/prestige-aura.com\/es\/wp-json\/wp\/v2\/media?parent=36849"}],"wp:term":[{"taxonomy":"product_brand","embeddable":true,"href":"https:\/\/prestige-aura.com\/es\/wp-json\/wp\/v2\/product_brand?post=36849"},{"taxonomy":"product_cat","embeddable":true,"href":"https:\/\/prestige-aura.com\/es\/wp-json\/wp\/v2\/product_cat?post=36849"},{"taxonomy":"product_tag","embeddable":true,"href":"https:\/\/prestige-aura.com\/es\/wp-json\/wp\/v2\/product_tag?post=36849"}],"curies":[{"name":"wp","href":"https:\/\/api.w.org\/{rel}","templated":true}]}}