
{"id":36829,"date":"2025-06-22T06:51:00","date_gmt":"2025-06-22T06:51:00","guid":{"rendered":"https:\/\/prestige-aura.com\/product\/hublot-classic-fusion-chronograph-premier-league-42mm-limited-edition-ref-541-nx-8970-rx-plw23-2\/"},"modified":"2025-06-24T12:33:46","modified_gmt":"2025-06-24T12:33:46","slug":"hublot-classic-fusion-chronograph-premier-league-42mm-limited-edition-ref-541-nx-8970-rx-plw23-2","status":"publish","type":"product","link":"https:\/\/prestige-aura.com\/es\/producto\/hublot-classic-fusion-chronograph-premier-league-42mm-limited-edition-ref-541-nx-8970-rx-plw23-2\/","title":{"rendered":"Hublot Classic Fusion Cron\u00f3grafo Premier League 42mm, Edici\u00f3n Limitada, Ref# 541.NX.8970.RX.PLW23"},"content":{"rendered":"<p>Rindiendo homenaje a la Liga de F\u00fatbol m\u00e1s popular del mundo, como su mayor socio, Hublot ha creado el reloj Hublot Classic Fusion Cron\u00f3grafo Premier League para caballero, 42 mm, referencia 541.NX.8970.RX.PLW23 con el famoso le\u00f3n de la Premier League coronado a las 3 horas. Este explosivo modelo es una acertada combinaci\u00f3n de estilo cl\u00e1sico y deportivo, creatividad y artesan\u00eda tradicional del fabricante, alta resistencia y precisi\u00f3n impecable. Se trata de un homenaje \u00fanico al rey del deporte y a la Premier League \u00a8C uno de los mejores torneos de f\u00fatbol del mundo. La caja del reloj es de titanio satinado y pulido, famoso por su solidez, ligereza y resistencia a los ara\u00f1azos. La elegante esfera p\u00farpura mate con agujas rodiadas pulidas e \u00edndices aplicados de estilo aplique con acabado mate se reconoce inmediatamente como Hublot. Gracias a la presencia de un cron\u00f3grafo, que incluye un gran segundero central con el logotipo \u00a1\u00b0H\u00a1\u00b1 como contrapeso y un contador de 30 minutos situado a las 9 horas, este modelo puede calificarse con raz\u00f3n de reloj funcional de alta gama. El cron\u00f3grafo se ajusta mediante pulsadores de titanio pulido en las posiciones de las 2 y las 4 en punto. Adem\u00e1s, este modelo tiene un segundero peque\u00f1o situado en la posici\u00f3n de las 3 en punto y un indicador de fecha en la posici\u00f3n de las 6 en punto. Para controlar el reloj, dispone de una corona Pull\/Push grabada con el logotipo de Hublot en titanio con ranuras contorneadas para un mejor agarre. La esfera est\u00e1 cerrada por un cristal de zafiro resistente a los ara\u00f1azos con tratamiento antirreflejos. El fondo de la caja del reloj tambi\u00e9n es de cristal de zafiro, lo que permite observar el fant\u00e1stico trabajo del movimiento del reloj. El bisel de titanio tradicional de Hublot, pero no menos elegante, con la parte superior cepillada y el borde biselado pulido, asegurado con 6 tornillos de titanio pulido inmediatamente reconocibles en forma de la letra \u00a1\u00b0H\u00a1\u00b1. El impecable funcionamiento del reloj est\u00e1 garantizado por el Movimiento de Cron\u00f3grafo Autom\u00e1tico HUB1153, que contiene 35 rub\u00edes y tiene una reserva de marcha aproximada de 42 horas. Este modelo se presenta con una elegante y c\u00f3moda correa de caucho p\u00farpura con cierre de hebilla desplegable de acero inoxidable. La resistencia al agua es de hasta 50 m\/165 pies (5 ATM).<\/p>\n<p>Marca: Hublot<br \/>\nModelo: Classic Fusion Cron\u00f3grafo Premier League?<br \/>\nReferencia: 541.NX.8970.RX.PLW23<br \/>\nDi\u00e1metro: 42 mm<br \/>\nMaterial de la caja: Titanio satinado y pulido<br \/>\nColor de la esfera: Violeta mate<br \/>\nTipo de bisel: Fijo<br \/>\nColor del bisel: Plata<br \/>\nMaterial del bisel: Titanio satinado y pulido<br \/>\nCristal: Zafiro con tratamiento antirreflejos<br \/>\nMovimiento: HUB1153 Movimiento de cron\u00f3grafo autom\u00e1tico<br \/>\nTipo de pulsera: Correa<br \/>\nMaterial de la pulsera: Caucho forrado de p\u00farpura<br \/>\nCierre: hebilla desplegable de acero inoxidable<br \/>\nFunciones: Fecha, Cron\u00f3grafo, Horas, Minutos, Segundos<br \/>\nResistencia al agua: Hasta 50 m\/165 pies (5 ATM)<br \/>\nGarant\u00eda: Saldo de Garant\u00eda Internacional Hublot?<\/p>\n<p>Todos los nuevos relojes Hublot vienen con la \u00faltima versi\u00f3n de la e-Garant\u00eda Hublot, que no incluye ninguna tarjeta de garant\u00eda de papel\/pl\u00e1stico\/libros\/folletos, etc.<br \/>\nLa autenticidad de los relojes Hublot est\u00e1 garantizada por el reconocimiento visual de la microestructura de sus materiales. Con la e-garant\u00eda HUBLOT, Hublot lanza una garant\u00eda digital almacenada en la blockchain AURA.<br \/>\nTambi\u00e9n existe una aplicaci\u00f3n espec\u00edfica de e-garant\u00eda para los clientes. El reconocimiento unitario de la pieza por la aplicaci\u00f3n e-garant\u00eda Hublot, est\u00e1 disponible en Google Play Store y Apple App.<\/p>","protected":false},"excerpt":{"rendered":"<p>Paying tribute to the most popular Football League in the world, as its largest partner, Hublot created the Hublot Classic [&hellip;]<\/p>","protected":false},"featured_media":36508,"comment_status":"closed","ping_status":"closed","template":"","meta":{"site-sidebar-layout":"default","site-content-layout":"","ast-site-content-layout":"","site-content-style":"default","site-sidebar-style":"default","ast-global-header-display":"","ast-banner-title-visibility":"","ast-main-header-display":"","ast-hfb-above-header-display":"","ast-hfb-below-header-display":"","ast-hfb-mobile-header-display":"","site-post-title":"","ast-breadcrumbs-content":"","ast-featured-img":"","footer-sml-layout":"","theme-transparent-header-meta":"","adv-header-id-meta":"","stick-header-meta":"","header-above-stick-meta":"","header-main-stick-meta":"","header-below-stick-meta":"","astra-migrate-meta-layouts":"default","ast-page-background-enabled":"default","ast-page-background-meta":{"desktop":{"background-color":"var(--ast-global-color-5)","background-image":"","background-repeat":"repeat","background-position":"center center","background-size":"auto","background-attachment":"scroll","background-type":"","background-media":"","overlay-type":"","overlay-color":"","overlay-opacity":"","overlay-gradient":""},"tablet":{"background-color":"","background-image":"","background-repeat":"repeat","background-position":"center center","background-size":"auto","background-attachment":"scroll","background-type":"","background-media":"","overlay-type":"","overlay-color":"","overlay-opacity":"","overlay-gradient":""},"mobile":{"background-color":"","background-image":"","background-repeat":"repeat","background-position":"center center","background-size":"auto","background-attachment":"scroll","background-type":"","background-media":"","overlay-type":"","overlay-color":"","overlay-opacity":"","overlay-gradient":""}},"ast-content-background-meta":{"desktop":{"background-color":"var(--ast-global-color-4)","background-image":"","background-repeat":"repeat","background-position":"center center","background-size":"auto","background-attachment":"scroll","background-type":"","background-media":"","overlay-type":"","overlay-color":"","overlay-opacity":"","overlay-gradient":""},"tablet":{"background-color":"var(--ast-global-color-4)","background-image":"","background-repeat":"repeat","background-position":"center center","background-size":"auto","background-attachment":"scroll","background-type":"","background-media":"","overlay-type":"","overlay-color":"","overlay-opacity":"","overlay-gradient":""},"mobile":{"background-color":"var(--ast-global-color-4)","background-image":"","background-repeat":"repeat","background-position":"center center","background-size":"auto","background-attachment":"scroll","background-type":"","background-media":"","overlay-type":"","overlay-color":"","overlay-opacity":"","overlay-gradient":""}}},"product_brand":[682],"product_cat":[686,684,80],"product_tag":[683],"class_list":{"0":"post-36829","1":"product","2":"type-product","3":"status-publish","4":"has-post-thumbnail","6":"product_brand-hublot","7":"product_cat-classic-fusion","8":"product_cat-hublot","9":"product_cat-watchs","10":"product_tag-hublot","11":"desktop-align-left","12":"tablet-align-left","13":"mobile-align-left","15":"first","16":"instock","17":"sale","18":"purchasable","19":"product-type-simple"},"tiered_pricing_type":"fixed","tiered_pricing_fixed_rules":[],"tiered_pricing_product_settings":{"layout":"default","base_unit_name":{"singular":null,"plural":null},"default_variation":null},"tiered_pricing_minimum_quantity":null,"tiered_pricing_roles_data":[],"tiered_pricing_percentage_rules":[],"tiered_pricing_maximum_quantity":null,"tiered_pricing_quantity_step":null,"_links":{"self":[{"href":"https:\/\/prestige-aura.com\/es\/wp-json\/wp\/v2\/product\/36829","targetHints":{"allow":["GET"]}}],"collection":[{"href":"https:\/\/prestige-aura.com\/es\/wp-json\/wp\/v2\/product"}],"about":[{"href":"https:\/\/prestige-aura.com\/es\/wp-json\/wp\/v2\/types\/product"}],"replies":[{"embeddable":true,"href":"https:\/\/prestige-aura.com\/es\/wp-json\/wp\/v2\/comments?post=36829"}],"wp:featuredmedia":[{"embeddable":true,"href":"https:\/\/prestige-aura.com\/es\/wp-json\/wp\/v2\/media\/36508"}],"wp:attachment":[{"href":"https:\/\/prestige-aura.com\/es\/wp-json\/wp\/v2\/media?parent=36829"}],"wp:term":[{"taxonomy":"product_brand","embeddable":true,"href":"https:\/\/prestige-aura.com\/es\/wp-json\/wp\/v2\/product_brand?post=36829"},{"taxonomy":"product_cat","embeddable":true,"href":"https:\/\/prestige-aura.com\/es\/wp-json\/wp\/v2\/product_cat?post=36829"},{"taxonomy":"product_tag","embeddable":true,"href":"https:\/\/prestige-aura.com\/es\/wp-json\/wp\/v2\/product_tag?post=36829"}],"curies":[{"name":"wp","href":"https:\/\/api.w.org\/{rel}","templated":true}]}}