
{"id":36811,"date":"2025-06-22T06:51:00","date_gmt":"2025-06-22T06:51:00","guid":{"rendered":"https:\/\/prestige-aura.com\/product\/hublot-big-bang-unico-gmt-king-gold-45mm-ref-471-ox-7128-rx-2\/"},"modified":"2025-06-24T12:28:49","modified_gmt":"2025-06-24T12:28:49","slug":"hublot-big-bang-unico-gmt-king-gold-45mm-ref-471-ox-7128-rx-2","status":"publish","type":"product","link":"https:\/\/prestige-aura.com\/es\/producto\/hublot-big-bang-unico-gmt-king-gold-45mm-ref-471-ox-7128-rx-2\/","title":{"rendered":"Hublot Big Bang, Unico GMT King Gold, 45mm, Ref# 471.OX.7128.RX"},"content":{"rendered":"<p>Hublot Big Bang Unico GMT King Gold, 45mm watch. 18k King Gold case, satin\/brushed finished with fine polished corners, Reference 471.OX.7128.RX. This model has Blue and Gold-plated Skeleton dial with applied applique style alternating King Gold Arabic numerals and index hour markers with luminous fill. Blue?composite resin?lower bezel. Blue dial flange with a Rose Gold-tone minute\/seconds track. White Arabic numeral minute markers at 5-minute interval. Bold Rose Gold -tone brushed finished hands with luminous fill (minutes and hours hands semi-skeleton). Blue tipped central seconds hand. Screw-down 18k King Gold crown with black rubber around the crown for enhanced grip. The dial closed by a Scratch-resistant Sapphire Crystal with Anti-reflective Treatment. Of Sapphire Crystal made transparent case back. GMT Time zone Function: engraved 12 hour markings on the bezel; central GMT hand: Skeletonized with luminous filled arrow-head; corresponding night\/day zone ring in blue &#038; king gold at the dial center; buttons at 2 and 4 o\u00a1\u00afclock advance and reverse the time in 1 hour increments. The watch is equipped fixed satin-finished 18k King Gold bezel with polished beveled corners, secured 6 immediately recognizable Hublots signature \u00a1\u00b0H\u00a1\u00b1 screws style of Titanium. The watch is Hublot in-house manufacture Caliber UNICO HUB1251 contains 41 Jewels and has an approximate power reserve of 72 hours. This model presented on a Blue and black Structured Lined Rubber Strap with 18K King Gold and Black-plated Titanium Deployant Buckle Clasp. The water resistance is up to 100m\/330ft (10 ATM).<\/p>\n<p>Marca: Hublot<br \/>\nModel: Big Bang Unico GMT King Gold<br \/>\nReference: 471.OX.7128.RX<br \/>\nDi\u00e1metro: 45 mm<br \/>\nCase material: 18k King Gold<br \/>\nDial color: Blue and Gold-plated Skeleton<br \/>\nTipo de bisel: Fijo<br \/>\nBezel Color: King Gold<br \/>\nBezel Material: 18k King Gold<br \/>\nCristal: zafiro<br \/>\nMovimiento: Movimiento autom\u00e1tico<br \/>\nTipo de pulsera: Correa<br \/>\nBracelet Material: Blue and black Structured Lined Rubber<br \/>\nClasp: 18K King Gold and Black-plated Titanium Deployant Buckle<br \/>\nFunctions: GMT, Hour, Minute, Seconds, Day\/Night indicator<br \/>\nResistencia al agua: Hasta 100 m\/330 pies (10 ATM)<br \/>\nWarranty: Balance of Hublot International Warranty<\/p>\n<p>Todos los nuevos relojes Hublot vienen con la \u00faltima versi\u00f3n de la e-Garant\u00eda Hublot, que no incluye ninguna tarjeta de garant\u00eda de papel\/pl\u00e1stico\/libros\/folletos, etc.<br \/>\nLa autenticidad de los relojes Hublot est\u00e1 garantizada por el reconocimiento visual de la microestructura de sus materiales. Con la e-garant\u00eda HUBLOT, Hublot lanza una garant\u00eda digital almacenada en la blockchain AURA.<br \/>\nTambi\u00e9n existe una aplicaci\u00f3n espec\u00edfica de e-garant\u00eda para los clientes. El reconocimiento unitario de la pieza por la aplicaci\u00f3n e-garant\u00eda Hublot, est\u00e1 disponible en Google Play Store y Apple App.<\/p>","protected":false},"excerpt":{"rendered":"<p>Hublot Big Bang Unico GMT King Gold, 45mm watch. 18k King Gold case, satin\/brushed finished with fine polished corners, Reference [&hellip;]<\/p>","protected":false},"featured_media":36812,"comment_status":"closed","ping_status":"open","template":"","meta":{"site-sidebar-layout":"default","site-content-layout":"","ast-site-content-layout":"","site-content-style":"default","site-sidebar-style":"default","ast-global-header-display":"","ast-banner-title-visibility":"","ast-main-header-display":"","ast-hfb-above-header-display":"","ast-hfb-below-header-display":"","ast-hfb-mobile-header-display":"","site-post-title":"","ast-breadcrumbs-content":"","ast-featured-img":"","footer-sml-layout":"","theme-transparent-header-meta":"","adv-header-id-meta":"","stick-header-meta":"","header-above-stick-meta":"","header-main-stick-meta":"","header-below-stick-meta":"","astra-migrate-meta-layouts":"default","ast-page-background-enabled":"default","ast-page-background-meta":{"desktop":{"background-color":"var(--ast-global-color-5)","background-image":"","background-repeat":"repeat","background-position":"center center","background-size":"auto","background-attachment":"scroll","background-type":"","background-media":"","overlay-type":"","overlay-color":"","overlay-opacity":"","overlay-gradient":""},"tablet":{"background-color":"","background-image":"","background-repeat":"repeat","background-position":"center center","background-size":"auto","background-attachment":"scroll","background-type":"","background-media":"","overlay-type":"","overlay-color":"","overlay-opacity":"","overlay-gradient":""},"mobile":{"background-color":"","background-image":"","background-repeat":"repeat","background-position":"center center","background-size":"auto","background-attachment":"scroll","background-type":"","background-media":"","overlay-type":"","overlay-color":"","overlay-opacity":"","overlay-gradient":""}},"ast-content-background-meta":{"desktop":{"background-color":"var(--ast-global-color-4)","background-image":"","background-repeat":"repeat","background-position":"center center","background-size":"auto","background-attachment":"scroll","background-type":"","background-media":"","overlay-type":"","overlay-color":"","overlay-opacity":"","overlay-gradient":""},"tablet":{"background-color":"var(--ast-global-color-4)","background-image":"","background-repeat":"repeat","background-position":"center center","background-size":"auto","background-attachment":"scroll","background-type":"","background-media":"","overlay-type":"","overlay-color":"","overlay-opacity":"","overlay-gradient":""},"mobile":{"background-color":"var(--ast-global-color-4)","background-image":"","background-repeat":"repeat","background-position":"center center","background-size":"auto","background-attachment":"scroll","background-type":"","background-media":"","overlay-type":"","overlay-color":"","overlay-opacity":"","overlay-gradient":""}}},"product_brand":[682],"product_cat":[685,684,80],"product_tag":[683],"class_list":{"0":"post-36811","1":"product","2":"type-product","3":"status-publish","4":"has-post-thumbnail","6":"product_brand-hublot","7":"product_cat-big-bang","8":"product_cat-hublot","9":"product_cat-watchs","10":"product_tag-hublot","11":"desktop-align-left","12":"tablet-align-left","13":"mobile-align-left","15":"first","16":"instock","17":"sale","18":"purchasable","19":"product-type-simple"},"tiered_pricing_type":"fixed","tiered_pricing_fixed_rules":[],"tiered_pricing_product_settings":{"layout":"default","base_unit_name":{"singular":null,"plural":null},"default_variation":null},"tiered_pricing_minimum_quantity":null,"tiered_pricing_roles_data":[],"tiered_pricing_percentage_rules":[],"tiered_pricing_maximum_quantity":null,"tiered_pricing_quantity_step":null,"_links":{"self":[{"href":"https:\/\/prestige-aura.com\/es\/wp-json\/wp\/v2\/product\/36811","targetHints":{"allow":["GET"]}}],"collection":[{"href":"https:\/\/prestige-aura.com\/es\/wp-json\/wp\/v2\/product"}],"about":[{"href":"https:\/\/prestige-aura.com\/es\/wp-json\/wp\/v2\/types\/product"}],"replies":[{"embeddable":true,"href":"https:\/\/prestige-aura.com\/es\/wp-json\/wp\/v2\/comments?post=36811"}],"wp:featuredmedia":[{"embeddable":true,"href":"https:\/\/prestige-aura.com\/es\/wp-json\/wp\/v2\/media\/36812"}],"wp:attachment":[{"href":"https:\/\/prestige-aura.com\/es\/wp-json\/wp\/v2\/media?parent=36811"}],"wp:term":[{"taxonomy":"product_brand","embeddable":true,"href":"https:\/\/prestige-aura.com\/es\/wp-json\/wp\/v2\/product_brand?post=36811"},{"taxonomy":"product_cat","embeddable":true,"href":"https:\/\/prestige-aura.com\/es\/wp-json\/wp\/v2\/product_cat?post=36811"},{"taxonomy":"product_tag","embeddable":true,"href":"https:\/\/prestige-aura.com\/es\/wp-json\/wp\/v2\/product_tag?post=36811"}],"curies":[{"name":"wp","href":"https:\/\/api.w.org\/{rel}","templated":true}]}}