
{"id":36729,"date":"2025-06-22T06:46:00","date_gmt":"2025-06-22T06:46:00","guid":{"rendered":"https:\/\/prestige-aura.com\/product\/hublot-big-bang-one-click-steel-white-full-pav%c2%a8%c2%a6-ref-465-se-9010-rw-1604-3\/"},"modified":"2025-08-24T15:45:13","modified_gmt":"2025-08-24T15:45:13","slug":"hublot-big-bang-one-click-steel-white-full-pave-ref-465-se-9010-rw-1604-3","status":"publish","type":"product","link":"https:\/\/prestige-aura.com\/es\/producto\/hublot-big-bang-one-click-steel-white-full-pave-ref-465-se-9010-rw-1604-3\/","title":{"rendered":"Hublot Big Bang ONE CLICK STEEL WHITE FULL PAV\u00c9 Ref# 465.SE.9010.RW.1604"},"content":{"rendered":"<p>Unworn Hublot Big Bang ONE CLICK STEEL WHITE FULL PAV\u00a8\u00a6 465.SE.9010.RW.1604. 39 mm, Dial Set with 307 Diamonds totaling 1.75cts dial, Polished Stainless Steel Set with 118 Diamonds totaling 0.84ct case, Sapphire with Anti-reflective Treatment crystal, Polished Stainless Steel Set with 42 Diamonds totaling ~1.00ct with 6 H-shaped Titanium Screws bezel, HUB1710 calibre, Self-winding Movement, 50hours power reserve, White Structured Lined Rubber Straps with Stainless Steel Deployant Buckle Clasp. Water resistant to 100 m.<br \/>\nDETALLES T\u00c9CNICOS<\/p>\n<p>Marca: Hublot<br \/>\nModelo: Big Bang<br \/>\nReference: 465.SE.9010.RW.1604<br \/>\nDi\u00e1metro: 39 mm<br \/>\nCase material: Polished Stainless Steel Set with 118 Diamonds totaling 0.84ct<br \/>\nDial color: Dial Set with 307 Diamonds totaling 1.75cts<br \/>\nTipo de bisel: Fijo<br \/>\nColor del bisel: Plata<br \/>\nBezel Material: Polished Stainless Steel Set with 42 Diamonds totaling ~1.00ct with 6 H-shaped Titanium Screws<br \/>\nCristal: Zafiro con tratamiento antirreflejos<br \/>\nCalibre: HUB1710<br \/>\nMovimiento: Autom\u00e1tico<br \/>\nPower Reserve: 50 hours<br \/>\nBracelet Material: White Structured Lined Rubber Straps<br \/>\nClasp: Stainless Steel Deployant Buckle Clasp<br \/>\nFunctions: Luminous indices, Date<br \/>\nResistencia al agua: 100 m<\/p>\n<p>Todos los nuevos relojes Hublot se entregan con la \u00faltima versi\u00f3n de la e-Garant\u00eda Hublot, que no incluye tarjetas, libros o folletos de garant\u00eda de papel o pl\u00e1stico, etc. La autenticidad de los relojes Hublot est\u00e1 garantizada por el reconocimiento visual de la microestructura de sus materiales. Con la e-garant\u00eda HUBLOT, Hublot lanza una garant\u00eda digital almacenada en la blockchain AURA. Tambi\u00e9n existe una aplicaci\u00f3n espec\u00edfica de e-garant\u00eda para los clientes. El reconocimiento unitario de la pieza por la aplicaci\u00f3n Hublot e-warranty, est\u00e1 disponible en Google Play Store y Apple App.<\/p>","protected":false},"excerpt":{"rendered":"<p>Unworn Hublot Big Bang ONE CLICK STEEL WHITE FULL PAV\u00a8\u00a6 465.SE.9010.RW.1604. 39 mm, Dial Set with 307 Diamonds totaling 1.75cts [&hellip;]<\/p>","protected":false},"featured_media":36730,"comment_status":"closed","ping_status":"open","template":"","meta":{"site-sidebar-layout":"default","site-content-layout":"","ast-site-content-layout":"","site-content-style":"default","site-sidebar-style":"default","ast-global-header-display":"","ast-banner-title-visibility":"","ast-main-header-display":"","ast-hfb-above-header-display":"","ast-hfb-below-header-display":"","ast-hfb-mobile-header-display":"","site-post-title":"","ast-breadcrumbs-content":"","ast-featured-img":"","footer-sml-layout":"","theme-transparent-header-meta":"","adv-header-id-meta":"","stick-header-meta":"","header-above-stick-meta":"","header-main-stick-meta":"","header-below-stick-meta":"","astra-migrate-meta-layouts":"default","ast-page-background-enabled":"default","ast-page-background-meta":{"desktop":{"background-color":"var(--ast-global-color-5)","background-image":"","background-repeat":"repeat","background-position":"center center","background-size":"auto","background-attachment":"scroll","background-type":"","background-media":"","overlay-type":"","overlay-color":"","overlay-opacity":"","overlay-gradient":""},"tablet":{"background-color":"","background-image":"","background-repeat":"repeat","background-position":"center center","background-size":"auto","background-attachment":"scroll","background-type":"","background-media":"","overlay-type":"","overlay-color":"","overlay-opacity":"","overlay-gradient":""},"mobile":{"background-color":"","background-image":"","background-repeat":"repeat","background-position":"center center","background-size":"auto","background-attachment":"scroll","background-type":"","background-media":"","overlay-type":"","overlay-color":"","overlay-opacity":"","overlay-gradient":""}},"ast-content-background-meta":{"desktop":{"background-color":"var(--ast-global-color-4)","background-image":"","background-repeat":"repeat","background-position":"center center","background-size":"auto","background-attachment":"scroll","background-type":"","background-media":"","overlay-type":"","overlay-color":"","overlay-opacity":"","overlay-gradient":""},"tablet":{"background-color":"var(--ast-global-color-4)","background-image":"","background-repeat":"repeat","background-position":"center center","background-size":"auto","background-attachment":"scroll","background-type":"","background-media":"","overlay-type":"","overlay-color":"","overlay-opacity":"","overlay-gradient":""},"mobile":{"background-color":"var(--ast-global-color-4)","background-image":"","background-repeat":"repeat","background-position":"center center","background-size":"auto","background-attachment":"scroll","background-type":"","background-media":"","overlay-type":"","overlay-color":"","overlay-opacity":"","overlay-gradient":""}}},"product_brand":[682],"product_cat":[685,684,80],"product_tag":[683],"class_list":{"0":"post-36729","1":"product","2":"type-product","3":"status-publish","4":"has-post-thumbnail","6":"product_brand-hublot","7":"product_cat-big-bang","8":"product_cat-hublot","9":"product_cat-watchs","10":"product_tag-hublot","11":"desktop-align-left","12":"tablet-align-left","13":"mobile-align-left","15":"first","16":"instock","17":"sale","18":"purchasable","19":"product-type-simple"},"tiered_pricing_type":"fixed","tiered_pricing_fixed_rules":[],"tiered_pricing_product_settings":{"layout":"default","base_unit_name":{"singular":null,"plural":null},"default_variation":null},"tiered_pricing_minimum_quantity":null,"tiered_pricing_roles_data":[],"tiered_pricing_percentage_rules":[],"tiered_pricing_maximum_quantity":null,"tiered_pricing_quantity_step":null,"_links":{"self":[{"href":"https:\/\/prestige-aura.com\/es\/wp-json\/wp\/v2\/product\/36729","targetHints":{"allow":["GET"]}}],"collection":[{"href":"https:\/\/prestige-aura.com\/es\/wp-json\/wp\/v2\/product"}],"about":[{"href":"https:\/\/prestige-aura.com\/es\/wp-json\/wp\/v2\/types\/product"}],"replies":[{"embeddable":true,"href":"https:\/\/prestige-aura.com\/es\/wp-json\/wp\/v2\/comments?post=36729"}],"wp:featuredmedia":[{"embeddable":true,"href":"https:\/\/prestige-aura.com\/es\/wp-json\/wp\/v2\/media\/36730"}],"wp:attachment":[{"href":"https:\/\/prestige-aura.com\/es\/wp-json\/wp\/v2\/media?parent=36729"}],"wp:term":[{"taxonomy":"product_brand","embeddable":true,"href":"https:\/\/prestige-aura.com\/es\/wp-json\/wp\/v2\/product_brand?post=36729"},{"taxonomy":"product_cat","embeddable":true,"href":"https:\/\/prestige-aura.com\/es\/wp-json\/wp\/v2\/product_cat?post=36729"},{"taxonomy":"product_tag","embeddable":true,"href":"https:\/\/prestige-aura.com\/es\/wp-json\/wp\/v2\/product_tag?post=36729"}],"curies":[{"name":"wp","href":"https:\/\/api.w.org\/{rel}","templated":true}]}}