
{"id":34006,"date":"2025-06-21T12:48:00","date_gmt":"2025-06-21T12:48:00","guid":{"rendered":"https:\/\/prestige-aura.com\/product\/rolex-perpetual-41mm-oystersteel-oyster-men%c2%afs-watch-124300\/"},"modified":"2025-08-24T16:10:46","modified_gmt":"2025-08-24T16:10:46","slug":"rolex-perpetual-41mm-oystersteel-oyster-mens-watch-124300","status":"publish","type":"product","link":"https:\/\/prestige-aura.com\/es\/producto\/rolex-perpetual-41mm-oystersteel-oyster-mens-watch-124300\/","title":{"rendered":"Rolex Perpetual 41mm Oystersteel Oyster Men&#8217;s Watch 124300"},"content":{"rendered":"<div class=\"woocommerce-product-details__short-description\">\n<h4><strong><b>Caracter\u00edsticas<\/b><\/strong><\/h4>\n<ul>\n<li data-start=\"44\" data-end=\"136\">\n<p data-start=\"46\" data-end=\"136\">Equipado con un segundero de barrido para un movimiento suave, que muestra la elegancia mec\u00e1nica<\/p>\n<\/li>\n<li data-start=\"137\" data-end=\"202\">\n<p data-start=\"139\" data-end=\"202\">Corona atornillada con junta t\u00f3rica para una mayor estanqueidad<\/p>\n<\/li>\n<li data-start=\"203\" data-end=\"307\">\n<p data-start=\"205\" data-end=\"307\">Mecanismo de bloqueo: el segundero se detiene al extraer la corona, lo que garantiza un ajuste preciso de la hora.<\/p>\n<\/li>\n<li data-start=\"308\" data-end=\"429\">\n<p data-start=\"310\" data-end=\"429\">Los eslabones de la pulsera se fijan con tornillos en lugar de los tradicionales pasadores, lo que ofrece mayor estabilidad y facilita el mantenimiento<\/p>\n<\/li>\n<li data-start=\"430\" data-end=\"550\">\n<p data-start=\"432\" data-end=\"550\">Logotipo de la corona Rolex grabado en la posici\u00f3n de las 6 en el cristal, que resalta la artesan\u00eda y la atenci\u00f3n al detalle.<\/p>\n<\/li>\n<\/ul>\n<\/div>\n<div class=\"woocommerce-Tabs-panel woocommerce-Tabs-panel--description panel entry-content wc-tab\" id=\"tab-description\" role=\"tabpanel\" aria-labelledby=\"tab-title-description\" style=\"\">\n<p>&nbsp;<\/p>\n<table class=\"expert-table\">\n<tbody>\n<tr>\n<th>Nombre del producto<\/th>\n<td>&nbsp;Rolex Oyster Perpetual 124300<\/td>\n<\/tr>\n<tr>\n<th>Marque<\/th>\n<td>Bright Black (as shown picture in this page)<\/td>\n<\/tr>\n<tr>\n<th>Bisel<\/th>\n<td>Con c\u00fapula (material correcto como el original)<\/td>\n<\/tr>\n<tr>\n<th>Vidrio<\/th>\n<td>Cristal de zafiro<\/td>\n<\/tr>\n<tr>\n<th>Dimensiones de la esfera<\/th>\n<td>41 mm (Tama\u00f1o correcto como genuino)<\/td>\n<\/tr>\n<tr>\n<th>Peso<\/th>\n<td>155.5 grams<\/td>\n<\/tr>\n<tr>\n<th>Material<\/th>\n<td>Caja forjada de 1 pieza de acero inoxidable 316L macizo<\/td>\n<\/tr>\n<tr>\n<th>Pulsera<\/th>\n<td>Stainless Steel Finish Oyster Style Bracelet with with comfort extension link<\/td>\n<\/tr>\n<tr>\n<th>Movimiento<\/th>\n<td>Movimiento autom\u00e1tico Asian 2813, 21J (no necesita pila de por vida), anillo del movimiento de acero inoxidable<\/td>\n<\/tr>\n<tr>\n<th>&nbsp;Funciones<\/th>\n<td>Horas, minutos, segundos<\/td>\n<\/tr>\n<tr>\n<th>Volver<\/th>\n<td>Fondo s\u00f3lido<\/td>\n<\/tr>\n<tr>\n<th>Modelo<\/th>\n<td>SS Case, Domed Bezel, Bright Black Dial, Luminous Stick Markers, Engraved ROLEXROLEX on rehaut<\/td>\n<\/tr>\n<\/tbody>\n<\/table><\/div>","protected":false},"excerpt":{"rendered":"<p>Features Equipped with a sweeping second hand for smooth movement, showcasing mechanical elegance Screw-down crown with an O-ring for enhanced [&hellip;]<\/p>","protected":false},"featured_media":34007,"comment_status":"closed","ping_status":"open","template":"","meta":{"site-sidebar-layout":"default","site-content-layout":"","ast-site-content-layout":"","site-content-style":"default","site-sidebar-style":"default","ast-global-header-display":"","ast-banner-title-visibility":"","ast-main-header-display":"","ast-hfb-above-header-display":"","ast-hfb-below-header-display":"","ast-hfb-mobile-header-display":"","site-post-title":"","ast-breadcrumbs-content":"","ast-featured-img":"","footer-sml-layout":"","theme-transparent-header-meta":"","adv-header-id-meta":"","stick-header-meta":"","header-above-stick-meta":"","header-main-stick-meta":"","header-below-stick-meta":"","astra-migrate-meta-layouts":"default","ast-page-background-enabled":"default","ast-page-background-meta":{"desktop":{"background-color":"var(--ast-global-color-5)","background-image":"","background-repeat":"repeat","background-position":"center center","background-size":"auto","background-attachment":"scroll","background-type":"","background-media":"","overlay-type":"","overlay-color":"","overlay-opacity":"","overlay-gradient":""},"tablet":{"background-color":"","background-image":"","background-repeat":"repeat","background-position":"center center","background-size":"auto","background-attachment":"scroll","background-type":"","background-media":"","overlay-type":"","overlay-color":"","overlay-opacity":"","overlay-gradient":""},"mobile":{"background-color":"","background-image":"","background-repeat":"repeat","background-position":"center center","background-size":"auto","background-attachment":"scroll","background-type":"","background-media":"","overlay-type":"","overlay-color":"","overlay-opacity":"","overlay-gradient":""}},"ast-content-background-meta":{"desktop":{"background-color":"var(--ast-global-color-4)","background-image":"","background-repeat":"repeat","background-position":"center center","background-size":"auto","background-attachment":"scroll","background-type":"","background-media":"","overlay-type":"","overlay-color":"","overlay-opacity":"","overlay-gradient":""},"tablet":{"background-color":"var(--ast-global-color-4)","background-image":"","background-repeat":"repeat","background-position":"center center","background-size":"auto","background-attachment":"scroll","background-type":"","background-media":"","overlay-type":"","overlay-color":"","overlay-opacity":"","overlay-gradient":""},"mobile":{"background-color":"var(--ast-global-color-4)","background-image":"","background-repeat":"repeat","background-position":"center center","background-size":"auto","background-attachment":"scroll","background-type":"","background-media":"","overlay-type":"","overlay-color":"","overlay-opacity":"","overlay-gradient":""}}},"product_brand":[575],"product_cat":[659,578,80],"product_tag":[661,576],"class_list":{"0":"post-34006","1":"product","2":"type-product","3":"status-publish","4":"has-post-thumbnail","6":"product_brand-rolex","7":"product_cat-oyster-perpetual","8":"product_cat-rolex","9":"product_cat-watchs","10":"product_tag-oyster-perpetual","11":"product_tag-rolex","12":"desktop-align-left","13":"tablet-align-left","14":"mobile-align-left","16":"first","17":"instock","18":"sale","19":"purchasable","20":"product-type-simple"},"tiered_pricing_type":"fixed","tiered_pricing_fixed_rules":[],"tiered_pricing_product_settings":{"layout":"default","base_unit_name":{"singular":null,"plural":null},"default_variation":null},"tiered_pricing_minimum_quantity":null,"tiered_pricing_roles_data":[],"tiered_pricing_percentage_rules":[],"tiered_pricing_maximum_quantity":null,"tiered_pricing_quantity_step":null,"_links":{"self":[{"href":"https:\/\/prestige-aura.com\/es\/wp-json\/wp\/v2\/product\/34006","targetHints":{"allow":["GET"]}}],"collection":[{"href":"https:\/\/prestige-aura.com\/es\/wp-json\/wp\/v2\/product"}],"about":[{"href":"https:\/\/prestige-aura.com\/es\/wp-json\/wp\/v2\/types\/product"}],"replies":[{"embeddable":true,"href":"https:\/\/prestige-aura.com\/es\/wp-json\/wp\/v2\/comments?post=34006"}],"wp:featuredmedia":[{"embeddable":true,"href":"https:\/\/prestige-aura.com\/es\/wp-json\/wp\/v2\/media\/34007"}],"wp:attachment":[{"href":"https:\/\/prestige-aura.com\/es\/wp-json\/wp\/v2\/media?parent=34006"}],"wp:term":[{"taxonomy":"product_brand","embeddable":true,"href":"https:\/\/prestige-aura.com\/es\/wp-json\/wp\/v2\/product_brand?post=34006"},{"taxonomy":"product_cat","embeddable":true,"href":"https:\/\/prestige-aura.com\/es\/wp-json\/wp\/v2\/product_cat?post=34006"},{"taxonomy":"product_tag","embeddable":true,"href":"https:\/\/prestige-aura.com\/es\/wp-json\/wp\/v2\/product_tag?post=34006"}],"curies":[{"name":"wp","href":"https:\/\/api.w.org\/{rel}","templated":true}]}}